{"id":1013973,"date":"2024-06-17T14:35:53","date_gmt":"2024-06-17T06:35:53","guid":{"rendered":"https:\/\/vimaterial.de\/product\/chrome-molybdene-alliage-de-fer\/"},"modified":"2025-04-17T14:08:31","modified_gmt":"2025-04-17T06:08:31","slug":"chrome-molybdene-alliage-de-fer","status":"publish","type":"product","link":"https:\/\/vimaterial.de\/fr\/product\/chrome-molybdene-alliage-de-fer\/","title":{"rendered":"Chrome Molybd\u00e8ne Alliage de fer"},"content":{"rendered":"<p>La cible de pulv\u00e9risation en alliage de fer est une sorte de cible de pulv\u00e9risation en alliage compos\u00e9e de chrome, de molybd\u00e8ne et de fer, qui combine les caract\u00e9ristiques de la r\u00e9sistance \u00e0 la corrosion du chrome, de la r\u00e9sistance \u00e0 haute temp\u00e9rature du molybd\u00e8ne et de la t\u00e9nacit\u00e9 du fer, avec un aspect m\u00e9tallique, et elle est principalement utilis\u00e9e pour d\u00e9poser des films minces avec une bonne r\u00e9sistance \u00e0 l\u2019abrasion et \u00e0 la corrosion et certaines performances \u00e0 haute temp\u00e9rature sur les mat\u00e9riaux de substrat gr\u00e2ce au processus de pulv\u00e9risation.<\/p>\n<p>VIMATERIAL propose des cibles de pulv\u00e9risation en alliage de chrome-molybd\u00e8ne et de fer avec une puret\u00e9 \u00e9lev\u00e9e, une densit\u00e9 \u00e9lev\u00e9e, un point de fusion \u00e9lev\u00e9, une formation de film de haute qualit\u00e9 et stable. Nous pouvons fournir un service de reliure cible et nous avons une \u00e9quipe professionnelle de recherche et d\u00e9veloppement technologique, acceptons toute personnalisation de produit et exp\u00e9rience, si vous en avez besoin, veuillez <span style=\"color: #0000ff;\"><a style=\"color: #0000ff;\" href=\"https:\/\/vimaterial.de\/en\/contact-us\/\">nous contacter<\/a><\/span>. <\/p>\n<h2><span style=\"font-size: 14pt;\">Propri\u00e9t\u00e9s physiques<\/span><\/h2>\n<p>Formule mol\u00e9culaire : CrMoFe<\/p>\n<p>Apparence&nbsp;: cible en m\u00e9tal gris argent\u00e9 g\u00e9n\u00e9ralement<\/p>\n<p>Densit\u00e9 : g\u00e9n\u00e9ralement autour de 7,0-8,0 g\/cm\u00b3.<\/p>\n<p>Structure cristalline : r\u00e9seau cubique principalement centr\u00e9 sur le corps<\/p>\n<h2><span style=\"font-size: 14pt;\">Applications<\/span><\/h2>\n<p>Champ d\u2019information \u00e9lectronique : Dans la fabrication de semi-conducteurs, il peut \u00eatre utilis\u00e9 pour d\u00e9poser des films m\u00e9talliques, fournissant des mat\u00e9riaux haute performance pour les structures d\u2019interconnexion de puces et les \u00e9lectrodes.<\/p>\n<p>Industrie automobile : utilis\u00e9 pour rev\u00eatir des pi\u00e8ces cl\u00e9s des moteurs automobiles afin d\u2019am\u00e9liorer leur r\u00e9sistance \u00e0 l\u2019usure, \u00e0 la corrosion et \u00e0 la chaleur, et de prolonger leur dur\u00e9e de vie.<\/p>\n<p>Champ d\u2019\u00e9nergie : dans la fabrication de cellules solaires, il peut \u00eatre utilis\u00e9 comme mat\u00e9riaux d\u2019\u00e9lectrode ou mat\u00e9riaux de d\u00e9p\u00f4t de film conducteur transparent pour am\u00e9liorer l\u2019efficacit\u00e9 de conversion photo\u00e9lectrique de la batterie.<\/p>\n<p>Champ optique&nbsp;: La cible de pulv\u00e9risation en alliage de fer et de chrome-molybd\u00e8ne peut \u00eatre d\u00e9pos\u00e9e sur la surface des lentilles optiques, des miroirs et d\u2019autres composants du film dur, pour am\u00e9liorer sa duret\u00e9, sa r\u00e9sistance \u00e0 l\u2019usure et sa r\u00e9sistance \u00e0 la corrosion, tout en conservant de bonnes propri\u00e9t\u00e9s optiques.<\/p>\n<p>Domaine de la fabrication m\u00e9canique : fournir des rev\u00eatements r\u00e9sistants \u00e0 l\u2019usure \u00e0 la surface des outils de coupe, moules et autres outils pour am\u00e9liorer consid\u00e9rablement leur duret\u00e9 et leur r\u00e9sistance \u00e0 l\u2019usure et r\u00e9duire l\u2019usure.<\/p>\n<h2><span style=\"font-size: 14pt;\">Contr\u00f4le de la qualit\u00e9<\/span><\/h2>\n<p><span style=\"color: #0000ff;\"><a style=\"color: #0000ff;\" href=\"https:\/\/vimaterial.de\/en\/quality-control\/\">VI HALBLEITERMATERIAL GmbH<\/a> <\/span>s\u2019engage \u00e0 un contr\u00f4le de qualit\u00e9 \u00e9lev\u00e9 et \u00e0 une coh\u00e9rence des lots \u00e0 l\u2019appui des objectifs globaux de REACH gr\u00e2ce \u00e0 l\u2019adoption d\u2019un syst\u00e8me d\u2019assurance qualit\u00e9 rigoureux, \u00e0 un contr\u00f4le qualit\u00e9 strict \u00e0 toutes les \u00e9tapes de la cha\u00eene de production, \u00e0 l\u2019adh\u00e9sion au principe de retraitement et de reconditionnement des produits d\u00e9fectueux, \u00e0 l\u2019essai et \u00e0 la lib\u00e9ration des lots conform\u00e9ment aux sp\u00e9cifications d\u00e9taill\u00e9es,  respect des normes les plus \u00e9lev\u00e9es dans tous les domaines, traitement des probl\u00e8mes conform\u00e9ment \u00e0 la 8D processus, conformit\u00e9 \u00e0 REACH et respect des normes associ\u00e9es.<\/p>\n<p>Nous nous engageons \u00e0 r\u00e9aliser un contr\u00f4le de qualit\u00e9 \u00e9lev\u00e9 et une coh\u00e9rence des lots \u00e0 l\u2019appui des objectifs globaux de REACH, ainsi qu\u2019\u00e0 maintenir la documentation et la tra\u00e7abilit\u00e9 des lots pour cr\u00e9er une cha\u00eene d\u2019approvisionnement socialement responsable qui garantit la livraison de produits et de services de haute qualit\u00e9.<\/p>\n<h2><span style=\"font-size: 14pt;\">Emballage et stockage<\/span><\/h2>\n<p>Les cibles de pulv\u00e9risation en alliage de fer et de chrome-molybd\u00e8ne sont emball\u00e9es dans des sacs sous vide doubles, puis emball\u00e9es, et la bo\u00eete ext\u00e9rieure est emball\u00e9e dans des cartons.<\/p>\n<p>Les cibles de pulv\u00e9risation en alliage de fer et de chrome molybd\u00e8ne doivent \u00eatre stock\u00e9es dans des environnements secs et bien ventil\u00e9s avec une temp\u00e9rature et une humidit\u00e9 relativement stables, \u00e9vitant l\u2019humidit\u00e9, l\u2019\u00e9rosion par des substances corrosives, les collisions m\u00e9caniques et l\u2019exposition \u00e0 des temp\u00e9ratures \u00e9lev\u00e9es ou \u00e0 des champs magn\u00e9tiques puissants.<\/p>\n","protected":false},"excerpt":{"rendered":"<p>La cible de pulv\u00e9risation en alliage de fer est une sorte de cible de pulv\u00e9risation en alliage compos\u00e9e de chrome, de molybd\u00e8ne et de fer, qui combine les caract\u00e9ristiques de la r\u00e9sistance \u00e0 la corrosion du chrome, de la r\u00e9sistance \u00e0 haute temp\u00e9rature du molybd\u00e8ne et de la t\u00e9nacit\u00e9 du fer, avec un aspect m\u00e9tallique, et elle est principalement utilis\u00e9e pour d\u00e9poser des films minces avec une bonne r\u00e9sistance \u00e0 l\u2019abrasion et \u00e0 la corrosion et certaines performances \u00e0 haute temp\u00e9rature sur les mat\u00e9riaux de substrat gr\u00e2ce au processus de pulv\u00e9risation.<\/p>\n","protected":false},"featured_media":1001422,"comment_status":"open","ping_status":"closed","template":"","meta":{"_acf_changed":false},"product_brand":[],"product_cat":[235],"product_tag":[],"class_list":{"0":"post-1013973","1":"product","2":"type-product","3":"status-publish","4":"has-post-thumbnail","6":"product_cat-cibles-de-pulverisation-planaire","8":"first","9":"instock","10":"shipping-taxable","11":"product-type-variable"},"acf":[],"_links":{"self":[{"href":"https:\/\/vimaterial.de\/fr\/wp-json\/wp\/v2\/product\/1013973","targetHints":{"allow":["GET"]}}],"collection":[{"href":"https:\/\/vimaterial.de\/fr\/wp-json\/wp\/v2\/product"}],"about":[{"href":"https:\/\/vimaterial.de\/fr\/wp-json\/wp\/v2\/types\/product"}],"replies":[{"embeddable":true,"href":"https:\/\/vimaterial.de\/fr\/wp-json\/wp\/v2\/comments?post=1013973"}],"wp:featuredmedia":[{"embeddable":true,"href":"https:\/\/vimaterial.de\/fr\/wp-json\/wp\/v2\/media\/1001422"}],"wp:attachment":[{"href":"https:\/\/vimaterial.de\/fr\/wp-json\/wp\/v2\/media?parent=1013973"}],"wp:term":[{"taxonomy":"product_brand","embeddable":true,"href":"https:\/\/vimaterial.de\/fr\/wp-json\/wp\/v2\/product_brand?post=1013973"},{"taxonomy":"product_cat","embeddable":true,"href":"https:\/\/vimaterial.de\/fr\/wp-json\/wp\/v2\/product_cat?post=1013973"},{"taxonomy":"product_tag","embeddable":true,"href":"https:\/\/vimaterial.de\/fr\/wp-json\/wp\/v2\/product_tag?post=1013973"}],"curies":[{"name":"wp","href":"https:\/\/api.w.org\/{rel}","templated":true}]}}