{"id":1013969,"date":"2024-06-17T14:35:53","date_gmt":"2024-06-17T06:35:53","guid":{"rendered":"https:\/\/vimaterial.de\/product\/alliage-chrome-molybdene\/"},"modified":"2025-04-17T14:10:29","modified_gmt":"2025-04-17T06:10:29","slug":"alliage-chrome-molybdene","status":"publish","type":"product","link":"https:\/\/vimaterial.de\/fr\/product\/alliage-chrome-molybdene\/","title":{"rendered":"Alliage de chrome-molybd\u00e8ne"},"content":{"rendered":"<p>Les cibles de pulv\u00e9risation au chrome-molybd\u00e8ne sont des mat\u00e9riaux de pulv\u00e9risation fabriqu\u00e9s dans un alliage de chrome-molybd\u00e8ne avec un point de fusion \u00e9lev\u00e9, une bonne r\u00e9sistance \u00e0 la corrosion et une stabilit\u00e9 thermique. Ils sont principalement utilis\u00e9s pour le rev\u00eatement de pi\u00e8ces \u00e0 haute temp\u00e9rature dans l\u2019industrie a\u00e9rospatiale, le rev\u00eatement r\u00e9sistant \u00e0 l\u2019usure d\u2019outils dans l\u2019ing\u00e9nierie m\u00e9canique et la pr\u00e9paration de films r\u00e9sistants \u00e0 la corrosion dans l\u2019industrie chimique. <\/p>\n<p>VIMATERIAL propose des cibles de pulv\u00e9risation au chrome-molybd\u00e8ne de haute puret\u00e9, de haute densit\u00e9, \u00e0 point de fusion \u00e9lev\u00e9, de films minces de haute qualit\u00e9 et stables. Nous pouvons fournir un service de reliure cible et nous avons une \u00e9quipe professionnelle de recherche et d\u00e9veloppement technologique, acceptons toute personnalisation de produit et exp\u00e9rience, si vous en avez besoin, veuillez <span style=\"color: #0000ff;\"><a style=\"color: #0000ff;\" href=\"https:\/\/vimaterial.de\/en\/contact-us\/\">nous contacter.<\/a><\/span> <\/p>\n<h2><span style=\"font-size: 14pt;\">Propri\u00e9t\u00e9s physiques<\/span><\/h2>\n<p>Formule mol\u00e9culaire : CrMo<\/p>\n<p>Apparence&nbsp;: cible en m\u00e9tal gris argent\u00e9 g\u00e9n\u00e9ralement<\/p>\n<p>Densit\u00e9 : env. 7,2-7,4 g\/cm\u00b3. <\/p>\n<p>Structure cristalline : r\u00e9seau cubique principalement centr\u00e9 sur le corps<\/p>\n<h2><span style=\"font-size: 14pt;\">Applications<\/span><\/h2>\n<p>Champ d\u2019information \u00e9lectronique : Dans la fabrication de semi-conducteurs, il peut \u00eatre utilis\u00e9 pour d\u00e9poser une couche de m\u00e9tallisation afin de fournir des canaux conducteurs fiables et des connexions \u00e0 l\u2019int\u00e9rieur de la puce.<\/p>\n<p>A\u00e9rospatiale : Les cibles de pulv\u00e9risation au chrome-molybd\u00e8ne peuvent \u00eatre utilis\u00e9es pour pr\u00e9parer des rev\u00eatements protecteurs pour les pi\u00e8ces \u00e0 haute temp\u00e9rature des moteurs d\u2019avion afin d\u2019am\u00e9liorer leur r\u00e9sistance \u00e0 l\u2019oxydation et \u00e0 la corrosion \u00e0 haute temp\u00e9rature.<\/p>\n<p>Industrie automobile : peut \u00eatre utilis\u00e9 pour rev\u00eatir la surface des composants cl\u00e9s des moteurs automobiles afin d\u2019am\u00e9liorer leur r\u00e9sistance aux temp\u00e9ratures \u00e9lev\u00e9es, \u00e0 l\u2019usure et \u00e0 la corrosion, et de prolonger leur dur\u00e9e de vie.<\/p>\n<p>Champ d\u2019\u00e9nergie : utilis\u00e9 dans la pr\u00e9paration de mat\u00e9riaux d\u2019\u00e9lectrode ou de film conducteur transparent pour les cellules solaires, pour am\u00e9liorer l\u2019efficacit\u00e9 de la conversion photo\u00e9lectrique et la stabilit\u00e9 de la batterie.<\/p>\n<p>Champ optique : peut \u00eatre d\u00e9pos\u00e9 \u00e0 la surface des lentilles optiques et des miroirs et d\u2019autres composants du film dur, pour am\u00e9liorer sa duret\u00e9, sa r\u00e9sistance \u00e0 l\u2019usure et sa r\u00e9sistance \u00e0 la corrosion, tout en conservant de bonnes propri\u00e9t\u00e9s optiques.<\/p>\n<h2><span style=\"font-size: 14pt;\">Contr\u00f4le de la qualit\u00e9<\/span><\/h2>\n<p><span style=\"color: #0000ff;\"><a style=\"color: #0000ff;\" href=\"https:\/\/vimaterial.de\/en\/quality-control\/\">VI HALBLEITERMATERIAL GmbH<\/a><\/span> s\u2019engage \u00e0 un contr\u00f4le de qualit\u00e9 \u00e9lev\u00e9 et \u00e0 une coh\u00e9rence des lots \u00e0 l\u2019appui des objectifs globaux de REACH gr\u00e2ce \u00e0 l\u2019adoption d\u2019un syst\u00e8me d\u2019assurance qualit\u00e9 rigoureux, \u00e0 un contr\u00f4le qualit\u00e9 strict \u00e0 toutes les \u00e9tapes de la cha\u00eene de production, \u00e0 l\u2019adh\u00e9sion au principe de retraitement et de reconditionnement des produits d\u00e9fectueux, \u00e0 l\u2019essai et \u00e0 la lib\u00e9ration des lots conform\u00e9ment aux sp\u00e9cifications d\u00e9taill\u00e9es,  respect des normes les plus \u00e9lev\u00e9es dans tous les domaines, traitement des probl\u00e8mes conform\u00e9ment \u00e0 la 8D processus, conformit\u00e9 \u00e0 REACH et respect des normes associ\u00e9es.<\/p>\n<p>Nous nous engageons \u00e0 r\u00e9aliser un contr\u00f4le de qualit\u00e9 \u00e9lev\u00e9 et une coh\u00e9rence des lots \u00e0 l\u2019appui des objectifs globaux de REACH, ainsi qu\u2019\u00e0 maintenir la documentation et la tra\u00e7abilit\u00e9 des lots pour cr\u00e9er une cha\u00eene d\u2019approvisionnement socialement responsable qui garantit la livraison de produits et de services de haute qualit\u00e9.<\/p>\n<h2><span style=\"font-size: 14pt;\">Emballage et stockage<\/span><\/h2>\n<p>Les cibles de pulv\u00e9risation au chrome-molybd\u00e8ne sont emball\u00e9es dans des sacs sous vide doubles, puis emball\u00e9es dans des cartons.<\/p>\n<p>Les cibles de pulv\u00e9risation au chrome-molybd\u00e8ne doivent \u00eatre stock\u00e9es dans un environnement sec et bien ventil\u00e9, avec une temp\u00e9rature stable et sans gaz corrosifs, en \u00e9vitant l\u2019humidit\u00e9, l\u2019oxydation et les dommages m\u00e9caniques, tout en les emp\u00eachant d\u2019entrer en contact avec des substances susceptibles d\u2019entra\u00eener des r\u00e9actions chimiques des composants.<\/p>\n","protected":false},"excerpt":{"rendered":"<p>Les cibles de pulv\u00e9risation au chrome-molybd\u00e8ne sont des mat\u00e9riaux de pulv\u00e9risation fabriqu\u00e9s dans un alliage de chrome-molybd\u00e8ne avec un point de fusion \u00e9lev\u00e9, une bonne r\u00e9sistance \u00e0 la corrosion et une stabilit\u00e9 thermique. Ils sont principalement utilis\u00e9s pour le rev\u00eatement de pi\u00e8ces \u00e0 haute temp\u00e9rature dans l\u2019industrie a\u00e9rospatiale, le rev\u00eatement r\u00e9sistant \u00e0 l\u2019usure d\u2019outils dans l\u2019ing\u00e9nierie m\u00e9canique et la pr\u00e9paration de films r\u00e9sistants \u00e0 la corrosion dans l\u2019industrie chimique. <\/p>\n","protected":false},"featured_media":1001412,"comment_status":"open","ping_status":"closed","template":"","meta":{"_acf_changed":false},"product_brand":[],"product_cat":[235],"product_tag":[],"class_list":{"0":"post-1013969","1":"product","2":"type-product","3":"status-publish","4":"has-post-thumbnail","6":"product_cat-cibles-de-pulverisation-planaire","8":"first","9":"instock","10":"shipping-taxable","11":"product-type-variable"},"acf":[],"_links":{"self":[{"href":"https:\/\/vimaterial.de\/fr\/wp-json\/wp\/v2\/product\/1013969","targetHints":{"allow":["GET"]}}],"collection":[{"href":"https:\/\/vimaterial.de\/fr\/wp-json\/wp\/v2\/product"}],"about":[{"href":"https:\/\/vimaterial.de\/fr\/wp-json\/wp\/v2\/types\/product"}],"replies":[{"embeddable":true,"href":"https:\/\/vimaterial.de\/fr\/wp-json\/wp\/v2\/comments?post=1013969"}],"wp:featuredmedia":[{"embeddable":true,"href":"https:\/\/vimaterial.de\/fr\/wp-json\/wp\/v2\/media\/1001412"}],"wp:attachment":[{"href":"https:\/\/vimaterial.de\/fr\/wp-json\/wp\/v2\/media?parent=1013969"}],"wp:term":[{"taxonomy":"product_brand","embeddable":true,"href":"https:\/\/vimaterial.de\/fr\/wp-json\/wp\/v2\/product_brand?post=1013969"},{"taxonomy":"product_cat","embeddable":true,"href":"https:\/\/vimaterial.de\/fr\/wp-json\/wp\/v2\/product_cat?post=1013969"},{"taxonomy":"product_tag","embeddable":true,"href":"https:\/\/vimaterial.de\/fr\/wp-json\/wp\/v2\/product_tag?post=1013969"}],"curies":[{"name":"wp","href":"https:\/\/api.w.org\/{rel}","templated":true}]}}