{"id":1013927,"date":"2024-06-17T14:36:23","date_gmt":"2024-06-17T06:36:23","guid":{"rendered":"https:\/\/vimaterial.de\/product\/siliciure-de-chrome-3\/"},"modified":"2025-04-17T13:56:03","modified_gmt":"2025-04-17T05:56:03","slug":"siliciure-de-chrome-3","status":"publish","type":"product","link":"https:\/\/vimaterial.de\/fr\/product\/siliciure-de-chrome-3\/","title":{"rendered":"Siliciure de chrome"},"content":{"rendered":"<p>Les granules de <span style=\"color: #0000ff;\"><a style=\"color: #0000ff;\" href=\"https:\/\/vimaterial.de\/en\/product\/chromium-silicide-sputtering-target\/\">siliciure de chrome<\/a><\/span> sont des substances granulaires fines compos\u00e9es des \u00e9l\u00e9ments silicium et chrome, dont le siliciure de chrome a g\u00e9n\u00e9ralement un point de fusion \u00e9lev\u00e9, une bonne stabilit\u00e9 thermique et une certaine stabilit\u00e9 chimique, ces granul\u00e9s peuvent \u00eatre utilis\u00e9s dans le domaine de la science des mat\u00e9riaux, de l\u2019industrie \u00e9lectronique et d\u2019autres domaines pour les mat\u00e9riaux \u00e0 haute temp\u00e9rature, les dispositifs \u00e0 semi-conducteurs et d\u2019autres applications connexes.<\/p>\n<p>VIMATERIAL fournit des granul\u00e9s de siliciure de chrome. Nos granul\u00e9s pr\u00e9sentent les caract\u00e9ristiques distinctives d\u2019une puret\u00e9 ultra-\u00e9lev\u00e9e, d\u2019une uniformit\u00e9 et d\u2019une granulom\u00e9trie fine, et pr\u00e9sentent une excellente stabilit\u00e9 dans des environnements \u00e0 haute temp\u00e9rature. Nous nous consacrons \u00e0 la recherche de mati\u00e8res premi\u00e8res chimiques inorganiques depuis de nombreuses ann\u00e9es, nous avons une \u00e9quipe de professionnels avec une riche exp\u00e9rience, acceptons la personnalisation et les exp\u00e9riences, veuillez <span style=\"color: #0000ff;\"><a style=\"color: #0000ff;\" href=\"https:\/\/vimaterial.de\/en\/contact-us\/\">nous contacter<\/a><\/span> si vous en avez besoin.  <\/p>\n<h2><span style=\"font-size: 14pt;\">Propri\u00e9t\u00e9s physiques<\/span><\/h2>\n<p>Formule mol\u00e9culaire : CrSi\u2082<\/p>\n<p>Poids mol\u00e9culaire : 108,16<\/p>\n<p>Aspect : granul\u00e9s gris<\/p>\n<p>Densit\u00e9 : La densit\u00e9 relative est d\u2019environ 5,5<\/p>\n<p>Point de fusion : environ 1475\u00b0C<\/p>\n<h2><span style=\"font-size: 14pt;\">Application<\/span><\/h2>\n<p>\u00c9lectronique : Les granul\u00e9s de siliciure de chrome sont utilis\u00e9s dans la fabrication de puces semi-conductrices pour am\u00e9liorer la conductivit\u00e9 et la stabilit\u00e9 des composants \u00e9lectroniques.<\/p>\n<p>Industrie m\u00e9tallurgique : en tant qu\u2019additif d\u2019alliage, optimisez les performances \u00e0 haute temp\u00e9rature de l\u2019acier et d\u2019autres m\u00e9taux, am\u00e9liorez la r\u00e9sistance et la r\u00e9sistance \u00e0 l\u2019usure.<\/p>\n<p>Industrie a\u00e9rospatiale : Il est utilis\u00e9 pour construire des composants de moteurs, en s\u2019appuyant sur une r\u00e9sistance \u00e9lev\u00e9e \u00e0 la chaleur pour assurer le fonctionnement en toute s\u00e9curit\u00e9 des avions \u00e0 des temp\u00e9ratures extr\u00eames.<\/p>\n<p>Industrie c\u00e9ramique&nbsp;: ajout\u00e9 aux \u00e9bauches en c\u00e9ramique pour am\u00e9liorer leur duret\u00e9 et leur t\u00e9nacit\u00e9, fabriqu\u00e9 \u00e0 partir d\u2019outils de coupe de haute qualit\u00e9, rev\u00eatement r\u00e9sistant \u00e0 l\u2019usure.<\/p>\n<p>Nouvelles \u00e9nergies : int\u00e9gr\u00e9es \u00e0 l\u2019\u00e9nergie solaire, aux piles \u00e0 combustible, sous forme d\u2019\u00e9lectrodes ou de supports de catalyseurs, pour aider \u00e0 am\u00e9liorer l\u2019efficacit\u00e9 de la conversion d\u2019\u00e9nergie.<\/p>\n<h2><span style=\"font-size: 14pt;\">Contr\u00f4le de la qualit\u00e9<\/span><\/h2>\n<p><span style=\"color: #0000ff;\"><a style=\"color: #0000ff;\" href=\"https:\/\/vimaterial.de\/en\/quality-control\/\">Chaque lot<\/a> <\/span>de produits suit des principes stricts de contr\u00f4le de la qualit\u00e9, tout autour pour garantir que chaque lot de mat\u00e9riaux de l\u2019approvisionnement en mati\u00e8res premi\u00e8res, de la transformation, des produits finis hors de l\u2019entrep\u00f4t dispose d\u2019instruments avanc\u00e9s, de normes d\u2019inspection strictes, de registres d\u2019inspection parfaits pour assurer le contr\u00f4le de la qualit\u00e9 du produit et la tra\u00e7abilit\u00e9 des produits, chaque lot de produits est accompagn\u00e9 d\u2019une fiche signal\u00e9tique, d\u2019un certificat d\u2019authenticit\u00e9, d\u2019un certificat d\u2019authenticit\u00e9,  Rapports TDS, PSD, XRD, etc., chaque lot de produits sera remis au client pour fournir des \u00e9chantillons, aider \u00e9galement le client \u00e0 demander des organismes d\u2019inspection tiers. Nous fournirons des \u00e9chantillons aux clients pour chaque lot de produits et aiderons \u00e9galement les clients \u00e0 demander aux organismes d\u2019inspection tiers d\u2019inspecter les produits. <\/p>\n<h2><span style=\"font-size: 14pt;\">Emballage et stockage<\/span><\/h2>\n<p>Les granul\u00e9s de siliciure de chrome sont emball\u00e9s dans des sacs sous vide \u00e0 double couche ou des bouteilles sous vide \u00e0 double couche, puis emball\u00e9s dans des cartons.<\/p>\n<p>Les granul\u00e9s de siliciure de chrome doivent \u00eatre stock\u00e9s dans un environnement sec et bien ventil\u00e9 pour \u00e9viter l\u2019humidit\u00e9, l\u2019oxydation, \u00e0 l\u2019abri du feu, des substances acides, alcalines et autres substances corrosives, et conform\u00e9ment aux dispositions de l\u2019emballage et du stockage pour garantir que leurs propri\u00e9t\u00e9s physiques et chimiques ne sont pas endommag\u00e9es.<\/p>\n","protected":false},"excerpt":{"rendered":"<p>Les granules de siliciure de chrome sont des substances granulaires fines compos\u00e9es des \u00e9l\u00e9ments silicium et chrome, dont le siliciure de chrome a g\u00e9n\u00e9ralement un point de fusion \u00e9lev\u00e9, une bonne stabilit\u00e9 thermique et une certaine stabilit\u00e9 chimique, ces granul\u00e9s peuvent \u00eatre utilis\u00e9s dans le domaine de la science des mat\u00e9riaux, de l\u2019industrie \u00e9lectronique et d\u2019autres domaines pour les mat\u00e9riaux \u00e0 haute temp\u00e9rature, les dispositifs \u00e0 semi-conducteurs et d\u2019autres applications connexes.<\/p>\n","protected":false},"featured_media":1001459,"comment_status":"open","ping_status":"closed","template":"","meta":{"_acf_changed":false},"product_brand":[],"product_cat":[236],"product_tag":[],"class_list":{"0":"post-1013927","1":"product","2":"type-product","3":"status-publish","4":"has-post-thumbnail","6":"product_cat-materiaux-devaporation","8":"first","9":"instock","10":"shipping-taxable","11":"product-type-variable"},"acf":[],"_links":{"self":[{"href":"https:\/\/vimaterial.de\/fr\/wp-json\/wp\/v2\/product\/1013927","targetHints":{"allow":["GET"]}}],"collection":[{"href":"https:\/\/vimaterial.de\/fr\/wp-json\/wp\/v2\/product"}],"about":[{"href":"https:\/\/vimaterial.de\/fr\/wp-json\/wp\/v2\/types\/product"}],"replies":[{"embeddable":true,"href":"https:\/\/vimaterial.de\/fr\/wp-json\/wp\/v2\/comments?post=1013927"}],"wp:featuredmedia":[{"embeddable":true,"href":"https:\/\/vimaterial.de\/fr\/wp-json\/wp\/v2\/media\/1001459"}],"wp:attachment":[{"href":"https:\/\/vimaterial.de\/fr\/wp-json\/wp\/v2\/media?parent=1013927"}],"wp:term":[{"taxonomy":"product_brand","embeddable":true,"href":"https:\/\/vimaterial.de\/fr\/wp-json\/wp\/v2\/product_brand?post=1013927"},{"taxonomy":"product_cat","embeddable":true,"href":"https:\/\/vimaterial.de\/fr\/wp-json\/wp\/v2\/product_cat?post=1013927"},{"taxonomy":"product_tag","embeddable":true,"href":"https:\/\/vimaterial.de\/fr\/wp-json\/wp\/v2\/product_tag?post=1013927"}],"curies":[{"name":"wp","href":"https:\/\/api.w.org\/{rel}","templated":true}]}}