{"id":1013902,"date":"2024-06-17T14:36:23","date_gmt":"2024-06-17T06:36:23","guid":{"rendered":"https:\/\/vimaterial.de\/product\/siliciure-de-chrome\/"},"modified":"2025-04-17T13:54:25","modified_gmt":"2025-04-17T05:54:25","slug":"siliciure-de-chrome","status":"publish","type":"product","link":"https:\/\/vimaterial.de\/fr\/product\/siliciure-de-chrome\/","title":{"rendered":"Siliciure de chrome"},"content":{"rendered":"<p><span style=\"color: #0000ff;\"><a style=\"color: #0000ff;\" href=\"https:\/\/vimaterial.de\/en\/product\/chromium-silicide-3\/\">La poudre de siliciure de chrome<\/a><\/span> est g\u00e9n\u00e9ralement d\u2019apparence grise, avec un point de fusion \u00e9lev\u00e9, une duret\u00e9 \u00e9lev\u00e9e et une bonne stabilit\u00e9 chimique, c\u2019est un mat\u00e9riau \u00e9lectrothermique important avec des applications potentielles dans les rev\u00eatements antioxydants \u00e0 haute temp\u00e9rature, les dispositifs semi-conducteurs, les mat\u00e9riaux d\u2019emballage \u00e9lectroniques et d\u2019autres domaines.<\/p>\n<p>VIMATERIAL fournit de la poudre de siliciure de chrome, notre poudre a une puret\u00e9 \u00e9lev\u00e9e, une taille de particule uniforme, une bonne activit\u00e9 chimique et une grande stabilit\u00e9. Nous nous consacrons aux mati\u00e8res premi\u00e8res m\u00e9talliques inorganiques depuis de nombreuses ann\u00e9es, avec une \u00e9quipe de recherche et de d\u00e9veloppement technologique professionnelle, acceptons la personnalisation du produit et les exp\u00e9riences, veuillez <span style=\"color: #0000ff;\"><a style=\"color: #0000ff;\" href=\"https:\/\/vimaterial.de\/en\/contact-us\/\">nous contacter<\/a><\/span> si vous en avez besoin. <\/p>\n<h2><span style=\"font-size: 14pt;\">Propri\u00e9t\u00e9s physiques<\/span><\/h2>\n<p>Formule mol\u00e9culaire : CrSi\u2082<\/p>\n<p>Poids mol\u00e9culaire : 108,167 g\/mol<\/p>\n<p>Aspect : g\u00e9n\u00e9ralement gris poudr\u00e9<\/p>\n<p>Densit\u00e9 : 4,7 g\/cm\u00b3<\/p>\n<p>Point de fusion : 1490\u00b0C<\/p>\n<h2><span style=\"font-size: 14pt;\">Applications<\/span><\/h2>\n<p>Domaine de rev\u00eatement&nbsp;: en tant que mat\u00e9riau de rev\u00eatement antioxydant \u00e0 haute temp\u00e9rature, il peut prot\u00e9ger efficacement la surface du m\u00e9tal ou d\u2019autres mat\u00e9riaux de l\u2019oxydation dans un environnement \u00e0 haute temp\u00e9rature.<\/p>\n<p>Domaine des mat\u00e9riaux de chauffage \u00e9lectrique : Avec sa bonne conductivit\u00e9 et ses caract\u00e9ristiques de r\u00e9sistance appropri\u00e9es, il est transform\u00e9 en divers \u00e9l\u00e9ments chauffants \u00e9lectriques et utilis\u00e9 dans les \u00e9quipements de chauffage.<\/p>\n<p>Domaine des mat\u00e9riaux d\u2019emballage \u00e9lectronique : il contribue \u00e0 am\u00e9liorer la conductivit\u00e9 thermique et les propri\u00e9t\u00e9s m\u00e9caniques des mat\u00e9riaux d\u2019emballage \u00e9lectronique et \u00e0 pr\u00e9server la fiabilit\u00e9 des appareils \u00e9lectroniques.<\/p>\n<p>Domaine a\u00e9rospatial : en raison de son point de fusion \u00e9lev\u00e9, de sa r\u00e9sistance \u00e0 l\u2019oxydation et d\u2019autres propri\u00e9t\u00e9s, il peut \u00eatre utilis\u00e9 dans la fabrication de composants a\u00e9rospatiaux pour s\u2019adapter \u00e0 des environnements extr\u00eames.<\/p>\n<h2><span style=\"font-size: 14pt;\">Contr\u00f4le de la qualit\u00e9<\/span><\/h2>\n<p><span style=\"color: #0000ff;\"><a style=\"color: #0000ff;\" href=\"https:\/\/vimaterial.de\/en\/quality-control\/\">VI HALBLEITERMATERIAL GmbH<\/a> <\/span>s\u2019engage \u00e0 un contr\u00f4le de qualit\u00e9 \u00e9lev\u00e9 et \u00e0 une coh\u00e9rence des lots gr\u00e2ce \u00e0 un syst\u00e8me d\u2019assurance qualit\u00e9 rigoureux, \u00e0 un contr\u00f4le de qualit\u00e9 rigoureux \u00e0 toutes les \u00e9tapes de la cha\u00eene de production, au respect du principe de retouche et de reconditionnement des produits d\u00e9fectueux, \u00e0 des tests et \u00e0 une lib\u00e9ration des lots conform\u00e9ment \u00e0 des sp\u00e9cifications d\u00e9taill\u00e9es, au respect des normes les plus \u00e9lev\u00e9es \u00e0 tous \u00e9gards,  documentation et tra\u00e7abilit\u00e9 des lots pour garantir que nous fournissons des produits et des services de haute qualit\u00e9.<\/p>\n<h2><span style=\"font-size: 14pt;\">Emballage et stockage<\/span><\/h2>\n<p>La poudre de siliciure de chrome est emball\u00e9e dans des sacs \u00e0 double vide ou des bouteilles \u00e0 double vide avec un emballage ext\u00e9rieur en carton.<\/p>\n<p>Les poudres de siliciure de chrome doivent \u00eatre stock\u00e9es dans un environnement sec, frais et bien ventil\u00e9, scell\u00e9es et prot\u00e9g\u00e9es de l\u2019humidit\u00e9 et du contact avec des agents oxydants puissants, des acides forts et d\u2019autres substances o\u00f9 des r\u00e9actions chimiques peuvent se produire afin d\u2019\u00e9viter les modifications chimiques et la d\u00e9t\u00e9rioration.<\/p>\n","protected":false},"excerpt":{"rendered":"<p><span style=\"color: #0000ff;\"><a style=\"color: #0000ff;\" href=\"https:\/\/vimaterial.de\/en\/product\/chromium-silicide-3\/\">La poudre de siliciure de chrome<\/a><\/span> est g\u00e9n\u00e9ralement d\u2019apparence grise, avec un point de fusion \u00e9lev\u00e9, une duret\u00e9 \u00e9lev\u00e9e et une bonne stabilit\u00e9 chimique, c\u2019est un mat\u00e9riau \u00e9lectrothermique important avec des applications potentielles dans les rev\u00eatements antioxydants \u00e0 haute temp\u00e9rature, les dispositifs semi-conducteurs, les mat\u00e9riaux d\u2019emballage \u00e9lectroniques et d\u2019autres domaines.<\/p>\n","protected":false},"featured_media":1001466,"comment_status":"open","ping_status":"closed","template":"","meta":{"_acf_changed":false},"product_brand":[],"product_cat":[240],"product_tag":[],"class_list":{"0":"post-1013902","1":"product","2":"type-product","3":"status-publish","4":"has-post-thumbnail","6":"product_cat-materiaux-c-n-b-si","8":"first","9":"instock","10":"shipping-taxable","11":"purchasable","12":"product-type-variable"},"acf":[],"_links":{"self":[{"href":"https:\/\/vimaterial.de\/fr\/wp-json\/wp\/v2\/product\/1013902","targetHints":{"allow":["GET"]}}],"collection":[{"href":"https:\/\/vimaterial.de\/fr\/wp-json\/wp\/v2\/product"}],"about":[{"href":"https:\/\/vimaterial.de\/fr\/wp-json\/wp\/v2\/types\/product"}],"replies":[{"embeddable":true,"href":"https:\/\/vimaterial.de\/fr\/wp-json\/wp\/v2\/comments?post=1013902"}],"wp:featuredmedia":[{"embeddable":true,"href":"https:\/\/vimaterial.de\/fr\/wp-json\/wp\/v2\/media\/1001466"}],"wp:attachment":[{"href":"https:\/\/vimaterial.de\/fr\/wp-json\/wp\/v2\/media?parent=1013902"}],"wp:term":[{"taxonomy":"product_brand","embeddable":true,"href":"https:\/\/vimaterial.de\/fr\/wp-json\/wp\/v2\/product_brand?post=1013902"},{"taxonomy":"product_cat","embeddable":true,"href":"https:\/\/vimaterial.de\/fr\/wp-json\/wp\/v2\/product_cat?post=1013902"},{"taxonomy":"product_tag","embeddable":true,"href":"https:\/\/vimaterial.de\/fr\/wp-json\/wp\/v2\/product_tag?post=1013902"}],"curies":[{"name":"wp","href":"https:\/\/api.w.org\/{rel}","templated":true}]}}