{"id":1013871,"date":"2024-06-17T14:36:25","date_gmt":"2024-06-17T06:36:25","guid":{"rendered":"https:\/\/vimaterial.de\/product\/chrome-zirconium\/"},"modified":"2025-04-17T13:46:03","modified_gmt":"2025-04-17T05:46:03","slug":"chrome-zirconium","status":"publish","type":"product","link":"https:\/\/vimaterial.de\/fr\/product\/chrome-zirconium\/","title":{"rendered":"Chrome Zirconium"},"content":{"rendered":"<p>La cible de pulv\u00e9risation cathodique au chrome et au zirconium est une cible composite en chrome et en zirconium avec une bonne stabilit\u00e9 thermique, une r\u00e9sistance \u00e0 la corrosion et des performances de pulv\u00e9risation, qui peut \u00eatre utilis\u00e9e pour d\u00e9poser des films minces avec des propri\u00e9t\u00e9s physiques et chimiques sp\u00e9ciales sur une vari\u00e9t\u00e9 de substrats, et a une large gamme d\u2019applications dans les domaines de l\u2019\u00e9lectronique, de l\u2019optique et de la modification de surface des mat\u00e9riaux.<\/p>\n<p>VIMATERIAL fournit des cibles de pulv\u00e9risation au chrome-zirconium. Nos cibles de pulv\u00e9risation cathodique au chrome-zirconium se caract\u00e9risent par une grande puret\u00e9, des densit\u00e9s \u00e9lev\u00e9es, des grains fins et uniformes, des rapports de composition pr\u00e9cis, des taux de pulv\u00e9risation \u00e9lev\u00e9s, une bonne qualit\u00e9 de film et une forte adh\u00e9rence avec une large gamme de substrats. Service de reliure. Nous avons une \u00e9quipe professionnelle de recherche et de d\u00e9veloppement technologique, acceptons toute personnalisation de produit et exp\u00e9rience, si vous en avez besoin, veuillez <span style=\"color: #0000ff;\"><a style=\"color: #0000ff;\" href=\"https:\/\/vimaterial.de\/en\/contact-us\/\">nous contacter<\/a><\/span>.   <\/p>\n<h2><span style=\"font-size: 14pt;\">Propri\u00e9t\u00e9s physiques<\/span><\/h2>\n<p>Formule mol\u00e9culaire : CrZr<\/p>\n<p>Poids mol\u00e9culaire : environ 143,22<\/p>\n<p>Apparence&nbsp;: G\u00e9n\u00e9ralement gris argent\u00e9 mat\u00e9riau cible de lustre m\u00e9tallique<\/p>\n<p>Structure cristalline : Il peut avoir une structure cristalline cubique centr\u00e9e sur le corps ou dens\u00e9ment dispos\u00e9e hexagonale similaire \u00e0 celle de ses \u00e9l\u00e9ments constitutifs, le chrome et le zirconium, mais la structure sp\u00e9cifique peut varier en fonction des conditions de pr\u00e9paration et de la composition.<\/p>\n<h2><span style=\"font-size: 14pt;\">Applications<\/span><\/h2>\n<p>\u00c9lectronique&nbsp;: Les cibles de pulv\u00e9risation au chrome et au zirconium sont utilis\u00e9es dans la fabrication de dispositifs \u00e9lectroniques pour d\u00e9poser des films minces avec une bonne conductivit\u00e9 \u00e9lectrique et une bonne r\u00e9sistance \u00e0 la corrosion sur des substrats tels que des puces afin d\u2019am\u00e9liorer les performances et la dur\u00e9e de vie des composants \u00e9lectroniques.<\/p>\n<p>Champ optique : Dans le domaine des instruments optiques, la cible de pulv\u00e9risation peut d\u00e9poser des films minces pour les lentilles optiques et les miroirs, am\u00e9liorant efficacement les propri\u00e9t\u00e9s antireflets des lentilles et la r\u00e9flectivit\u00e9 des miroirs.<\/p>\n<p>Fabrication automobile : utilis\u00e9 pour le rev\u00eatement de surface des pi\u00e8ces automobiles, telles que les composants du moteur et les garnitures de carrosserie, afin d\u2019am\u00e9liorer la r\u00e9sistance \u00e0 l\u2019usure et \u00e0 la corrosion des composants et d\u2019am\u00e9liorer la qualit\u00e9 globale de la voiture.<\/p>\n<p>A\u00e9rospatiale : Dans les \u00e9quipements a\u00e9rospatiaux, des couches minces peuvent \u00eatre d\u00e9pos\u00e9es pour am\u00e9liorer la r\u00e9sistance du mat\u00e9riau aux temp\u00e9ratures \u00e9lev\u00e9es et \u00e0 l\u2019oxydation, assurant ainsi la fiabilit\u00e9 et la s\u00e9curit\u00e9 des avions dans des environnements extr\u00eames.<\/p>\n<p>\u00c9nergie : Des couches minces sont d\u00e9pos\u00e9es sur les surfaces des appareils \u00e9nerg\u00e9tiques, tels que les panneaux solaires et les \u00e9lectrodes de batterie, pour am\u00e9liorer la r\u00e9sistance aux intemp\u00e9ries et la conductivit\u00e9 des appareils, augmentant ainsi l\u2019efficacit\u00e9 de la conversion d\u2019\u00e9nergie.<\/p>\n<h2><span style=\"font-size: 14pt;\">Contr\u00f4le de la qualit\u00e9<\/span><\/h2>\n<p><a href=\"https:\/\/vimaterial.de\/en\/quality-control\/\"><span style=\"color: #0000ff;\">VI HALBLEITERMATERIAL GmbH <\/span><\/a>s\u2019engage \u00e0 un contr\u00f4le de qualit\u00e9 \u00e9lev\u00e9 et \u00e0 une coh\u00e9rence des lots \u00e0 l\u2019appui des objectifs globaux de REACH gr\u00e2ce \u00e0 l\u2019adoption d\u2019un syst\u00e8me d\u2019assurance qualit\u00e9 rigoureux, \u00e0 un contr\u00f4le qualit\u00e9 strict \u00e0 toutes les \u00e9tapes de la cha\u00eene de production, \u00e0 l\u2019adh\u00e9sion au principe de retraitement et de reconditionnement des produits d\u00e9fectueux, \u00e0 l\u2019essai et \u00e0 la lib\u00e9ration des lots conform\u00e9ment aux sp\u00e9cifications d\u00e9taill\u00e9es,  respect des normes les plus \u00e9lev\u00e9es dans tous les domaines, traitement des probl\u00e8mes conform\u00e9ment \u00e0 la 8D processus, conformit\u00e9 \u00e0 REACH et respect des normes associ\u00e9es.<\/p>\n<p>Nous nous engageons \u00e0 r\u00e9aliser un contr\u00f4le de qualit\u00e9 \u00e9lev\u00e9 et une coh\u00e9rence des lots \u00e0 l\u2019appui des objectifs globaux de REACH, ainsi qu\u2019\u00e0 maintenir la documentation et la tra\u00e7abilit\u00e9 des lots pour cr\u00e9er une cha\u00eene d\u2019approvisionnement socialement responsable qui garantit la livraison de produits et de services de haute qualit\u00e9.<\/p>\n<h2><span style=\"font-size: 14pt;\">Emballage et stockage<\/span><\/h2>\n<p>Les cibles de pulv\u00e9risation au chrome et au zirconium sont fournies dans des bo\u00eetes \u00e0 double sac sous vide avec une bo\u00eete ext\u00e9rieure en carton.<\/p>\n<p>Les cibles de pulv\u00e9risation de chrome et de zirconium doivent \u00eatre stock\u00e9es dans un environnement sec et bien ventil\u00e9 \u00e0 une temp\u00e9rature stable, en \u00e9vitant l\u2019humidit\u00e9, le contact avec des substances corrosives et les impacts physiques violents, et en emp\u00eachant sa surface d\u2019\u00eatre oxyd\u00e9e ou endommag\u00e9e pour s\u2019assurer que ses performances ne sont pas affect\u00e9es.<\/p>\n","protected":false},"excerpt":{"rendered":"<p>La cible de pulv\u00e9risation cathodique au chrome et au zirconium est une cible composite en chrome et en zirconium avec une bonne stabilit\u00e9 thermique, une r\u00e9sistance \u00e0 la corrosion et des performances de pulv\u00e9risation, qui peut \u00eatre utilis\u00e9e pour d\u00e9poser des films minces avec des propri\u00e9t\u00e9s physiques et chimiques sp\u00e9ciales sur une vari\u00e9t\u00e9 de substrats, et a une large gamme d\u2019applications dans les domaines de l\u2019\u00e9lectronique, de l\u2019optique et de la modification de surface des mat\u00e9riaux.<\/p>\n","protected":false},"featured_media":1001498,"comment_status":"open","ping_status":"closed","template":"","meta":{"_acf_changed":false},"product_brand":[],"product_cat":[235],"product_tag":[],"class_list":{"0":"post-1013871","1":"product","2":"type-product","3":"status-publish","4":"has-post-thumbnail","6":"product_cat-cibles-de-pulverisation-planaire","8":"first","9":"instock","10":"shipping-taxable","11":"product-type-variable"},"acf":[],"_links":{"self":[{"href":"https:\/\/vimaterial.de\/fr\/wp-json\/wp\/v2\/product\/1013871","targetHints":{"allow":["GET"]}}],"collection":[{"href":"https:\/\/vimaterial.de\/fr\/wp-json\/wp\/v2\/product"}],"about":[{"href":"https:\/\/vimaterial.de\/fr\/wp-json\/wp\/v2\/types\/product"}],"replies":[{"embeddable":true,"href":"https:\/\/vimaterial.de\/fr\/wp-json\/wp\/v2\/comments?post=1013871"}],"wp:featuredmedia":[{"embeddable":true,"href":"https:\/\/vimaterial.de\/fr\/wp-json\/wp\/v2\/media\/1001498"}],"wp:attachment":[{"href":"https:\/\/vimaterial.de\/fr\/wp-json\/wp\/v2\/media?parent=1013871"}],"wp:term":[{"taxonomy":"product_brand","embeddable":true,"href":"https:\/\/vimaterial.de\/fr\/wp-json\/wp\/v2\/product_brand?post=1013871"},{"taxonomy":"product_cat","embeddable":true,"href":"https:\/\/vimaterial.de\/fr\/wp-json\/wp\/v2\/product_cat?post=1013871"},{"taxonomy":"product_tag","embeddable":true,"href":"https:\/\/vimaterial.de\/fr\/wp-json\/wp\/v2\/product_tag?post=1013871"}],"curies":[{"name":"wp","href":"https:\/\/api.w.org\/{rel}","templated":true}]}}