{"id":1013864,"date":"2024-06-17T14:36:24","date_gmt":"2024-06-17T06:36:24","guid":{"rendered":"https:\/\/vimaterial.de\/product\/chrome-yttrium\/"},"modified":"2025-04-17T13:48:55","modified_gmt":"2025-04-17T05:48:55","slug":"chrome-yttrium","status":"publish","type":"product","link":"https:\/\/vimaterial.de\/fr\/product\/chrome-yttrium\/","title":{"rendered":"Chrome Yttrium"},"content":{"rendered":"<p>La cible de pulv\u00e9risation cathodique chrome-yttrium est une sorte de cible de pulv\u00e9risation cathodique en alliage compos\u00e9 de chrome et d\u2019yttrium, qui peut \u00eatre utilis\u00e9e pour d\u00e9poser un film mince d\u2019alliage de chrome-yttrium sur le substrat par pulv\u00e9risation magn\u00e9tron et d\u2019autres techniques, et a un large \u00e9ventail d\u2019applications dans le domaine de l\u2019\u00e9lectronique, de l\u2019optique et d\u2019autres domaines.<\/p>\n<p>VIMATERIAL fournit des cibles de pulv\u00e9risation de chrome-yttrium. Nos cibles de pulv\u00e9risation au chrome-zirconium se caract\u00e9risent par une grande puret\u00e9, une densit\u00e9 \u00e9lev\u00e9e, une granulom\u00e9trie fine et uniforme, etc. Nous pouvons fournir un service de liaison de cibles. Nous avons une \u00e9quipe professionnelle de recherche et de d\u00e9veloppement technologique, acceptons toute personnalisation de produit et exp\u00e9rience, si vous en avez besoin, veuillez <span style=\"color: #0000ff;\"><a style=\"color: #0000ff;\" href=\"https:\/\/vimaterial.de\/en\/contact-us\/\">nous contacter<\/a><\/span>.   <\/p>\n<h2><span style=\"font-size: 14pt;\">Propri\u00e9t\u00e9s physiques<\/span><\/h2>\n<p>Formule mol\u00e9culaire : CrY<\/p>\n<p>Poids mol\u00e9culaire : environ 140,90<\/p>\n<p>Apparence&nbsp;: g\u00e9n\u00e9ralement gris argent\u00e9 mat\u00e9riau cible<\/p>\n<h2><span style=\"font-size: 14pt;\">Applications<\/span><\/h2>\n<p>Industrie des semi-conducteurs : Les cibles de pulv\u00e9risation au chrome-yttrium sont utilis\u00e9es dans la fabrication de puces \u00e0 semi-conducteurs, o\u00f9 le processus de pulv\u00e9risation cr\u00e9e une couche d\u2019interconnexion stable du m\u00e9tal, ce qui assure la transmission \u00e0 grande vitesse des signaux \u00e0 l\u2019int\u00e9rieur de la puce.<\/p>\n<p>\u00c9crans plats : Dans la production d\u2019\u00e9crans \u00e0 cristaux liquides (LCD) et d\u2019\u00e9crans \u00e0 diodes \u00e9lectroluminescentes organiques (OLED), la cible peut \u00eatre pulv\u00e9ris\u00e9e pour former des \u00e9lectrodes conductrices transparentes, ce qui permet un contr\u00f4le tactile pr\u00e9cis et des affichages clairs.<\/p>\n<p>Instruments optiques : Rev\u00eatement pour lentilles optiques de haute pr\u00e9cision, utilisant la technologie de pulv\u00e9risation pour effectuer le d\u00e9p\u00f4t atomique cible, r\u00e9duisant efficacement la lumi\u00e8re r\u00e9fl\u00e9chie \u00e0 la surface de la lentille et am\u00e9liorant la transmission de la lumi\u00e8re pour am\u00e9liorer la qualit\u00e9 de l\u2019image.<\/p>\n<p>Solaire photovolta\u00efque : Impliqu\u00e9 dans la fabrication de cellules solaires \u00e0 couche mince, pulv\u00e9ris\u00e9es pour former des couches d\u2019absorption d\u2019\u00e9nergie et des \u00e9lectrodes, qui convertissent efficacement la lumi\u00e8re du soleil en \u00e9lectricit\u00e9, favorisant ainsi le d\u00e9veloppement de l\u2019\u00e9nergie propre.<\/p>\n<p>Rev\u00eatement d\u00e9coratif : Dans les produits d\u00e9coratifs haut de gamme, la pulv\u00e9risation est utilis\u00e9e pour former des films m\u00e9talliques de couleurs vives, r\u00e9sistants \u00e0 l\u2019abrasion et \u00e0 la corrosion, am\u00e9liorant consid\u00e9rablement l\u2019apparence des produits d\u00e9coratifs.<\/p>\n<h2><span style=\"font-size: 14pt;\">Contr\u00f4le de la qualit\u00e9<\/span><\/h2>\n<p><span style=\"color: #0000ff;\"><a style=\"color: #0000ff;\" href=\"https:\/\/vimaterial.de\/en\/quality-control\/\">VI HALBLEITERMATERIAL GmbH<\/a><\/span> s\u2019engage \u00e0 un contr\u00f4le de qualit\u00e9 \u00e9lev\u00e9 et \u00e0 une coh\u00e9rence des lots \u00e0 l\u2019appui des objectifs globaux de REACH gr\u00e2ce \u00e0 l\u2019adoption d\u2019un syst\u00e8me d\u2019assurance qualit\u00e9 rigoureux, \u00e0 un contr\u00f4le qualit\u00e9 strict \u00e0 toutes les \u00e9tapes de la cha\u00eene de production, \u00e0 l\u2019adh\u00e9sion au principe de retraitement et de reconditionnement des produits d\u00e9fectueux, \u00e0 l\u2019essai et \u00e0 la lib\u00e9ration des lots conform\u00e9ment aux sp\u00e9cifications d\u00e9taill\u00e9es,  respect des normes les plus \u00e9lev\u00e9es dans tous les domaines, traitement des probl\u00e8mes conform\u00e9ment \u00e0 la 8D processus, conformit\u00e9 \u00e0 REACH et respect des normes associ\u00e9es.<\/p>\n<p>Nous nous engageons \u00e0 r\u00e9aliser un contr\u00f4le de qualit\u00e9 \u00e9lev\u00e9 et une coh\u00e9rence des lots \u00e0 l\u2019appui des objectifs globaux de REACH, ainsi qu\u2019\u00e0 maintenir la documentation et la tra\u00e7abilit\u00e9 des lots pour cr\u00e9er une cha\u00eene d\u2019approvisionnement socialement responsable qui garantit la livraison de produits et de services de haute qualit\u00e9.<\/p>\n<h2><span style=\"font-size: 14pt;\">Emballage et stockage<\/span><\/h2>\n<p>Les cibles de pulv\u00e9risation au chrome-yttrium sont emball\u00e9es dans des sacs sous vide doubles, puis emball\u00e9es dans des cartons.<\/p>\n<p>Les cibles de pulv\u00e9risation au chrome-yttrium doivent \u00eatre entrepos\u00e9es dans un environnement sec, frais et non corrosif, o\u00f9 elles sont plac\u00e9es en toute s\u00e9curit\u00e9 et prot\u00e9g\u00e9es des chocs et de l\u2019humidit\u00e9.<\/p>\n","protected":false},"excerpt":{"rendered":"<p>La cible de pulv\u00e9risation cathodique chrome-yttrium est une sorte de cible de pulv\u00e9risation cathodique en alliage compos\u00e9 de chrome et d\u2019yttrium, qui peut \u00eatre utilis\u00e9e pour d\u00e9poser un film mince d\u2019alliage de chrome-yttrium sur le substrat par pulv\u00e9risation magn\u00e9tron et d\u2019autres techniques, et a un large \u00e9ventail d\u2019applications dans le domaine de l\u2019\u00e9lectronique, de l\u2019optique et d\u2019autres domaines.<\/p>\n","protected":false},"featured_media":1001490,"comment_status":"open","ping_status":"closed","template":"","meta":{"_acf_changed":false},"product_brand":[],"product_cat":[235],"product_tag":[],"class_list":{"0":"post-1013864","1":"product","2":"type-product","3":"status-publish","4":"has-post-thumbnail","6":"product_cat-cibles-de-pulverisation-planaire","8":"first","9":"instock","10":"shipping-taxable","11":"product-type-variable"},"acf":[],"_links":{"self":[{"href":"https:\/\/vimaterial.de\/fr\/wp-json\/wp\/v2\/product\/1013864","targetHints":{"allow":["GET"]}}],"collection":[{"href":"https:\/\/vimaterial.de\/fr\/wp-json\/wp\/v2\/product"}],"about":[{"href":"https:\/\/vimaterial.de\/fr\/wp-json\/wp\/v2\/types\/product"}],"replies":[{"embeddable":true,"href":"https:\/\/vimaterial.de\/fr\/wp-json\/wp\/v2\/comments?post=1013864"}],"wp:featuredmedia":[{"embeddable":true,"href":"https:\/\/vimaterial.de\/fr\/wp-json\/wp\/v2\/media\/1001490"}],"wp:attachment":[{"href":"https:\/\/vimaterial.de\/fr\/wp-json\/wp\/v2\/media?parent=1013864"}],"wp:term":[{"taxonomy":"product_brand","embeddable":true,"href":"https:\/\/vimaterial.de\/fr\/wp-json\/wp\/v2\/product_brand?post=1013864"},{"taxonomy":"product_cat","embeddable":true,"href":"https:\/\/vimaterial.de\/fr\/wp-json\/wp\/v2\/product_cat?post=1013864"},{"taxonomy":"product_tag","embeddable":true,"href":"https:\/\/vimaterial.de\/fr\/wp-json\/wp\/v2\/product_tag?post=1013864"}],"curies":[{"name":"wp","href":"https:\/\/api.w.org\/{rel}","templated":true}]}}