{"id":1013812,"date":"2024-06-17T14:36:26","date_gmt":"2024-06-17T06:36:26","guid":{"rendered":"https:\/\/vimaterial.de\/product\/manganese-metal\/"},"modified":"2025-04-17T13:37:38","modified_gmt":"2025-04-17T05:37:38","slug":"manganese-metal","status":"publish","type":"product","link":"https:\/\/vimaterial.de\/fr\/product\/manganese-metal\/","title":{"rendered":"Mangan\u00e8se m\u00e9tal"},"content":{"rendered":"<p>La cible de pulv\u00e9risation de <span style=\"color: #0000ff;\"><a style=\"color: #0000ff;\" href=\"https:\/\/vimaterial.de\/en\/product\/manganese-metal\/\">mangan\u00e8se<\/a><\/span> est une sorte de mat\u00e9riau de pulv\u00e9risation avec du mangan\u00e8se m\u00e9tallique comme composant principal, avec une cible de haute puret\u00e9 et g\u00e9n\u00e9ralement gris argent\u00e9 en apparence, il peut d\u00e9poser efficacement un film mince de mangan\u00e8se m\u00e9tallique avec une bonne conductivit\u00e9 \u00e9lectrique, des propri\u00e9t\u00e9s magn\u00e9tiques et d\u2019autres caract\u00e9ristiques dans le processus de pulv\u00e9risation, qui est largement utilis\u00e9 dans de nombreux domaines tels que l\u2019\u00e9lectronique,  mat\u00e9riaux magn\u00e9tiques et ainsi de suite.<\/p>\n<p>VIMATERIAL fournit une vari\u00e9t\u00e9 de puret\u00e9s et de tailles de cibles de pulv\u00e9risation de mangan\u00e8se, nos cibles de pulv\u00e9risation de mangan\u00e8se ont les avantages d\u2019une puret\u00e9 \u00e9lev\u00e9e, d\u2019une haute densit\u00e9, d\u2019une bonne stabilit\u00e9 thermique et peuvent fournir un flux atomique stable et une \u00e9paisseur de film uniforme pendant le processus de pulv\u00e9risation. Nous pouvons \u00e9galement fournir des services de collage de cibles, nous avons une \u00e9quipe de R &amp; D professionnelle, et nous pouvons accepter toute personnalisation et exp\u00e9rience. Nous avons une \u00e9quipe de R &amp; D professionnelle, acceptons toute personnalisation de produit et exp\u00e9riences, si vous en avez besoin, veuillez <span style=\"color: #0000ff;\"><a style=\"color: #0000ff;\" href=\"https:\/\/vimaterial.de\/fr\/contact\/\"><span style=\"color: #0000ff;\">nous<\/span>contacter<\/a>.<\/span>  <\/p>\n<h2><span style=\"font-size: 14pt;\">Propri\u00e9t\u00e9s physiques<\/span><\/h2>\n<p>Formule mol\u00e9culaire : Mn<\/p>\n<p>Poids mol\u00e9culaire : 54,94<\/p>\n<p>Aspect : cible gris argent\u00e9<\/p>\n<p>Densit\u00e9 : environ 7,20-7,40 g\/cm\u00b3.<\/p>\n<p>Point de fusion : environ 1244\u00b0C<\/p>\n<p>Point d\u2019\u00e9bullition : environ 1962\u00b0C<\/p>\n<p>Structure cristalline : \u03b1-mangan\u00e8se \u00e0 temp\u00e9rature ambiante, avec structure en treillis cubique centr\u00e9e sur le corps<\/p>\n<h2><span style=\"font-size: 14pt;\">Applications<\/span><\/h2>\n<p>\u00c9lectronique : Les cibles de pulv\u00e9risation de mangan\u00e8se sont utilis\u00e9es pour la pr\u00e9paration d\u2019\u00e9lectrodes ou d\u2019interconnexions dans des dispositifs \u00e0 semi-conducteurs, o\u00f9 leur bonne conductivit\u00e9 \u00e9lectrique permet une transmission efficace du signal et un fonctionnement stable des composants \u00e9lectroniques.<\/p>\n<p>Dans le domaine des mat\u00e9riaux magn\u00e9tiques, les cibles de pulv\u00e9risation de mangan\u00e8se sont souvent utilis\u00e9es dans la fabrication de films magn\u00e9tiques, qui s\u2019appuient sur leurs propri\u00e9t\u00e9s magn\u00e9tiques uniques pour fournir des fonctions magn\u00e9tiques fiables pour les dispositifs de stockage magn\u00e9tique et d\u2019autres dispositifs pour r\u00e9pondre aux besoins de stockage d\u2019informations, de lecture et d\u2019\u00e9criture.<\/p>\n<p>Champ optique : Les cibles de pulv\u00e9risation de mangan\u00e8se peuvent \u00eatre utilis\u00e9es pour r\u00e9guler les propri\u00e9t\u00e9s de r\u00e9flexion et de r\u00e9fraction des \u00e9l\u00e9ments optiques en d\u00e9posant des couches minces, am\u00e9liorant ainsi efficacement la qualit\u00e9 de l\u2019image et l\u2019effet de propagation de la lumi\u00e8re des instruments optiques.<\/p>\n<p>Domaine de la construction automobile&nbsp;: La cible de pulv\u00e9risation peut \u00eatre appliqu\u00e9e au rev\u00eatement des capteurs et d\u2019autres composants des syst\u00e8mes \u00e9lectroniques automobiles pour assurer le fonctionnement stable des capteurs et ainsi am\u00e9liorer le niveau de contr\u00f4le intelligent global des automobiles.<\/p>\n<p>Domaine biom\u00e9dical : Il peut \u00eatre utilis\u00e9 pour pr\u00e9parer des films fonctionnels pour des capteurs biom\u00e9dicaux, etc., et utiliser ses propri\u00e9t\u00e9s chimiques et physiques sp\u00e9cifiques pour obtenir une d\u00e9tection et une analyse pr\u00e9cises des signaux biologiques.<\/p>\n<h2><span style=\"font-size: 14pt;\">Contr\u00f4le de la qualit\u00e9<\/span><\/h2>\n<p><span style=\"color: #0000ff;\"><a style=\"color: #0000ff;\" href=\"https:\/\/vimaterial.de\/fr\/le-controle-de-la-qualite\/\">VI HALBLEITERMATERIAL GmbH<\/a><\/span> s\u2019engage \u00e0 un contr\u00f4le de qualit\u00e9 \u00e9lev\u00e9 et \u00e0 une coh\u00e9rence des lots \u00e0 l\u2019appui des objectifs globaux de REACH gr\u00e2ce \u00e0 l\u2019adoption d\u2019un syst\u00e8me d\u2019assurance qualit\u00e9 rigoureux, \u00e0 un contr\u00f4le qualit\u00e9 strict \u00e0 toutes les \u00e9tapes de la cha\u00eene de production, \u00e0 l\u2019adh\u00e9sion au principe de retraitement et de reconditionnement des produits d\u00e9fectueux, \u00e0 l\u2019essai et \u00e0 la lib\u00e9ration des lots conform\u00e9ment aux sp\u00e9cifications d\u00e9taill\u00e9es,  respect des normes les plus \u00e9lev\u00e9es dans tous les domaines, traitement des probl\u00e8mes conform\u00e9ment \u00e0 la 8D processus, conformit\u00e9 \u00e0 REACH et respect des normes associ\u00e9es.<\/p>\n<p>Nous nous engageons \u00e0 r\u00e9aliser un contr\u00f4le de qualit\u00e9 \u00e9lev\u00e9 et une coh\u00e9rence des lots \u00e0 l\u2019appui des objectifs globaux de REACH, ainsi qu\u2019\u00e0 maintenir la documentation et la tra\u00e7abilit\u00e9 des lots pour cr\u00e9er une cha\u00eene d\u2019approvisionnement socialement responsable qui garantit la livraison de produits et de services de haute qualit\u00e9.<\/p>\n<h2><span style=\"font-size: 14pt;\">Emballage et stockage<\/span><\/h2>\n<p>Les cibles de pulv\u00e9risation du mangan\u00e8se sont emball\u00e9es dans des sacs sous vide doubles, puis emball\u00e9es dans des cartons.<\/p>\n<p>Les cibles de pulv\u00e9risation de mangan\u00e8se doivent \u00eatre stock\u00e9es dans un environnement sec, frais et bien ventil\u00e9, en \u00e9vitant l\u2019humidit\u00e9, le contact avec des agents oxydants puissants et en pr\u00e9venant les impacts physiques et les interf\u00e9rences de champs magn\u00e9tiques pour maintenir leurs propri\u00e9t\u00e9s physiques et chimiques stables.<\/p>\n","protected":false},"excerpt":{"rendered":"<p>La cible de pulv\u00e9risation de mangan\u00e8se est une sorte de mat\u00e9riau de pulv\u00e9risation avec du mangan\u00e8se m\u00e9tallique comme composant principal, avec une cible de haute puret\u00e9 et g\u00e9n\u00e9ralement gris argent\u00e9 en apparence, il peut d\u00e9poser efficacement un film mince de mangan\u00e8se m\u00e9tallique avec une bonne conductivit\u00e9 \u00e9lectrique, des propri\u00e9t\u00e9s magn\u00e9tiques et d\u2019autres caract\u00e9ristiques dans le [&hellip;]<\/p>\n","protected":false},"featured_media":1001524,"comment_status":"open","ping_status":"closed","template":"","meta":{"_acf_changed":false},"product_brand":[],"product_cat":[235],"product_tag":[],"class_list":{"0":"post-1013812","1":"product","2":"type-product","3":"status-publish","4":"has-post-thumbnail","6":"product_cat-cibles-de-pulverisation-planaire","8":"first","9":"instock","10":"shipping-taxable","11":"purchasable","12":"product-type-variable"},"acf":[],"_links":{"self":[{"href":"https:\/\/vimaterial.de\/fr\/wp-json\/wp\/v2\/product\/1013812","targetHints":{"allow":["GET"]}}],"collection":[{"href":"https:\/\/vimaterial.de\/fr\/wp-json\/wp\/v2\/product"}],"about":[{"href":"https:\/\/vimaterial.de\/fr\/wp-json\/wp\/v2\/types\/product"}],"replies":[{"embeddable":true,"href":"https:\/\/vimaterial.de\/fr\/wp-json\/wp\/v2\/comments?post=1013812"}],"wp:featuredmedia":[{"embeddable":true,"href":"https:\/\/vimaterial.de\/fr\/wp-json\/wp\/v2\/media\/1001524"}],"wp:attachment":[{"href":"https:\/\/vimaterial.de\/fr\/wp-json\/wp\/v2\/media?parent=1013812"}],"wp:term":[{"taxonomy":"product_brand","embeddable":true,"href":"https:\/\/vimaterial.de\/fr\/wp-json\/wp\/v2\/product_brand?post=1013812"},{"taxonomy":"product_cat","embeddable":true,"href":"https:\/\/vimaterial.de\/fr\/wp-json\/wp\/v2\/product_cat?post=1013812"},{"taxonomy":"product_tag","embeddable":true,"href":"https:\/\/vimaterial.de\/fr\/wp-json\/wp\/v2\/product_tag?post=1013812"}],"curies":[{"name":"wp","href":"https:\/\/api.w.org\/{rel}","templated":true}]}}