{"id":1013789,"date":"2024-06-17T14:36:28","date_gmt":"2024-06-17T06:36:28","guid":{"rendered":"https:\/\/vimaterial.de\/product\/oxyde-de-manganese-8\/"},"modified":"2025-04-17T13:33:48","modified_gmt":"2025-04-17T05:33:48","slug":"oxyde-de-manganese-8","status":"publish","type":"product","link":"https:\/\/vimaterial.de\/fr\/product\/oxyde-de-manganese-8\/","title":{"rendered":"Oxyde de mangan\u00e8se"},"content":{"rendered":"<p>La poudre d\u2019oxyde de mangan\u00e8se est une poudre d\u2019oxyde m\u00e9tallique noire ou brun\u00e2tre, le composant principal est le trioxyde de mangan\u00e8se, insoluble dans l\u2019eau, avec un certain degr\u00e9 de propri\u00e9t\u00e9s oxydatives, dans la catalyse, les mat\u00e9riaux magn\u00e9tiques, les pigments et de nombreux autres domaines d\u2019applications potentielles.<\/p>\n<p>VIMATERIAL propose une large gamme d\u2019oxyde de mangan\u00e8se. Nos poudres ont une grande puret\u00e9, une taille de particule uniforme, une bonne activit\u00e9 chimique et une grande stabilit\u00e9. Nous nous consacrons aux mati\u00e8res premi\u00e8res m\u00e9talliques inorganiques depuis de nombreuses ann\u00e9es, avec une \u00e9quipe de recherche et de d\u00e9veloppement technologique professionnelle, acceptons la personnalisation du produit et les exp\u00e9riences, veuillez <span style=\"color: #0000ff;\"><a style=\"color: #0000ff;\" href=\"https:\/\/vimaterial.de\/en\/contact-us\/\">nous contacter<\/a><\/span> si vous en avez besoin.  <\/p>\n<h2><span style=\"font-size: 14pt;\">Propri\u00e9t\u00e9s physiques<\/span><\/h2>\n<p>Formule mol\u00e9culaire : Mn\u2082O\u2083<\/p>\n<p>Poids mol\u00e9culaire : environ 157,87<\/p>\n<p>Apparence&nbsp;: poudre noire ou brune<\/p>\n<p>Densit\u00e9 : 4,50 g\/cm\u00b3<\/p>\n<p>Point de fusion : 1080\u00b0C (d\u00e9composition)<\/p>\n<p>Structure cristalline : Syst\u00e8me cristallin cubique<\/p>\n<h2><span style=\"font-size: 14pt;\">Applications<\/span><\/h2>\n<p>Champ de batterie : En tant que mati\u00e8re premi\u00e8re pour la synth\u00e8se de mat\u00e9riaux d\u2019\u00e9lectrode pour les batteries lithium-ion, il contribue \u00e0 am\u00e9liorer la densit\u00e9 \u00e9nerg\u00e9tique et les performances de cycle des batteries, et sa nanostructure peut raccourcir le chemin de diffusion du lithium-ion et acc\u00e9l\u00e9rer la vitesse de charge et de d\u00e9charge.<\/p>\n<p>Catalyse&nbsp;: Il peut catalyser la d\u00e9composition des gaz nocifs tels que les oxydes d\u2019azote et les compos\u00e9s organiques volatils, et favoriser la d\u00e9gradation des polluants organiques. Il peut \u00e9galement \u00eatre utilis\u00e9 comme oxydant \u00e0 haut rendement en synth\u00e8se organique pour favoriser la conversion des alcools en ald\u00e9hydes et en c\u00e9tones. <\/p>\n<p>Champ de mat\u00e9riau magn\u00e9tique : il peut \u00eatre utilis\u00e9 comme pr\u00e9curseur de mat\u00e9riau magn\u00e9tique doux, fournissant une base importante pour la pr\u00e9paration de mat\u00e9riau magn\u00e9tique avec d\u2019excellentes performances.<br \/>\nDomaine de l\u2019impression et de la teinture textiles : utilis\u00e9 dans le processus d\u2019impression et de teinture des tissus, ce qui peut ajouter de la couleur et de l\u2019\u00e9clat.<\/p>\n<p>Composants \u00e9lectroniques : Il peut \u00eatre utilis\u00e9 dans la pr\u00e9paration de composants sensibles \u00e0 la pression et de thermistance pour am\u00e9liorer les performances et la stabilit\u00e9 des produits \u00e9lectroniques.<\/p>\n<p>Industrie chimique&nbsp;: C\u2019est le produit interm\u00e9diaire et le composant principal des compos\u00e9s de mangan\u00e8se, et peut \u00eatre utilis\u00e9 dans la production d\u2019autres compos\u00e9s de mangan\u00e8se.<\/p>\n<h2><span style=\"font-size: 14pt;\">Contr\u00f4le de la qualit\u00e9<\/span><\/h2>\n<p><span style=\"color: #0000ff;\"><a style=\"color: #0000ff;\" href=\"https:\/\/vimaterial.de\/en\/quality-control\/\">VI HALBLEITERMATERIAL GmbH<\/a> <\/span>s\u2019engage \u00e0 un contr\u00f4le de qualit\u00e9 \u00e9lev\u00e9 et \u00e0 une coh\u00e9rence des lots gr\u00e2ce \u00e0 un syst\u00e8me d\u2019assurance qualit\u00e9 rigoureux, \u00e0 un contr\u00f4le de qualit\u00e9 rigoureux \u00e0 toutes les \u00e9tapes de la cha\u00eene de production, au respect du principe de retouche et de reconditionnement des produits d\u00e9fectueux, \u00e0 des tests et \u00e0 une lib\u00e9ration des lots conform\u00e9ment \u00e0 des sp\u00e9cifications d\u00e9taill\u00e9es, au respect des normes les plus \u00e9lev\u00e9es \u00e0 tous \u00e9gards,  documentation et tra\u00e7abilit\u00e9 des lots pour garantir que nous fournissons des produits et des services de haute qualit\u00e9.<\/p>\n<h2><span style=\"font-size: 14pt;\">Emballage et stockage<\/span><\/h2>\n<p>La poudre d\u2019oxyde de mangan\u00e8se est emball\u00e9e dans un sac \u00e0 double vide ou une bouteille \u00e0 double vide avec carton ext\u00e9rieur.<\/p>\n<p>La poudre d\u2019oxyde de mangan\u00e8se doit \u00eatre stock\u00e9e dans un endroit sec, frais et bien ventil\u00e9, scell\u00e9e, prot\u00e9g\u00e9e de l\u2019humidit\u00e9 et tenue \u00e0 l\u2019\u00e9cart des sources d\u2019inflammation et des agents oxydants et r\u00e9ducteurs puissants, afin d\u2019\u00e9viter les r\u00e9actions chimiques dues au contact avec ces substances.<\/p>\n","protected":false},"excerpt":{"rendered":"<p>La poudre d\u2019oxyde de mangan\u00e8se est une poudre d\u2019oxyde m\u00e9tallique noire ou brun\u00e2tre, le composant principal est le trioxyde de mangan\u00e8se, insoluble dans l\u2019eau, avec un certain degr\u00e9 de propri\u00e9t\u00e9s oxydatives, dans la catalyse, les mat\u00e9riaux magn\u00e9tiques, les pigments et de nombreux autres domaines d\u2019applications potentielles.<\/p>\n","protected":false},"featured_media":1001546,"comment_status":"open","ping_status":"closed","template":"","meta":{"_acf_changed":false},"product_brand":[],"product_cat":[243],"product_tag":[],"class_list":{"0":"post-1013789","1":"product","2":"type-product","3":"status-publish","4":"has-post-thumbnail","6":"product_cat-materiaux-oxydes-hydroxydes","8":"first","9":"instock","10":"shipping-taxable","11":"purchasable","12":"product-type-variable"},"acf":[],"_links":{"self":[{"href":"https:\/\/vimaterial.de\/fr\/wp-json\/wp\/v2\/product\/1013789","targetHints":{"allow":["GET"]}}],"collection":[{"href":"https:\/\/vimaterial.de\/fr\/wp-json\/wp\/v2\/product"}],"about":[{"href":"https:\/\/vimaterial.de\/fr\/wp-json\/wp\/v2\/types\/product"}],"replies":[{"embeddable":true,"href":"https:\/\/vimaterial.de\/fr\/wp-json\/wp\/v2\/comments?post=1013789"}],"wp:featuredmedia":[{"embeddable":true,"href":"https:\/\/vimaterial.de\/fr\/wp-json\/wp\/v2\/media\/1001546"}],"wp:attachment":[{"href":"https:\/\/vimaterial.de\/fr\/wp-json\/wp\/v2\/media?parent=1013789"}],"wp:term":[{"taxonomy":"product_brand","embeddable":true,"href":"https:\/\/vimaterial.de\/fr\/wp-json\/wp\/v2\/product_brand?post=1013789"},{"taxonomy":"product_cat","embeddable":true,"href":"https:\/\/vimaterial.de\/fr\/wp-json\/wp\/v2\/product_cat?post=1013789"},{"taxonomy":"product_tag","embeddable":true,"href":"https:\/\/vimaterial.de\/fr\/wp-json\/wp\/v2\/product_tag?post=1013789"}],"curies":[{"name":"wp","href":"https:\/\/api.w.org\/{rel}","templated":true}]}}