{"id":1013763,"date":"2024-06-17T14:36:27","date_gmt":"2024-06-17T06:36:27","guid":{"rendered":"https:\/\/vimaterial.de\/product\/carbure-de-manganese\/"},"modified":"2025-04-17T13:35:57","modified_gmt":"2025-04-17T05:35:57","slug":"carbure-de-manganese","status":"publish","type":"product","link":"https:\/\/vimaterial.de\/fr\/product\/carbure-de-manganese\/","title":{"rendered":"Carbure de mangan\u00e8se"},"content":{"rendered":"<p>La poudre de carbure de mangan\u00e8se est une poudre compos\u00e9e contenant du mangan\u00e8se et du carbone, qui peuvent \u00eatre d\u2019apparence grise ou noire, et poss\u00e8de des propri\u00e9t\u00e9s de compos\u00e9 interm\u00e9tallique, qui peuvent jouer un r\u00f4le important dans les domaines de la m\u00e9tallurgie du fer et de l\u2019acier, des mat\u00e9riaux r\u00e9sistants \u00e0 l\u2019usure, etc., par exemple, il peut \u00eatre utilis\u00e9 pour am\u00e9liorer les propri\u00e9t\u00e9s telles que la r\u00e9sistance \u00e0 l\u2019usure et la duret\u00e9 du fer et de l\u2019acier.<\/p>\n<p>VIMATERIAL propose du carbure de mangan\u00e8se. Nos poudres ont une grande puret\u00e9, une taille de particule uniforme, une bonne activit\u00e9 chimique et une grande stabilit\u00e9. Nous nous consacrons aux mati\u00e8res premi\u00e8res m\u00e9talliques inorganiques depuis de nombreuses ann\u00e9es, avec une \u00e9quipe de recherche et de d\u00e9veloppement technologique professionnelle, acceptons la personnalisation du produit et les exp\u00e9riences, veuillez <span style=\"color: #0000ff;\"><a style=\"color: #0000ff;\" href=\"https:\/\/vimaterial.de\/en\/contact-us\/\">nous contacter<\/a><\/span> si vous en avez besoin.  <\/p>\n<h2><span style=\"font-size: 14pt;\">Propri\u00e9t\u00e9s physiques<\/span><\/h2>\n<p>Formule mol\u00e9culaire : Mn\u2082\u2083C\u2086<\/p>\n<p>Poids mol\u00e9culaire : environ 1335,68<\/p>\n<p>Apparence : poudre grise ou noire<\/p>\n<h2><span style=\"font-size: 14pt;\">Applications<\/span><\/h2>\n<p>Industrie sid\u00e9rurgique : La poudre de Mn\u2082C\u2083 peut \u00eatre ajout\u00e9e \u00e0 l\u2019acier en tant qu\u2019additif d\u2019alliage, ce qui peut augmenter la duret\u00e9, la r\u00e9sistance \u00e0 l\u2019usure et la r\u00e9sistance \u00e0 la corrosion de l\u2019acier et am\u00e9liorer les performances de l\u2019acier.<\/p>\n<p>Dans le domaine des mat\u00e9riaux r\u00e9sistants \u00e0 l\u2019usure : les mat\u00e9riaux r\u00e9sistants \u00e0 l\u2019usure fabriqu\u00e9s par l\u2019ajout de poudre de Mn\u2082C\u2083 peuvent \u00eatre utilis\u00e9s dans la fabrication de machines mini\u00e8res, de machines de construction et d\u2019autres pi\u00e8ces sujettes \u00e0 l\u2019usure pour prolonger la dur\u00e9e de vie des pi\u00e8ces.<\/p>\n<p>Domaine de la m\u00e9tallurgie des poudres : En m\u00e9langeant et en frittant de la poudre de Mn\u2082C\u2086 avec d\u2019autres poudres m\u00e9talliques, des produits de m\u00e9tallurgie des poudres aux propri\u00e9t\u00e9s sp\u00e9ciales peuvent \u00eatre pr\u00e9par\u00e9s pour r\u00e9pondre \u00e0 diff\u00e9rents besoins d\u2019ing\u00e9nierie.<\/p>\n<h2><span style=\"font-size: 14pt;\">Contr\u00f4le de la qualit\u00e9<\/span><\/h2>\n<p><span style=\"color: #0000ff;\"><a style=\"color: #0000ff;\" href=\"https:\/\/vimaterial.de\/en\/quality-control\/\">VI HALBLEITERMATERIAL GmbH<\/a> <\/span>s\u2019engage \u00e0 un contr\u00f4le de qualit\u00e9 \u00e9lev\u00e9 et \u00e0 une coh\u00e9rence des lots gr\u00e2ce \u00e0 un syst\u00e8me d\u2019assurance qualit\u00e9 rigoureux, \u00e0 un contr\u00f4le de qualit\u00e9 rigoureux \u00e0 toutes les \u00e9tapes de la cha\u00eene de production, au respect du principe de retouche et de reconditionnement des produits d\u00e9fectueux, \u00e0 des tests et \u00e0 une lib\u00e9ration des lots conform\u00e9ment \u00e0 des sp\u00e9cifications d\u00e9taill\u00e9es, au respect des normes les plus \u00e9lev\u00e9es \u00e0 tous \u00e9gards,  documentation et tra\u00e7abilit\u00e9 des lots pour garantir que nous fournissons des produits et des services de haute qualit\u00e9.<\/p>\n<h2><span style=\"font-size: 14pt;\">Emballage et stockage<\/span><\/h2>\n<p>Les poudres de carbure de mangan\u00e8se sont conditionn\u00e9es dans des sacs \u00e0 double vide ou des bouteilles \u00e0 double vide dans des cartons.<\/p>\n<p>Les poudres de carbure de mangan\u00e8se doivent \u00eatre stock\u00e9es dans un environnement sec, frais et bien ventil\u00e9, scell\u00e9es et prot\u00e9g\u00e9es de l\u2019eau, de l\u2019oxyg\u00e8ne et des acides pour \u00e9viter la d\u00e9t\u00e9rioration due \u00e0 l\u2019humidit\u00e9, \u00e0 l\u2019oxydation et aux r\u00e9actions chimiques.<\/p>\n","protected":false},"excerpt":{"rendered":"<p>La poudre de carbure de mangan\u00e8se est une poudre compos\u00e9e contenant du mangan\u00e8se et du carbone, qui peuvent \u00eatre d\u2019apparence grise ou noire, et poss\u00e8de des propri\u00e9t\u00e9s de compos\u00e9 interm\u00e9tallique, qui peuvent jouer un r\u00f4le important dans les domaines de la m\u00e9tallurgie du fer et de l\u2019acier, des mat\u00e9riaux r\u00e9sistants \u00e0 l\u2019usure, etc., par exemple, il peut \u00eatre utilis\u00e9 pour am\u00e9liorer les propri\u00e9t\u00e9s telles que la r\u00e9sistance \u00e0 l\u2019usure et la duret\u00e9 du fer et de l\u2019acier.<\/p>\n","protected":false},"featured_media":1040969,"comment_status":"open","ping_status":"closed","template":"","meta":{"_acf_changed":false},"product_brand":[],"product_cat":[240],"product_tag":[],"class_list":{"0":"post-1013763","1":"product","2":"type-product","3":"status-publish","4":"has-post-thumbnail","6":"product_cat-materiaux-c-n-b-si","8":"first","9":"instock","10":"shipping-taxable","11":"product-type-variable"},"acf":[],"_links":{"self":[{"href":"https:\/\/vimaterial.de\/fr\/wp-json\/wp\/v2\/product\/1013763","targetHints":{"allow":["GET"]}}],"collection":[{"href":"https:\/\/vimaterial.de\/fr\/wp-json\/wp\/v2\/product"}],"about":[{"href":"https:\/\/vimaterial.de\/fr\/wp-json\/wp\/v2\/types\/product"}],"replies":[{"embeddable":true,"href":"https:\/\/vimaterial.de\/fr\/wp-json\/wp\/v2\/comments?post=1013763"}],"wp:featuredmedia":[{"embeddable":true,"href":"https:\/\/vimaterial.de\/fr\/wp-json\/wp\/v2\/media\/1040969"}],"wp:attachment":[{"href":"https:\/\/vimaterial.de\/fr\/wp-json\/wp\/v2\/media?parent=1013763"}],"wp:term":[{"taxonomy":"product_brand","embeddable":true,"href":"https:\/\/vimaterial.de\/fr\/wp-json\/wp\/v2\/product_brand?post=1013763"},{"taxonomy":"product_cat","embeddable":true,"href":"https:\/\/vimaterial.de\/fr\/wp-json\/wp\/v2\/product_cat?post=1013763"},{"taxonomy":"product_tag","embeddable":true,"href":"https:\/\/vimaterial.de\/fr\/wp-json\/wp\/v2\/product_tag?post=1013763"}],"curies":[{"name":"wp","href":"https:\/\/api.w.org\/{rel}","templated":true}]}}