{"id":1013720,"date":"2024-06-17T14:36:32","date_gmt":"2024-06-17T06:36:32","guid":{"rendered":"https:\/\/vimaterial.de\/product\/borure-de-manganese\/"},"modified":"2025-04-17T13:24:47","modified_gmt":"2025-04-17T05:24:47","slug":"borure-de-manganese","status":"publish","type":"product","link":"https:\/\/vimaterial.de\/fr\/product\/borure-de-manganese\/","title":{"rendered":"Borure de mangan\u00e8se"},"content":{"rendered":"<p><span style=\"color: #0000ff;\"><a style=\"color: #0000ff;\" href=\"https:\/\/vimaterial.de\/en\/product\/manganese-oxide-6\/\">La poudre de borure de mangan\u00e8se<\/a> <\/span>est une poudre de compos\u00e9 inorganique gris, insoluble dans l\u2019eau, qui est largement utilis\u00e9e dans l\u2019industrie nucl\u00e9aire, les mat\u00e9riaux \u00e0 haute temp\u00e9rature de l\u2019a\u00e9rospatiale et les nouveaux mat\u00e9riaux supraconducteurs.<\/p>\n<p>VIMATERIAL fournit de la poudre de borure de mangan\u00e8se, notre soci\u00e9t\u00e9 produit des particules d\u2019oxyde de mangan\u00e8se de haute puret\u00e9, une taille de particule uniforme et une taille de particule personnalisable, nous avons une \u00e9quipe de recherche et d\u00e9veloppement technique professionnelle, tous les produits peuvent \u00eatre personnalis\u00e9s et exp\u00e9riment\u00e9s, si vous en avez besoin, veuillez <span style=\"color: #0000ff;\"><a style=\"color: #0000ff;\" href=\"https:\/\/vimaterial.de\/en\/contact-us\/\">nous contacter.<\/a><\/span><\/p>\n<h2><span style=\"font-size: 14pt;\">Propri\u00e9t\u00e9s physiques<\/span><\/h2>\n<p>Formule mol\u00e9culaire : MnB<\/p>\n<p>Poids mol\u00e9culaire : 65,75<\/p>\n<p>Apparence&nbsp;: poudre grise<\/p>\n<p>Densit\u00e9 : 2,57<\/p>\n<p>Point de fusion : 1890\u00b0C<\/p>\n<h2><span style=\"font-size: 14pt;\">Applications<\/span><\/h2>\n<p>Mat\u00e9riaux \u00e9lectroniques : Les poudres MnB sont couramment utilis\u00e9es dans la fabrication de puces \u00e9lectroniques haute performance en raison de leurs propri\u00e9t\u00e9s semi-conductrices, ce qui contribue \u00e0 am\u00e9liorer la vitesse de calcul et la stabilit\u00e9 des produits \u00e9lectroniques.<\/p>\n<p>M\u00e9tallurgie : En tant qu\u2019additif d\u2019alliage, les poudres de MnB peuvent renforcer les propri\u00e9t\u00e9s de l\u2019acier et rendre l\u2019acier du moteur automobile plus r\u00e9sistant \u00e0 l\u2019usure, r\u00e9sistant \u00e0 la fatigue et prolonger sa dur\u00e9e de vie.<\/p>\n<p>Industrie chimique : Les poudres de MnB agissent comme des catalyseurs efficaces dans les r\u00e9actions de synth\u00e8se chimique, acc\u00e9l\u00e9rant le processus de r\u00e9action, r\u00e9duisant les co\u00fbts de production et am\u00e9liorant l\u2019efficacit\u00e9 du produit.<\/p>\n<p>Mat\u00e9riaux structurels \u00e0 haute temp\u00e9rature : Gr\u00e2ce \u00e0 leur point de fusion \u00e9lev\u00e9 et \u00e0 leur excellente stabilit\u00e9 \u00e0 haute temp\u00e9rature, les poudres MnB sont utilis\u00e9es dans les rev\u00eatements de barri\u00e8re thermique des moteurs d\u2019avion pour garantir le bon fonctionnement des composants \u00e0 des temp\u00e9ratures extr\u00eames.<\/p>\n<p>Dans le domaine des mat\u00e9riaux r\u00e9sistants \u00e0 l\u2019usure, les poudres de MnB sont utilis\u00e9es pour fabriquer des billes de broyage industrielles, qui sont r\u00e9sistantes \u00e0 l\u2019usure et \u00e0 l\u2019abrasion dans le processus de broyage du minerai, am\u00e9liorant ainsi consid\u00e9rablement l\u2019efficacit\u00e9 du broyage.<\/p>\n<h2><span style=\"font-size: 14pt;\">Contr\u00f4le de la qualit\u00e9<\/span><\/h2>\n<p><span style=\"color: #0000ff;\"><a style=\"color: #0000ff;\" href=\"https:\/\/vimaterial.de\/en\/quality-control\/\">Un syst\u00e8me strict d\u2019assurance qualit\u00e9<\/a> <\/span>est adopt\u00e9 pour chaque lot afin de garantir la fiabilit\u00e9 de la qualit\u00e9 du produit. Un contr\u00f4le qualit\u00e9 strict est mis en place tout au long de la cha\u00eene de production, et nous appliquons strictement le principe de retravailler et de refaire les produits d\u00e9fectueux. Nos produits r\u00e9pondent \u00e0 toutes les normes ASTM et sp\u00e9cifiques \u00e0 l\u2019industrie.  <\/p>\n<h2><span style=\"font-size: 14pt;\">Emballage et stockage<\/span><\/h2>\n<p>La poudre de borure de mangan\u00e8se est conditionn\u00e9e dans des bouteilles sous vide doubles, dans des sacs sous vide ext\u00e9rieurs, puis dans des cartons.<\/p>\n<p>Les poudres de borure de mangan\u00e8se doivent \u00eatre stock\u00e9es dans un environnement sec, frais et bien ventil\u00e9 pour \u00e9viter l\u2019humidit\u00e9 et le contact avec des substances oxydantes, et dans un emballage scell\u00e9 pour \u00e9viter la d\u00e9t\u00e9rioration par dispersion et absorption de l\u2019humidit\u00e9 et des impuret\u00e9s dans l\u2019air.<\/p>\n","protected":false},"excerpt":{"rendered":"<p><span style=\"color: #0000ff;\"><a style=\"color: #0000ff;\" href=\"https:\/\/vimaterial.de\/en\/product\/manganese-oxide-6\/\">La poudre de borure de mangan\u00e8se<\/a> <\/span>est une poudre de compos\u00e9 inorganique gris, insoluble dans l\u2019eau, qui est largement utilis\u00e9e dans l\u2019industrie nucl\u00e9aire, les mat\u00e9riaux \u00e0 haute temp\u00e9rature de l\u2019a\u00e9rospatiale et les nouveaux mat\u00e9riaux supraconducteurs.<\/p>\n","protected":false},"featured_media":1001572,"comment_status":"open","ping_status":"closed","template":"","meta":{"_acf_changed":false},"product_brand":[],"product_cat":[240],"product_tag":[],"class_list":{"0":"post-1013720","1":"product","2":"type-product","3":"status-publish","4":"has-post-thumbnail","6":"product_cat-materiaux-c-n-b-si","8":"first","9":"instock","10":"shipping-taxable","11":"product-type-variable"},"acf":[],"_links":{"self":[{"href":"https:\/\/vimaterial.de\/fr\/wp-json\/wp\/v2\/product\/1013720","targetHints":{"allow":["GET"]}}],"collection":[{"href":"https:\/\/vimaterial.de\/fr\/wp-json\/wp\/v2\/product"}],"about":[{"href":"https:\/\/vimaterial.de\/fr\/wp-json\/wp\/v2\/types\/product"}],"replies":[{"embeddable":true,"href":"https:\/\/vimaterial.de\/fr\/wp-json\/wp\/v2\/comments?post=1013720"}],"wp:featuredmedia":[{"embeddable":true,"href":"https:\/\/vimaterial.de\/fr\/wp-json\/wp\/v2\/media\/1001572"}],"wp:attachment":[{"href":"https:\/\/vimaterial.de\/fr\/wp-json\/wp\/v2\/media?parent=1013720"}],"wp:term":[{"taxonomy":"product_brand","embeddable":true,"href":"https:\/\/vimaterial.de\/fr\/wp-json\/wp\/v2\/product_brand?post=1013720"},{"taxonomy":"product_cat","embeddable":true,"href":"https:\/\/vimaterial.de\/fr\/wp-json\/wp\/v2\/product_cat?post=1013720"},{"taxonomy":"product_tag","embeddable":true,"href":"https:\/\/vimaterial.de\/fr\/wp-json\/wp\/v2\/product_tag?post=1013720"}],"curies":[{"name":"wp","href":"https:\/\/api.w.org\/{rel}","templated":true}]}}