{"id":1013711,"date":"2024-06-17T14:37:55","date_gmt":"2024-06-17T06:37:55","guid":{"rendered":"https:\/\/vimaterial.de\/product\/carbonate-de-manganese\/"},"modified":"2025-04-17T13:19:55","modified_gmt":"2025-04-17T05:19:55","slug":"carbonate-de-manganese","status":"publish","type":"product","link":"https:\/\/vimaterial.de\/fr\/product\/carbonate-de-manganese\/","title":{"rendered":"Carbonate de mangan\u00e8se"},"content":{"rendered":"<p>La poudre de carbonate de mangan\u00e8se est une poudre blanche ou rouge\u00e2tre, inodore et insipide, insoluble dans l\u2019eau, principalement utilis\u00e9e dans la fabrication de sels de mangan\u00e8se, de ferrite pour les composants de t\u00e9l\u00e9communications, de pigments c\u00e9ramiques, etc.<\/p>\n<p>VIMATERIAL propose des poudres de Carbonate de Mangan\u00e8se. Nos poudres se caract\u00e9risent par une grande puret\u00e9, une granulom\u00e9trie homog\u00e8ne, une bonne activit\u00e9 chimique et une stabilit\u00e9. Nous nous engageons \u00e0 utiliser des mati\u00e8res premi\u00e8res chimiques inorganiques depuis de nombreuses ann\u00e9es, nous avons une \u00e9quipe professionnelle de recherche et d\u00e9veloppement technique, acceptons la personnalisation des produits et les exp\u00e9riences, si vous en avez besoin, veuillez <span style=\"color: #0000ff;\"><a style=\"color: #0000ff;\" href=\"https:\/\/vimaterial.de\/en\/contact-us\/\">nous contacter.<\/a><\/span>  <\/p>\n<h2><span style=\"font-size: 14pt;\">Propri\u00e9t\u00e9s physiques<\/span><\/h2>\n<p>Formule mol\u00e9culaire : MnCO\u2083<\/p>\n<p>Poids mol\u00e9culaire : 114,95<\/p>\n<p>Apparence&nbsp;: la poudre rose \u00e0 presque blanche lorsqu\u2019elle est nouvellement pr\u00e9cipit\u00e9e, vire progressivement au brun clair dans l\u2019air&nbsp;; Il peut s\u2019agir de cristaux rhombiques de couleur rose ou d\u2019une poudre amorphe de couleur brun vif.<\/p>\n<p>Densit\u00e9 : 3,125 g\/cm\u00b3<\/p>\n<p>Point de fusion : au-dessus de 200\u00b0C, se d\u00e9composer \u00e0 200 &#8211; 300\u00b0C.<\/p>\n<p>Structure cristalline : Hexagonale &#8211; structure rhombique<\/p>\n<h2><span style=\"font-size: 14pt;\">Application<\/span><\/h2>\n<p>M\u00e9tallurgie du fer et de l\u2019acier : La poudre de carbonate de mangan\u00e8se est utilis\u00e9e pour ajouter du mangan\u00e8se \u00e0 la fusion du fer et de l\u2019acier afin d\u2019am\u00e9liorer la r\u00e9sistance et la t\u00e9nacit\u00e9 de l\u2019acier.<\/p>\n<p>Synth\u00e8se chimique : Utilis\u00e9 comme mati\u00e8re premi\u00e8re pour la pr\u00e9paration de sels de mangan\u00e8se, pour produire du sulfate de mangan\u00e8se et d\u2019autres services pour la chimie fine.<\/p>\n<p>Industrie \u00e9lectronique : Utilis\u00e9 dans la fabrication de ferrites de t\u00e9l\u00e9communication pour assurer la stabilit\u00e9 de la transmission du signal dans les \u00e9quipements \u00e9lectroniques.<\/p>\n<p>C\u00e9ramique : En tant que composant du pigment c\u00e9ramique, il donne \u00e0 la c\u00e9ramique des couleurs riches.<\/p>\n<p>Protection de l\u2019environnement : Gr\u00e2ce \u00e0 ses propri\u00e9t\u00e9s chimiques, il peut aider \u00e0 \u00e9liminer les m\u00e9taux lourds de l\u2019eau et \u00e0 purifier la qualit\u00e9 de l\u2019eau.<\/p>\n<h2><span style=\"font-size: 14pt;\">Contr\u00f4le de la qualit\u00e9<\/span><\/h2>\n<p><span style=\"color: #0000ff;\"><a style=\"color: #0000ff;\" href=\"https:\/\/vimaterial.de\/en\/quality-control\/\">VI HALBLEITERMATERIAL GmbH<\/a> <\/span>s\u2019engage \u00e0 un contr\u00f4le de qualit\u00e9 \u00e9lev\u00e9 et \u00e0 la coh\u00e9rence des lots gr\u00e2ce \u00e0 l\u2019utilisation d\u2019un syst\u00e8me d\u2019assurance qualit\u00e9 rigoureux, \u00e0 un contr\u00f4le de qualit\u00e9 strict \u00e0 toutes les \u00e9tapes de la cha\u00eene de production, au respect du principe de retraitement et de retraitement des produits d\u00e9fectueux, \u00e0 des tests et \u00e0 une lib\u00e9ration des lots conform\u00e9ment aux sp\u00e9cifications d\u00e9taill\u00e9es, au respect des normes les plus \u00e9lev\u00e9es dans tous les domaines,  et la tenue \u00e0 jour de la documentation et la tra\u00e7abilit\u00e9 des lots pour nous assurer que nous fournissons des produits et des services de haute qualit\u00e9.<\/p>\n<h2><span style=\"font-size: 14pt;\">Emballage et stockage<\/span><\/h2>\n<p>Les poudres de carbonate de mangan\u00e8se sont emball\u00e9es dans des sacs \u00e0 double vide ou des bouteilles \u00e0 double vide dans des cartons ext\u00e9rieurs.<\/p>\n<p>Les poudres de carbonate de mangan\u00e8se doivent \u00eatre stock\u00e9es dans un endroit sec, frais et bien ventil\u00e9, scell\u00e9 de l\u2019humidit\u00e9 et isol\u00e9 des substances potentiellement r\u00e9actives telles que les acides.<\/p>\n","protected":false},"excerpt":{"rendered":"<p>La poudre de carbonate de mangan\u00e8se est une poudre blanche ou rouge\u00e2tre, inodore et insipide, insoluble dans l\u2019eau, principalement utilis\u00e9e dans la fabrication de sels de mangan\u00e8se, de ferrite pour les composants de t\u00e9l\u00e9communications, de pigments c\u00e9ramiques, etc.<\/p>\n","protected":false},"featured_media":1001589,"comment_status":"open","ping_status":"closed","template":"","meta":{"_acf_changed":false},"product_brand":[],"product_cat":[244],"product_tag":[],"class_list":{"0":"post-1013711","1":"product","2":"type-product","3":"status-publish","4":"has-post-thumbnail","6":"product_cat-autres-materiaux","8":"first","9":"instock","10":"shipping-taxable","11":"purchasable","12":"product-type-variable"},"acf":[],"_links":{"self":[{"href":"https:\/\/vimaterial.de\/fr\/wp-json\/wp\/v2\/product\/1013711","targetHints":{"allow":["GET"]}}],"collection":[{"href":"https:\/\/vimaterial.de\/fr\/wp-json\/wp\/v2\/product"}],"about":[{"href":"https:\/\/vimaterial.de\/fr\/wp-json\/wp\/v2\/types\/product"}],"replies":[{"embeddable":true,"href":"https:\/\/vimaterial.de\/fr\/wp-json\/wp\/v2\/comments?post=1013711"}],"wp:featuredmedia":[{"embeddable":true,"href":"https:\/\/vimaterial.de\/fr\/wp-json\/wp\/v2\/media\/1001589"}],"wp:attachment":[{"href":"https:\/\/vimaterial.de\/fr\/wp-json\/wp\/v2\/media?parent=1013711"}],"wp:term":[{"taxonomy":"product_brand","embeddable":true,"href":"https:\/\/vimaterial.de\/fr\/wp-json\/wp\/v2\/product_brand?post=1013711"},{"taxonomy":"product_cat","embeddable":true,"href":"https:\/\/vimaterial.de\/fr\/wp-json\/wp\/v2\/product_cat?post=1013711"},{"taxonomy":"product_tag","embeddable":true,"href":"https:\/\/vimaterial.de\/fr\/wp-json\/wp\/v2\/product_tag?post=1013711"}],"curies":[{"name":"wp","href":"https:\/\/api.w.org\/{rel}","templated":true}]}}