{"id":1013704,"date":"2024-06-17T14:37:55","date_gmt":"2024-06-17T06:37:55","guid":{"rendered":"https:\/\/vimaterial.de\/product\/chlorure-de-manganese\/"},"modified":"2024-09-25T15:49:27","modified_gmt":"2024-09-25T07:49:27","slug":"chlorure-de-manganese","status":"publish","type":"product","link":"https:\/\/vimaterial.de\/fr\/product\/chlorure-de-manganese\/","title":{"rendered":"Chlorure de mangan\u00e8se"},"content":{"rendered":"<p>La poudre de chlorure de mangan\u00e8se (MnCl\u2082) est un compos\u00e9 inorganique compos\u00e9 de mangan\u00e8se et de chlore.Il se pr\u00e9sente g\u00e9n\u00e9ralement sous la forme d\u2019une poudre rose p\u00e2le, cristalline ou d\u2019un solide granulaire.Le MnCl\u2082 est tr\u00e8s soluble dans l\u2019eau et forme une solution rose p\u00e2le.<\/p>\n<p>Propri\u00e9t\u00e9s<\/p>\n<p>Chimique Formule\u00a0:MnCl\u2082<\/p>\n<p>Masse molaire\u00a0: 125.844 g\/mol<\/p>\n<p>Apparence\u00a0: Rose p\u00e2le, poudre cristalline<\/p>\n<p>Solubilit\u00e9\u00a0: Hautement soluble dans l\u2019eau et soluble dans l\u2019\u00e9thanol<\/p>\n<p>Point de fusion\u00a0: 650 \u00b0C<\/p>\n<p>Densit\u00e9\u00a0:2.977 g\/cm\u00b3 (anhydre)<\/p>\n<p>Application<\/p>\n<p>Fabrication chimique Pr\u00e9curseur des compos\u00e9s de mangan\u00e8se\u00a0: Le chlorure de mangan\u00e8se est couramment utilis\u00e9 pour synth\u00e9tiser divers produits chimiques contenant du mangan\u00e8se comme le dioxyde de mangan\u00e8se (MnO\u2082), qui est utilis\u00e9 dans les piles s\u00e8ches, et le carbonate de mangan\u00e8se (MnCO\u2083), qui est un pr\u00e9curseur d\u2019autres produits chimiques.<\/p>\n<p>Micronutriments dans les engrais : Le chlorure de mangan\u00e8se est utilis\u00e9 comme micronutriment dans les engrais pour corriger les carences en mangan\u00e8se dans le sol, favoriser la croissance des plantes et am\u00e9liorer les rendements des cultures.<\/p>\n<p>Suppl\u00e9ments nutritionnels pharmaceutiques : Le mangan\u00e8se est vital pour la sant\u00e9 humaine, et le chlorure de mangan\u00e8se est parfois utilis\u00e9 dans la formulation de compl\u00e9ments alimentaires pour fournir un apport ad\u00e9quat en mangan\u00e8se.Le MnCl\u2082 est utilis\u00e9 en laboratoire pour diverses r\u00e9actions biochimiques, la recherche et le diagnostic.<\/p>\n<p>Composant de l\u2019industrie des piles dans les piles s\u00e8ches : Le MnCl\u2082 peut \u00eatre utilis\u00e9 comme pr\u00e9curseur du dioxyde de mangan\u00e8se (MnO\u2082), qui est un mat\u00e9riau cl\u00e9 dans les piles alcalines et autres types de piles s\u00e8ches.<\/p>\n<p>Synth\u00e8se organique : Le MnCl\u2082 est utilis\u00e9 comme catalyseur dans les r\u00e9actions de synth\u00e8se organique, en particulier dans la production de certains produits pharmaceutiques et compos\u00e9s organiques complexes.<\/p>\n<p>Fixateur de colorant de l\u2019industrie textile et colorante : Le MnCl\u2082 peut \u00eatre utilis\u00e9 dans l\u2019industrie textile comme fixateur de colorant et mordant, aidant \u00e0 am\u00e9liorer l\u2019adh\u00e9rence du colorant et la solidit\u00e9 des couleurs sur les tissus.<\/p>\n<p>Traitement de l\u2019eau Purification de l\u2019eau : Il peut \u00eatre utilis\u00e9 dans les processus de traitement de l\u2019eau pour \u00e9liminer les impuret\u00e9s et am\u00e9liorer la qualit\u00e9 de l\u2019eau, bien qu\u2019il s\u2019agisse d\u2019une application moins courante.<\/p>\n<p>Additif c\u00e9ramique et verre dans la c\u00e9ramique : Le MnCl\u2082 est utilis\u00e9 comme additif dans la fabrication de la c\u00e9ramique et du verre, o\u00f9 il influence la couleur et am\u00e9liore les propri\u00e9t\u00e9s des mat\u00e9riaux.<\/p>\n","protected":false},"excerpt":{"rendered":"<p>La poudre de chlorure de mangan\u00e8se (MnCl\u2082) est un compos\u00e9 inorganique compos\u00e9 de mangan\u00e8se et de chlore.<br \/>\nIl se pr\u00e9sente g\u00e9n\u00e9ralement sous la forme d\u2019une poudre rose p\u00e2le, cristalline ou d\u2019un solide granulaire.<br \/>\nLe MnCl\u2082 est tr\u00e8s soluble dans l\u2019eau et forme une solution rose p\u00e2le.<\/p>\n","protected":false},"featured_media":1001581,"comment_status":"open","ping_status":"closed","template":"","meta":{"_acf_changed":false},"product_brand":[],"product_cat":[239],"product_tag":[],"class_list":{"0":"post-1013704","1":"product","2":"type-product","3":"status-publish","4":"has-post-thumbnail","6":"product_cat-materiaux-halogenes","8":"first","9":"instock","10":"shipping-taxable","11":"purchasable","12":"product-type-variable"},"acf":[],"_links":{"self":[{"href":"https:\/\/vimaterial.de\/fr\/wp-json\/wp\/v2\/product\/1013704","targetHints":{"allow":["GET"]}}],"collection":[{"href":"https:\/\/vimaterial.de\/fr\/wp-json\/wp\/v2\/product"}],"about":[{"href":"https:\/\/vimaterial.de\/fr\/wp-json\/wp\/v2\/types\/product"}],"replies":[{"embeddable":true,"href":"https:\/\/vimaterial.de\/fr\/wp-json\/wp\/v2\/comments?post=1013704"}],"wp:featuredmedia":[{"embeddable":true,"href":"https:\/\/vimaterial.de\/fr\/wp-json\/wp\/v2\/media\/1001581"}],"wp:attachment":[{"href":"https:\/\/vimaterial.de\/fr\/wp-json\/wp\/v2\/media?parent=1013704"}],"wp:term":[{"taxonomy":"product_brand","embeddable":true,"href":"https:\/\/vimaterial.de\/fr\/wp-json\/wp\/v2\/product_brand?post=1013704"},{"taxonomy":"product_cat","embeddable":true,"href":"https:\/\/vimaterial.de\/fr\/wp-json\/wp\/v2\/product_cat?post=1013704"},{"taxonomy":"product_tag","embeddable":true,"href":"https:\/\/vimaterial.de\/fr\/wp-json\/wp\/v2\/product_tag?post=1013704"}],"curies":[{"name":"wp","href":"https:\/\/api.w.org\/{rel}","templated":true}]}}