{"id":1013677,"date":"2024-06-17T14:38:02","date_gmt":"2024-06-17T06:38:02","guid":{"rendered":"https:\/\/vimaterial.de\/product\/oxyde-de-manganese-6\/"},"modified":"2025-04-17T11:40:08","modified_gmt":"2025-04-17T03:40:08","slug":"oxyde-de-manganese-6","status":"publish","type":"product","link":"https:\/\/vimaterial.de\/fr\/product\/oxyde-de-manganese-6\/","title":{"rendered":"Oxyde de mangan\u00e8se"},"content":{"rendered":"<p>Les granules d\u2019oxyde de mangan\u00e8se sont des particules vert herbe ou gris-vert avec une structure en r\u00e9seau cubique centr\u00e9e sur la face, qui sont chimiquement actives et ont de nombreuses applications dans la m\u00e9tallurgie, l\u2019industrie chimique et d\u2019autres domaines.<\/p>\n<p>VIMATERIAL fournit des granul\u00e9s d\u2019oxyde de mangan\u00e8se, nos particules d\u2019oxyde de mangan\u00e8se ont les caract\u00e9ristiques d\u2019une grande puret\u00e9, d\u2019une taille de particule uniforme et d\u2019une bonne cristallinit\u00e9, nous avons une \u00e9quipe technique professionnelle de recherche et de d\u00e9veloppement, et nous acceptons tous les produits personnalis\u00e9s et exp\u00e9rimentaux, si vous en avez besoin, veuillez <span style=\"color: #0000ff;\"><a style=\"color: #0000ff;\" href=\"https:\/\/vimaterial.de\/en\/contact-us\/\">nous contacter<\/a><\/span>.<\/p>\n<h2><span style=\"font-size: 14pt;\">Propri\u00e9t\u00e9s physiques<\/span><\/h2>\n<p>Formule mol\u00e9culaire : MnO<\/p>\n<p>Poids mol\u00e9culaire : 70,9374<\/p>\n<p>Aspect : vert gazon ou particules gris-vert<\/p>\n<p>Densit\u00e9 : 5,37, densit\u00e9 relative 5,43-5,46.<\/p>\n<p>Point de fusion : 1840\u00b0C<\/p>\n<p>Structure cristalline : r\u00e9seau cubique centr\u00e9 sur la face (type chlorure de sodium), a = 0,4436 nm.<\/p>\n<h2><span style=\"font-size: 14pt;\">Applications<\/span><\/h2>\n<p>Domaine de la m\u00e9tallurgie du fer et de l\u2019acier&nbsp;: Les granul\u00e9s MnO, en tant que mati\u00e8re premi\u00e8re importante pour la fabrication de l\u2019acier, peuvent r\u00e9guler la composition et les propri\u00e9t\u00e9s des scories dans le processus de fabrication de l\u2019acier convertisseur, \u00e9liminer efficacement le soufre, le phosphore et d\u2019autres impuret\u00e9s dans l\u2019acier et am\u00e9liorer la qualit\u00e9 de l\u2019acier.<\/p>\n<p>Mat\u00e9riaux des batteries : Les mat\u00e9riaux des \u00e9lectrodes peuvent \u00eatre utilis\u00e9s pour pr\u00e9parer de nouveaux types de batteries, participant aux r\u00e9actions \u00e9lectrochimiques en vertu de leurs propres caract\u00e9ristiques, fournissant des performances de charge et de d\u00e9charge stables pour les batteries et aidant \u00e0 fournir de l\u2019\u00e9nergie aux petits appareils tels que les appareils portables.<\/p>\n<p>Catalyse chimique : Dans certaines r\u00e9actions de synth\u00e8se organique, les granules de MnO agissent comme des catalyseurs, ce qui peut r\u00e9duire l\u2019\u00e9nergie d\u2019activation de la r\u00e9action et acc\u00e9l\u00e9rer la vitesse de r\u00e9action, par exemple, en catalysant l\u2019oxydation des alcools pour am\u00e9liorer l\u2019efficacit\u00e9 de la production de produits chimiques.<\/p>\n<p>Mat\u00e9riaux magn\u00e9tiques : En raison de leurs propri\u00e9t\u00e9s magn\u00e9tiques, les granules de MnO peuvent \u00eatre utilis\u00e9s dans la formulation de mat\u00e9riaux magn\u00e9tiques pour produire de petits \u00e9lectroaimants, des capteurs magn\u00e9tiques, etc., afin de r\u00e9pondre \u00e0 la demande de contr\u00f4le magn\u00e9tique pr\u00e9cis des appareils \u00e9lectroniques.<\/p>\n<p>Industrie de la c\u00e9ramique : ajout\u00e9s aux \u00e9bauches c\u00e9ramiques, les granul\u00e9s MnO peuvent am\u00e9liorer les performances de frittage des c\u00e9ramiques d\u2019une part, en facilitant la densification des \u00e9bauches, et d\u2019autre part, ils peuvent donner \u00e0 la c\u00e9ramique une couleur unique, \u00e9largissant ainsi l\u2019utilisation d\u00e9corative de la c\u00e9ramique.<\/p>\n<h2><span style=\"font-size: 14pt;\">Contr\u00f4le de la qualit\u00e9<\/span><\/h2>\n<p><span style=\"color: #0000ff;\"><a style=\"color: #0000ff;\" href=\"https:\/\/vimaterial.de\/en\/quality-control\/\">Un syst\u00e8me strict d\u2019assurance qualit\u00e9<\/a><\/span> est adopt\u00e9 pour chaque lot afin de garantir la fiabilit\u00e9 de la qualit\u00e9 du produit. Un contr\u00f4le qualit\u00e9 strict est mis en place tout au long de la cha\u00eene de production, et nous appliquons strictement le principe de retravailler et de refaire les produits d\u00e9fectueux. Nos produits r\u00e9pondent \u00e0 toutes les normes ASTM et sp\u00e9cifiques \u00e0 l\u2019industrie.  <\/p>\n<h2><span style=\"font-size: 14pt;\">Emballage et stockage<\/span><\/h2>\n<p>Les granul\u00e9s d\u2019oxyde de mangan\u00e8se sont emball\u00e9s dans des bouteilles sous vide doubles, emball\u00e9s sous vide \u00e0 l\u2019ext\u00e9rieur et emball\u00e9s dans des cartons.<\/p>\n<p>Les granul\u00e9s d\u2019oxyde de mangan\u00e8se doivent \u00eatre stock\u00e9s dans un environnement sec, frais et bien ventil\u00e9, scell\u00e9s, en \u00e9vitant le contact avec l\u2019eau, les acides, les agents r\u00e9ducteurs et autres substances sensibles aux r\u00e9actions chimiques, et \u00e9galement \u00e0 l\u2019\u00e9cart des sources d\u2019inflammation et de chaleur, pour \u00e9viter une modification des propri\u00e9t\u00e9s.<\/p>\n","protected":false},"excerpt":{"rendered":"<p>Les granules d\u2019oxyde de mangan\u00e8se sont des particules vert herbe ou gris-vert avec une structure en r\u00e9seau cubique centr\u00e9e sur la face, qui sont chimiquement actives et ont de nombreuses applications dans la m\u00e9tallurgie, l\u2019industrie chimique et d\u2019autres domaines.<\/p>\n","protected":false},"featured_media":1001611,"comment_status":"open","ping_status":"closed","template":"","meta":{"_acf_changed":false},"product_brand":[],"product_cat":[236],"product_tag":[],"class_list":{"0":"post-1013677","1":"product","2":"type-product","3":"status-publish","4":"has-post-thumbnail","6":"product_cat-materiaux-devaporation","8":"first","9":"instock","10":"shipping-taxable","11":"product-type-variable"},"acf":[],"_links":{"self":[{"href":"https:\/\/vimaterial.de\/fr\/wp-json\/wp\/v2\/product\/1013677","targetHints":{"allow":["GET"]}}],"collection":[{"href":"https:\/\/vimaterial.de\/fr\/wp-json\/wp\/v2\/product"}],"about":[{"href":"https:\/\/vimaterial.de\/fr\/wp-json\/wp\/v2\/types\/product"}],"replies":[{"embeddable":true,"href":"https:\/\/vimaterial.de\/fr\/wp-json\/wp\/v2\/comments?post=1013677"}],"wp:featuredmedia":[{"embeddable":true,"href":"https:\/\/vimaterial.de\/fr\/wp-json\/wp\/v2\/media\/1001611"}],"wp:attachment":[{"href":"https:\/\/vimaterial.de\/fr\/wp-json\/wp\/v2\/media?parent=1013677"}],"wp:term":[{"taxonomy":"product_brand","embeddable":true,"href":"https:\/\/vimaterial.de\/fr\/wp-json\/wp\/v2\/product_brand?post=1013677"},{"taxonomy":"product_cat","embeddable":true,"href":"https:\/\/vimaterial.de\/fr\/wp-json\/wp\/v2\/product_cat?post=1013677"},{"taxonomy":"product_tag","embeddable":true,"href":"https:\/\/vimaterial.de\/fr\/wp-json\/wp\/v2\/product_tag?post=1013677"}],"curies":[{"name":"wp","href":"https:\/\/api.w.org\/{rel}","templated":true}]}}