{"id":1013671,"date":"2024-06-17T14:37:59","date_gmt":"2024-06-17T06:37:59","guid":{"rendered":"https:\/\/vimaterial.de\/product\/oxyde-de-fer-et-de-manganese-ferrite-spinelle\/"},"modified":"2025-04-17T13:15:48","modified_gmt":"2025-04-17T05:15:48","slug":"oxyde-de-fer-et-de-manganese-ferrite-spinelle","status":"publish","type":"product","link":"https:\/\/vimaterial.de\/fr\/product\/oxyde-de-fer-et-de-manganese-ferrite-spinelle\/","title":{"rendered":"Oxyde de fer mangan\u00e8se (ferrite de spinelle)"},"content":{"rendered":"<p>La cible de pulv\u00e9risation d\u2019oxyde de mangan\u00e8se et de fer est une sorte de cible de pulv\u00e9risation en c\u00e9ramique avec une structure cristalline de type spinelle, une bonne stabilit\u00e9 chimique et d\u2019excellentes propri\u00e9t\u00e9s magn\u00e9tiques, qui est couramment utilis\u00e9e dans la pr\u00e9paration de films minces haute performance dans les domaines de l\u2019\u00e9lectronique, du magn\u00e9tisme et de l\u2019optique.<\/p>\n<p>VIMATERIAL fournit des cibles de pulv\u00e9risation d\u2019oxyde de mangan\u00e8se et de fer, nos cibles de pulv\u00e9risation d\u2019oxyde de mangan\u00e8se et de fer ont une puret\u00e9 \u00e9lev\u00e9e, une composition uniforme, un taux de pulv\u00e9risation stable et une forte adh\u00e9rence du film, etc. Nous pouvons \u00e9galement fournir un service de collage cible, nous avons une \u00e9quipe professionnelle de recherche et d\u00e9veloppement technologique, et nous acceptons tous les produits&nbsp;! Nous avons une \u00e9quipe de R &amp; D professionnelle, acceptons toute personnalisation de produit et exp\u00e9rimentez, si vous en avez besoin, veuillez <span style=\"color: #0000ff;\"><a style=\"color: #0000ff;\" href=\"https:\/\/vimaterial.de\/en\/contact-us\/\">nous contacter.<\/a><\/span>  <\/p>\n<h2><span style=\"font-size: 14pt;\">Propri\u00e9t\u00e9s physiques<\/span><\/h2>\n<p>Formule mol\u00e9culaire : MnFe\u2082O\u2084<\/p>\n<p>Poids mol\u00e9culaire : 230,63<\/p>\n<p>Apparence&nbsp;: G\u00e9n\u00e9ralement noir ou brun-noir, poudre ou morceau solide.<\/p>\n<p>Densit\u00e9 : environ 4,8-5,0 g\/cm\u00b3.<\/p>\n<p>Structure cristalline&nbsp;: structure cristalline de type spinelle, les atomes d\u2019oxyg\u00e8ne sont cubiques denses en empilement, les ions mangan\u00e8se et fer occupent respectivement les positions interstitielles t\u00e9tra\u00e9driques et octa\u00e9driques, cette structure lui conf\u00e8re une bonne stabilit\u00e9 et des propri\u00e9t\u00e9s physicochimiques uniques.<\/p>\n<h2><span style=\"font-size: 14pt;\">Applications<\/span><\/h2>\n<p>Domaine des semi-conducteurs : La cible de pulv\u00e9risation d\u2019oxyde de mangan\u00e8se et de fer peut \u00eatre utilis\u00e9e pour pr\u00e9parer des films semi-conducteurs en raison de ses excellentes propri\u00e9t\u00e9s \u00e9lectriques et de sa grande puret\u00e9, comme une couche barri\u00e8re ou une couche de stockage magn\u00e9tique dans la fabrication de puces, ce qui contribue \u00e0 am\u00e9liorer les performances et l\u2019int\u00e9gration des puces.<\/p>\n<p>Champ optique : ses propri\u00e9t\u00e9s optiques sp\u00e9ciales lui conf\u00e8rent un r\u00f4le important dans le rev\u00eatement optique, qui peut \u00eatre utilis\u00e9 pour pr\u00e9parer des films d\u2019am\u00e9lioration de la transmittance et des films r\u00e9fl\u00e9chissants pour les dispositifs optiques, etc. Il peut r\u00e9guler efficacement les performances et les caract\u00e9ristiques des dispositifs optiques, tels que l\u2019am\u00e9lioration de la transmittance des lentilles optiques et de la r\u00e9flectivit\u00e9 des miroirs. <\/p>\n<p>Champ magn\u00e9tique&nbsp;: En raison de son subferromagn\u00e9tisme et de ses bonnes propri\u00e9t\u00e9s magn\u00e9tiques, il peut \u00eatre utilis\u00e9 pour pr\u00e9parer des films magn\u00e9tiques, tels que dans des supports d\u2019enregistrement magn\u00e9tiques, des capteurs magn\u00e9tiques, des dispositifs spintroniques, etc., qui peuvent r\u00e9aliser un stockage efficace et une lecture et une \u00e9criture rapides des informations.<\/p>\n<p>Domaine des dispositifs \u00e9lectroniques : il peut \u00eatre utilis\u00e9 pour pr\u00e9parer des composants en couches minces dans des dispositifs de contr\u00f4le \u00e9lectronique, tels que des condensateurs, des r\u00e9sistances, etc. En ajustant sa composition et son processus de pr\u00e9paration, il peut r\u00e9aliser la r\u00e9gulation des performances \u00e9lectriques des appareils \u00e9lectroniques et r\u00e9pondre aux besoins des diff\u00e9rents appareils \u00e9lectroniques. <\/p>\n<p>Champ d\u2019\u00e9nergie : dans les batteries lithium-ion, les supercondensateurs et autres dispositifs de stockage d\u2019\u00e9nergie, il peut \u00eatre utilis\u00e9 comme mat\u00e9riau d\u2019\u00e9lectrode ou couche de modification d\u2019\u00e9lectrode pour am\u00e9liorer les performances de charge et de d\u00e9charge et la stabilit\u00e9 de cycle des batteries et des condensateurs.<\/p>\n<p>A\u00e9rospatiale : Il peut \u00eatre utilis\u00e9 pour pr\u00e9parer des rev\u00eatements haute performance dans les \u00e9quipements a\u00e9rospatiaux, tels que des rev\u00eatements r\u00e9sistants \u00e0 la corrosion et aux hautes temp\u00e9ratures, etc., afin d\u2019am\u00e9liorer la fiabilit\u00e9 et la dur\u00e9e de vie de l\u2019\u00e9quipement, et en m\u00eame temps, ses caract\u00e9ristiques l\u00e9g\u00e8res peuvent aider \u00e0 r\u00e9duire le poids de l\u2019\u00e9quipement.<\/p>\n<h2><span style=\"font-size: 14pt;\">Contr\u00f4le de la qualit\u00e9<\/span><\/h2>\n<p><span style=\"color: #0000ff;\"><a style=\"color: #0000ff;\" href=\"https:\/\/vimaterial.de\/en\/quality-control\/\">VI HALBLEITERMATERIAL GmbH<\/a> <\/span>s\u2019engage \u00e0 un contr\u00f4le de qualit\u00e9 \u00e9lev\u00e9 et \u00e0 une coh\u00e9rence des lots \u00e0 l\u2019appui des objectifs globaux de REACH gr\u00e2ce \u00e0 l\u2019adoption d\u2019un syst\u00e8me d\u2019assurance qualit\u00e9 rigoureux, \u00e0 un contr\u00f4le qualit\u00e9 strict \u00e0 toutes les \u00e9tapes de la cha\u00eene de production, \u00e0 l\u2019adh\u00e9sion au principe de retraitement et de reconditionnement des produits d\u00e9fectueux, \u00e0 l\u2019essai et \u00e0 la lib\u00e9ration des lots conform\u00e9ment aux sp\u00e9cifications d\u00e9taill\u00e9es,  respect des normes les plus \u00e9lev\u00e9es dans tous les domaines, traitement des probl\u00e8mes conform\u00e9ment \u00e0 la 8D processus, conformit\u00e9 \u00e0 REACH et respect des normes associ\u00e9es.<\/p>\n<p>Nous nous engageons \u00e0 r\u00e9aliser un contr\u00f4le de qualit\u00e9 \u00e9lev\u00e9 et une coh\u00e9rence des lots \u00e0 l\u2019appui des objectifs globaux de REACH, ainsi qu\u2019\u00e0 maintenir la documentation et la tra\u00e7abilit\u00e9 des lots pour cr\u00e9er une cha\u00eene d\u2019approvisionnement socialement responsable qui garantit la livraison de produits et de services de haute qualit\u00e9.<\/p>\n<h2><span style=\"font-size: 14pt;\">Emballage et stockage<\/span><\/h2>\n<p>Les cibles de pulv\u00e9risation \u00e0 l\u2019oxyde de fer et de mangan\u00e8se sont emball\u00e9es dans des sacs sous vide doubles, puis emball\u00e9es dans des cartons.<\/p>\n<p>Les cibles de pulv\u00e9risation d\u2019oxyde de mangan\u00e8se et de fer doivent \u00eatre stock\u00e9es dans un environnement sec et bien ventil\u00e9 \u00e0 une temp\u00e9rature appropri\u00e9e \u00e0 l\u2019abri de la lumi\u00e8re directe du soleil, et \u00e0 l\u2019abri du contact avec des substances corrosives et \u00e0 l\u2019\u00e9cart des sources d\u2019inflammation et des champs magn\u00e9tiques puissants afin de maintenir la stabilit\u00e9 de leurs propri\u00e9t\u00e9s physiques et chimiques.<\/p>\n","protected":false},"excerpt":{"rendered":"<p>La cible de pulv\u00e9risation d\u2019oxyde de mangan\u00e8se et de fer est une sorte de cible de pulv\u00e9risation en c\u00e9ramique avec une structure cristalline de type spinelle, une bonne stabilit\u00e9 chimique et d\u2019excellentes propri\u00e9t\u00e9s magn\u00e9tiques, qui est couramment utilis\u00e9e dans la pr\u00e9paration de films minces haute performance dans les domaines de l\u2019\u00e9lectronique, du magn\u00e9tisme et de l\u2019optique.<\/p>\n","protected":false},"featured_media":1001604,"comment_status":"open","ping_status":"closed","template":"","meta":{"_acf_changed":false},"product_brand":[],"product_cat":[235],"product_tag":[],"class_list":{"0":"post-1013671","1":"product","2":"type-product","3":"status-publish","4":"has-post-thumbnail","6":"product_cat-cibles-de-pulverisation-planaire","8":"first","9":"instock","10":"shipping-taxable","11":"product-type-variable"},"acf":[],"_links":{"self":[{"href":"https:\/\/vimaterial.de\/fr\/wp-json\/wp\/v2\/product\/1013671","targetHints":{"allow":["GET"]}}],"collection":[{"href":"https:\/\/vimaterial.de\/fr\/wp-json\/wp\/v2\/product"}],"about":[{"href":"https:\/\/vimaterial.de\/fr\/wp-json\/wp\/v2\/types\/product"}],"replies":[{"embeddable":true,"href":"https:\/\/vimaterial.de\/fr\/wp-json\/wp\/v2\/comments?post=1013671"}],"wp:featuredmedia":[{"embeddable":true,"href":"https:\/\/vimaterial.de\/fr\/wp-json\/wp\/v2\/media\/1001604"}],"wp:attachment":[{"href":"https:\/\/vimaterial.de\/fr\/wp-json\/wp\/v2\/media?parent=1013671"}],"wp:term":[{"taxonomy":"product_brand","embeddable":true,"href":"https:\/\/vimaterial.de\/fr\/wp-json\/wp\/v2\/product_brand?post=1013671"},{"taxonomy":"product_cat","embeddable":true,"href":"https:\/\/vimaterial.de\/fr\/wp-json\/wp\/v2\/product_cat?post=1013671"},{"taxonomy":"product_tag","embeddable":true,"href":"https:\/\/vimaterial.de\/fr\/wp-json\/wp\/v2\/product_tag?post=1013671"}],"curies":[{"name":"wp","href":"https:\/\/api.w.org\/{rel}","templated":true}]}}