{"id":1013643,"date":"2024-06-17T14:38:03","date_gmt":"2024-06-17T06:38:03","guid":{"rendered":"https:\/\/vimaterial.de\/product\/oxyde-de-manganese-4\/"},"modified":"2025-04-17T11:37:57","modified_gmt":"2025-04-17T03:37:57","slug":"oxyde-de-manganese-4","status":"publish","type":"product","link":"https:\/\/vimaterial.de\/fr\/product\/oxyde-de-manganese-4\/","title":{"rendered":"Oxyde de mangan\u00e8se"},"content":{"rendered":"<p><span style=\"color: #0000ff;\"><a style=\"color: #0000ff;\" href=\"https:\/\/vimaterial.de\/en\/product\/manganese-oxide-5\/\">La poudre d\u2019oxyde de mangan\u00e8se est une poudre d\u2019oxyde de<\/a><\/span> mangan\u00e8se gris-vert avec une structure cristalline ionique, qui est principalement utilis\u00e9e dans de nombreux domaines tels que les r\u00e9actions d\u2019oxydation en chimie organique, la production de pigments dans les industries de la c\u00e9ramique et du verre et comme additif dans les mat\u00e9riaux de batterie.<\/p>\n<p>VIMATERIAL propose des poudres d\u2019oxyde de mangan\u00e8se de haute puret\u00e9. Nos poudres se caract\u00e9risent par une grande puret\u00e9, une granulom\u00e9trie homog\u00e8ne, une bonne activit\u00e9 chimique et une stabilit\u00e9.<br \/>\nNous nous engageons \u00e0 utiliser des mati\u00e8res premi\u00e8res chimiques inorganiques depuis de nombreuses ann\u00e9es, nous avons une \u00e9quipe professionnelle de recherche et d\u00e9veloppement technique, acceptons la personnalisation des produits et les exp\u00e9riences, si vous en avez besoin, veuillez <a href=\"https:\/\/vimaterial.de\/en\/contact-us\/\"><span style=\"color: #0000ff;\">nous contacter<\/span><\/a>. <\/p>\n<h2><span style=\"font-size: 14pt;\">Propri\u00e9t\u00e9s physiques<\/span><\/h2>\n<p>Formule mol\u00e9culaire : MnO<\/p>\n<p>Poids mol\u00e9culaire : 70,9374<\/p>\n<p>Apparence&nbsp;: Poudre de cristal cubique vert gazon ou gris-vert.<\/p>\n<p>Densit\u00e9 : Densit\u00e9 relative 5,09-5,19<\/p>\n<p>Point de fusion : 1650\u00b0C<\/p>\n<p>Structure cristalline : Les cristaux sont en r\u00e9seau cubique centr\u00e9 sur la face (type chlorure de sodium)<\/p>\n<h2><span style=\"font-size: 14pt;\">Application<\/span><\/h2>\n<p>Industrie sid\u00e9rurgique : La poudre de MnO est utilis\u00e9e pour la d\u00e9soxydation et la d\u00e9sulfuration dans l\u2019industrie sid\u00e9rurgique, ce qui am\u00e9liore la qualit\u00e9 et les performances de l\u2019acier en \u00e9liminant les impuret\u00e9s d\u2019oxyg\u00e8ne et de soufre de l\u2019acier.<\/p>\n<p>Industrie des batteries : Les poudres de MnO sont utilis\u00e9es comme un composant important des mat\u00e9riaux d\u2019\u00e9lectrode dans les batteries, o\u00f9 elles participent \u00e0 la r\u00e9action \u00e9lectrochimique et contribuent \u00e0 am\u00e9liorer les performances de charge et de d\u00e9charge et la dur\u00e9e de vie des batteries.<\/p>\n<p>Catalyse chimique : Les poudres de MnO sont des catalyseurs efficaces, acc\u00e9l\u00e9rant le rythme des r\u00e9actions chimiques dans la synth\u00e8se organique, par exemple, facilitant la conversion des substrats dans certaines r\u00e9actions d\u2019oxydation.<\/p>\n<p>Mat\u00e9riaux magn\u00e9tiques : En raison de leurs propri\u00e9t\u00e9s magn\u00e9tiques, les poudres de MnO peuvent \u00eatre utilis\u00e9es dans la fabrication de mat\u00e9riaux magn\u00e9tiques, fournissant une source de magn\u00e9tisme pour la production de supports d\u2019enregistrement magn\u00e9tiques et d\u2019autres produits.<\/p>\n<p>C\u00e9ramiques : Les poudres de MnO peuvent \u00eatre utilis\u00e9es comme pigments ou additifs dans la production de c\u00e9ramiques pour donner des couleurs sp\u00e9ciales aux c\u00e9ramiques et am\u00e9liorer les propri\u00e9t\u00e9s de frittage et m\u00e9caniques des c\u00e9ramiques.<\/p>\n<h2><span style=\"font-size: 14pt;\">Contr\u00f4le de la qualit\u00e9<\/span><\/h2>\n<p><span style=\"color: #0000ff;\"><a style=\"color: #0000ff;\" href=\"https:\/\/vimaterial.de\/en\/quality-control\/\">VI HALBLEITERMATERIAL Gm<span style=\"color: #0000ff;\">b<\/span><\/a>H<\/span> s\u2019engage \u00e0 un contr\u00f4le de qualit\u00e9 \u00e9lev\u00e9 et \u00e0 la coh\u00e9rence des lots gr\u00e2ce \u00e0 l\u2019utilisation d\u2019un syst\u00e8me d\u2019assurance qualit\u00e9 rigoureux, \u00e0 un contr\u00f4le de qualit\u00e9 strict \u00e0 toutes les \u00e9tapes de la cha\u00eene de production, au respect du principe de retraitement et de retraitement des produits d\u00e9fectueux, \u00e0 des tests et \u00e0 une lib\u00e9ration des lots conform\u00e9ment aux sp\u00e9cifications d\u00e9taill\u00e9es, au respect des normes les plus \u00e9lev\u00e9es dans tous les domaines,  et la tenue \u00e0 jour de la documentation et la tra\u00e7abilit\u00e9 des lots pour nous assurer que nous fournissons des produits et des services de haute qualit\u00e9.<\/p>\n<h2><span style=\"font-size: 14pt;\">Emballage et stockage<\/span><\/h2>\n<p>La poudre d\u2019oxyde de mangan\u00e8se est emball\u00e9e dans des sacs sous vide double ou des bouteilles sous vide dans des cartons.<\/p>\n<p>Les poudres d\u2019oxyde de mangan\u00e8se doivent \u00eatre stock\u00e9es dans un environnement sec, frais et bien ventil\u00e9, \u00e0 l\u2019abri des sources d\u2019inflammation, de la chaleur et des substances incompatibles, et emball\u00e9es dans des emballages bien scell\u00e9s pour \u00e9viter l\u2019humidit\u00e9 et la contamination par d\u2019autres impuret\u00e9s.<\/p>\n","protected":false},"excerpt":{"rendered":"<p><span style=\"color: #0000ff;\"><a style=\"color: #0000ff;\" href=\"https:\/\/vimaterial.de\/en\/product\/manganese-oxide-5\/\">La poudre d\u2019oxyde de mangan\u00e8se est une poudre d\u2019oxyde de<\/a><\/span> mangan\u00e8se gris-vert avec une structure cristalline ionique, qui est principalement utilis\u00e9e dans de nombreux domaines tels que les r\u00e9actions d\u2019oxydation en chimie organique, la production de pigments dans les industries de la c\u00e9ramique et du verre et comme additif dans les mat\u00e9riaux de batterie.<\/p>\n","protected":false},"featured_media":1001618,"comment_status":"open","ping_status":"closed","template":"","meta":{"_acf_changed":false},"product_brand":[],"product_cat":[243],"product_tag":[],"class_list":{"0":"post-1013643","1":"product","2":"type-product","3":"status-publish","4":"has-post-thumbnail","6":"product_cat-materiaux-oxydes-hydroxydes","8":"first","9":"instock","10":"shipping-taxable","11":"purchasable","12":"product-type-variable"},"acf":[],"_links":{"self":[{"href":"https:\/\/vimaterial.de\/fr\/wp-json\/wp\/v2\/product\/1013643","targetHints":{"allow":["GET"]}}],"collection":[{"href":"https:\/\/vimaterial.de\/fr\/wp-json\/wp\/v2\/product"}],"about":[{"href":"https:\/\/vimaterial.de\/fr\/wp-json\/wp\/v2\/types\/product"}],"replies":[{"embeddable":true,"href":"https:\/\/vimaterial.de\/fr\/wp-json\/wp\/v2\/comments?post=1013643"}],"wp:featuredmedia":[{"embeddable":true,"href":"https:\/\/vimaterial.de\/fr\/wp-json\/wp\/v2\/media\/1001618"}],"wp:attachment":[{"href":"https:\/\/vimaterial.de\/fr\/wp-json\/wp\/v2\/media?parent=1013643"}],"wp:term":[{"taxonomy":"product_brand","embeddable":true,"href":"https:\/\/vimaterial.de\/fr\/wp-json\/wp\/v2\/product_brand?post=1013643"},{"taxonomy":"product_cat","embeddable":true,"href":"https:\/\/vimaterial.de\/fr\/wp-json\/wp\/v2\/product_cat?post=1013643"},{"taxonomy":"product_tag","embeddable":true,"href":"https:\/\/vimaterial.de\/fr\/wp-json\/wp\/v2\/product_tag?post=1013643"}],"curies":[{"name":"wp","href":"https:\/\/api.w.org\/{rel}","templated":true}]}}