{"id":1013615,"date":"2024-06-17T14:38:04","date_gmt":"2024-06-17T06:38:04","guid":{"rendered":"https:\/\/vimaterial.de\/product\/oxyde-de-manganese-3\/"},"modified":"2025-04-17T11:31:42","modified_gmt":"2025-04-17T03:31:42","slug":"oxyde-de-manganese-3","status":"publish","type":"product","link":"https:\/\/vimaterial.de\/fr\/product\/oxyde-de-manganese-3\/","title":{"rendered":"Oxyde de mangan\u00e8se"},"content":{"rendered":"<p>Les granules <span style=\"color: #0000ff;\"><a style=\"color: #0000ff;\" href=\"https:\/\/vimaterial.de\/en\/product\/manganese-oxide-6\/\">d\u2019oxyde de mangan\u00e8se<\/a> <\/span>sont des particules solides noires ou brun fonc\u00e9 avec divers types de structures cristallines telles que le rutile, qui ont de fortes propri\u00e9t\u00e9s oxydantes et jouent un r\u00f4le cl\u00e9 dans de nombreux domaines tels que les batteries, la catalyse et la protection de l\u2019environnement.<\/p>\n<p>VIMATERIAL fournit des granul\u00e9s d\u2019oxyde de mangan\u00e8se, nos granul\u00e9s d\u2019oxyde de mangan\u00e8se ont les caract\u00e9ristiques d\u2019une grande puret\u00e9, d\u2019une taille de particule uniforme et d\u2019une bonne cristallinit\u00e9, nous avons une \u00e9quipe technique professionnelle de recherche et d\u00e9veloppement, et nous acceptons tous les produits personnalis\u00e9s et exp\u00e9rimentaux, si vous en avez besoin, veuillez <span style=\"color: #0000ff;\"><a style=\"color: #0000ff;\" href=\"https:\/\/vimaterial.de\/en\/contact-us\/\">nous contacter<\/a><\/span>.<\/p>\n<h2><span style=\"font-size: 14pt;\">Propri\u00e9t\u00e9s physiques<\/span><\/h2>\n<p>Formule mol\u00e9culaire : MnO2<\/p>\n<p>Poids mol\u00e9culaire : 86,94<\/p>\n<p>Apparence : cristaux amorphes noirs ou rhombo\u00e9driques noirs<\/p>\n<p>Densit\u00e9 : 5,03 g\/cm\u00b3<\/p>\n<p>Point de fusion : 535\u00b0C (d\u00e9composition)<\/p>\n<p>Structure cristalline&nbsp;: Diverses structures cristallines, les plus courantes sont le type de rutile et le type de minerai de mangan\u00e8se mou, etc.<\/p>\n<h2><span style=\"font-size: 14pt;\">Applications<\/span><\/h2>\n<p>Champ de batterie : Les granul\u00e9s de MnO\u2082 sont des mat\u00e9riaux de cathode importants dans les piles s\u00e8ches et les piles alcalines, capables de stocker et de lib\u00e9rer de l\u2019\u00e9nergie \u00e9lectrique par des r\u00e9actions d\u2019oxydor\u00e9duction, et de fournir une alimentation stable pour toutes sortes de petits appareils \u00e9lectroniques.<\/p>\n<p>Champ catalytique : Dans les r\u00e9actions chimiques, les granules de MnO\u2082 peuvent \u00eatre utilis\u00e9s comme catalyseurs pour acc\u00e9l\u00e9rer le processus de r\u00e9action, par exemple, dans la d\u00e9composition du chlorate de potassium pour produire de l\u2019oxyg\u00e8ne, il peut r\u00e9duire efficacement l\u2019\u00e9nergie d\u2019activation de la r\u00e9action et am\u00e9liorer la vitesse de r\u00e9action.<\/p>\n<p>Domaine de la protection de l\u2019environnement : Les granul\u00e9s de MnO\u2082 peuvent \u00eatre utilis\u00e9s pour traiter les ions de m\u00e9taux lourds et les polluants organiques dans les eaux us\u00e9es, purifiant la qualit\u00e9 de l\u2019eau en convertissant les substances nocives en substances inoffensives par adsorption et r\u00e9action d\u2019oxydor\u00e9duction.<\/p>\n<p>Industrie du verre : En tant que d\u00e9colorant et clarifiant pour le verre, les granul\u00e9s de MnO\u2082 peuvent \u00e9liminer les impuret\u00e9s et les couleurs du verre, rendre le verre plus transparent et plus pur et am\u00e9liorer la qualit\u00e9 des produits en verre.<\/p>\n<p>C\u00e9ramique : L\u2019ajout de granul\u00e9s de MnO\u2082 peut modifier la couleur et les propri\u00e9t\u00e9s de la c\u00e9ramique, qui peut \u00eatre utilis\u00e9e comme composant du pigment c\u00e9ramique, et \u00e9galement am\u00e9liorer la duret\u00e9, la r\u00e9sistance \u00e0 l\u2019abrasion et d\u2019autres propri\u00e9t\u00e9s physiques de la c\u00e9ramique, \u00e9largissant ainsi la gamme d\u2019applications de la c\u00e9ramique.<\/p>\n<h2><span style=\"font-size: 14pt;\">Contr\u00f4le de la qualit\u00e9<\/span><\/h2>\n<p><span style=\"color: #0000ff;\"><a style=\"color: #0000ff;\" href=\"https:\/\/vimaterial.de\/en\/quality-control\/\">Un syst\u00e8me strict d\u2019assurance qualit\u00e9<\/a><\/span> est adopt\u00e9 pour chaque lot afin de garantir la fiabilit\u00e9 de la qualit\u00e9 du produit. Un contr\u00f4le qualit\u00e9 strict est mis en place tout au long de la cha\u00eene de production, et nous appliquons strictement le principe de retravailler et de refaire les produits d\u00e9fectueux. Nos produits r\u00e9pondent \u00e0 toutes les normes ASTM et sp\u00e9cifiques \u00e0 l\u2019industrie.  <\/p>\n<h2><span style=\"font-size: 14pt;\">Emballage et stockage<\/span><\/h2>\n<p>Les granul\u00e9s d\u2019oxyde de mangan\u00e8se sont emball\u00e9s dans des bouteilles sous vide doubles, emball\u00e9s sous vide \u00e0 l\u2019ext\u00e9rieur et emball\u00e9s dans des cartons.<\/p>\n<p>Les granul\u00e9s d\u2019oxyde de mangan\u00e8se doivent \u00eatre stock\u00e9s dans un environnement sec, frais et bien ventil\u00e9, scell\u00e9s, en \u00e9vitant le contact avec l\u2019eau, les acides, les agents r\u00e9ducteurs et autres substances sensibles aux r\u00e9actions chimiques, et \u00e9galement \u00e0 l\u2019\u00e9cart des sources d\u2019inflammation et de chaleur, pour \u00e9viter une modification des propri\u00e9t\u00e9s.<\/p>\n","protected":false},"excerpt":{"rendered":"<p>Les granules <span style=\"color: #0000ff;\"><a style=\"color: #0000ff;\" href=\"https:\/\/vimaterial.de\/en\/product\/manganese-oxide-6\/\">d\u2019oxyde de mangan\u00e8se<\/a> <\/span>sont des particules solides noires ou brun fonc\u00e9 avec divers types de structures cristallines telles que le rutile, qui ont de fortes propri\u00e9t\u00e9s oxydantes et jouent un r\u00f4le cl\u00e9 dans de nombreux domaines tels que les batteries, la catalyse et la protection de l\u2019environnement.<\/p>\n","protected":false},"featured_media":1001636,"comment_status":"open","ping_status":"closed","template":"","meta":{"_acf_changed":false},"product_brand":[],"product_cat":[236],"product_tag":[],"class_list":{"0":"post-1013615","1":"product","2":"type-product","3":"status-publish","4":"has-post-thumbnail","6":"product_cat-materiaux-devaporation","8":"first","9":"instock","10":"shipping-taxable","11":"product-type-variable"},"acf":[],"_links":{"self":[{"href":"https:\/\/vimaterial.de\/fr\/wp-json\/wp\/v2\/product\/1013615","targetHints":{"allow":["GET"]}}],"collection":[{"href":"https:\/\/vimaterial.de\/fr\/wp-json\/wp\/v2\/product"}],"about":[{"href":"https:\/\/vimaterial.de\/fr\/wp-json\/wp\/v2\/types\/product"}],"replies":[{"embeddable":true,"href":"https:\/\/vimaterial.de\/fr\/wp-json\/wp\/v2\/comments?post=1013615"}],"wp:featuredmedia":[{"embeddable":true,"href":"https:\/\/vimaterial.de\/fr\/wp-json\/wp\/v2\/media\/1001636"}],"wp:attachment":[{"href":"https:\/\/vimaterial.de\/fr\/wp-json\/wp\/v2\/media?parent=1013615"}],"wp:term":[{"taxonomy":"product_brand","embeddable":true,"href":"https:\/\/vimaterial.de\/fr\/wp-json\/wp\/v2\/product_brand?post=1013615"},{"taxonomy":"product_cat","embeddable":true,"href":"https:\/\/vimaterial.de\/fr\/wp-json\/wp\/v2\/product_cat?post=1013615"},{"taxonomy":"product_tag","embeddable":true,"href":"https:\/\/vimaterial.de\/fr\/wp-json\/wp\/v2\/product_tag?post=1013615"}],"curies":[{"name":"wp","href":"https:\/\/api.w.org\/{rel}","templated":true}]}}