{"id":1013581,"date":"2024-06-17T14:38:04","date_gmt":"2024-06-17T06:38:04","guid":{"rendered":"https:\/\/vimaterial.de\/product\/oxyde-de-manganese\/"},"modified":"2025-04-17T10:46:34","modified_gmt":"2025-04-17T02:46:34","slug":"oxyde-de-manganese","status":"publish","type":"product","link":"https:\/\/vimaterial.de\/fr\/product\/oxyde-de-manganese\/","title":{"rendered":"Oxyde de mangan\u00e8se"},"content":{"rendered":"<p><span style=\"color: #0000ff;\"><a style=\"color: #0000ff;\" href=\"https:\/\/vimaterial.de\/en\/product\/manganese-oxide-6\/\">La poudre d\u2019oxyde de mangan\u00e8se<\/a><\/span> est une poudre inorganique noire ou noir-brun avec une bonne adsorption, une oxydation et une structure cristalline stable, qui est largement utilis\u00e9e dans la fabrication de batteries, la r\u00e9action catalytique, le traitement des eaux us\u00e9es et de nombreux autres domaines.<\/p>\n<p>VIMATERIAl fournit de la poudre d\u2019oxyde de mangan\u00e8se. Notre poudre d\u2019oxyde de mangan\u00e8se pr\u00e9sente les avantages d\u2019une taille de particule uniforme, d\u2019une faible teneur en impuret\u00e9s, d\u2019une stabilit\u00e9 chimique \u00e9lev\u00e9e et de bonnes performances dans les applications. Nous avons une \u00e9quipe professionnelle de recherche et de d\u00e9veloppement technologique, acceptons les personnalis\u00e9s et exp\u00e9rimentaux, si vous en avez besoin, veuillez <span style=\"color: #0000ff;\"><a style=\"color: #0000ff;\" href=\"https:\/\/vimaterial.de\/en\/contact-us\/\">nous contacter<\/a><\/span>.  <\/p>\n<h2><span style=\"font-size: 14pt;\">Propri\u00e9t\u00e9s physiques<\/span><\/h2>\n<p>Formule mol\u00e9culaire : MnO\u2082.<\/p>\n<p>Poids mol\u00e9culaire : environ 86,94<\/p>\n<p>Apparence : poudre amorphe noire ou cristaux rhombo\u00e9driques noirs<\/p>\n<p>Densit\u00e9 : 5,03 g\/cm\u00b3<\/p>\n<p>Point de fusion : 535\u00b0C<\/p>\n<p>Structure cristalline : le \u03b2-MnO\u2082 a la structure du rutile TiO\u2082, qui est une structure octa\u00e9drique, avec des atomes d\u2019oxyg\u00e8ne sur les sommets des coins de l\u2019octa\u00e8dre, des atomes de mangan\u00e8se dans les octa\u00e8dres et les octa\u00e8dres connect\u00e9s co-prismatiquement pour former des cha\u00eenes simples ou doubles, qui sont co-amorc\u00e9es avec les autres cha\u00eenes pour former la structure \u00e0 effet tunnel des vides.<\/p>\n<h2><span style=\"font-size: 14pt;\">Application<\/span><\/h2>\n<p>Champ de batterie&nbsp;: L\u2019oxyde de mangan\u00e8se est un mat\u00e9riau de cathode important pour les piles s\u00e8ches et les piles alcalines, il peut participer \u00e0 la r\u00e9action redox pendant le processus de d\u00e9charge de la batterie et fournir un lieu pour le transfert d\u2019\u00e9lectrons, afin de garantir la puissance de sortie de la batterie.<\/p>\n<p>Champ catalytique&nbsp;: Il est souvent utilis\u00e9 comme catalyseur dans les r\u00e9actions catalytiques chimiques, par exemple, dans la r\u00e9action de d\u00e9composition du peroxyde d\u2019hydrog\u00e8ne, il peut acc\u00e9l\u00e9rer la vitesse de r\u00e9action et r\u00e9duire l\u2019\u00e9nergie d\u2019activation requise pour la r\u00e9action, de sorte que la r\u00e9action peut \u00eatre effectu\u00e9e plus efficacement.<\/p>\n<p>Industrie du verre&nbsp;: Dans le processus de fabrication du verre, il est utilis\u00e9 pour ajuster la couleur du verre, en ajoutant la quantit\u00e9 appropri\u00e9e, il peut \u00e9liminer la teinte verte du verre et \u00e9galement augmenter la transparence et la brillance du verre.<\/p>\n<p>Domaine c\u00e9ramique&nbsp;: Il peut \u00eatre utilis\u00e9 comme pigment c\u00e9ramique et additif pour la fabrication de produits c\u00e9ramiques avec une couleur et des performances sp\u00e9ciales, et il peut \u00e9galement am\u00e9liorer les performances de frittage et la r\u00e9sistance m\u00e9canique de la c\u00e9ramique.<\/p>\n<p>Domaine de la protection de l\u2019environnement&nbsp;: il peut \u00eatre utilis\u00e9 pour traiter les ions de m\u00e9taux lourds et les polluants organiques dans les eaux us\u00e9es, il peut \u00e9liminer ou convertir les polluants en substances inoffensives par adsorption, r\u00e9duction de l\u2019oxydation et autres processus, et jouer un r\u00f4le dans la purification de la qualit\u00e9 de l\u2019eau.<\/p>\n<h2><span style=\"font-size: 14pt;\">Contr\u00f4le de la qualit\u00e9<\/span><\/h2>\n<p>Chaque lot de nos produits commence par une s\u00e9lection minutieuse des mati\u00e8res premi\u00e8res et passe par plusieurs processus avanc\u00e9s, avec un contr\u00f4le strict des param\u00e8tres et un suivi en temps r\u00e9el \u00e0 chaque \u00e9tape. L\u2019ensemble du processus de production suit le syst\u00e8me international de gestion de la qualit\u00e9, et l\u2019utilisation d\u2019\u00e9quipements d\u2019essai de haute pr\u00e9cision effectue des tests de pr\u00e9cision complets de la distribution granulom\u00e9trique, de la puret\u00e9, de la teneur en impuret\u00e9s et d\u2019autres indicateurs cl\u00e9s, sans \u00e9pargner les d\u00e9fauts mineurs, afin de garantir la qualit\u00e9 de chaque lot de produits. <\/p>\n<h2><span style=\"font-size: 14pt;\">Emballage et stockage<\/span><\/h2>\n<p>La poudre d\u2019oxyde de mangan\u00e8se est emball\u00e9e dans des sacs sous vide doubles ou des bouteilles et des cartons.<\/p>\n<p>La poudre d\u2019oxyde de mangan\u00e8se doit \u00eatre stock\u00e9e dans un endroit frais, sec et bien ventil\u00e9, \u00e0 l\u2019abri des substances inflammables et explosives, des substances r\u00e9ductrices et des acides, et le r\u00e9cipient doit \u00eatre bien scell\u00e9 pour \u00e9viter la d\u00e9t\u00e9rioration due \u00e0 l\u2019humidit\u00e9 et \u00e0 la r\u00e9action avec d\u2019autres substances.<\/p>\n","protected":false},"excerpt":{"rendered":"<p><span style=\"color: #0000ff;\"><a style=\"color: #0000ff;\" href=\"https:\/\/vimaterial.de\/en\/product\/manganese-oxide-6\/\">La poudre d\u2019oxyde de mangan\u00e8se<\/a><\/span> est une poudre inorganique noire ou noir-brun avec une bonne adsorption, une oxydation et une structure cristalline stable, qui est largement utilis\u00e9e dans la fabrication de batteries, la r\u00e9action catalytique, le traitement des eaux us\u00e9es et de nombreux autres domaines.<\/p>\n","protected":false},"featured_media":1001643,"comment_status":"open","ping_status":"closed","template":"","meta":{"_acf_changed":false},"product_brand":[],"product_cat":[243],"product_tag":[],"class_list":{"0":"post-1013581","1":"product","2":"type-product","3":"status-publish","4":"has-post-thumbnail","6":"product_cat-materiaux-oxydes-hydroxydes","8":"first","9":"instock","10":"shipping-taxable","11":"purchasable","12":"product-type-variable"},"acf":[],"_links":{"self":[{"href":"https:\/\/vimaterial.de\/fr\/wp-json\/wp\/v2\/product\/1013581","targetHints":{"allow":["GET"]}}],"collection":[{"href":"https:\/\/vimaterial.de\/fr\/wp-json\/wp\/v2\/product"}],"about":[{"href":"https:\/\/vimaterial.de\/fr\/wp-json\/wp\/v2\/types\/product"}],"replies":[{"embeddable":true,"href":"https:\/\/vimaterial.de\/fr\/wp-json\/wp\/v2\/comments?post=1013581"}],"wp:featuredmedia":[{"embeddable":true,"href":"https:\/\/vimaterial.de\/fr\/wp-json\/wp\/v2\/media\/1001643"}],"wp:attachment":[{"href":"https:\/\/vimaterial.de\/fr\/wp-json\/wp\/v2\/media?parent=1013581"}],"wp:term":[{"taxonomy":"product_brand","embeddable":true,"href":"https:\/\/vimaterial.de\/fr\/wp-json\/wp\/v2\/product_brand?post=1013581"},{"taxonomy":"product_cat","embeddable":true,"href":"https:\/\/vimaterial.de\/fr\/wp-json\/wp\/v2\/product_cat?post=1013581"},{"taxonomy":"product_tag","embeddable":true,"href":"https:\/\/vimaterial.de\/fr\/wp-json\/wp\/v2\/product_tag?post=1013581"}],"curies":[{"name":"wp","href":"https:\/\/api.w.org\/{rel}","templated":true}]}}