{"id":1013562,"date":"2024-06-17T14:39:05","date_gmt":"2024-06-17T06:39:05","guid":{"rendered":"https:\/\/vimaterial.de\/product\/tellurure-de-manganese\/"},"modified":"2025-04-17T10:38:40","modified_gmt":"2025-04-17T02:38:40","slug":"tellurure-de-manganese","status":"publish","type":"product","link":"https:\/\/vimaterial.de\/fr\/product\/tellurure-de-manganese\/","title":{"rendered":"Tellurure de mangan\u00e8se"},"content":{"rendered":"<p>Les granules de tellurure de mangan\u00e8se sont un compos\u00e9 granulaire compos\u00e9 de mangan\u00e8se et de tellure, qui peuvent \u00eatre d\u2019apparence noire ou grise, ont des propri\u00e9t\u00e9s semi-conductrices et ont des applications potentielles dans les mat\u00e9riaux thermo\u00e9lectriques, les appareils \u00e9lectroniques, etc., et doivent \u00eatre stock\u00e9s dans un environnement appropri\u00e9 pour \u00e9viter les modifications de ses propri\u00e9t\u00e9s.<\/p>\n<p>VIMATERIAL fournit des granul\u00e9s de tellurure de mangan\u00e8se, notre soci\u00e9t\u00e9 produit des granul\u00e9s de tellurure de mangan\u00e8se avec une puret\u00e9 \u00e9lev\u00e9e, une taille de particule uniforme et une bonne cristallinit\u00e9, nous avons une \u00e9quipe de recherche et d\u00e9veloppement technique professionnelle, nous acceptons tous les produits pour la personnalisation et l\u2019exp\u00e9rimentation, si vous avez besoin de contacter Veuillez nous contacter si vous en avez besoin.<\/p>\n<h2><span style=\"font-size: 14pt;\">Propri\u00e9t\u00e9s physiques<\/span><\/h2>\n<p>Formule mol\u00e9culaire : MnTe<\/p>\n<p>Poids mol\u00e9culaire : 182,54<\/p>\n<p>Apparence&nbsp;: g\u00e9n\u00e9ralement cristal noir<\/p>\n<p>Densit\u00e9&nbsp;: 6.000g\/cm\u00b3<\/p>\n<p>Point de fusion : environ 1150-1177\u00b0C<\/p>\n<p>Structure cristalline : Structure hexagonale NiAs, groupe d\u2019espace P63\/mmc, constantes du r\u00e9seau a = 412 pm, c = 670 pm.<\/p>\n<h2><span style=\"font-size: 14pt;\">Applications<\/span><\/h2>\n<p>Champ thermo\u00e9lectrique : Les granules de tellurure de mangan\u00e8se peuvent \u00eatre utilis\u00e9s pour fabriquer des composants cl\u00e9s de g\u00e9n\u00e9rateurs thermo\u00e9lectriques, en utilisant leurs propri\u00e9t\u00e9s de conversion thermo\u00e9lectrique pour convertir l\u2019\u00e9nergie thermique directement en \u00e9nergie \u00e9lectrique, fournissant une alimentation stable pour les petits appareils \u00e9lectroniques ou les capteurs dans les zones \u00e9loign\u00e9es.<\/p>\n<p>Mat\u00e9riaux \u00e9lectroniques : Les granules de tellurure de mangan\u00e8se peuvent \u00eatre utilis\u00e9s comme dopants ou composants dans des dispositifs semi-conducteurs pour moduler avec pr\u00e9cision les propri\u00e9t\u00e9s \u00e9lectriques du mat\u00e9riau, am\u00e9liorant ainsi les performances et la stabilit\u00e9 des composants \u00e9lectroniques tels que les transistors et les diodes, et r\u00e9pondant \u00e0 la demande de produits \u00e9lectroniques modernes de plus en plus miniaturis\u00e9s et performants.<\/p>\n<p>Applications magn\u00e9tiques : Gr\u00e2ce \u00e0 leurs propri\u00e9t\u00e9s magn\u00e9tiques uniques, les granul\u00e9s de tellurure de mangan\u00e8se sont utilis\u00e9s dans la fabrication de supports de stockage magn\u00e9tiques haute performance, tels que les disques durs et autres dispositifs de stockage, afin d\u2019augmenter consid\u00e9rablement la densit\u00e9 de stockage des donn\u00e9es et la vitesse de lecture\/\u00e9criture, et de promouvoir le d\u00e9veloppement de la technologie de stockage de l\u2019information.<\/p>\n<p>Champ optique&nbsp;: Les granules de tellurure de mangan\u00e8se sp\u00e9cialement trait\u00e9s peuvent \u00eatre utilis\u00e9s comme additifs pour les mat\u00e9riaux optiques, utilis\u00e9s dans la fabrication de dispositifs optiques infrarouges, am\u00e9liorant efficacement la transmittance et la sensibilit\u00e9 des composants optiques dans la bande infrarouge, jouant un r\u00f4le cl\u00e9 dans la d\u00e9tection infrarouge, l\u2019imagerie thermique et d\u2019autres domaines, \u00e9largissant le champ d\u2019application des \u00e9quipements optiques.<\/p>\n<h2><span style=\"font-size: 14pt;\">Contr\u00f4le de la qualit\u00e9<\/span><\/h2>\n<p>Un syst\u00e8me strict d\u2019assurance qualit\u00e9 est adopt\u00e9 pour chaque lot afin de garantir la fiabilit\u00e9 de la qualit\u00e9 du produit. Un contr\u00f4le qualit\u00e9 strict est mis en place tout au long de la cha\u00eene de production, et nous appliquons strictement le principe de retravailler et de refaire les produits d\u00e9fectueux. Nos produits r\u00e9pondent \u00e0 toutes les normes ASTM et sp\u00e9cifiques \u00e0 l\u2019industrie.  <\/p>\n<h2><span style=\"font-size: 14pt;\">Emballage et stockage<\/span><\/h2>\n<p>Les granul\u00e9s de tellurure de mangan\u00e8se sont emball\u00e9s dans des bouteilles \u00e0 vide double, dans des sacs sous vide ext\u00e9rieurs, puis dans des cartons.<\/p>\n<p>Les granules de tellurure de mangan\u00e8se doivent \u00eatre stock\u00e9s dans un environnement sec, frais et herm\u00e9tique, \u00e0 l\u2019abri de l\u2019humidit\u00e9 et de l\u2019oxydation, et \u00e0 l\u2019abri des acides, des alcalis et d\u2019autres produits chimiques pour \u00e9viter les modifications de leur structure chimique et de leurs propri\u00e9t\u00e9s.<\/p>\n","protected":false},"excerpt":{"rendered":"<p>Les granules de tellurure de mangan\u00e8se sont un compos\u00e9 granulaire compos\u00e9 de mangan\u00e8se et de tellure, qui peuvent \u00eatre d\u2019apparence noire ou grise, ont des propri\u00e9t\u00e9s semi-conductrices et ont des applications potentielles dans les mat\u00e9riaux thermo\u00e9lectriques, les appareils \u00e9lectroniques, etc., et doivent \u00eatre stock\u00e9s dans un environnement appropri\u00e9 pour \u00e9viter les modifications de ses propri\u00e9t\u00e9s.<\/p>\n","protected":false},"featured_media":1001670,"comment_status":"open","ping_status":"closed","template":"","meta":{"_acf_changed":false},"product_brand":[],"product_cat":[236],"product_tag":[],"class_list":{"0":"post-1013562","1":"product","2":"type-product","3":"status-publish","4":"has-post-thumbnail","6":"product_cat-materiaux-devaporation","8":"first","9":"instock","10":"shipping-taxable","11":"product-type-variable"},"acf":[],"_links":{"self":[{"href":"https:\/\/vimaterial.de\/fr\/wp-json\/wp\/v2\/product\/1013562","targetHints":{"allow":["GET"]}}],"collection":[{"href":"https:\/\/vimaterial.de\/fr\/wp-json\/wp\/v2\/product"}],"about":[{"href":"https:\/\/vimaterial.de\/fr\/wp-json\/wp\/v2\/types\/product"}],"replies":[{"embeddable":true,"href":"https:\/\/vimaterial.de\/fr\/wp-json\/wp\/v2\/comments?post=1013562"}],"wp:featuredmedia":[{"embeddable":true,"href":"https:\/\/vimaterial.de\/fr\/wp-json\/wp\/v2\/media\/1001670"}],"wp:attachment":[{"href":"https:\/\/vimaterial.de\/fr\/wp-json\/wp\/v2\/media?parent=1013562"}],"wp:term":[{"taxonomy":"product_brand","embeddable":true,"href":"https:\/\/vimaterial.de\/fr\/wp-json\/wp\/v2\/product_brand?post=1013562"},{"taxonomy":"product_cat","embeddable":true,"href":"https:\/\/vimaterial.de\/fr\/wp-json\/wp\/v2\/product_cat?post=1013562"},{"taxonomy":"product_tag","embeddable":true,"href":"https:\/\/vimaterial.de\/fr\/wp-json\/wp\/v2\/product_tag?post=1013562"}],"curies":[{"name":"wp","href":"https:\/\/api.w.org\/{rel}","templated":true}]}}