{"id":1013543,"date":"2024-06-17T14:39:08","date_gmt":"2024-06-17T06:39:08","guid":{"rendered":"https:\/\/vimaterial.de\/product\/titanate-de-manganese\/"},"modified":"2025-04-17T10:37:10","modified_gmt":"2025-04-17T02:37:10","slug":"titanate-de-manganese","status":"publish","type":"product","link":"https:\/\/vimaterial.de\/fr\/product\/titanate-de-manganese\/","title":{"rendered":"Titanate de mangan\u00e8se"},"content":{"rendered":"<p>Les poudres de titanate de mangan\u00e8se sont une substance poudreuse fine compos\u00e9e d\u2019un compos\u00e9 de mangan\u00e8se et de titane, qui peut avoir des propri\u00e9t\u00e9s physiques et chimiques particuli\u00e8res avec des applications potentielles dans l\u2019\u00e9lectronique, la c\u00e9ramique, la catalyse et de nombreux autres domaines.<\/p>\n<p>VIMATERIAl propose des poudres de Titanate de Mangan\u00e8se. Nos poudres de titanate de mangan\u00e8se pr\u00e9sentent les avantages d\u2019une taille de particule uniforme, d\u2019une faible teneur en impuret\u00e9s, d\u2019une stabilit\u00e9 chimique \u00e9lev\u00e9e et de bonnes performances dans les applications. Nous avons une \u00e9quipe professionnelle de recherche et de d\u00e9veloppement technologique, acceptons les personnalis\u00e9s et exp\u00e9rimentaux, si vous en avez besoin, veuillez <span style=\"color: #0000ff;\"><a style=\"color: #0000ff;\" href=\"https:\/\/vimaterial.de\/en\/contact-us\/\">nous contacter<\/a><\/span>.  <\/p>\n<h2><span style=\"font-size: 14pt;\">Propri\u00e9t\u00e9s physiques<\/span><\/h2>\n<p>Formule mol\u00e9culaire : MnTiO3<\/p>\n<p>Poids mol\u00e9culaire : environ 150.802<\/p>\n<p>Aspect : g\u00e9n\u00e9ralement jaune<\/p>\n<p>Densit\u00e9 : 3,85 g\/mL<\/p>\n<p>Point de fusion : 1360\u00b0C<\/p>\n<p>Structure cristalline : Le titanate de mangan\u00e8se peut avoir une vari\u00e9t\u00e9 de formes de structure cristalline, g\u00e9n\u00e9ralement associ\u00e9es \u00e0 la structure de la calcite. Du point de vue de la structure du chalcog\u00e9nure g\u00e9n\u00e9ralis\u00e9, il est conforme \u00e0 une structure de type ABO\u2083, dans laquelle le site A peut \u00eatre un ion mangan\u00e8se, etc., le site B est un ion titane, et les ions oxyg\u00e8ne sont situ\u00e9s dans les positions de r\u00e9seau correspondantes, formant une disposition spatiale sp\u00e9cifique. <\/p>\n<h2><span style=\"font-size: 14pt;\">Application<\/span><\/h2>\n<p>\u00c9lectronique : Les poudres de titanate de mangan\u00e8se sont utilis\u00e9es dans la pr\u00e9paration de composants \u00e9lectroniques, tels que les condensateurs, pour am\u00e9liorer le stockage d\u2019\u00e9nergie et la stabilit\u00e9 des condensateurs en raison de leurs propri\u00e9t\u00e9s \u00e9lectriques particuli\u00e8res.<\/p>\n<p>C\u00e9ramique : L\u2019ajout de poudres de titanate de mangan\u00e8se aux mat\u00e9riaux c\u00e9ramiques am\u00e9liore la duret\u00e9, la t\u00e9nacit\u00e9 et la stabilit\u00e9 thermique des c\u00e9ramiques pour la fabrication d\u2019outils en c\u00e9ramique haute performance et de composants c\u00e9ramiques r\u00e9sistants \u00e0 la chaleur.<\/p>\n<p>Catalyseurs : En tant que catalyseurs, les poudres de titanate de mangan\u00e8se peuvent \u00eatre utilis\u00e9es dans un large \u00e9ventail de r\u00e9actions chimiques, par exemple dans le traitement des gaz r\u00e9siduaires organiques pour aider \u00e0 d\u00e9composer les compos\u00e9s organiques dangereux et am\u00e9liorer l\u2019efficacit\u00e9 de la r\u00e9action.<\/p>\n<p>Mat\u00e9riaux magn\u00e9tiques : Les poudres de titanate de mangan\u00e8se peuvent \u00eatre utilis\u00e9es pour pr\u00e9parer des mat\u00e9riaux magn\u00e9tiques pour la fabrication de dispositifs tels que des capteurs magn\u00e9tiques miniaturis\u00e9s, en tirant parti de leurs propri\u00e9t\u00e9s potentielles li\u00e9es au magn\u00e9tisme.<\/p>\n<p>Optique : Les poudres de titanate de mangan\u00e8se peuvent \u00eatre utilis\u00e9es dans la pr\u00e9paration de mat\u00e9riaux optiques, o\u00f9 la composition et la structure peuvent \u00eatre ajust\u00e9es pour r\u00e9guler l\u2019absorption de la lumi\u00e8re, la r\u00e9fraction et d\u2019autres propri\u00e9t\u00e9s pour la fabrication de lentilles optiques sp\u00e9cialis\u00e9es.<\/p>\n<h2><span style=\"font-size: 14pt;\">Contr\u00f4le de la qualit\u00e9<\/span><\/h2>\n<p><span style=\"color: #0000ff;\"><a style=\"color: #0000ff;\" href=\"https:\/\/vimaterial.de\/en\/quality-control\/\">Chaque lot<\/a><\/span> de nos produits commence par une s\u00e9lection minutieuse des mati\u00e8res premi\u00e8res et passe par plusieurs processus avanc\u00e9s, avec un contr\u00f4le strict des param\u00e8tres et un suivi en temps r\u00e9el \u00e0 chaque \u00e9tape. L\u2019ensemble du processus de production suit le syst\u00e8me international de gestion de la qualit\u00e9, et l\u2019utilisation d\u2019\u00e9quipements d\u2019essai de haute pr\u00e9cision effectue des tests de pr\u00e9cision complets de la distribution granulom\u00e9trique, de la puret\u00e9, de la teneur en impuret\u00e9s et d\u2019autres indicateurs cl\u00e9s, sans \u00e9pargner les d\u00e9fauts mineurs, afin de garantir la qualit\u00e9 de chaque lot de produits. <\/p>\n<h2><span style=\"font-size: 14pt;\">Emballage et stockage<\/span><\/h2>\n<p>La poudre de titanate de mangan\u00e8se est emball\u00e9e dans des sacs sous vide doubles ou dans des bouteilles et des cartons.<\/p>\n<p>La poudre de titanate de mangan\u00e8se doit \u00eatre stock\u00e9e dans un environnement sec, frais et bien ventil\u00e9, \u00e0 l\u2019abri du feu, de la chaleur, de l\u2019eau et des agents oxydants puissants, des acides, des alcalis et d\u2019autres substances chimiques, et doit \u00eatre scell\u00e9e pour l\u2019emp\u00eacher de l\u2019humidit\u00e9, de l\u2019oxydation et d\u2019autres contaminants.<\/p>\n","protected":false},"excerpt":{"rendered":"<p>Les poudres de titanate de mangan\u00e8se sont une substance poudreuse fine compos\u00e9e d\u2019un compos\u00e9 de mangan\u00e8se et de titane, qui peut avoir des propri\u00e9t\u00e9s physiques et chimiques particuli\u00e8res avec des applications potentielles dans l\u2019\u00e9lectronique, la c\u00e9ramique, la catalyse et de nombreux autres domaines.<\/p>\n","protected":false},"featured_media":1001678,"comment_status":"open","ping_status":"closed","template":"","meta":{"_acf_changed":false},"product_brand":[],"product_cat":[244],"product_tag":[],"class_list":{"0":"post-1013543","1":"product","2":"type-product","3":"status-publish","4":"has-post-thumbnail","6":"product_cat-autres-materiaux","8":"first","9":"instock","10":"shipping-taxable","11":"purchasable","12":"product-type-variable"},"acf":[],"_links":{"self":[{"href":"https:\/\/vimaterial.de\/fr\/wp-json\/wp\/v2\/product\/1013543","targetHints":{"allow":["GET"]}}],"collection":[{"href":"https:\/\/vimaterial.de\/fr\/wp-json\/wp\/v2\/product"}],"about":[{"href":"https:\/\/vimaterial.de\/fr\/wp-json\/wp\/v2\/types\/product"}],"replies":[{"embeddable":true,"href":"https:\/\/vimaterial.de\/fr\/wp-json\/wp\/v2\/comments?post=1013543"}],"wp:featuredmedia":[{"embeddable":true,"href":"https:\/\/vimaterial.de\/fr\/wp-json\/wp\/v2\/media\/1001678"}],"wp:attachment":[{"href":"https:\/\/vimaterial.de\/fr\/wp-json\/wp\/v2\/media?parent=1013543"}],"wp:term":[{"taxonomy":"product_brand","embeddable":true,"href":"https:\/\/vimaterial.de\/fr\/wp-json\/wp\/v2\/product_brand?post=1013543"},{"taxonomy":"product_cat","embeddable":true,"href":"https:\/\/vimaterial.de\/fr\/wp-json\/wp\/v2\/product_cat?post=1013543"},{"taxonomy":"product_tag","embeddable":true,"href":"https:\/\/vimaterial.de\/fr\/wp-json\/wp\/v2\/product_tag?post=1013543"}],"curies":[{"name":"wp","href":"https:\/\/api.w.org\/{rel}","templated":true}]}}