{"id":1013525,"date":"2024-06-17T14:39:15","date_gmt":"2024-06-17T06:39:15","guid":{"rendered":"https:\/\/vimaterial.de\/product\/metal-ferreux-6\/"},"modified":"2025-04-17T10:33:37","modified_gmt":"2025-04-17T02:33:37","slug":"metal-ferreux-6","status":"publish","type":"product","link":"https:\/\/vimaterial.de\/fr\/product\/metal-ferreux-6\/","title":{"rendered":"Fer m\u00e9tal"},"content":{"rendered":"<p>La feuille de fer m\u00e9tallique est un produit de fer extr\u00eamement mince sous forme de feuille avec une bonne flexibilit\u00e9, une bonne conductivit\u00e9 \u00e9lectrique et thermique, qui peut \u00eatre utilis\u00e9 dans l\u2019emballage, le blindage \u00e9lectromagn\u00e9tique, la d\u00e9coration et de nombreux autres domaines.<\/p>\n<p>VIMATERIAL fournit de nombreux types de feuilles de fer m\u00e9talliques, notre soci\u00e9t\u00e9 produit des feuilles de fer m\u00e9talliques de haute puret\u00e9, de bonne flexibilit\u00e9 et de caract\u00e9ristiques de surface de produit lisses, nous avons une \u00e9quipe de recherche et de d\u00e9veloppement technique professionnelle, acceptons tous les produits personnalis\u00e9s et exp\u00e9rimentaux, si vous avez besoin <span style=\"color: #0000ff;\"><a style=\"color: #0000ff;\" href=\"https:\/\/vimaterial.de\/en\/contact-us\/\">de nous contacter<\/a><\/span>.<\/p>\n<h2><span style=\"font-size: 14pt;\">Propri\u00e9t\u00e9s physiques<\/span><\/h2>\n<p>Formule mol\u00e9culaire : Fe<\/p>\n<p>Poids mol\u00e9culaire : 55.845<\/p>\n<p>Aspect : g\u00e9n\u00e9ralement gris argent\u00e9 avec un \u00e9clat m\u00e9tallique \u00e0 la surface, texture dure et bonne flexibilit\u00e9.<\/p>\n<p>Densit\u00e9 : 7,86 g\/cm\u00b3<\/p>\n<p>Point de fusion : 1535\u00b0C<\/p>\n<p>Point d\u2019\u00e9bullition : environ 2800\u00b0C<\/p>\n<p>Structure cristalline : R\u00e9seau cubique centr\u00e9 sur le corps \u00e0 temp\u00e9rature ambiante.<\/p>\n<h2><span style=\"font-size: 14pt;\">Applications<\/span><\/h2>\n<p>Domaine de l\u2019emballage&nbsp;: La feuille de fer m\u00e9tallique peut \u00eatre utilis\u00e9e dans l\u2019emballage de denr\u00e9es alimentaires, de m\u00e9dicaments et d\u2019autres produits, ce qui peut fournir de bonnes performances de barri\u00e8re, emp\u00eacher l\u2019\u00e9rosion de l\u2019oxyg\u00e8ne, de la vapeur d\u2019eau et d\u2019autres produits, et prolonger la dur\u00e9e de conservation des produits.<\/p>\n<p>Domaine \u00e9lectronique&nbsp;: dans les composants \u00e9lectroniques, la feuille de fer m\u00e9tallique peut \u00eatre utilis\u00e9e comme mat\u00e9riau de blindage \u00e9lectromagn\u00e9tique, gr\u00e2ce \u00e0 l\u2019absorption et \u00e0 la r\u00e9flexion du rayonnement \u00e9lectromagn\u00e9tique, emp\u00eachant efficacement les \u00e9quipements \u00e9lectroniques des interf\u00e9rences \u00e9lectromagn\u00e9tiques externes, pour assurer le fonctionnement normal des \u00e9quipements \u00e9lectroniques.<\/p>\n<p>Champ \u00e9nerg\u00e9tique&nbsp;: Dans la fabrication de batteries, la feuille de fer m\u00e9tallique peut \u00eatre utilis\u00e9e comme substrat des mat\u00e9riaux d\u2019\u00e9lectrode, en raison de sa bonne conductivit\u00e9 \u00e9lectrique, pour fournir des canaux de conduction \u00e9lectronique pour la r\u00e9action de l\u2019\u00e9lectrode de la batterie, afin d\u2019am\u00e9liorer les performances de la batterie.<\/p>\n<p>Industrie chimique&nbsp;: En tant que support pour les catalyseurs, la feuille de fer m\u00e9tallique peut fournir une grande surface sp\u00e9cifique, de sorte que le catalyseur peut \u00eatre mieux dispers\u00e9 \u00e0 sa surface, am\u00e9liorant ainsi efficacement l\u2019efficacit\u00e9 de la r\u00e9action catalytique.<\/p>\n<h2><span style=\"font-size: 14pt;\">Contr\u00f4le de la qualit\u00e9<\/span><\/h2>\n<p><span style=\"color: #0000ff;\"><a style=\"color: #0000ff;\" href=\"https:\/\/vimaterial.de\/en\/quality-control\/\">Un syst\u00e8me strict d\u2019assurance qualit\u00e9<\/a><\/span> est adopt\u00e9 pour chaque lot afin de garantir la fiabilit\u00e9 de la qualit\u00e9 du produit. Un contr\u00f4le qualit\u00e9 strict est mis en place tout au long de la cha\u00eene de production, et nous appliquons strictement le principe de retravailler et de refaire les produits d\u00e9fectueux. Nos produits r\u00e9pondent \u00e0 toutes les normes ASTM et sp\u00e9cifiques \u00e0 l\u2019industrie.  <\/p>\n<h2><span style=\"font-size: 14pt;\">Emballage et stockage<\/span><\/h2>\n<p>Les feuilles de fer et de m\u00e9tal sont emball\u00e9es dans des bo\u00eetes \u00e0 double couche, emball\u00e9es sous vide \u00e0 l\u2019ext\u00e9rieur et emball\u00e9es dans des cartons.<\/p>\n<p>Les feuilles de fer doivent \u00eatre stock\u00e9es dans un environnement sec et bien ventil\u00e9, en \u00e9vitant tout contact avec l\u2019eau, les acides et les alcalis forts et autres substances corrosives, ainsi qu\u2019\u00e0 l\u2019abri des temp\u00e9ratures \u00e9lev\u00e9es et des sources d\u2019inflammation pour pr\u00e9venir les risques d\u2019oxydation et d\u2019incendie.<\/p>\n","protected":false},"excerpt":{"rendered":"<p>La feuille de fer m\u00e9tallique est un produit de fer extr\u00eamement mince sous forme de feuille avec une bonne flexibilit\u00e9, une bonne conductivit\u00e9 \u00e9lectrique et thermique, qui peut \u00eatre utilis\u00e9 dans l\u2019emballage, le blindage \u00e9lectromagn\u00e9tique, la d\u00e9coration et de nombreux autres domaines.<\/p>\n","protected":false},"featured_media":1001693,"comment_status":"open","ping_status":"closed","template":"","meta":{"_acf_changed":false},"product_brand":[],"product_cat":[245],"product_tag":[],"class_list":{"0":"post-1013525","1":"product","2":"type-product","3":"status-publish","4":"has-post-thumbnail","6":"product_cat-profil-fr","8":"first","9":"instock","10":"shipping-taxable","11":"purchasable","12":"product-type-variable"},"acf":[],"_links":{"self":[{"href":"https:\/\/vimaterial.de\/fr\/wp-json\/wp\/v2\/product\/1013525","targetHints":{"allow":["GET"]}}],"collection":[{"href":"https:\/\/vimaterial.de\/fr\/wp-json\/wp\/v2\/product"}],"about":[{"href":"https:\/\/vimaterial.de\/fr\/wp-json\/wp\/v2\/types\/product"}],"replies":[{"embeddable":true,"href":"https:\/\/vimaterial.de\/fr\/wp-json\/wp\/v2\/comments?post=1013525"}],"wp:featuredmedia":[{"embeddable":true,"href":"https:\/\/vimaterial.de\/fr\/wp-json\/wp\/v2\/media\/1001693"}],"wp:attachment":[{"href":"https:\/\/vimaterial.de\/fr\/wp-json\/wp\/v2\/media?parent=1013525"}],"wp:term":[{"taxonomy":"product_brand","embeddable":true,"href":"https:\/\/vimaterial.de\/fr\/wp-json\/wp\/v2\/product_brand?post=1013525"},{"taxonomy":"product_cat","embeddable":true,"href":"https:\/\/vimaterial.de\/fr\/wp-json\/wp\/v2\/product_cat?post=1013525"},{"taxonomy":"product_tag","embeddable":true,"href":"https:\/\/vimaterial.de\/fr\/wp-json\/wp\/v2\/product_tag?post=1013525"}],"curies":[{"name":"wp","href":"https:\/\/api.w.org\/{rel}","templated":true}]}}