{"id":1013515,"date":"2024-06-17T14:39:12","date_gmt":"2024-06-17T06:39:12","guid":{"rendered":"https:\/\/vimaterial.de\/product\/tungstate-de-manganese\/"},"modified":"2025-04-17T10:35:32","modified_gmt":"2025-04-17T02:35:32","slug":"tungstate-de-manganese","status":"publish","type":"product","link":"https:\/\/vimaterial.de\/fr\/product\/tungstate-de-manganese\/","title":{"rendered":"Mangan\u00e8se Tungstate"},"content":{"rendered":"<p>La poudre de mangan\u00e8se et de tungst\u00e8ne est une poudre compos\u00e9e de mangan\u00e8se et de tungst\u00e8ne, g\u00e9n\u00e9ralement d\u2019apparence jaune clair ou blanc gris\u00e2tre, insoluble dans l\u2019eau, avec des propri\u00e9t\u00e9s chimiques stables \u00e0 haute densit\u00e9, joue un r\u00f4le dans l\u2019optique, l\u2019\u00e9lectronique, la catalyse et d\u2019autres domaines, peut \u00eatre utilis\u00e9e dans la fabrication de mat\u00e9riaux optiques, de composants \u00e9lectroniques et de catalyseurs, etc.<\/p>\n<p>VIMATERIAl propose de la poudre de mangan\u00e8se et de tungstate. Notre poudre de mangan\u00e8se et de tungstate pr\u00e9sente les avantages d\u2019une taille de particule uniforme, d\u2019une faible teneur en impuret\u00e9s, d\u2019une stabilit\u00e9 chimique \u00e9lev\u00e9e et de bonnes performances dans les applications. Nous avons une \u00e9quipe professionnelle de recherche et de d\u00e9veloppement technologique, acceptons les personnalis\u00e9s et exp\u00e9rimentaux, si vous en avez besoin, veuillez <span style=\"color: #0000ff;\"><a style=\"color: #0000ff;\" href=\"https:\/\/vimaterial.de\/en\/contact-us\/\">nous contacter.<\/a><\/span>  <\/p>\n<h2><span style=\"font-size: 14pt;\">Propri\u00e9t\u00e9s physiques<\/span><\/h2>\n<p>Formule mol\u00e9culaire : MnWO\u2084<\/p>\n<p>Poids mol\u00e9culaire : 302,78<\/p>\n<p>Aspect : poudre g\u00e9n\u00e9ralement jaune clair ou blanc cass\u00e9<\/p>\n<p>Densit\u00e9 : environ 7,2 &#8211; 7,324 g\/cm\u00b3.<\/p>\n<p>Structure cristalline : son sel anhydre est g\u00e9n\u00e9ralement un syst\u00e8me cristallin rhombo\u00e9drique, l\u2019hydrate a une structure cristalline diff\u00e9rente, comme le dihydrate est une poudre blanc gris\u00e2tre obtenue en ajoutant du tungstate de sodium \u00e0 une solution de sel de mangan\u00e8se et pr\u00e9cipit\u00e9e, elle deviendra anhydre lorsqu\u2019elle sera chauff\u00e9e.<\/p>\n<h2><span style=\"font-size: 14pt;\">Application<\/span><\/h2>\n<p>Domaine de la m\u00e9tallurgie : utilis\u00e9 dans la fabrication d\u2019alliages, qui peuvent am\u00e9liorer la r\u00e9sistance et la r\u00e9sistance \u00e0 l\u2019usure des m\u00e9taux.<\/p>\n<p>Domaine \u00e9lectronique&nbsp;: Il peut \u00eatre utilis\u00e9 dans la fabrication de dispositifs opto\u00e9lectroniques, d\u2019\u00e9lectrodes de batterie, etc. Il est \u00e9galement utilis\u00e9 dans certains composants \u00e9lectroniques qui n\u00e9cessitent une conductivit\u00e9 \u00e9lev\u00e9e en raison de sa bonne conductivit\u00e9 \u00e0 haute temp\u00e9rature. <\/p>\n<p>Champ chimique : utilis\u00e9 comme catalyseur \u00e9lectrochimique pour catalyser la r\u00e9action d\u2019oxydation.<\/p>\n<p>Domaine d\u2019exp\u00e9rimentation et d\u2019analyse chimiques : utilis\u00e9 comme r\u00e9actif pour l\u2019exp\u00e9rimentation chimique et la chimie d\u2019analyse.<\/p>\n<h2><span style=\"font-size: 14pt;\">Contr\u00f4le de la qualit\u00e9<\/span><\/h2>\n<p><span style=\"color: #0000ff;\"><a style=\"color: #0000ff;\" href=\"https:\/\/vimaterial.de\/en\/quality-control\/\">Chaque lot<\/a><\/span> de nos produits commence par une s\u00e9lection minutieuse des mati\u00e8res premi\u00e8res et passe par plusieurs processus avanc\u00e9s, avec un contr\u00f4le strict des param\u00e8tres et un suivi en temps r\u00e9el \u00e0 chaque \u00e9tape. L\u2019ensemble du processus de production suit le syst\u00e8me international de gestion de la qualit\u00e9, et l\u2019utilisation d\u2019\u00e9quipements d\u2019essai de haute pr\u00e9cision effectue des tests de pr\u00e9cision complets de la distribution granulom\u00e9trique, de la puret\u00e9, de la teneur en impuret\u00e9s et d\u2019autres indicateurs cl\u00e9s, sans \u00e9pargner les d\u00e9fauts mineurs, afin de garantir la qualit\u00e9 de chaque lot de produits. <\/p>\n<h2><span style=\"font-size: 14pt;\">Emballage et stockage<\/span><\/h2>\n<p>La poudre de mangan\u00e8se et de tungstate est emball\u00e9e dans des sacs sous vide doubles ou dans des bouteilles et des cartons.<\/p>\n<p>La poudre de mangan\u00e8se tungstate doit \u00eatre stock\u00e9e dans un environnement sec, frais et bien ventil\u00e9, scell\u00e9e et conserv\u00e9e dans un endroit scell\u00e9, en \u00e9vitant le contact avec des substances corrosives fortes telles que les acides et les alcalis, et en pr\u00e9venant l\u2019humidit\u00e9 et la contamination, afin de garantir la stabilit\u00e9 de ses propri\u00e9t\u00e9s chimiques.<\/p>\n","protected":false},"excerpt":{"rendered":"<p>La poudre de mangan\u00e8se et de tungst\u00e8ne est une poudre compos\u00e9e de mangan\u00e8se et de tungst\u00e8ne, g\u00e9n\u00e9ralement d\u2019apparence jaune clair ou blanc gris\u00e2tre, insoluble dans l\u2019eau, avec des propri\u00e9t\u00e9s chimiques stables \u00e0 haute densit\u00e9, joue un r\u00f4le dans l\u2019optique, l\u2019\u00e9lectronique, la catalyse et d\u2019autres domaines, peut \u00eatre utilis\u00e9e dans la fabrication de mat\u00e9riaux optiques, de composants \u00e9lectroniques et de catalyseurs, etc.<\/p>\n","protected":false},"featured_media":1001686,"comment_status":"open","ping_status":"closed","template":"","meta":{"_acf_changed":false},"product_brand":[],"product_cat":[244],"product_tag":[],"class_list":{"0":"post-1013515","1":"product","2":"type-product","3":"status-publish","4":"has-post-thumbnail","6":"product_cat-autres-materiaux","8":"first","9":"instock","10":"shipping-taxable","11":"purchasable","12":"product-type-variable"},"acf":[],"_links":{"self":[{"href":"https:\/\/vimaterial.de\/fr\/wp-json\/wp\/v2\/product\/1013515","targetHints":{"allow":["GET"]}}],"collection":[{"href":"https:\/\/vimaterial.de\/fr\/wp-json\/wp\/v2\/product"}],"about":[{"href":"https:\/\/vimaterial.de\/fr\/wp-json\/wp\/v2\/types\/product"}],"replies":[{"embeddable":true,"href":"https:\/\/vimaterial.de\/fr\/wp-json\/wp\/v2\/comments?post=1013515"}],"wp:featuredmedia":[{"embeddable":true,"href":"https:\/\/vimaterial.de\/fr\/wp-json\/wp\/v2\/media\/1001686"}],"wp:attachment":[{"href":"https:\/\/vimaterial.de\/fr\/wp-json\/wp\/v2\/media?parent=1013515"}],"wp:term":[{"taxonomy":"product_brand","embeddable":true,"href":"https:\/\/vimaterial.de\/fr\/wp-json\/wp\/v2\/product_brand?post=1013515"},{"taxonomy":"product_cat","embeddable":true,"href":"https:\/\/vimaterial.de\/fr\/wp-json\/wp\/v2\/product_cat?post=1013515"},{"taxonomy":"product_tag","embeddable":true,"href":"https:\/\/vimaterial.de\/fr\/wp-json\/wp\/v2\/product_tag?post=1013515"}],"curies":[{"name":"wp","href":"https:\/\/api.w.org\/{rel}","templated":true}]}}