{"id":1013503,"date":"2024-06-17T14:39:41","date_gmt":"2024-06-17T06:39:41","guid":{"rendered":"https:\/\/vimaterial.de\/product\/metal-ferreux-5\/"},"modified":"2025-04-17T10:29:58","modified_gmt":"2025-04-17T02:29:58","slug":"metal-ferreux-5","status":"publish","type":"product","link":"https:\/\/vimaterial.de\/fr\/product\/metal-ferreux-5\/","title":{"rendered":"Fer m\u00e9tal"},"content":{"rendered":"<p>Les granules de fer m\u00e9tallique sont de minuscules particules compos\u00e9es de fer en tant que m\u00e9tal, g\u00e9n\u00e9ralement solide, avec un \u00e9clat m\u00e9tallique, une bonne conductivit\u00e9 \u00e9lectrique, une conductivit\u00e9 thermique et, dans certaines conditions, peuvent avoir une r\u00e9action chimique avec l\u2019oxyg\u00e8ne, l\u2019eau et d\u2019autres substances, comme dans un environnement humide sujet \u00e0 la rouille, peuvent \u00eatre utilis\u00e9s dans la production de fer et d\u2019acier pour fabriquer une vari\u00e9t\u00e9 de mat\u00e9riaux structurels,  pi\u00e8ces m\u00e9caniques, dans la production de mat\u00e9riaux magn\u00e9tiques, de catalyseurs, il est \u00e9galement utilis\u00e9 dans les mat\u00e9riaux magn\u00e9tiques, les catalyseurs, la m\u00e9tallurgie des poudres et comme compl\u00e9ment nutritionnel dans les industries alimentaires et autres.<\/p>\n<p>VIMATERIAL fournit des granul\u00e9s de fer m\u00e9tallique, notre soci\u00e9t\u00e9 produit des granul\u00e9s de fer m\u00e9tal de haute puret\u00e9, une taille de particule uniforme et une faible teneur en impuret\u00e9s, nous avons une \u00e9quipe de recherche et d\u00e9veloppement technique professionnelle, nous acceptons tous les produits personnalis\u00e9s et exp\u00e9rimentaux, si vous avez besoin de <span style=\"color: #0000ff;\"><a style=\"color: #0000ff;\" href=\"https:\/\/vimaterial.de\/en\/contact-us\/\">nous contacter.<\/a><\/span><\/p>\n<h2><span style=\"font-size: 14pt;\">Propri\u00e9t\u00e9s physiques<\/span><\/h2>\n<p>Formule mol\u00e9culaire : Fe<\/p>\n<p>Poids mol\u00e9culaire : 55,85<\/p>\n<p>Apparence&nbsp;: G\u00e9n\u00e9ralement gris \u00e0 grains fins amorphes ou poudre, gris \u00e0 gris-noir, avec un tr\u00e8s l\u00e9ger \u00e9clat.<\/p>\n<p>Densit\u00e9 : 7,86 g\/mL \u00e0 25\u00b0C<\/p>\n<p>Point de fusion : 1535\u00b0C<\/p>\n<p>Point d\u2019\u00e9bullition : 2750\u00b0C<\/p>\n<p>Structure cristalline : Diff\u00e9rentes structures cristallines \u00e0 diff\u00e9rentes temp\u00e9ratures, \u00e0 temp\u00e9rature ambiante jusqu\u2019\u00e0 911\u00b0C est une structure cubique centr\u00e9e sur le corps (\u03b1-Fe) ; de 911 \u00b0C \u00e0 1394 \u00b0C, il passe \u00e0 une structure cubique centr\u00e9e sur la face (\u03b3-Fe)&nbsp;; \u00e0 1394\u00b0C jusqu\u2019au point de fusion est une structure cubique centr\u00e9e sur le corps (\u03b4-Fe).<\/p>\n<h2><span style=\"font-size: 14pt;\">Applications<\/span><\/h2>\n<p>Construction : Les granul\u00e9s de fer m\u00e9tallique sont utilis\u00e9s dans la production d\u2019acier pour la construction, ce qui am\u00e9liore la r\u00e9sistance et la stabilit\u00e9 des structures de b\u00e2timent et constitue une mati\u00e8re premi\u00e8re cl\u00e9 dans la fabrication de grands b\u00e2timents tels que les gratte-ciel et les ponts.<\/p>\n<p>Machines&nbsp;: En tant que mat\u00e9riau de base pour les pi\u00e8ces m\u00e9caniques, les particules de fer m\u00e9tal peuvent \u00eatre trait\u00e9es pour fabriquer une vari\u00e9t\u00e9 de pi\u00e8ces m\u00e9caniques de haute pr\u00e9cision, telles que des engrenages, des arbres, etc., afin de fournir une garantie fiable pour le fonctionnement efficace des machines.<\/p>\n<p>Industrie automobile : Dans la construction automobile, les particules de fer m\u00e9tallique sont une mati\u00e8re premi\u00e8re importante pour la production de moteurs, de cadres et d\u2019autres composants automobiles, contribuant \u00e0 am\u00e9liorer la s\u00e9curit\u00e9 et la durabilit\u00e9 des automobiles.<\/p>\n<p>Mat\u00e9riaux magn\u00e9tiques : Les particules de fer m\u00e9tallique peuvent \u00eatre utilis\u00e9es pour produire divers mat\u00e9riaux magn\u00e9tiques, tels que des \u00e9lectroaimants, des aimants permanents, etc., qui sont largement utilis\u00e9s dans les \u00e9quipements \u00e9lectroniques, les moteurs et d\u2019autres produits.<\/p>\n<p>Domaine de la m\u00e9tallurgie des poudres&nbsp;: Les particules de fer m\u00e9tal sont la mati\u00e8re premi\u00e8re cl\u00e9 pour le processus de m\u00e9tallurgie des poudres, gr\u00e2ce au pressage et au frittage et \u00e0 d\u2019autres processus, des pi\u00e8ces m\u00e9talliques de forme complexe et de haute pr\u00e9cision peuvent \u00eatre fabriqu\u00e9es, fournissant une m\u00e9thode de moulage tr\u00e8s efficace pour la production industrielle.<\/p>\n<h2><span style=\"font-size: 14pt;\">Contr\u00f4le de la qualit\u00e9<\/span><\/h2>\n<p><span style=\"color: #0000ff;\"><a style=\"color: #0000ff;\" href=\"https:\/\/vimaterial.de\/en\/quality-control\/\">Un syst\u00e8me strict d\u2019assurance qualit\u00e9<\/a><\/span> est adopt\u00e9 pour chaque lot afin de garantir la fiabilit\u00e9 de la qualit\u00e9 du produit. Un contr\u00f4le qualit\u00e9 strict est mis en place tout au long de la cha\u00eene de production, et nous appliquons strictement le principe de retravailler et de refaire les produits d\u00e9fectueux. Nos produits r\u00e9pondent \u00e0 toutes les normes ASTM et sp\u00e9cifiques \u00e0 l\u2019industrie.  <\/p>\n<h2><span style=\"font-size: 14pt;\">Emballage et stockage<\/span><\/h2>\n<p>Les granul\u00e9s de fer et de m\u00e9tal sont emball\u00e9s dans des sacs sous vide doubles ou des bouteilles avec un emballage ext\u00e9rieur en carton.<\/p>\n<p>Les granul\u00e9s de fer m\u00e9tallique doivent \u00eatre stock\u00e9s dans un endroit frais et sec, \u00e0 l\u2019abri de l\u2019humidit\u00e9 et des substances corrosives.<\/p>\n","protected":false},"excerpt":{"rendered":"<p>Les granules de fer m\u00e9tallique sont de minuscules particules compos\u00e9es de fer en tant que m\u00e9tal, g\u00e9n\u00e9ralement solide, avec un \u00e9clat m\u00e9tallique, une bonne conductivit\u00e9 \u00e9lectrique, une conductivit\u00e9 thermique et, dans certaines conditions, peuvent avoir une r\u00e9action chimique avec l\u2019oxyg\u00e8ne, l\u2019eau et d\u2019autres substances, comme dans un environnement humide sujet \u00e0 la rouille, peuvent \u00eatre utilis\u00e9s dans la production de fer et d\u2019acier pour fabriquer une vari\u00e9t\u00e9 de mat\u00e9riaux structurels,  pi\u00e8ces m\u00e9caniques, dans la production de mat\u00e9riaux magn\u00e9tiques, de catalyseurs, il est \u00e9galement utilis\u00e9 dans les mat\u00e9riaux magn\u00e9tiques, les catalyseurs, la m\u00e9tallurgie des poudres et comme compl\u00e9ment nutritionnel dans les industries alimentaires et autres.<\/p>\n","protected":false},"featured_media":1001714,"comment_status":"open","ping_status":"closed","template":"","meta":{"_acf_changed":false},"product_brand":[],"product_cat":[236],"product_tag":[],"class_list":{"0":"post-1013503","1":"product","2":"type-product","3":"status-publish","4":"has-post-thumbnail","6":"product_cat-materiaux-devaporation","8":"first","9":"instock","10":"shipping-taxable","11":"purchasable","12":"product-type-variable"},"acf":[],"_links":{"self":[{"href":"https:\/\/vimaterial.de\/fr\/wp-json\/wp\/v2\/product\/1013503","targetHints":{"allow":["GET"]}}],"collection":[{"href":"https:\/\/vimaterial.de\/fr\/wp-json\/wp\/v2\/product"}],"about":[{"href":"https:\/\/vimaterial.de\/fr\/wp-json\/wp\/v2\/types\/product"}],"replies":[{"embeddable":true,"href":"https:\/\/vimaterial.de\/fr\/wp-json\/wp\/v2\/comments?post=1013503"}],"wp:featuredmedia":[{"embeddable":true,"href":"https:\/\/vimaterial.de\/fr\/wp-json\/wp\/v2\/media\/1001714"}],"wp:attachment":[{"href":"https:\/\/vimaterial.de\/fr\/wp-json\/wp\/v2\/media?parent=1013503"}],"wp:term":[{"taxonomy":"product_brand","embeddable":true,"href":"https:\/\/vimaterial.de\/fr\/wp-json\/wp\/v2\/product_brand?post=1013503"},{"taxonomy":"product_cat","embeddable":true,"href":"https:\/\/vimaterial.de\/fr\/wp-json\/wp\/v2\/product_cat?post=1013503"},{"taxonomy":"product_tag","embeddable":true,"href":"https:\/\/vimaterial.de\/fr\/wp-json\/wp\/v2\/product_tag?post=1013503"}],"curies":[{"name":"wp","href":"https:\/\/api.w.org\/{rel}","templated":true}]}}