{"id":1013490,"date":"2024-06-17T14:39:15","date_gmt":"2024-06-17T06:39:15","guid":{"rendered":"https:\/\/vimaterial.de\/product\/metal-ferreux-4\/"},"modified":"2025-04-17T10:31:54","modified_gmt":"2025-04-17T02:31:54","slug":"metal-ferreux-4","status":"publish","type":"product","link":"https:\/\/vimaterial.de\/fr\/product\/metal-ferreux-4\/","title":{"rendered":"Fer m\u00e9tal"},"content":{"rendered":"<p>Les granul\u00e9s de fer m\u00e9tallique sont un mat\u00e9riau de fer granulaire, d\u2019apparence noire ou gris argent\u00e9, avec un \u00e9clat m\u00e9tallique, facile \u00e0 oxyder et en m\u00eame temps, en raison de la nature du fer et a une bonne conductivit\u00e9 \u00e9lectrique et thermique, couramment utilis\u00e9 dans la m\u00e9tallurgie, la fabrication de machines, l\u2019industrie chimique et de nombreux autres domaines.<\/p>\n<p>VIMATERIAL fournit des granul\u00e9s de fer m\u00e9tallique, notre soci\u00e9t\u00e9 produit des particules de fer m\u00e9tal de haute puret\u00e9, une taille de particule uniforme, une faible teneur en impuret\u00e9s, nous avons une \u00e9quipe de recherche et d\u00e9veloppement technique professionnelle, acceptons tous les produits personnalis\u00e9s et exp\u00e9rimentaux, si vous en avez besoin, veuillez nous contacter.<\/p>\n<h2><span style=\"font-size: 14pt;\">Propri\u00e9t\u00e9s physiques<\/span><\/h2>\n<p>Formule mol\u00e9culaire : Fe<\/p>\n<p>Poids mol\u00e9culaire : 55.845<\/p>\n<p>Aspect : particules g\u00e9n\u00e9ralement grises \u00e0 gris-noir<\/p>\n<p>Densit\u00e9 : 7,86 g\/cm\u00b3<\/p>\n<p>Point de fusion : 1535\u00b0C<\/p>\n<p>Point d\u2019\u00e9bullition : environ 2750\u00b0C<\/p>\n<p>Structure cristalline : Le r\u00e9seau cubique centr\u00e9 sur le corps \u00e0 temp\u00e9rature ambiante se transforme en r\u00e9seau cubique centr\u00e9 sur la face au-dessus de 911 \u00b0C.<\/p>\n<h2><span style=\"font-size: 14pt;\">Applications<\/span><\/h2>\n<p>Domaine de la construction&nbsp;: Les granul\u00e9s de fer m\u00e9tal sont utilis\u00e9s dans la production d\u2019acier de construction pour am\u00e9liorer la r\u00e9sistance structurelle et la stabilit\u00e9 des b\u00e2timents.<\/p>\n<p>Domaine de la construction automobile : c\u2019est une mati\u00e8re premi\u00e8re importante pour la fabrication de pi\u00e8ces de moteur automobile et de ch\u00e2ssis de carrosserie, ce qui garantit les performances et la s\u00e9curit\u00e9 des automobiles.<\/p>\n<p>Dans le domaine des appareils \u00e9lectroniques et \u00e9lectriques&nbsp;: il est transform\u00e9 en composants \u00e9lectromagn\u00e9tiques pour r\u00e9pondre \u00e0 la demande de propri\u00e9t\u00e9s \u00e9lectromagn\u00e9tiques des produits \u00e9lectroniques et aider au fonctionnement normal des \u00e9quipements.<\/p>\n<p>Domaine de l\u2019usinage m\u00e9canique : transform\u00e9 en toutes sortes de pi\u00e8ces m\u00e9caniques par usinage, pour assurer le fonctionnement efficace et la durabilit\u00e9 des \u00e9quipements m\u00e9caniques.<\/p>\n<p>Industrie chimique : en tant que catalyseur ou mati\u00e8re premi\u00e8re de r\u00e9action, il participe \u00e0 une vari\u00e9t\u00e9 de r\u00e9actions de synth\u00e8se chimique et favorise la production de produits chimiques.<\/p>\n<h2><span style=\"font-size: 14pt;\">Contr\u00f4le de la qualit\u00e9<\/span><\/h2>\n<p>Un syst\u00e8me strict d\u2019assurance qualit\u00e9 est adopt\u00e9 pour chaque lot afin de garantir la fiabilit\u00e9 de la qualit\u00e9 du produit. Un contr\u00f4le qualit\u00e9 strict est mis en place tout au long de la cha\u00eene de production, et nous appliquons strictement le principe de retravailler et de refaire les produits d\u00e9fectueux. Nos produits r\u00e9pondent \u00e0 toutes les normes ASTM et sp\u00e9cifiques \u00e0 l\u2019industrie.  <\/p>\n<h2><span style=\"font-size: 14pt;\">Emballage et stockage<\/span><\/h2>\n<p>Les granul\u00e9s de m\u00e9tal ferreux sont emball\u00e9s dans des bo\u00eetes \u00e0 double couche avec un sac sous vide ext\u00e9rieur, puis emball\u00e9s dans des cartons.<\/p>\n<p>Les granules de fer m\u00e9tallique doivent \u00eatre stock\u00e9s dans un environnement int\u00e9rieur sec et bien ventil\u00e9 pour \u00e9viter l\u2019humidit\u00e9 et le contact avec des substances corrosives, et \u00e0 l\u2019\u00e9cart des sources d\u2019inflammation pour \u00e9viter l\u2019oxydation et la combustion accidentelle.<\/p>\n","protected":false},"excerpt":{"rendered":"<p>Les granul\u00e9s de fer m\u00e9tallique sont un mat\u00e9riau de fer granulaire, d\u2019apparence noire ou gris argent\u00e9, avec un \u00e9clat m\u00e9tallique, facile \u00e0 oxyder et en m\u00eame temps, en raison de la nature du fer et a une bonne conductivit\u00e9 \u00e9lectrique et thermique, couramment utilis\u00e9 dans la m\u00e9tallurgie, la fabrication de machines, l\u2019industrie chimique et de nombreux autres domaines.<\/p>\n","protected":false},"featured_media":1001704,"comment_status":"open","ping_status":"closed","template":"","meta":{"_acf_changed":false},"product_brand":[],"product_cat":[236],"product_tag":[],"class_list":{"0":"post-1013490","1":"product","2":"type-product","3":"status-publish","4":"has-post-thumbnail","6":"product_cat-materiaux-devaporation","8":"first","9":"instock","10":"shipping-taxable","11":"purchasable","12":"product-type-variable"},"acf":[],"_links":{"self":[{"href":"https:\/\/vimaterial.de\/fr\/wp-json\/wp\/v2\/product\/1013490","targetHints":{"allow":["GET"]}}],"collection":[{"href":"https:\/\/vimaterial.de\/fr\/wp-json\/wp\/v2\/product"}],"about":[{"href":"https:\/\/vimaterial.de\/fr\/wp-json\/wp\/v2\/types\/product"}],"replies":[{"embeddable":true,"href":"https:\/\/vimaterial.de\/fr\/wp-json\/wp\/v2\/comments?post=1013490"}],"wp:featuredmedia":[{"embeddable":true,"href":"https:\/\/vimaterial.de\/fr\/wp-json\/wp\/v2\/media\/1001704"}],"wp:attachment":[{"href":"https:\/\/vimaterial.de\/fr\/wp-json\/wp\/v2\/media?parent=1013490"}],"wp:term":[{"taxonomy":"product_brand","embeddable":true,"href":"https:\/\/vimaterial.de\/fr\/wp-json\/wp\/v2\/product_brand?post=1013490"},{"taxonomy":"product_cat","embeddable":true,"href":"https:\/\/vimaterial.de\/fr\/wp-json\/wp\/v2\/product_cat?post=1013490"},{"taxonomy":"product_tag","embeddable":true,"href":"https:\/\/vimaterial.de\/fr\/wp-json\/wp\/v2\/product_tag?post=1013490"}],"curies":[{"name":"wp","href":"https:\/\/api.w.org\/{rel}","templated":true}]}}