{"id":1013435,"date":"2024-06-17T14:39:42","date_gmt":"2024-06-17T06:39:42","guid":{"rendered":"https:\/\/vimaterial.de\/product\/metal-ferreux-2\/"},"modified":"2025-04-17T10:24:10","modified_gmt":"2025-04-17T02:24:10","slug":"metal-ferreux-2","status":"publish","type":"product","link":"https:\/\/vimaterial.de\/fr\/product\/metal-ferreux-2\/","title":{"rendered":"Fer m\u00e9tal"},"content":{"rendered":"<p>La cible de pulv\u00e9risation de <span style=\"color: #0000ff;\"><a style=\"color: #0000ff;\" href=\"https:\/\/vimaterial.de\/en\/search\/?type=element&amp;keyword=fe\">fer m\u00e9tallique<\/a><\/span> est le composant principal du fer m\u00e9tallique, elle a une bonne conductivit\u00e9 \u00e9lectrique, un ferromagn\u00e9tisme \u00e9lev\u00e9 et une stabilit\u00e9 chimique, gr\u00e2ce \u00e0 la technologie de pulv\u00e9risation peut \u00eatre d\u00e9pos\u00e9e sur le substrat pour l\u2019\u00e9quipement \u00e9lectromagn\u00e9tique, la protection m\u00e9canique, les supports de catalyseur et d\u2019autres domaines du film de fer.<\/p>\n<p>VIMATERIAL propose des cibles de pulv\u00e9risation en fer m\u00e9tallique. Nos cibles de pulv\u00e9risation en fer m\u00e9tallique se caract\u00e9risent par une grande puret\u00e9, une haute densit\u00e9, une bonne structure cristalline, d\u2019excellentes propri\u00e9t\u00e9s de film mince, une grande pr\u00e9cision dimensionnelle et une stabilit\u00e9 de pulv\u00e9risation. Et nous pouvons \u00e9galement fournir un service de reliure, nous acceptons votre personnalisation et votre exp\u00e9rience, veuillez <a href=\"https:\/\/vimaterial.de\/en\/contact-us\/\"><span style=\"color: #0000ff;\">nous contacter<\/span>&nbsp;!<\/a>  <\/p>\n<h2><span style=\"font-size: 14pt;\">Propri\u00e9t\u00e9s physiques<\/span><\/h2>\n<p>Formule mol\u00e9culaire : Fe<\/p>\n<p>Poids mol\u00e9culaire : environ 55,85<\/p>\n<p>Aspect : Mat\u00e9riau cible m\u00e9tallique g\u00e9n\u00e9ralement gris argent\u00e9<\/p>\n<p>Densit\u00e9 : environ 7,87 g\/cm\u00b3.<\/p>\n<p>Point de fusion : 1538\u00b0C<\/p>\n<p>Point d\u2019\u00e9bullition : env. 2861\u00b0C <\/p>\n<p>Structure cristalline : Structure cubique centr\u00e9e sur le corps, cette structure conf\u00e8re au fer de bonnes propri\u00e9t\u00e9s m\u00e9caniques et magn\u00e9tiques et physiques.<\/p>\n<h2><span style=\"font-size: 14pt;\">Applications<\/span><\/h2>\n<p>Domaine \u00e9lectronique&nbsp;: Dans la fabrication de composants \u00e9lectroniques, les cibles de pulv\u00e9risation de fer m\u00e9tallique sont utilis\u00e9es pour d\u00e9poser des films magn\u00e9tiques, fournissant des mat\u00e9riaux de base \u00e0 haute perm\u00e9abilit\u00e9 pour les dispositifs \u00e9lectroniques tels que les inductances et les transformateurs, ce qui contribue \u00e0 am\u00e9liorer l\u2019efficacit\u00e9 de la conversion \u00e9lectromagn\u00e9tique.<\/p>\n<p>Fabrication automobile : Dans le rev\u00eatement de surface des pi\u00e8ces automobiles, telles que les blocs moteur et les pistons, le film de fer d\u00e9pos\u00e9 par pulv\u00e9risation cathodique peut am\u00e9liorer la r\u00e9sistance \u00e0 l\u2019usure et \u00e0 la corrosion des pi\u00e8ces et prolonger la dur\u00e9e de vie des pi\u00e8ces automobiles.<\/p>\n<p>Industrie de l\u2019emballage : production de films m\u00e9tallis\u00e9s pour l\u2019emballage alimentaire, etc. Le fer est d\u00e9pos\u00e9 sur le film plastique par pulv\u00e9risation, ce qui conf\u00e8re au mat\u00e9riau d\u2019emballage des propri\u00e9t\u00e9s de barri\u00e8re et de blindage \u00e9lectromagn\u00e9tique, prot\u00e9geant efficacement la qualit\u00e9 des aliments et emp\u00eachant les interf\u00e9rences \u00e9lectromagn\u00e9tiques externes. <\/p>\n<h2><span style=\"font-size: 14pt;\">Contr\u00f4le de la qualit\u00e9<\/span><\/h2>\n<p><span style=\"color: #0000ff;\"><a style=\"color: #0000ff;\" href=\"https:\/\/vimaterial.de\/en\/quality-control\/\">Le contr\u00f4le de la qualit\u00e9<\/a><\/span> de nos produits est tr\u00e8s strict, de la s\u00e9lection de mati\u00e8res premi\u00e8res de haute puret\u00e9 et stables, \u00e0 l\u2019utilisation d\u2019\u00e9quipements de pr\u00e9cision avanc\u00e9s et d\u2019une technologie rigoureuse pour contr\u00f4ler avec pr\u00e9cision l\u2019ensemble du processus de production, \u00e0 l\u2019utilisation de m\u00e9thodes d\u2019essai professionnelles sur les propri\u00e9t\u00e9s physiques, chimiques, microstructurelles et autres du produit de la gamme compl\u00e8te d\u2019essais approfondis,  Chaque maillon est strictement suivi des normes internationales \u00e9lev\u00e9es, afin de garantir que chaque lot de mat\u00e9riaux livr\u00e9 avec une excellente qualit\u00e9 et stabilit\u00e9, afin de fournir aux clients une assurance qualit\u00e9 solide et fiable. Nous nous engageons \u00e0 ce que chaque lot de mat\u00e9riaux livr\u00e9s ait une excellente qualit\u00e9 et stabilit\u00e9, offrant ainsi aux clients une assurance qualit\u00e9 solide et fiable. <\/p>\n<h2><span style=\"font-size: 14pt;\">Emballage et stockage<\/span><\/h2>\n<p>Les cibles de pulv\u00e9risation en fer et en m\u00e9tal sont emball\u00e9es dans des sacs et des bo\u00eetes sous vide \u00e0 double couche, et l\u2019ext\u00e9rieur est emball\u00e9 dans des bo\u00eetes en carton.<\/p>\n<p>Les cibles de pulv\u00e9risation en fer m\u00e9tal doivent \u00eatre stock\u00e9es dans un environnement sec et bien ventil\u00e9 \u00e0 une temp\u00e9rature relativement stable, en \u00e9vitant tout contact avec des substances corrosives telles que l\u2019eau, l\u2019oxyg\u00e8ne, les acides, les alcalis et les sels, ainsi qu\u2019en \u00e9vitant d\u2019\u00eatre soumises \u00e0 des collisions violentes, \u00e0 des frottements et \u00e0 la lumi\u00e8re directe du soleil pendant une longue p\u00e9riode, afin d\u2019assurer la stabilit\u00e9 de ses propri\u00e9t\u00e9s physiques et chimiques et de maintenir ses bonnes performances en tant que cible de pulv\u00e9risation.<\/p>\n","protected":false},"excerpt":{"rendered":"<p>La cible de pulv\u00e9risation de <span style=\"color: #0000ff;\"><a style=\"color: #0000ff;\" href=\"https:\/\/vimaterial.de\/en\/search\/?type=element&amp;keyword=fe\">fer m\u00e9tallique<\/a><\/span> est le composant principal du fer m\u00e9tallique, elle a une bonne conductivit\u00e9 \u00e9lectrique, un ferromagn\u00e9tisme \u00e9lev\u00e9 et une stabilit\u00e9 chimique, gr\u00e2ce \u00e0 la technologie de pulv\u00e9risation peut \u00eatre d\u00e9pos\u00e9e sur le substrat pour l\u2019\u00e9quipement \u00e9lectromagn\u00e9tique, la protection m\u00e9canique, les supports de catalyseur et d\u2019autres domaines du film de fer.<\/p>\n","protected":false},"featured_media":1001740,"comment_status":"open","ping_status":"closed","template":"","meta":{"_acf_changed":false},"product_brand":[],"product_cat":[235],"product_tag":[],"class_list":{"0":"post-1013435","1":"product","2":"type-product","3":"status-publish","4":"has-post-thumbnail","6":"product_cat-cibles-de-pulverisation-planaire","8":"first","9":"instock","10":"shipping-taxable","11":"purchasable","12":"product-type-variable"},"acf":[],"_links":{"self":[{"href":"https:\/\/vimaterial.de\/fr\/wp-json\/wp\/v2\/product\/1013435","targetHints":{"allow":["GET"]}}],"collection":[{"href":"https:\/\/vimaterial.de\/fr\/wp-json\/wp\/v2\/product"}],"about":[{"href":"https:\/\/vimaterial.de\/fr\/wp-json\/wp\/v2\/types\/product"}],"replies":[{"embeddable":true,"href":"https:\/\/vimaterial.de\/fr\/wp-json\/wp\/v2\/comments?post=1013435"}],"wp:featuredmedia":[{"embeddable":true,"href":"https:\/\/vimaterial.de\/fr\/wp-json\/wp\/v2\/media\/1001740"}],"wp:attachment":[{"href":"https:\/\/vimaterial.de\/fr\/wp-json\/wp\/v2\/media?parent=1013435"}],"wp:term":[{"taxonomy":"product_brand","embeddable":true,"href":"https:\/\/vimaterial.de\/fr\/wp-json\/wp\/v2\/product_brand?post=1013435"},{"taxonomy":"product_cat","embeddable":true,"href":"https:\/\/vimaterial.de\/fr\/wp-json\/wp\/v2\/product_cat?post=1013435"},{"taxonomy":"product_tag","embeddable":true,"href":"https:\/\/vimaterial.de\/fr\/wp-json\/wp\/v2\/product_tag?post=1013435"}],"curies":[{"name":"wp","href":"https:\/\/api.w.org\/{rel}","templated":true}]}}