{"id":1013416,"date":"2024-06-17T14:39:42","date_gmt":"2024-06-17T06:39:42","guid":{"rendered":"https:\/\/vimaterial.de\/product\/metal-ferreux\/"},"modified":"2025-04-17T10:25:37","modified_gmt":"2025-04-17T02:25:37","slug":"metal-ferreux","status":"publish","type":"product","link":"https:\/\/vimaterial.de\/fr\/product\/metal-ferreux\/","title":{"rendered":"Fer m\u00e9tal"},"content":{"rendered":"<p>La poudre de fer m\u00e9tallique est une poudre m\u00e9tallique noire ou gris argent\u00e9 avec un \u00e9clat m\u00e9tallique, une densit\u00e9 \u00e9lev\u00e9e, une bonne conductivit\u00e9 \u00e9lectrique et thermique, facilement oxyd\u00e9e et largement utilis\u00e9e dans la m\u00e9tallurgie, la m\u00e9tallurgie des poudres, les mat\u00e9riaux magn\u00e9tiques, les catalyseurs et de nombreux autres domaines.<\/p>\n<p>VIMATERIAl propose une large gamme de poudres de fer m\u00e9tallique. Nos poudres de fer m\u00e9tal pr\u00e9sentent les avantages d\u2019une taille de particule uniforme, d\u2019une faible teneur en impuret\u00e9s, d\u2019une stabilit\u00e9 chimique \u00e9lev\u00e9e et de bonnes performances dans les applications. Nous avons une \u00e9quipe professionnelle de recherche et de d\u00e9veloppement technologique, acceptons les personnalis\u00e9s et exp\u00e9rimentaux, si vous en avez besoin, veuillez<span style=\"color: #0000ff;\"><a style=\"color: #0000ff;\" href=\"https:\/\/vimaterial.de\/en\/contact-us\/\"> nous contacter<\/a><\/span>.  <\/p>\n<h2><span style=\"font-size: 14pt;\">Propri\u00e9t\u00e9s physiques<\/span><\/h2>\n<p>Formule mol\u00e9culaire : Fe<\/p>\n<p>Poids mol\u00e9culaire : 55,85<\/p>\n<p>Aspect : Poudre fine amorphe g\u00e9n\u00e9ralement grise \u00e0 gris-noir.<\/p>\n<p>Densit\u00e9 : 7,86 g\/cm\u00b3<\/p>\n<p>Point de fusion : 1535\u00b0C<\/p>\n<p>Point d\u2019\u00e9bullition : 2750\u00b0C<\/p>\n<p>Structure cristalline : Le fer a diff\u00e9rentes structures cristallines \u00e0 diff\u00e9rentes temp\u00e9ratures et est une structure cubique centr\u00e9e sur le corps \u00e0 temp\u00e9rature ambiante. En dessous de 912\u00b0C, le fer existe sous forme de \u03b1-Fe avec un r\u00e9seau cubique centr\u00e9 sur le corps ; lorsque la temp\u00e9rature d\u00e9passe 912\u00b0C, il sera transform\u00e9 en \u03b3-Fe avec un r\u00e9seau cubique centr\u00e9 sur la face ; continuer \u00e0 \u00e9lever la temp\u00e9rature au-dessus de 1394\u00b0C, il se transformera en \u03b4-Fe et retournera au r\u00e9seau cubique centr\u00e9 sur le corps. <\/p>\n<h2><span style=\"font-size: 14pt;\">Application<\/span><\/h2>\n<p>Industrie du fer et de l\u2019acier&nbsp;: Il est utilis\u00e9 comme mati\u00e8re premi\u00e8re de base pour la fabrication de l\u2019acier et combin\u00e9 avec d\u2019autres \u00e9l\u00e9ments par fusion et d\u2019autres processus pour fabriquer divers types de produits en acier, ce qui est une source importante d\u2019acier requise par la construction, la fabrication de machines et d\u2019autres industries.<\/p>\n<p>M\u00e9tallurgie des poudres : transform\u00e9e en pi\u00e8ces m\u00e9caniques de haute pr\u00e9cision de forme complexe, telles que des engrenages, des roulements, etc., par pressage, frittage et autres proc\u00e9d\u00e9s, largement utilis\u00e9s dans l\u2019automobile, l\u2019a\u00e9rospatiale et d\u2019autres domaines, pour r\u00e9pondre aux exigences particuli\u00e8res de performance et de forme des pi\u00e8ces.<\/p>\n<p>Mat\u00e9riaux magn\u00e9tiques : utilis\u00e9s dans la fabrication d\u2019aimants, d\u2019\u00e9lectroaimants et d\u2019autres dispositifs magn\u00e9tiques, l\u2019utilisation de son ferromagn\u00e9tisme, pour fournir des champs magn\u00e9tiques pour les \u00e9quipements \u00e9lectroniques, les syst\u00e8mes d\u2019alimentation \u00e9lectrique, etc., tels que les haut-parleurs, les composants magn\u00e9tiques dans le moteur.<\/p>\n<p>Industrie chimique&nbsp;: en tant que catalyseur pour participer \u00e0 une vari\u00e9t\u00e9 de r\u00e9actions chimiques, telles que la r\u00e9action de synth\u00e8se de l\u2019ammoniac pour am\u00e9liorer le taux de r\u00e9action, promouvoir la synth\u00e8se efficace des produits chimiques, am\u00e9liorer l\u2019efficacit\u00e9 de la production chimique.<\/p>\n<h2><span style=\"font-size: 14pt;\">Contr\u00f4le de la qualit\u00e9<\/span><\/h2>\n<p><span style=\"color: #0000ff;\"><a style=\"color: #0000ff;\" href=\"https:\/\/vimaterial.de\/en\/product\/iron-metal-6\/\">Chaque lot <\/a><\/span>de nos produits commence par une s\u00e9lection minutieuse des mati\u00e8res premi\u00e8res et passe par plusieurs processus avanc\u00e9s, avec un contr\u00f4le strict des param\u00e8tres et un suivi en temps r\u00e9el \u00e0 chaque \u00e9tape. L\u2019ensemble du processus de production suit le syst\u00e8me international de gestion de la qualit\u00e9, et l\u2019utilisation d\u2019\u00e9quipements d\u2019essai de haute pr\u00e9cision effectue des tests de pr\u00e9cision complets de la distribution granulom\u00e9trique, de la puret\u00e9, de la teneur en impuret\u00e9s et d\u2019autres indicateurs cl\u00e9s, sans \u00e9pargner les d\u00e9fauts mineurs, afin de garantir la qualit\u00e9 de chaque lot de produits. <\/p>\n<h2><span style=\"font-size: 14pt;\">Emballage et stockage<\/span><\/h2>\n<p>Les poudres de fer m\u00e9tal sont emball\u00e9es dans des sacs sous vide doubles ou dans des bouteilles et des cartons.<\/p>\n<p>Les poudres de fer m\u00e9tal doivent \u00eatre stock\u00e9es dans un environnement sec, frais et bien ventil\u00e9 pour \u00e9viter l\u2019humidit\u00e9 et le contact prolong\u00e9 avec l\u2019air et l\u2019eau, pour \u00e9viter l\u2019oxydation et la rouille, et doivent \u00eatre tenues \u00e0 l\u2019\u00e9cart des sources d\u2019inflammation et des mat\u00e9riaux inflammables, et scell\u00e9es pour emp\u00eacher la poudre de voler et d\u2019\u00eatre contamin\u00e9e par d\u2019autres impuret\u00e9s.<\/p>\n","protected":false},"excerpt":{"rendered":"<p>La poudre de fer m\u00e9tallique est une poudre m\u00e9tallique noire ou gris argent\u00e9 avec un \u00e9clat m\u00e9tallique, une densit\u00e9 \u00e9lev\u00e9e, une bonne conductivit\u00e9 \u00e9lectrique et thermique, facilement oxyd\u00e9e et largement utilis\u00e9e dans la m\u00e9tallurgie, la m\u00e9tallurgie des poudres, les mat\u00e9riaux magn\u00e9tiques, les catalyseurs et de nombreux autres domaines.<\/p>\n","protected":false},"featured_media":1001730,"comment_status":"open","ping_status":"closed","template":"","meta":{"_acf_changed":false},"product_brand":[],"product_cat":[250],"product_tag":[],"class_list":{"0":"post-1013416","1":"product","2":"type-product","3":"status-publish","4":"has-post-thumbnail","6":"product_cat-poudre-de-metal-pur-et-dalliage","8":"first","9":"instock","10":"shipping-taxable","11":"purchasable","12":"product-type-variable"},"acf":[],"_links":{"self":[{"href":"https:\/\/vimaterial.de\/fr\/wp-json\/wp\/v2\/product\/1013416","targetHints":{"allow":["GET"]}}],"collection":[{"href":"https:\/\/vimaterial.de\/fr\/wp-json\/wp\/v2\/product"}],"about":[{"href":"https:\/\/vimaterial.de\/fr\/wp-json\/wp\/v2\/types\/product"}],"replies":[{"embeddable":true,"href":"https:\/\/vimaterial.de\/fr\/wp-json\/wp\/v2\/comments?post=1013416"}],"wp:featuredmedia":[{"embeddable":true,"href":"https:\/\/vimaterial.de\/fr\/wp-json\/wp\/v2\/media\/1001730"}],"wp:attachment":[{"href":"https:\/\/vimaterial.de\/fr\/wp-json\/wp\/v2\/media?parent=1013416"}],"wp:term":[{"taxonomy":"product_brand","embeddable":true,"href":"https:\/\/vimaterial.de\/fr\/wp-json\/wp\/v2\/product_brand?post=1013416"},{"taxonomy":"product_cat","embeddable":true,"href":"https:\/\/vimaterial.de\/fr\/wp-json\/wp\/v2\/product_cat?post=1013416"},{"taxonomy":"product_tag","embeddable":true,"href":"https:\/\/vimaterial.de\/fr\/wp-json\/wp\/v2\/product_tag?post=1013416"}],"curies":[{"name":"wp","href":"https:\/\/api.w.org\/{rel}","templated":true}]}}