{"id":1013381,"date":"2024-06-17T14:39:47","date_gmt":"2024-06-17T06:39:47","guid":{"rendered":"https:\/\/vimaterial.de\/product\/borure-de-fer-3\/"},"modified":"2025-04-17T10:17:42","modified_gmt":"2025-04-17T02:17:42","slug":"borure-de-fer-3","status":"publish","type":"product","link":"https:\/\/vimaterial.de\/fr\/product\/borure-de-fer-3\/","title":{"rendered":"Borure de fer"},"content":{"rendered":"<p>La cible de pulv\u00e9risation cathodique <span style=\"color: #0000ff;\"><a style=\"color: #0000ff;\" href=\"https:\/\/vimaterial.de\/en\/product\/iron-boride\/\">Iron Boride<\/a><\/span> est un mat\u00e9riau principalement compos\u00e9 de borure de fer, qui a une duret\u00e9 \u00e9lev\u00e9e, une bonne r\u00e9sistance \u00e0 l\u2019abrasion et une stabilit\u00e9 chimique. Gr\u00e2ce au processus de pulv\u00e9risation, il peut d\u00e9poser des films minces avec des propri\u00e9t\u00e9s physicochimiques sp\u00e9ciales sur le substrat, ce qui est largement utilis\u00e9 dans les domaines de l\u2019usinage et de la protection des composants \u00e9lectroniques. <\/p>\n<p>VIMATERIAL fournit des cibles de pulv\u00e9risation Iron Boride. Nos cibles de pulv\u00e9risation Iron Boride se caract\u00e9risent par une grande puret\u00e9, une haute densit\u00e9, une bonne structure cristalline, d\u2019excellentes propri\u00e9t\u00e9s de couche mince, une grande pr\u00e9cision dimensionnelle et une stabilit\u00e9 de pulv\u00e9risation. Et nous pouvons \u00e9galement fournir un service de reliure, nous acceptons votre personnalisation et votre exp\u00e9rience, veuillez <span style=\"color: #0000ff;\"><a style=\"color: #0000ff;\" href=\"https:\/\/vimaterial.de\/en\/contact-us\/\">nous contacter&nbsp;!<\/a><\/span>  <\/p>\n<h2><span style=\"font-size: 14pt;\">Propri\u00e9t\u00e9s physiques<\/span><\/h2>\n<p>Formule mol\u00e9culaire : Fe\u2082B<\/p>\n<p>Poids mol\u00e9culaire : environ 125,5<\/p>\n<p>Apparence&nbsp;: Cible g\u00e9n\u00e9ralement gris argent\u00e9 ou noire avec un \u00e9clat m\u00e9tallique<\/p>\n<p>Densit\u00e9 : g\u00e9n\u00e9ralement autour de 7,3 &#8211; 7,4 g\/cm\u00b3.<\/p>\n<p>Point de fusion : environ 1389\u00b0C<\/p>\n<p>Structure cristalline : Il a une structure cristalline orthorhombique, ce qui lui conf\u00e8re certaines propri\u00e9t\u00e9s physiques telles que la duret\u00e9 et la stabilit\u00e9.<\/p>\n<h2><span style=\"font-size: 14pt;\">Applications<\/span><\/h2>\n<p>\u00c9lectronique : Les cibles de pulv\u00e9risation cathodique en fer sont utilis\u00e9es pour d\u00e9poser des couches minces r\u00e9sistantes \u00e0 l\u2019usure et conductrices d\u2019\u00e9lectricit\u00e9 dans la fabrication d\u2019appareils \u00e9lectroniques, am\u00e9liorant ainsi la stabilit\u00e9 et la fiabilit\u00e9 des composants \u00e9lectroniques.<\/p>\n<p>Dans le domaine de la fabrication de machines, le borure de fer est utilis\u00e9 comme mat\u00e9riau de rev\u00eatement sur les surfaces des pi\u00e8ces m\u00e9caniques, telles que les outils de coupe et les moules, etc. Le film Iron Boride form\u00e9 par pulv\u00e9risation peut am\u00e9liorer efficacement la duret\u00e9 et la r\u00e9sistance \u00e0 l\u2019usure des pi\u00e8ces, prolonger leur dur\u00e9e de vie et am\u00e9liorer la pr\u00e9cision de l\u2019usinage. <\/p>\n<p>M\u00e9tallurgie : Il joue un r\u00f4le dans la modification de surface des mat\u00e9riaux m\u00e9talliques. Il peut d\u00e9poser une couche de film de borure de fer sur la surface du substrat m\u00e9tallique pour am\u00e9liorer la r\u00e9sistance \u00e0 la corrosion et les performances \u00e0 haute temp\u00e9rature du m\u00e9tal, afin que les mat\u00e9riaux m\u00e9talliques puissent mieux s\u2019adapter \u00e0 l\u2019environnement de travail difficile. <\/p>\n<h2><span style=\"font-size: 14pt;\">Contr\u00f4le de la qualit\u00e9<\/span><\/h2>\n<p><span style=\"color: #0000ff;\"><a style=\"color: #0000ff;\" href=\"https:\/\/vimaterial.de\/en\/quality-control\/\">Le contr\u00f4le de la qualit\u00e9<\/a> <\/span>de nos produits est tr\u00e8s strict, de la s\u00e9lection de mati\u00e8res premi\u00e8res de haute puret\u00e9 et stables, \u00e0 l\u2019utilisation d\u2019\u00e9quipements de pr\u00e9cision avanc\u00e9s et d\u2019une technologie rigoureuse pour contr\u00f4ler avec pr\u00e9cision l\u2019ensemble du processus de production, \u00e0 l\u2019utilisation de m\u00e9thodes d\u2019essai professionnelles sur les propri\u00e9t\u00e9s physiques, chimiques, microstructurelles et autres du produit de la gamme compl\u00e8te d\u2019essais approfondis,  Chaque maillon est strictement suivi des normes internationales \u00e9lev\u00e9es, afin de garantir que chaque lot de mat\u00e9riaux livr\u00e9 avec une excellente qualit\u00e9 et stabilit\u00e9, afin de fournir aux clients une assurance qualit\u00e9 solide et fiable. Nous nous engageons \u00e0 ce que chaque lot de mat\u00e9riaux livr\u00e9s ait une excellente qualit\u00e9 et stabilit\u00e9, offrant ainsi aux clients une assurance qualit\u00e9 solide et fiable. <\/p>\n<h2><span style=\"font-size: 14pt;\">Emballage et stockage<\/span><\/h2>\n<p>Les cibles de pulv\u00e9risation Iron Boride sont emball\u00e9es dans des sacs et des bo\u00eetes sous vide \u00e0 double couche, et l\u2019ext\u00e9rieur est emball\u00e9 dans des cartons.<\/p>\n<p>Les cibles de pulv\u00e9risation cathodique en fer doivent \u00eatre stock\u00e9es dans un environnement sec, frais, bien ventil\u00e9 et stable \u00e0 la temp\u00e9rature, en \u00e9vitant tout contact avec des substances corrosives telles que l\u2019eau, les acides et les alcalis, ainsi qu\u2019en \u00e9vitant d\u2019\u00eatre soumises \u00e0 des chocs physiques s\u00e9v\u00e8res, \u00e0 des frottements et \u00e0 la lumi\u00e8re directe du soleil, afin de garantir que les propri\u00e9t\u00e9s physiques et chimiques du mat\u00e9riau ne sont pas alt\u00e9r\u00e9es et de maintenir ses bonnes performances dans les applications de pulv\u00e9risation.<\/p>\n","protected":false},"excerpt":{"rendered":"<p>La cible de pulv\u00e9risation cathodique <span style=\"color: #0000ff;\"><a style=\"color: #0000ff;\" href=\"https:\/\/vimaterial.de\/en\/product\/iron-boride\/\">Iron Boride<\/a><\/span> est un mat\u00e9riau principalement compos\u00e9 de borure de fer, qui a une duret\u00e9 \u00e9lev\u00e9e, une bonne r\u00e9sistance \u00e0 l\u2019abrasion et une stabilit\u00e9 chimique. Gr\u00e2ce au processus de pulv\u00e9risation, il peut d\u00e9poser des films minces avec des propri\u00e9t\u00e9s physicochimiques sp\u00e9ciales sur le substrat, ce qui est largement utilis\u00e9 dans les domaines de l\u2019usinage et de la protection des composants \u00e9lectroniques. <\/p>\n","protected":false},"featured_media":1001758,"comment_status":"open","ping_status":"closed","template":"","meta":{"_acf_changed":false},"product_brand":[],"product_cat":[235],"product_tag":[],"class_list":{"0":"post-1013381","1":"product","2":"type-product","3":"status-publish","4":"has-post-thumbnail","6":"product_cat-cibles-de-pulverisation-planaire","8":"first","9":"instock","10":"shipping-taxable","11":"product-type-variable"},"acf":[],"_links":{"self":[{"href":"https:\/\/vimaterial.de\/fr\/wp-json\/wp\/v2\/product\/1013381","targetHints":{"allow":["GET"]}}],"collection":[{"href":"https:\/\/vimaterial.de\/fr\/wp-json\/wp\/v2\/product"}],"about":[{"href":"https:\/\/vimaterial.de\/fr\/wp-json\/wp\/v2\/types\/product"}],"replies":[{"embeddable":true,"href":"https:\/\/vimaterial.de\/fr\/wp-json\/wp\/v2\/comments?post=1013381"}],"wp:featuredmedia":[{"embeddable":true,"href":"https:\/\/vimaterial.de\/fr\/wp-json\/wp\/v2\/media\/1001758"}],"wp:attachment":[{"href":"https:\/\/vimaterial.de\/fr\/wp-json\/wp\/v2\/media?parent=1013381"}],"wp:term":[{"taxonomy":"product_brand","embeddable":true,"href":"https:\/\/vimaterial.de\/fr\/wp-json\/wp\/v2\/product_brand?post=1013381"},{"taxonomy":"product_cat","embeddable":true,"href":"https:\/\/vimaterial.de\/fr\/wp-json\/wp\/v2\/product_cat?post=1013381"},{"taxonomy":"product_tag","embeddable":true,"href":"https:\/\/vimaterial.de\/fr\/wp-json\/wp\/v2\/product_tag?post=1013381"}],"curies":[{"name":"wp","href":"https:\/\/api.w.org\/{rel}","templated":true}]}}