{"id":1013378,"date":"2024-06-17T14:39:43","date_gmt":"2024-06-17T06:39:43","guid":{"rendered":"https:\/\/vimaterial.de\/product\/borure-de-fer-2\/"},"modified":"2025-04-17T10:19:43","modified_gmt":"2025-04-17T02:19:43","slug":"borure-de-fer-2","status":"publish","type":"product","link":"https:\/\/vimaterial.de\/fr\/product\/borure-de-fer-2\/","title":{"rendered":"Borure de fer"},"content":{"rendered":"<p>La poudre de <span style=\"color: #0000ff;\"><a style=\"color: #0000ff;\" href=\"https:\/\/vimaterial.de\/en\/product\/iron-boride-3\/\">borure de fer<\/a><\/span> est un compos\u00e9 binaire de fer et de bore avec un aspect gris, une duret\u00e9 \u00e9lev\u00e9e, une densit\u00e9 \u00e9lev\u00e9e, une bonne r\u00e9sistance \u00e0 l\u2019usure, une r\u00e9sistance \u00e0 la corrosion et une conductivit\u00e9 \u00e9lectrique, qui a des applications importantes dans le domaine des mat\u00e9riaux magn\u00e9tiques, du carbure c\u00e9ment\u00e9, du blindage \u00e9lectromagn\u00e9tique, de l\u2019acier sp\u00e9cial, de la fabrication de composants \u00e9lectroniques, etc.<\/p>\n<p>VIMATERIAl propose des poudres d\u2019Oxyde de Fer. Nos poudres d\u2019oxyde de fer pr\u00e9sentent les avantages d\u2019une taille de particule uniforme, d\u2019une faible teneur en impuret\u00e9s, d\u2019une stabilit\u00e9 chimique \u00e9lev\u00e9e et de bonnes performances dans les applications. Nous avons une \u00e9quipe professionnelle de recherche et de d\u00e9veloppement technologique, acceptons les personnalis\u00e9s et exp\u00e9rimentaux, si vous en avez besoin, veuillez <span style=\"color: #0000ff;\"><a style=\"color: #0000ff;\" href=\"https:\/\/vimaterial.de\/en\/contact-us\/\">nous contacter.<\/a><\/span> <\/p>\n<h2><span style=\"font-size: 14pt;\">Propri\u00e9t\u00e9s physiques<\/span><\/h2>\n<p>Formule mol\u00e9culaire : Fe\u2082B<\/p>\n<p>Poids mol\u00e9culaire : 122.501<\/p>\n<p>Densit\u00e9 : 7,3 g\/cm\u00b3<\/p>\n<p>Point de fusion : 1389\u00b0C<\/p>\n<p>Structure cristalline : Syst\u00e8me cristallin t\u00e9tragonal, groupe d\u2019espace I4\/mc, constante du r\u00e9seau a=0,511 nm, b = 0,511 nm, c = 0,4249 nm<\/p>\n<h2><span style=\"font-size: 14pt;\">Application<\/span><\/h2>\n<p>Carbide c\u00e9ment\u00e9 : La poudre de borure de fer peut \u00eatre utilis\u00e9e comme additif dans la production de carbure c\u00e9ment\u00e9, ce qui am\u00e9liore consid\u00e9rablement la duret\u00e9 et la r\u00e9sistance \u00e0 l\u2019usure de l\u2019alliage, rend l\u2019outil plus tranchant et plus durable dans la coupe, et peut r\u00e9pondre efficacement aux besoins d\u2019usinage des mat\u00e9riaux \u00e0 haute duret\u00e9.<\/p>\n<p>Mat\u00e9riaux magn\u00e9tiques : avec ses propri\u00e9t\u00e9s magn\u00e9tiques uniques, il est largement utilis\u00e9 dans la fabrication de divers composants magn\u00e9tiques, tels que les noyaux de transformateur, etc. Il permet d\u2019am\u00e9liorer la perm\u00e9abilit\u00e9 et l\u2019induction magn\u00e9tique de saturation des mat\u00e9riaux magn\u00e9tiques et d\u2019optimiser l\u2019efficacit\u00e9 de la conversion \u00e9lectromagn\u00e9tique. <\/p>\n<p>Rev\u00eatement de surface&nbsp;: L\u2019ajout de poudres de fer Borure aux surfaces m\u00e9talliques am\u00e9liore la duret\u00e9, la r\u00e9sistance \u00e0 la corrosion et la r\u00e9sistance \u00e0 l\u2019abrasion du rev\u00eatement, offrant une protection efficace et prolongeant la dur\u00e9e de vie de la surface m\u00e9tallique.<\/p>\n<p>M\u00e9tallurgie : En tant qu\u2019additif d\u2019\u00e9l\u00e9ment d\u2019alliage important, il est utilis\u00e9 dans le processus de fusion des aciers sp\u00e9ciaux pour am\u00e9liorer la r\u00e9sistance, la t\u00e9nacit\u00e9 et la r\u00e9sistance \u00e0 l\u2019usure de l\u2019acier afin de r\u00e9pondre aux exigences des aciers haute performance dans des industries telles que la construction et la fabrication de machines.<\/p>\n<p>Domaine \u00e9lectronique&nbsp;: Dans la fabrication de composants \u00e9lectroniques, ses propri\u00e9t\u00e9s \u00e9lectriques sont utilis\u00e9es pour cr\u00e9er des dispositifs \u00e9lectroniques avec une r\u00e9sistance, une capacit\u00e9 et d\u2019autres caract\u00e9ristiques sp\u00e9cifiques pour assurer le fonctionnement stable des \u00e9quipements \u00e9lectroniques, comme dans la fabrication de certaines puces \u00e9lectroniques jouent un r\u00f4le cl\u00e9.<\/p>\n<h2><span style=\"font-size: 14pt;\">Contr\u00f4le de la qualit\u00e9<\/span><\/h2>\n<p><span style=\"color: #0000ff;\"><a style=\"color: #0000ff;\" href=\"https:\/\/vimaterial.de\/en\/quality-control\/\">Chaque lot<\/a><\/span> de nos produits commence par une s\u00e9lection minutieuse des mati\u00e8res premi\u00e8res et passe par plusieurs processus avanc\u00e9s, avec un contr\u00f4le strict des param\u00e8tres et un suivi en temps r\u00e9el \u00e0 chaque \u00e9tape. L\u2019ensemble du processus de production suit le syst\u00e8me international de gestion de la qualit\u00e9, et l\u2019utilisation d\u2019\u00e9quipements d\u2019essai de haute pr\u00e9cision effectue des tests de pr\u00e9cision complets de la distribution granulom\u00e9trique, de la puret\u00e9, de la teneur en impuret\u00e9s et d\u2019autres indicateurs cl\u00e9s, sans \u00e9pargner les d\u00e9fauts mineurs, afin de garantir la qualit\u00e9 de chaque lot de produits. <\/p>\n<h2><span style=\"font-size: 14pt;\">Emballage et stockage<\/span><\/h2>\n<p>Les poudres de Fer Borure sont emball\u00e9es dans des sacs sous vide doubles ou dans des bouteilles et des cartons.<\/p>\n<p>Les poudres de borure de fer doivent \u00eatre stock\u00e9es dans un environnement sec, frais et bien ventil\u00e9, scell\u00e9es pour \u00e9viter l\u2019humidit\u00e9 et l\u2019oxydation, et stock\u00e9es s\u00e9par\u00e9ment des substances corrosives telles que les acides, les alcalis et les agents oxydants puissants pour \u00e9viter de modifier leurs propri\u00e9t\u00e9s chimiques.<\/p>\n","protected":false},"excerpt":{"rendered":"<p>La poudre de <span style=\"color: #0000ff;\"><a style=\"color: #0000ff;\" href=\"https:\/\/vimaterial.de\/en\/product\/iron-boride-3\/\">borure de fer<\/a><\/span> est un compos\u00e9 binaire de fer et de bore avec un aspect gris, une duret\u00e9 \u00e9lev\u00e9e, une densit\u00e9 \u00e9lev\u00e9e, une bonne r\u00e9sistance \u00e0 l\u2019usure, une r\u00e9sistance \u00e0 la corrosion et une conductivit\u00e9 \u00e9lectrique, qui a des applications importantes dans le domaine des mat\u00e9riaux magn\u00e9tiques, du carbure c\u00e9ment\u00e9, du blindage \u00e9lectromagn\u00e9tique, de l\u2019acier sp\u00e9cial, de la fabrication de composants \u00e9lectroniques, etc.<\/p>\n","protected":false},"featured_media":1001758,"comment_status":"open","ping_status":"closed","template":"","meta":{"_acf_changed":false},"product_brand":[],"product_cat":[240],"product_tag":[],"class_list":{"0":"post-1013378","1":"product","2":"type-product","3":"status-publish","4":"has-post-thumbnail","6":"product_cat-materiaux-c-n-b-si","8":"first","9":"instock","10":"shipping-taxable","11":"purchasable","12":"product-type-variable"},"acf":[],"_links":{"self":[{"href":"https:\/\/vimaterial.de\/fr\/wp-json\/wp\/v2\/product\/1013378","targetHints":{"allow":["GET"]}}],"collection":[{"href":"https:\/\/vimaterial.de\/fr\/wp-json\/wp\/v2\/product"}],"about":[{"href":"https:\/\/vimaterial.de\/fr\/wp-json\/wp\/v2\/types\/product"}],"replies":[{"embeddable":true,"href":"https:\/\/vimaterial.de\/fr\/wp-json\/wp\/v2\/comments?post=1013378"}],"wp:featuredmedia":[{"embeddable":true,"href":"https:\/\/vimaterial.de\/fr\/wp-json\/wp\/v2\/media\/1001758"}],"wp:attachment":[{"href":"https:\/\/vimaterial.de\/fr\/wp-json\/wp\/v2\/media?parent=1013378"}],"wp:term":[{"taxonomy":"product_brand","embeddable":true,"href":"https:\/\/vimaterial.de\/fr\/wp-json\/wp\/v2\/product_brand?post=1013378"},{"taxonomy":"product_cat","embeddable":true,"href":"https:\/\/vimaterial.de\/fr\/wp-json\/wp\/v2\/product_cat?post=1013378"},{"taxonomy":"product_tag","embeddable":true,"href":"https:\/\/vimaterial.de\/fr\/wp-json\/wp\/v2\/product_tag?post=1013378"}],"curies":[{"name":"wp","href":"https:\/\/api.w.org\/{rel}","templated":true}]}}