{"id":1013355,"date":"2024-06-17T14:39:47","date_gmt":"2024-06-17T06:39:47","guid":{"rendered":"https:\/\/vimaterial.de\/product\/oxyde-de-fer-7\/"},"modified":"2025-04-17T10:15:11","modified_gmt":"2025-04-17T02:15:11","slug":"oxyde-de-fer-7","status":"publish","type":"product","link":"https:\/\/vimaterial.de\/fr\/product\/oxyde-de-fer-7\/","title":{"rendered":"Oxyde de fer"},"content":{"rendered":"<p>Les granules <span style=\"color: #0000ff;\"><a style=\"color: #0000ff;\" href=\"https:\/\/vimaterial.de\/en\/product\/iron-oxide-2\/\">d\u2019oxyde de fer<\/a><\/span> sont des granules rouges ou brun rouge\u00e2tre principalement compos\u00e9s de trioxyde de fer, avec une bonne stabilit\u00e9 chimique, des propri\u00e9t\u00e9s pigmentaires et certaines propri\u00e9t\u00e9s magn\u00e9tiques, qui sont largement utilis\u00e9s dans les pigments, les mat\u00e9riaux magn\u00e9tiques, les catalyseurs et d\u2019autres domaines.<\/p>\n<p>VIMATERIAL fournit des granul\u00e9s d\u2019oxyde de fer, nos granul\u00e9s ont une composition uniforme et stable, une puret\u00e9 \u00e9lev\u00e9e, une duret\u00e9 \u00e9lev\u00e9e, une taille de particule contr\u00f4lable, etc. Et nous pouvons accepter des produits et des exp\u00e9riences personnalis\u00e9s, nous avons une \u00e9quipe technique professionnelle de recherche et d\u00e9veloppement, <span style=\"color: #0000ff;\"><a style=\"color: #0000ff;\" href=\"https:\/\/vimaterial.de\/en\/contact-us\/\">contactez-nous<\/a><\/span>. <\/p>\n<h2><span style=\"font-size: 14pt;\">Propri\u00e9t\u00e9s physiques<\/span><\/h2>\n<p>Formule mol\u00e9culaire : Fe\u2082O\u2083<\/p>\n<p>Poids mol\u00e9culaire : 159.688<\/p>\n<p>Apparence&nbsp;: granule brun rouge\u00e2tre<\/p>\n<p>Densit\u00e9 : 5,24 g\/cm\u00b3<\/p>\n<p>Point de fusion : environ 1565\u00b0C<\/p>\n<p>Point d\u2019\u00e9bullition : environ 3414\u00b0C<\/p>\n<p>Structure cristalline : Syst\u00e8me cristallin tripartite, structure de type corindon, dans laquelle les ions de fer ont deux environnements de coordination diff\u00e9rents et les ions d\u2019oxyg\u00e8ne sont dispos\u00e9s en empilement hexagonal serr\u00e9.<\/p>\n<h2><span style=\"font-size: 14pt;\">Application<\/span><\/h2>\n<p>Champ de pigments : Largement utilis\u00e9 comme pigment rouge dans les peintures, les laques et les encres d\u2019impression pour donner une couleur rouge vif.<\/p>\n<p>Champ de mat\u00e9riau magn\u00e9tique&nbsp;: Il peut \u00eatre utilis\u00e9 pour pr\u00e9parer des dispositifs magn\u00e9tiques, qui peuvent jouer un r\u00f4le magn\u00e9tique dans des conditions sp\u00e9cifiques.<\/p>\n<p>Dans le domaine des mat\u00e9riaux de construction : il est utilis\u00e9 dans les c\u00e9ramiques architecturales color\u00e9es et les carreaux \u00e9maill\u00e9s, etc., en ajoutant de la couleur et de la d\u00e9coration.<\/p>\n<p>Domaine de l\u2019industrie m\u00e9tallurgique : c\u2019est une mati\u00e8re premi\u00e8re importante pour l\u2019affinage du fer, l\u2019affinage du fer par r\u00e9action de r\u00e9duction.<\/p>\n<p>Champ catalytique : utilis\u00e9 comme catalyseur ou vecteur pour acc\u00e9l\u00e9rer le processus de r\u00e9action chimique.<\/p>\n<p>Industrie \u00e9lectronique : utilis\u00e9e dans la fabrication de c\u00e9ramiques \u00e9lectroniques, de mat\u00e9riaux d\u2019enregistrement magn\u00e9tique et d\u2019autres composants \u00e9lectroniques.<\/p>\n<h2><span style=\"font-size: 14pt;\">Contr\u00f4le qualit\u00e9<\/span><\/h2>\n<p><span style=\"color: #0000ff;\"><a style=\"color: #0000ff;\" href=\"https:\/\/vimaterial.de\/en\/quality-control\/\">Chaque lot <\/a><\/span>de produits garantit strictement la qualit\u00e9, de la s\u00e9lection des fournisseurs de mati\u00e8res premi\u00e8res \u00e0 l\u2019utilisation d\u2019\u00e9quipements de test avanc\u00e9s pour surveiller avec pr\u00e9cision l\u2019ensemble du processus de production, jusqu\u2019au produit fini \u00e0 travers de nombreuses s\u00e9ries d\u2019\u00e9chantillonnage rigoureux et une certification faisant autorit\u00e9 par une tierce partie, pour garantir que chaque lot de produits respecte et d\u00e9passe les normes \u00e9lev\u00e9es de l\u2019industrie avec une approche globale,  Syst\u00e8me de contr\u00f4le de qualit\u00e9 \u00e0 tol\u00e9rance z\u00e9ro, pour fournir \u00e0 nos clients la meilleure qualit\u00e9 et les produits les plus stables.<\/p>\n<h2><span style=\"font-size: 14pt;\">Emballage et stockage<\/span><\/h2>\n<p>Les granul\u00e9s d\u2019oxyde de fer sont emball\u00e9s dans des sacs ou des bouteilles sous vide et emball\u00e9s dans des cartons ext\u00e9rieurs.<\/p>\n<p>Les granul\u00e9s d\u2019oxyde de fer doivent \u00eatre stock\u00e9s dans un endroit sec, frais et bien ventil\u00e9, en \u00e9vitant l\u2019humidit\u00e9, les temp\u00e9ratures \u00e9lev\u00e9es et le contact avec des agents oxydants et des acides puissants.<\/p>\n","protected":false},"excerpt":{"rendered":"<p>Les granules <span style=\"color: #0000ff;\"><a style=\"color: #0000ff;\" href=\"https:\/\/vimaterial.de\/en\/product\/iron-oxide-2\/\">d\u2019oxyde de fer<\/a><\/span> sont des granules rouges ou brun rouge\u00e2tre principalement compos\u00e9s de trioxyde de fer, avec une bonne stabilit\u00e9 chimique, des propri\u00e9t\u00e9s pigmentaires et certaines propri\u00e9t\u00e9s magn\u00e9tiques, qui sont largement utilis\u00e9s dans les pigments, les mat\u00e9riaux magn\u00e9tiques, les catalyseurs et d\u2019autres domaines.<\/p>\n","protected":false},"featured_media":1001770,"comment_status":"open","ping_status":"closed","template":"","meta":{"_acf_changed":false},"product_brand":[],"product_cat":[236],"product_tag":[],"class_list":{"0":"post-1013355","1":"product","2":"type-product","3":"status-publish","4":"has-post-thumbnail","6":"product_cat-materiaux-devaporation","8":"first","9":"instock","10":"shipping-taxable","11":"product-type-variable"},"acf":[],"_links":{"self":[{"href":"https:\/\/vimaterial.de\/fr\/wp-json\/wp\/v2\/product\/1013355","targetHints":{"allow":["GET"]}}],"collection":[{"href":"https:\/\/vimaterial.de\/fr\/wp-json\/wp\/v2\/product"}],"about":[{"href":"https:\/\/vimaterial.de\/fr\/wp-json\/wp\/v2\/types\/product"}],"replies":[{"embeddable":true,"href":"https:\/\/vimaterial.de\/fr\/wp-json\/wp\/v2\/comments?post=1013355"}],"wp:featuredmedia":[{"embeddable":true,"href":"https:\/\/vimaterial.de\/fr\/wp-json\/wp\/v2\/media\/1001770"}],"wp:attachment":[{"href":"https:\/\/vimaterial.de\/fr\/wp-json\/wp\/v2\/media?parent=1013355"}],"wp:term":[{"taxonomy":"product_brand","embeddable":true,"href":"https:\/\/vimaterial.de\/fr\/wp-json\/wp\/v2\/product_brand?post=1013355"},{"taxonomy":"product_cat","embeddable":true,"href":"https:\/\/vimaterial.de\/fr\/wp-json\/wp\/v2\/product_cat?post=1013355"},{"taxonomy":"product_tag","embeddable":true,"href":"https:\/\/vimaterial.de\/fr\/wp-json\/wp\/v2\/product_tag?post=1013355"}],"curies":[{"name":"wp","href":"https:\/\/api.w.org\/{rel}","templated":true}]}}