{"id":1013335,"date":"2024-06-17T14:39:48","date_gmt":"2024-06-17T06:39:48","guid":{"rendered":"https:\/\/vimaterial.de\/product\/oxyde-de-fer-6\/"},"modified":"2025-04-17T09:54:25","modified_gmt":"2025-04-17T01:54:25","slug":"oxyde-de-fer-6","status":"publish","type":"product","link":"https:\/\/vimaterial.de\/fr\/product\/oxyde-de-fer-6\/","title":{"rendered":"Oxyde de fer"},"content":{"rendered":"<p><span style=\"color: #0000ff;\"><a style=\"color: #0000ff;\" href=\"https:\/\/vimaterial.de\/en\/product\/iron-oxide-6\/\">La cible de pulv\u00e9risation d\u2019oxyde de fer<\/a><\/span> est un mat\u00e9riau dont le composant principal est le trioxyde de fer. Il a une bonne stabilit\u00e9 chimique, des propri\u00e9t\u00e9s optiques et \u00e9lectriques uniques, et peut \u00eatre utilis\u00e9 pour d\u00e9poser des films minces pour des dispositifs opto\u00e9lectroniques, des catalyseurs, des rev\u00eatements anticorrosion et de nombreux autres domaines sur le substrat par processus de pulv\u00e9risation. <\/p>\n<p>VIMATERIAL propose des cibles de pulv\u00e9risation \u00e0 l\u2019oxyde de fer. Nos cibles de pulv\u00e9risation \u00e0 l\u2019oxyde de fer se caract\u00e9risent par une grande puret\u00e9, une haute densit\u00e9, une bonne structure cristalline, d\u2019excellentes propri\u00e9t\u00e9s de couche mince, une grande pr\u00e9cision dimensionnelle et une stabilit\u00e9 de pulv\u00e9risation. Et nous pouvons \u00e9galement fournir un service de reliure, nous acceptons votre personnalisation et votre exp\u00e9rience, veuillez <span style=\"color: #0000ff;\"><a style=\"color: #0000ff;\" href=\"https:\/\/vimaterial.de\/en\/contact-us\/\">nous contacter<\/a><\/span>&nbsp;!  <\/p>\n<h2><span style=\"font-size: 14pt;\">Propri\u00e9t\u00e9s physiques<\/span><\/h2>\n<p>Formule mol\u00e9culaire : Fe2O3<\/p>\n<p>Poids mol\u00e9culaire : environ 159,69<\/p>\n<p>Apparence&nbsp;: cible g\u00e9n\u00e9ralement brun rouge\u00e2tre avec un \u00e9clat m\u00e9tallique<\/p>\n<p>Densit\u00e9 : environ 5,24 g\/cm\u00b3<\/p>\n<p>Point de fusion : environ 1565\u00b0C<\/p>\n<p>Point d\u2019\u00e9bullition : environ 3414\u00b0C<\/p>\n<p>Structure cristalline : Syst\u00e8me cristallin principalement tripartite, structure de type corindon, dans laquelle les ions oxyg\u00e8ne sont dispos\u00e9s en empilement hexagonal serr\u00e9, et les ions de fer trivalents occupent une partie des vides octa\u00e9driques, et cette structure lui conf\u00e8re une certaine stabilit\u00e9 et des propri\u00e9t\u00e9s physicochimiques particuli\u00e8res.<\/p>\n<h2><span style=\"font-size: 14pt;\">Applications<\/span><\/h2>\n<p>Champ d\u2019\u00e9nergie solaire&nbsp;: utilis\u00e9 dans la pr\u00e9paration des mat\u00e9riaux de photoanode, en raison de sa largeur de bande interdite appropri\u00e9e et de ses performances d\u2019absorption de la lumi\u00e8re, am\u00e9liore efficacement l\u2019efficacit\u00e9 de la conversion photo\u00e9lectrique et favorise le d\u00e9veloppement de la technologie des cellules solaires.<\/p>\n<p>Protection de l\u2019environnement : Utilis\u00e9 comme mat\u00e9riau photocatalytique pour le traitement des eaux us\u00e9es, g\u00e9n\u00e9rant de fortes substances oxydantes sous la lumi\u00e8re, d\u00e9gradant les polluants organiques et aidant \u00e0 purifier l\u2019environnement aquatique.<\/p>\n<p>Dans le domaine des mat\u00e9riaux de construction, il est transform\u00e9 en un rev\u00eatement de couleur avec une fonction antirouille, ce qui donne aux mat\u00e9riaux de construction une belle apparence et emp\u00eache en m\u00eame temps les pi\u00e8ces m\u00e9talliques de rouiller, prolongeant ainsi la dur\u00e9e de vie des mat\u00e9riaux de construction.<\/p>\n<h2><span style=\"font-size: 14pt;\">Contr\u00f4le de la qualit\u00e9<\/span><\/h2>\n<p><span style=\"color: #0000ff;\"><a style=\"color: #0000ff;\" href=\"https:\/\/vimaterial.de\/en\/quality-control\/\">Le contr\u00f4le de la qualit\u00e9<\/a><\/span> de nos produits est tr\u00e8s strict, de la s\u00e9lection de mati\u00e8res premi\u00e8res de haute puret\u00e9 et stables, \u00e0 l\u2019utilisation d\u2019\u00e9quipements de pr\u00e9cision avanc\u00e9s et d\u2019une technologie rigoureuse pour contr\u00f4ler avec pr\u00e9cision l\u2019ensemble du processus de production, \u00e0 l\u2019utilisation de m\u00e9thodes d\u2019essai professionnelles sur les propri\u00e9t\u00e9s physiques, chimiques, microstructurelles et autres du produit de la gamme compl\u00e8te d\u2019essais approfondis,  Chaque maillon est strictement suivi des normes internationales \u00e9lev\u00e9es, afin de garantir que chaque lot de mat\u00e9riaux livr\u00e9 avec une excellente qualit\u00e9 et stabilit\u00e9, afin de fournir aux clients une assurance qualit\u00e9 solide et fiable. Nous nous engageons \u00e0 ce que chaque lot de mat\u00e9riaux livr\u00e9s ait une excellente qualit\u00e9 et stabilit\u00e9, offrant ainsi aux clients une assurance qualit\u00e9 solide et fiable. <\/p>\n<h2><span style=\"font-size: 14pt;\">Emballage et stockage<\/span><\/h2>\n<p>Les cibles de pulv\u00e9risation \u00e0 l\u2019oxyde de fer sont emball\u00e9es dans des sacs et des bo\u00eetes sous vide \u00e0 double couche, et l\u2019ext\u00e9rieur est emball\u00e9 dans des cartons.<\/p>\n<p>Les cibles de pulv\u00e9risation d\u2019oxyde de fer doivent \u00eatre stock\u00e9es dans un environnement sec et bien ventil\u00e9 \u00e0 une temp\u00e9rature stable, en \u00e9vitant l\u2019humidit\u00e9 et le contact avec des substances acides, alcalines et autres substances corrosives, et en emp\u00eachant l\u2019irradiation de longue dur\u00e9e par une lumi\u00e8re forte et une collision violente, afin de maintenir sa stabilit\u00e9 chimique et son \u00e9tat physique intacts, assurez-vous que ses performances ne seront pas endommag\u00e9es,  et de prolonger sa dur\u00e9e de vie.<\/p>\n","protected":false},"excerpt":{"rendered":"<p><span style=\"color: #0000ff;\"><a style=\"color: #0000ff;\" href=\"https:\/\/vimaterial.de\/en\/product\/iron-oxide-6\/\">La cible de pulv\u00e9risation d\u2019oxyde de fer<\/a><\/span> est un mat\u00e9riau dont le composant principal est le trioxyde de fer. Il a une bonne stabilit\u00e9 chimique, des propri\u00e9t\u00e9s optiques et \u00e9lectriques uniques, et peut \u00eatre utilis\u00e9 pour d\u00e9poser des films minces pour des dispositifs opto\u00e9lectroniques, des catalyseurs, des rev\u00eatements anticorrosion et de nombreux autres domaines sur le substrat par processus de pulv\u00e9risation. <\/p>\n","protected":false},"featured_media":1001787,"comment_status":"open","ping_status":"closed","template":"","meta":{"_acf_changed":false},"product_brand":[],"product_cat":[235],"product_tag":[],"class_list":{"0":"post-1013335","1":"product","2":"type-product","3":"status-publish","4":"has-post-thumbnail","6":"product_cat-cibles-de-pulverisation-planaire","8":"first","9":"instock","10":"shipping-taxable","11":"product-type-variable"},"acf":[],"_links":{"self":[{"href":"https:\/\/vimaterial.de\/fr\/wp-json\/wp\/v2\/product\/1013335","targetHints":{"allow":["GET"]}}],"collection":[{"href":"https:\/\/vimaterial.de\/fr\/wp-json\/wp\/v2\/product"}],"about":[{"href":"https:\/\/vimaterial.de\/fr\/wp-json\/wp\/v2\/types\/product"}],"replies":[{"embeddable":true,"href":"https:\/\/vimaterial.de\/fr\/wp-json\/wp\/v2\/comments?post=1013335"}],"wp:featuredmedia":[{"embeddable":true,"href":"https:\/\/vimaterial.de\/fr\/wp-json\/wp\/v2\/media\/1001787"}],"wp:attachment":[{"href":"https:\/\/vimaterial.de\/fr\/wp-json\/wp\/v2\/media?parent=1013335"}],"wp:term":[{"taxonomy":"product_brand","embeddable":true,"href":"https:\/\/vimaterial.de\/fr\/wp-json\/wp\/v2\/product_brand?post=1013335"},{"taxonomy":"product_cat","embeddable":true,"href":"https:\/\/vimaterial.de\/fr\/wp-json\/wp\/v2\/product_cat?post=1013335"},{"taxonomy":"product_tag","embeddable":true,"href":"https:\/\/vimaterial.de\/fr\/wp-json\/wp\/v2\/product_tag?post=1013335"}],"curies":[{"name":"wp","href":"https:\/\/api.w.org\/{rel}","templated":true}]}}