{"id":1013318,"date":"2024-06-17T14:39:48","date_gmt":"2024-06-17T06:39:48","guid":{"rendered":"https:\/\/vimaterial.de\/product\/oxyde-de-fer-5\/"},"modified":"2025-04-17T09:56:52","modified_gmt":"2025-04-17T01:56:52","slug":"oxyde-de-fer-5","status":"publish","type":"product","link":"https:\/\/vimaterial.de\/fr\/product\/oxyde-de-fer-5\/","title":{"rendered":"Oxyde de fer"},"content":{"rendered":"<p>La poudre d\u2019oxyde de fer est d\u2019une couleur brun rouge\u00e2tre, insoluble dans l\u2019eau, oxydante, couramment utilis\u00e9e comme pigment, catalyseur et une mati\u00e8re premi\u00e8re importante dans la fabrication du fer et la pr\u00e9paration de mat\u00e9riaux magn\u00e9tiques.<\/p>\n<p>VIMATERIAl propose une large gamme de poudres d\u2019Oxyde de Fer. Nos poudres d\u2019oxyde de fer pr\u00e9sentent les avantages d\u2019une taille de particule uniforme, d\u2019une faible teneur en impuret\u00e9s, d\u2019une stabilit\u00e9 chimique \u00e9lev\u00e9e et de bonnes performances dans les applications. Nous avons une \u00e9quipe professionnelle de recherche et de d\u00e9veloppement technologique, acceptons les personnalis\u00e9s et exp\u00e9rimentaux, si vous en avez besoin, veuillez <span style=\"color: #0000ff;\"><a style=\"color: #0000ff;\" href=\"https:\/\/vimaterial.de\/en\/contact-us\/\">nous contacter<\/a><\/span>.  <\/p>\n<h2><span style=\"font-size: 14pt;\">Propri\u00e9t\u00e9s physiques<\/span><\/h2>\n<p>Formule mol\u00e9culaire : Fe\u2082O\u2083<\/p>\n<p>Poids mol\u00e9culaire : 159,69 g\/mol<\/p>\n<p>Apparence&nbsp;: Poudre solide g\u00e9n\u00e9ralement brun rouge\u00e2tre<\/p>\n<p>Densit\u00e9 : 5,24 g\/cm\u00b3<\/p>\n<p>Point de fusion : 1565\u00b0C<\/p>\n<p>Point d\u2019\u00e9bullition : 3414\u00b0C<\/p>\n<p>Structure cristalline : existe souvent dans la structure cristalline \u03b1-Fe\u2082O\u2083 du syst\u00e8me cristallin tripartite de type corindon, une petite partie existe dans la structure du syst\u00e8me cristallin cubique substable de type cristallin \u03b3-Fe\u2082O\u2083.<\/p>\n<h2><span style=\"font-size: 14pt;\">Application<\/span><\/h2>\n<p>Champ de mat\u00e9riau magn\u00e9tique : \u03b3 &#8211; Fe\u2082O\u2083 a une propri\u00e9t\u00e9 magn\u00e9tique, qui peut \u00eatre utilis\u00e9e pour fabriquer des mat\u00e9riaux d\u2019enregistrement magn\u00e9tiques tels que des bandes et des disques magn\u00e9tiques, et est l\u2019une des principales mati\u00e8res premi\u00e8res dans le domaine du stockage d\u2019informations.<\/p>\n<p>Champ catalytique : Il agit comme un catalyseur dans certaines r\u00e9actions chimiques, telles que la r\u00e9action d\u2019oxydation catalytique, la r\u00e9action de conversion de l\u2019eau et du gaz, etc., ce qui peut acc\u00e9l\u00e9rer la r\u00e9action et am\u00e9liorer l\u2019efficacit\u00e9 de la r\u00e9action.<\/p>\n<p>Mat\u00e9riaux \u00e9lectroniques : utilis\u00e9s dans la pr\u00e9paration de composants \u00e9lectroniques dans le film magn\u00e9tique, les mat\u00e9riaux semi-conducteurs, etc., pour aider \u00e0 am\u00e9liorer les performances des \u00e9quipements \u00e9lectroniques, comme l\u2019am\u00e9lioration de la sensibilit\u00e9 des capteurs magn\u00e9tiques.<\/p>\n<p>Domaine pharmaceutique : Il peut \u00eatre utilis\u00e9 comme composant d\u2019un support de m\u00e9dicament ou d\u2019un agent de contraste, et ses propri\u00e9t\u00e9s physicochimiques appropri\u00e9es peuvent \u00eatre utilis\u00e9es pour aider le m\u00e9dicament \u00e0 mieux exercer son effet ou \u00e0 diagnostiquer la maladie.<\/p>\n<h2><span style=\"font-size: 14pt;\">Contr\u00f4le de la qualit\u00e9<\/span><\/h2>\n<p><span style=\"color: #0000ff;\"><a style=\"color: #0000ff;\" href=\"https:\/\/vimaterial.de\/en\/quality-control\/\">Chaque lot<\/a> <\/span>de nos produits commence par une s\u00e9lection minutieuse des mati\u00e8res premi\u00e8res et passe par plusieurs processus avanc\u00e9s, avec un contr\u00f4le strict des param\u00e8tres et un suivi en temps r\u00e9el \u00e0 chaque \u00e9tape. L\u2019ensemble du processus de production suit le syst\u00e8me international de gestion de la qualit\u00e9, et l\u2019utilisation d\u2019\u00e9quipements d\u2019essai de haute pr\u00e9cision effectue des tests de pr\u00e9cision complets de la distribution granulom\u00e9trique, de la puret\u00e9, de la teneur en impuret\u00e9s et d\u2019autres indicateurs cl\u00e9s, sans \u00e9pargner les d\u00e9fauts mineurs, afin de garantir la qualit\u00e9 de chaque lot de produits. <\/p>\n<h2><span style=\"font-size: 14pt;\">Emballage et stockage<\/span><\/h2>\n<p>La poudre d\u2019oxyde de fer est emball\u00e9e dans des sacs sous vide doubles ou des bouteilles et des cartons.<\/p>\n<p>La poudre d\u2019oxyde de fer doit \u00eatre stock\u00e9e dans un environnement sec et bien ventil\u00e9, en \u00e9vitant l\u2019humidit\u00e9 et le contact avec des agents r\u00e9ducteurs puissants, scell\u00e9e pour emp\u00eacher la poudre de voler et plac\u00e9e \u00e0 l\u2019\u00e9cart des sources d\u2019inflammation et des sources \u00e0 haute temp\u00e9rature pour garantir la stabilit\u00e9 de ses propri\u00e9t\u00e9s chimiques et physiques.<\/p>\n","protected":false},"excerpt":{"rendered":"<p>La poudre d\u2019oxyde de fer est d\u2019une couleur brun rouge\u00e2tre, insoluble dans l\u2019eau, oxydante, couramment utilis\u00e9e comme pigment, catalyseur et une mati\u00e8re premi\u00e8re importante dans la fabrication du fer et la pr\u00e9paration de mat\u00e9riaux magn\u00e9tiques.<\/p>\n","protected":false},"featured_media":1001777,"comment_status":"open","ping_status":"closed","template":"","meta":{"_acf_changed":false},"product_brand":[],"product_cat":[243],"product_tag":[],"class_list":{"0":"post-1013318","1":"product","2":"type-product","3":"status-publish","4":"has-post-thumbnail","6":"product_cat-materiaux-oxydes-hydroxydes","8":"first","9":"instock","10":"shipping-taxable","11":"purchasable","12":"product-type-variable"},"acf":[],"_links":{"self":[{"href":"https:\/\/vimaterial.de\/fr\/wp-json\/wp\/v2\/product\/1013318","targetHints":{"allow":["GET"]}}],"collection":[{"href":"https:\/\/vimaterial.de\/fr\/wp-json\/wp\/v2\/product"}],"about":[{"href":"https:\/\/vimaterial.de\/fr\/wp-json\/wp\/v2\/types\/product"}],"replies":[{"embeddable":true,"href":"https:\/\/vimaterial.de\/fr\/wp-json\/wp\/v2\/comments?post=1013318"}],"wp:featuredmedia":[{"embeddable":true,"href":"https:\/\/vimaterial.de\/fr\/wp-json\/wp\/v2\/media\/1001777"}],"wp:attachment":[{"href":"https:\/\/vimaterial.de\/fr\/wp-json\/wp\/v2\/media?parent=1013318"}],"wp:term":[{"taxonomy":"product_brand","embeddable":true,"href":"https:\/\/vimaterial.de\/fr\/wp-json\/wp\/v2\/product_brand?post=1013318"},{"taxonomy":"product_cat","embeddable":true,"href":"https:\/\/vimaterial.de\/fr\/wp-json\/wp\/v2\/product_cat?post=1013318"},{"taxonomy":"product_tag","embeddable":true,"href":"https:\/\/vimaterial.de\/fr\/wp-json\/wp\/v2\/product_tag?post=1013318"}],"curies":[{"name":"wp","href":"https:\/\/api.w.org\/{rel}","templated":true}]}}