{"id":1013293,"date":"2024-06-17T14:25:52","date_gmt":"2024-06-17T06:25:52","guid":{"rendered":"https:\/\/vimaterial.de\/product\/alliage-de-cuivre-et-de-titane\/"},"modified":"2025-04-18T16:20:58","modified_gmt":"2025-04-18T08:20:58","slug":"alliage-de-cuivre-et-de-titane","status":"publish","type":"product","link":"https:\/\/vimaterial.de\/fr\/product\/alliage-de-cuivre-et-de-titane\/","title":{"rendered":"Alliage de titane et de cuivre"},"content":{"rendered":"<p>La cible de pulv\u00e9risation cathodique en alliage de titane et de cuivre est une cible en alliage de titane et de cuivre, qui combine la haute r\u00e9sistance et la bonne r\u00e9sistance \u00e0 la corrosion du titane avec l\u2019excellente conductivit\u00e9 \u00e9lectrique du cuivre, et est capable de d\u00e9poser des films minces avec les deux caract\u00e9ristiques sur le substrat pendant la pulv\u00e9risation, ce qui est largement utilis\u00e9 dans l\u2019\u00e9lectronique, les semi-conducteurs, les applications d\u00e9coratives, etc.<\/p>\n<p>VIMATERIAL est une soci\u00e9t\u00e9 d\u2019innovation de pointe dans le domaine des mat\u00e9riaux chimiques, sp\u00e9cialis\u00e9e dans les mat\u00e9riaux haute performance con\u00e7us pour des applications d\u2019ing\u00e9nierie avanc\u00e9es. Nos produits sont de haute puret\u00e9 et de haute qualit\u00e9, nous prenons en charge l\u2019emballage en petits lots, le MOQ de petits produits, un inventaire suffisant, la personnalisation de soutien, et nous pouvons fournir un service de reliure cible, si vous avez des besoins, veuillez <span style=\"color: #0000ff;\"><a style=\"color: #0000ff;\" href=\"https:\/\/vimaterial.de\/en\/contact-us\/\">nous contacter<\/a><\/span>. <\/p>\n<h2><span style=\"font-size: 14pt;\">Propri\u00e9t\u00e9s<\/span><\/h2>\n<p>Formule mol\u00e9culaire : TiCu<\/p>\n<p>Apparence&nbsp;: G\u00e9n\u00e9ralement cuivr\u00e9 clair ou gris argent\u00e9 avec un \u00e9clat m\u00e9tallique, une surface lisse et r\u00e9guli\u00e8re.<\/p>\n<h2><span style=\"font-size: 14pt;\">Application<\/span><\/h2>\n<p>\u00c9lectronique&nbsp;: Dans le domaine de l\u2019\u00e9lectronique, les cibles de pulv\u00e9risation en alliage de titane et de cuivre sont utilis\u00e9es pour la fabrication de cartes de circuits \u00e9lectroniques et de structures d\u2019interconnexion de puces. Ils sont pulv\u00e9ris\u00e9s sur un substrat pour former un film mince avec une bonne conductivit\u00e9 \u00e9lectrique et une bonne r\u00e9sistance \u00e0 la corrosion, ce qui am\u00e9liore les performances et la stabilit\u00e9 de la connexion \u00e9lectrique entre les composants \u00e9lectroniques. <\/p>\n<p>Secteur des semi-conducteurs : Dans la fabrication de semi-conducteurs, ces cibles de pulv\u00e9risation sont utilis\u00e9es pour d\u00e9poser des couches barri\u00e8res et de contact, profitant de leur combinaison de la r\u00e9sistance \u00e0 la corrosion du titane et de la conductivit\u00e9 \u00e9lectrique du cuivre pour emp\u00eacher la diffusion entre diff\u00e9rents mat\u00e9riaux tout en assurant un bon contact \u00e9lectrique.<\/p>\n<p>\u00c9nergie : Dans les \u00e9quipements de stockage et de conversion d\u2019\u00e9nergie, les cibles de pulv\u00e9risation en alliage de titane et de cuivre sont utilis\u00e9es pour le traitement de surface de composants tels que les \u00e9lectrodes de batterie et les collecteurs. Les couches minces d\u00e9pos\u00e9es contribuent \u00e0 am\u00e9liorer la conductivit\u00e9 et la stabilit\u00e9 des \u00e9lectrodes, am\u00e9liorant ainsi les performances globales de l\u2019\u00e9quipement \u00e9nerg\u00e9tique. <\/p>\n<h2><span style=\"font-size: 14pt;\">Contr\u00f4le de la qualit\u00e9<\/span><\/h2>\n<p><span style=\"color: #0000ff;\"><a style=\"color: #0000ff;\" href=\"https:\/\/vimaterial.de\/en\/quality-control\/\">Nos produits<\/a> <\/span>sont soumis \u00e0 un syst\u00e8me strict de gestion de la qualit\u00e9. Des mat\u00e9riaux entrants, du traitement, de l\u2019inspection finale \u00e0 l\u2019inspection de l\u2019usine, il existe des normes d\u2019inspection strictes. Des mesures d\u2019isolement strictes sont prises pour le traitement non qualifi\u00e9 afin d\u2019\u00e9viter que les produits non qualifi\u00e9s ne passent au processus suivant. Des \u00e9chantillons sont fournis pour une r\u00e9inspection par le client selon les exigences du client.   <\/p>\n<h2><span style=\"font-size: 14pt;\">Emballage et stockage<\/span><\/h2>\n<p>Les cibles de pulv\u00e9risation en alliage de titane et de cuivre sont emball\u00e9es dans des sacs sous vide \u00e0 double couche, puis emball\u00e9es et emball\u00e9es dans des cartons.<\/p>\n<p>Les cibles de pulv\u00e9risation en alliage de titane et de cuivre doivent \u00eatre stock\u00e9es dans un environnement sec, frais et bien ventil\u00e9, pour \u00e9viter l\u2019humidit\u00e9 et la corrosion, pour \u00e9viter les dommages physiques caus\u00e9s par la collision avec des objets pointus ou durs, et en m\u00eame temps \u00e0 l\u2019abri des temp\u00e9ratures \u00e9lev\u00e9es, des champs magn\u00e9tiques puissants et d\u2019autres facteurs pouvant affecter ses propri\u00e9t\u00e9s physiques et chimiques, afin de garantir que sa qualit\u00e9 et ses performances de pulv\u00e9risation ne sont pas endommag\u00e9es.<\/p>\n","protected":false},"excerpt":{"rendered":"<p>La cible de pulv\u00e9risation cathodique en alliage de titane et de cuivre est une cible en alliage de titane et de cuivre, qui combine la haute r\u00e9sistance et la bonne r\u00e9sistance \u00e0 la corrosion du titane avec l\u2019excellente conductivit\u00e9 \u00e9lectrique du cuivre, et est capable de d\u00e9poser des films minces avec les deux caract\u00e9ristiques sur le substrat pendant la pulv\u00e9risation, ce qui est largement utilis\u00e9 dans l\u2019\u00e9lectronique, les semi-conducteurs, les applications d\u00e9coratives, etc.<\/p>\n","protected":false},"featured_media":1000666,"comment_status":"open","ping_status":"closed","template":"","meta":{"_acf_changed":false},"product_brand":[],"product_cat":[235],"product_tag":[],"class_list":{"0":"post-1013293","1":"product","2":"type-product","3":"status-publish","4":"has-post-thumbnail","6":"product_cat-cibles-de-pulverisation-planaire","8":"first","9":"instock","10":"shipping-taxable","11":"product-type-variable"},"acf":[],"_links":{"self":[{"href":"https:\/\/vimaterial.de\/fr\/wp-json\/wp\/v2\/product\/1013293","targetHints":{"allow":["GET"]}}],"collection":[{"href":"https:\/\/vimaterial.de\/fr\/wp-json\/wp\/v2\/product"}],"about":[{"href":"https:\/\/vimaterial.de\/fr\/wp-json\/wp\/v2\/types\/product"}],"replies":[{"embeddable":true,"href":"https:\/\/vimaterial.de\/fr\/wp-json\/wp\/v2\/comments?post=1013293"}],"wp:featuredmedia":[{"embeddable":true,"href":"https:\/\/vimaterial.de\/fr\/wp-json\/wp\/v2\/media\/1000666"}],"wp:attachment":[{"href":"https:\/\/vimaterial.de\/fr\/wp-json\/wp\/v2\/media?parent=1013293"}],"wp:term":[{"taxonomy":"product_brand","embeddable":true,"href":"https:\/\/vimaterial.de\/fr\/wp-json\/wp\/v2\/product_brand?post=1013293"},{"taxonomy":"product_cat","embeddable":true,"href":"https:\/\/vimaterial.de\/fr\/wp-json\/wp\/v2\/product_cat?post=1013293"},{"taxonomy":"product_tag","embeddable":true,"href":"https:\/\/vimaterial.de\/fr\/wp-json\/wp\/v2\/product_tag?post=1013293"}],"curies":[{"name":"wp","href":"https:\/\/api.w.org\/{rel}","templated":true}]}}