{"id":1013286,"date":"2024-06-17T14:25:52","date_gmt":"2024-06-17T06:25:52","guid":{"rendered":"https:\/\/vimaterial.de\/product\/alliage-de-titane-et-de-chrome\/"},"modified":"2025-04-18T16:23:44","modified_gmt":"2025-04-18T08:23:44","slug":"alliage-de-titane-et-de-chrome","status":"publish","type":"product","link":"https:\/\/vimaterial.de\/fr\/product\/alliage-de-titane-et-de-chrome\/","title":{"rendered":"Alliage titane-chrome"},"content":{"rendered":"<p>La cible de pulv\u00e9risation en alliage titane-chrome est un alliage de titane et de chrome, avec une bonne r\u00e9sistance \u00e0 la corrosion, une duret\u00e9 \u00e9lev\u00e9e et une conductivit\u00e9 \u00e9lectrique appropri\u00e9e, capable de d\u00e9poser des films minces uniformes de titane et de chrome sur le substrat dans le processus de pulv\u00e9risation, qui sont largement utilis\u00e9s dans de nombreux domaines tels que l\u2019\u00e9lectronique, la protection de surface et la d\u00e9coration.<\/p>\n<p>VIMATERIAL est une soci\u00e9t\u00e9 d\u2019innovation de pointe dans le domaine des mat\u00e9riaux chimiques, sp\u00e9cialis\u00e9e dans les mat\u00e9riaux haute performance con\u00e7us pour des applications d\u2019ing\u00e9nierie avanc\u00e9es. Nos produits sont de haute puret\u00e9 et de haute qualit\u00e9, nous prenons en charge l\u2019emballage en petits lots, le MOQ de petits produits, un inventaire suffisant, la personnalisation de soutien, et nous pouvons fournir un service de reliure cible, si vous avez des besoins, veuillez <span style=\"color: #0000ff;\"><a style=\"color: #0000ff;\" href=\"https:\/\/vimaterial.de\/en\/contact-us\/\">nous contacter<\/a><\/span>. <\/p>\n<h2><span style=\"font-size: 14pt;\">Propri\u00e9t\u00e9s<\/span><\/h2>\n<p>Formule mol\u00e9culaire : TiCr<\/p>\n<p>Apparence&nbsp;: g\u00e9n\u00e9ralement gris argent\u00e9 lustr\u00e9 m\u00e9tallique, la texture globale est uniforme<\/p>\n<h2><span style=\"font-size: 14pt;\">Application<\/span><\/h2>\n<p>Industrie \u00e9lectronique&nbsp;: Dans l\u2019industrie \u00e9lectronique, les cibles de pulv\u00e9risation en alliage de titane-chrome sont utilis\u00e9es dans la fabrication de dispositifs \u00e0 semi-conducteurs. Gr\u00e2ce au processus de pulv\u00e9risation, un film mince avec une bonne conductivit\u00e9 \u00e9lectrique et une bonne r\u00e9sistance \u00e0 la corrosion se forme \u00e0 la surface de la puce, qui est utilis\u00e9e comme mat\u00e9riau d\u2019interconnexion ou couche barri\u00e8re de diffusion des composants \u00e9lectroniques pour assurer les performances et la stabilit\u00e9 des dispositifs \u00e9lectroniques. <\/p>\n<p>Applications optiques&nbsp;: Dans le domaine de l\u2019optique, cette cible de pulv\u00e9risation peut \u00eatre utilis\u00e9e pour la fabrication de films optiques, tels que dans les lentilles optiques, les \u00e9crans et d\u2019autres produits, gr\u00e2ce au d\u00e9p\u00f4t de pulv\u00e9risation cathodique peut \u00eatre form\u00e9 pour r\u00e9duire la r\u00e9flexion, augmenter la transmittance ou modifier les caract\u00e9ristiques de polarisation de la lumi\u00e8re du film, pour am\u00e9liorer les performances des produits optiques.<\/p>\n<p>A\u00e9rospatiale : Dans le domaine a\u00e9rospatial, la cible de pulv\u00e9risation peut \u00eatre utilis\u00e9e pour d\u00e9poser des films minces \u00e0 la surface des pi\u00e8ces d\u2019avion afin d\u2019am\u00e9liorer la r\u00e9sistance aux antioxydants, \u00e0 la corrosion et aux hautes temp\u00e9ratures des pi\u00e8ces, assurant ainsi la fiabilit\u00e9 et la durabilit\u00e9 des \u00e9quipements a\u00e9rospatiaux dans des environnements difficiles.<\/p>\n<h2><span style=\"font-size: 14pt;\">Contr\u00f4le de la qualit\u00e9<\/span><\/h2>\n<p><span style=\"color: #0000ff;\"><a style=\"color: #0000ff;\" href=\"https:\/\/vimaterial.de\/en\/quality-control\/\">Nos produits<\/a><\/span> sont soumis \u00e0 un syst\u00e8me strict de gestion de la qualit\u00e9. Des mat\u00e9riaux entrants, du traitement, de l\u2019inspection finale \u00e0 l\u2019inspection de l\u2019usine, il existe des normes d\u2019inspection strictes. Des mesures d\u2019isolement strictes sont prises pour le traitement non qualifi\u00e9 afin d\u2019\u00e9viter que les produits non qualifi\u00e9s ne passent au processus suivant. Des \u00e9chantillons sont fournis pour une r\u00e9inspection par le client selon les exigences du client.   <\/p>\n<h2><span style=\"font-size: 14pt;\">Emballage et stockage<\/span><\/h2>\n<p>Les cibles de pulv\u00e9risation en alliage titane-chrome sont emball\u00e9es dans des sacs sous vide \u00e0 double couche, puis emball\u00e9es et emball\u00e9es dans des cartons.<\/p>\n<p>Les cibles de pulv\u00e9risation en alliage titane-chrome doivent \u00eatre stock\u00e9es dans un environnement sec, frais et bien ventil\u00e9, en \u00e9vitant l\u2019humidit\u00e9, la contamination par des substances corrosives, en emp\u00eachant les collisions violentes et les rayures, et en se tenant \u00e0 l\u2019\u00e9cart des environnements \u00e0 haute temp\u00e9rature et des sources de champs magn\u00e9tiques puissants, pour garantir que les propri\u00e9t\u00e9s physiques et chimiques des cibles sont stables et pour maintenir leurs bonnes performances de pulv\u00e9risation.<\/p>\n","protected":false},"excerpt":{"rendered":"<p>La cible de pulv\u00e9risation en alliage titane-chrome est un alliage de titane et de chrome, avec une bonne r\u00e9sistance \u00e0 la corrosion, une duret\u00e9 \u00e9lev\u00e9e et une conductivit\u00e9 \u00e9lectrique appropri\u00e9e, capable de d\u00e9poser des films minces uniformes de titane et de chrome sur le substrat dans le processus de pulv\u00e9risation, qui sont largement utilis\u00e9s dans de nombreux domaines tels que l\u2019\u00e9lectronique, la protection de surface et la d\u00e9coration.<\/p>\n","protected":false},"featured_media":1000658,"comment_status":"open","ping_status":"closed","template":"","meta":{"_acf_changed":false},"product_brand":[],"product_cat":[235],"product_tag":[],"class_list":{"0":"post-1013286","1":"product","2":"type-product","3":"status-publish","4":"has-post-thumbnail","6":"product_cat-cibles-de-pulverisation-planaire","8":"first","9":"instock","10":"shipping-taxable","11":"product-type-variable"},"acf":[],"_links":{"self":[{"href":"https:\/\/vimaterial.de\/fr\/wp-json\/wp\/v2\/product\/1013286","targetHints":{"allow":["GET"]}}],"collection":[{"href":"https:\/\/vimaterial.de\/fr\/wp-json\/wp\/v2\/product"}],"about":[{"href":"https:\/\/vimaterial.de\/fr\/wp-json\/wp\/v2\/types\/product"}],"replies":[{"embeddable":true,"href":"https:\/\/vimaterial.de\/fr\/wp-json\/wp\/v2\/comments?post=1013286"}],"wp:featuredmedia":[{"embeddable":true,"href":"https:\/\/vimaterial.de\/fr\/wp-json\/wp\/v2\/media\/1000658"}],"wp:attachment":[{"href":"https:\/\/vimaterial.de\/fr\/wp-json\/wp\/v2\/media?parent=1013286"}],"wp:term":[{"taxonomy":"product_brand","embeddable":true,"href":"https:\/\/vimaterial.de\/fr\/wp-json\/wp\/v2\/product_brand?post=1013286"},{"taxonomy":"product_cat","embeddable":true,"href":"https:\/\/vimaterial.de\/fr\/wp-json\/wp\/v2\/product_cat?post=1013286"},{"taxonomy":"product_tag","embeddable":true,"href":"https:\/\/vimaterial.de\/fr\/wp-json\/wp\/v2\/product_tag?post=1013286"}],"curies":[{"name":"wp","href":"https:\/\/api.w.org\/{rel}","templated":true}]}}