{"id":1013273,"date":"2024-06-17T14:25:53","date_gmt":"2024-06-17T06:25:53","guid":{"rendered":"https:\/\/vimaterial.de\/product\/titane-cuivre-alliage-de-zinc\/"},"modified":"2025-04-18T16:18:38","modified_gmt":"2025-04-18T08:18:38","slug":"titane-cuivre-alliage-de-zinc","status":"publish","type":"product","link":"https:\/\/vimaterial.de\/fr\/product\/titane-cuivre-alliage-de-zinc\/","title":{"rendered":"Alliage de titane, de cuivre, de zinc"},"content":{"rendered":"<p>La cible de pulv\u00e9risation cathodique en alliage de titane et de cuivre est une sorte de mat\u00e9riau d\u2019alliage compos\u00e9 de titane, de cuivre et de zinc, combinant les caract\u00e9ristiques de la r\u00e9sistance \u00e0 la corrosion du titane, de la bonne conductivit\u00e9 \u00e9lectrique du cuivre et de la r\u00e9sistance \u00e0 la corrosion du zinc, etc. Il est principalement utilis\u00e9 dans le processus de d\u00e9p\u00f4t physique en phase vapeur, qui est capable de d\u00e9poser des films minces avec de bonnes performances globales sur le substrat, et il est principalement utilis\u00e9 dans les domaines de l\u2019\u00e9lectronique, de la d\u00e9coration et des machines. <\/p>\n<p>Nous fournissons des cibles de pulv\u00e9risation en alliage de titane et de cuivre et de zinc, VIMATERIAL peut \u00e9galement fournir un service de liaison de cibles, tous nos produits peuvent \u00eatre personnalis\u00e9s et exp\u00e9rimentaux, si vous avez besoin de plus d\u2019informations, veuillez<span style=\"color: #0000ff;\"><a style=\"color: #0000ff;\" href=\"https:\/\/vimaterial.de\/en\/contact-us\/\"> nous contacter<\/a><\/span>.<\/p>\n<h2><span style=\"font-size: 14pt;\">Caract\u00e9ristiques<\/span><\/h2>\n<p>Formule mol\u00e9culaire : TiCuZn<\/p>\n<p>Poids mol\u00e9culaire : 176,8<\/p>\n<p>Aspect : Lustre m\u00e9tallique, couleur entre gris argent\u00e9 et jaune dor\u00e9, surface lisse.<\/p>\n<p>Structure cristalline : diverses possibilit\u00e9s, telles que cubique \u00e0 face centr\u00e9e (FCC), hexagonale dens\u00e9ment tass\u00e9e (HCP)<\/p>\n<h2><span style=\"font-size: 14pt;\">Application<\/span><\/h2>\n<p>\u00c9lectronique&nbsp;: Utilis\u00e9 dans la fabrication de couches d\u2019interconnexion m\u00e9talliques \u00e0 l\u2019int\u00e9rieur de la puce pour assurer une transmission efficace et stable des signaux \u00e9lectroniques gr\u00e2ce \u00e0 sa bonne conductivit\u00e9 \u00e9lectrique et \u00e0 sa r\u00e9sistance \u00e0 l\u2019\u00e9lectromigration.<\/p>\n<p>Industrie automobile : appliqu\u00e9 au rev\u00eatement de surface des composants cl\u00e9s des moteurs automobiles, en utilisant ses propri\u00e9t\u00e9s de r\u00e9sistance \u00e0 l\u2019usure et \u00e0 la corrosion, pour prolonger la dur\u00e9e de vie du moteur et am\u00e9liorer les performances globales.<\/p>\n<p>Bijouterie : formation de rev\u00eatements d\u00e9coratifs \u00e0 la surface des bijoux, combinaison de la couleur et de l\u2019\u00e9clat du cuivre avec la stabilit\u00e9 du titane et du zinc pour donner aux bijoux un aspect unique et un \u00e9clat durable.<\/p>\n<p>A\u00e9rospatiale : D\u00e9p\u00f4t de films de protection pour les pi\u00e8ces d\u2019avions, avec une r\u00e9sistance sp\u00e9cifique \u00e9lev\u00e9e et une r\u00e9sistance \u00e0 la corrosion environnementale, pour assurer le fonctionnement en toute s\u00e9curit\u00e9 des avions dans des conditions de travail complexes.<\/p>\n<h2><span style=\"font-size: 14pt;\">Contr\u00f4le qualit\u00e9<\/span><\/h2>\n<p><span style=\"color: #0000ff;\"><a style=\"color: #0000ff;\" href=\"https:\/\/vimaterial.de\/en\/quality-control\/\">Nos produits<\/a><\/span> sont soumis \u00e0 un syst\u00e8me strict de gestion de la qualit\u00e9. Il existe des normes d\u2019inspection strictes pour les mat\u00e9riaux entrants, le traitement, l\u2019inspection finale et l\u2019inspection d\u2019usine. Des mesures d\u2019isolement strictes sont prises pour le traitement non qualifi\u00e9 afin d\u2019\u00e9viter que les produits non qualifi\u00e9s ne passent au processus suivant. Des \u00e9chantillons sont fournis pour la r\u00e9inspection des clients selon les exigences des clients.   <\/p>\n<h2><span style=\"font-size: 14pt;\">Emballage et stockage<\/span><\/h2>\n<p>Les cibles de pulv\u00e9risation en alliage de titane, de cuivre et de zinc sont emball\u00e9es dans des sacs sous vide \u00e0 double couche, puis emball\u00e9es et emball\u00e9es dans des cartons.<\/p>\n<p>Les cibles de pulv\u00e9risation cathodique en alliage de titane, de cuivre et de zinc doivent \u00eatre stock\u00e9es dans un environnement sec et bien ventil\u00e9, avec une temp\u00e9rature stable et sans gaz corrosifs, en \u00e9vitant l\u2019humidit\u00e9, les collisions m\u00e9caniques et le contact avec des substances susceptibles de provoquer une r\u00e9action chimique, afin de maintenir ses performances et sa qualit\u00e9 stables.<\/p>\n","protected":false},"excerpt":{"rendered":"<p>La cible de pulv\u00e9risation cathodique en alliage de titane et de cuivre est une sorte de mat\u00e9riau d\u2019alliage compos\u00e9 de titane, de cuivre et de zinc, combinant les caract\u00e9ristiques de la r\u00e9sistance \u00e0 la corrosion du titane, de la bonne conductivit\u00e9 \u00e9lectrique du cuivre et de la r\u00e9sistance \u00e0 la corrosion du zinc, etc. Il est principalement utilis\u00e9 dans le processus de d\u00e9p\u00f4t physique en phase vapeur, qui est capable de d\u00e9poser des films minces avec de bonnes performances globales sur le substrat, et il est principalement utilis\u00e9 dans les domaines de l\u2019\u00e9lectronique, de la d\u00e9coration et des machines. <\/p>\n","protected":false},"featured_media":1000673,"comment_status":"open","ping_status":"closed","template":"","meta":{"_acf_changed":false},"product_brand":[],"product_cat":[235],"product_tag":[],"class_list":{"0":"post-1013273","1":"product","2":"type-product","3":"status-publish","4":"has-post-thumbnail","6":"product_cat-cibles-de-pulverisation-planaire","8":"first","9":"instock","10":"shipping-taxable","11":"product-type-variable"},"acf":[],"_links":{"self":[{"href":"https:\/\/vimaterial.de\/fr\/wp-json\/wp\/v2\/product\/1013273","targetHints":{"allow":["GET"]}}],"collection":[{"href":"https:\/\/vimaterial.de\/fr\/wp-json\/wp\/v2\/product"}],"about":[{"href":"https:\/\/vimaterial.de\/fr\/wp-json\/wp\/v2\/types\/product"}],"replies":[{"embeddable":true,"href":"https:\/\/vimaterial.de\/fr\/wp-json\/wp\/v2\/comments?post=1013273"}],"wp:featuredmedia":[{"embeddable":true,"href":"https:\/\/vimaterial.de\/fr\/wp-json\/wp\/v2\/media\/1000673"}],"wp:attachment":[{"href":"https:\/\/vimaterial.de\/fr\/wp-json\/wp\/v2\/media?parent=1013273"}],"wp:term":[{"taxonomy":"product_brand","embeddable":true,"href":"https:\/\/vimaterial.de\/fr\/wp-json\/wp\/v2\/product_brand?post=1013273"},{"taxonomy":"product_cat","embeddable":true,"href":"https:\/\/vimaterial.de\/fr\/wp-json\/wp\/v2\/product_cat?post=1013273"},{"taxonomy":"product_tag","embeddable":true,"href":"https:\/\/vimaterial.de\/fr\/wp-json\/wp\/v2\/product_tag?post=1013273"}],"curies":[{"name":"wp","href":"https:\/\/api.w.org\/{rel}","templated":true}]}}