{"id":1013260,"date":"2024-06-17T14:25:56","date_gmt":"2024-06-17T06:25:56","guid":{"rendered":"https:\/\/vimaterial.de\/product\/hydrure-de-titane\/"},"modified":"2025-04-23T14:58:35","modified_gmt":"2025-04-23T06:58:35","slug":"hydrure-de-titane","status":"publish","type":"product","link":"https:\/\/vimaterial.de\/fr\/product\/hydrure-de-titane\/","title":{"rendered":"Hydrure de titane"},"content":{"rendered":"<p>La poudre d\u2019hydrure de titane est une poudre compos\u00e9e de titane et d\u2019hydrog\u00e8ne, g\u00e9n\u00e9ralement de couleur gris-noir, qui est tr\u00e8s active chimiquement, thermiquement stable et capable de lib\u00e9rer de l\u2019hydrog\u00e8ne dans certaines conditions, et a des applications importantes dans un large \u00e9ventail de domaines tels que la m\u00e9tallurgie des poudres, les mat\u00e9riaux de stockage d\u2019hydrog\u00e8ne et les mousses.<\/p>\n<p>VIMATERIAL est une soci\u00e9t\u00e9 d\u2019innovation de pointe dans le domaine des mat\u00e9riaux chimiques, sp\u00e9cialis\u00e9e dans les mat\u00e9riaux haute performance con\u00e7us pour des applications d\u2019ing\u00e9nierie avanc\u00e9es. Nos produits sont de haute puret\u00e9 et de haute qualit\u00e9, nous prenons en charge l\u2019emballage en petits lots, le MOQ de petits produits, un inventaire suffisant et la personnalisation, si vous avez des besoins, veuillez <span style=\"color: #0000ff;\"><a style=\"color: #0000ff;\" href=\"https:\/\/vimaterial.de\/fr\/contact\/\">nous contacter.<\/a><\/span> <\/p>\n<h2><span style=\"font-size: 14pt;\">Propri\u00e9t\u00e9s<\/span><\/h2>\n<p>Formule mol\u00e9culaire : TiH\u2082<\/p>\n<p>Poids mol\u00e9culaire : 49,88<\/p>\n<p>Aspect : g\u00e9n\u00e9ralement poudre gris-noir<\/p>\n<p>Densit\u00e9 : environ 3,76 &#8211; 3,9 g\/cm\u00b3.<\/p>\n<p>Structure cristalline : appartient au syst\u00e8me cristallin t\u00e9tragonal, les atomes de titane forment une matrice de points cubiques centr\u00e9e sur la face, les atomes d\u2019hydrog\u00e8ne sont situ\u00e9s dans des positions interstitielles t\u00e9tra\u00e9driques.<\/p>\n<h2><span style=\"font-size: 14pt;\">Application<\/span><\/h2>\n<p>M\u00e9tallurgie des poudres : La poudre d\u2019hydrure de titane est utilis\u00e9e comme additif dans la m\u00e9tallurgie des poudres pour am\u00e9liorer les propri\u00e9t\u00e9s de frittage des poudres m\u00e9talliques et pour augmenter la densit\u00e9 des produits, en raison de la d\u00e9composition du titane et de l\u2019hydrog\u00e8ne \u00e0 haute temp\u00e9rature.<\/p>\n<p>Mat\u00e9riaux de stockage de l\u2019hydrog\u00e8ne : Dans le stockage de l\u2019hydrog\u00e8ne, cette poudre peut \u00eatre utilis\u00e9e comme support potentiel de stockage de l\u2019hydrog\u00e8ne, offrant une solution possible pour le stockage et le transport de l\u2019\u00e9nergie hydrog\u00e8ne en raison de sa capacit\u00e9 \u00e0 absorber et \u00e0 lib\u00e9rer de l\u2019hydrog\u00e8ne de mani\u00e8re r\u00e9versible.<\/p>\n<p>Mousse : Pour la fabrication de mousses m\u00e9talliques, lorsqu\u2019elles sont chauff\u00e9es, les poudres d\u2019hydrure de titane se d\u00e9composent pour produire de l\u2019hydrog\u00e8ne, qui mousse la matrice m\u00e9tallique pour produire des mat\u00e9riaux m\u00e9talliques en mousse l\u00e9gers et \u00e0 haute r\u00e9sistance.<\/p>\n<p>A\u00e9rospatiale : Les poudres d\u2019hydrure de titane sont utilis\u00e9es dans la fabrication de composants structurels l\u00e9gers et \u00e0 haute r\u00e9sistance pour les applications a\u00e9rospatiales, o\u00f9 les gaz de d\u00e9composition sont utilis\u00e9s pour contr\u00f4ler la structure des pores du mat\u00e9riau afin d\u2019optimiser ses propri\u00e9t\u00e9s.<\/p>\n<h2><span style=\"font-size: 14pt;\">Contr\u00f4le de la qualit\u00e9<\/span><\/h2>\n<p><span style=\"color: #0000ff;\"><a style=\"color: #0000ff;\" href=\"https:\/\/vimaterial.de\/fr\/le-controle-de-la-qualite\/\">Nos produits<\/a><\/span> sont soumis \u00e0 un syst\u00e8me strict de gestion de la qualit\u00e9. Des mat\u00e9riaux entrants, du traitement, de l\u2019inspection finale \u00e0 l\u2019inspection de l\u2019usine, il existe des normes d\u2019inspection strictes. Des mesures d\u2019isolement strictes sont prises pour le traitement non qualifi\u00e9 afin d\u2019\u00e9viter que les produits non qualifi\u00e9s ne passent au processus suivant. Des \u00e9chantillons sont fournis pour une r\u00e9inspection par le client selon les exigences du client.   <\/p>\n<h2><span style=\"font-size: 14pt;\">Emballage et stockage<\/span><\/h2>\n<p>Les poudres d\u2019hydrure de titane sont emball\u00e9es dans des sacs doubles ou des bouteilles et emball\u00e9es dans des cartons.<\/p>\n<p>La poudre d\u2019hydrure de titane doit \u00eatre stock\u00e9e dans un environnement sec, frais, bien ventil\u00e9 et bien scell\u00e9, en \u00e9vitant tout contact avec des agents oxydants, des acides, de l\u2019eau et d\u2019autres substances pour \u00e9viter la d\u00e9composition due \u00e0 l\u2019humidit\u00e9, \u00e0 l\u2019oxydation et \u00e0 la r\u00e9action de l\u2019eau, afin d\u2019assurer sa stabilit\u00e9 chimique et sa s\u00e9curit\u00e9.<\/p>\n","protected":false},"excerpt":{"rendered":"<p>La poudre d\u2019hydrure de titane est une poudre compos\u00e9e de titane et d\u2019hydrog\u00e8ne, g\u00e9n\u00e9ralement de couleur gris-noir, qui est tr\u00e8s active chimiquement, thermiquement stable et capable de lib\u00e9rer de l\u2019hydrog\u00e8ne dans certaines conditions, et a des applications importantes dans un large \u00e9ventail de domaines tels que la m\u00e9tallurgie des poudres, les mat\u00e9riaux de stockage d\u2019hydrog\u00e8ne et les mousses.<\/p>\n","protected":false},"featured_media":1000687,"comment_status":"open","ping_status":"closed","template":"","meta":{"_acf_changed":false},"product_brand":[],"product_cat":[243],"product_tag":[],"class_list":{"0":"post-1013260","1":"product","2":"type-product","3":"status-publish","4":"has-post-thumbnail","6":"product_cat-materiaux-oxydes-hydroxydes","8":"first","9":"instock","10":"shipping-taxable","11":"purchasable","12":"product-type-variable"},"acf":[],"_links":{"self":[{"href":"https:\/\/vimaterial.de\/fr\/wp-json\/wp\/v2\/product\/1013260","targetHints":{"allow":["GET"]}}],"collection":[{"href":"https:\/\/vimaterial.de\/fr\/wp-json\/wp\/v2\/product"}],"about":[{"href":"https:\/\/vimaterial.de\/fr\/wp-json\/wp\/v2\/types\/product"}],"replies":[{"embeddable":true,"href":"https:\/\/vimaterial.de\/fr\/wp-json\/wp\/v2\/comments?post=1013260"}],"wp:featuredmedia":[{"embeddable":true,"href":"https:\/\/vimaterial.de\/fr\/wp-json\/wp\/v2\/media\/1000687"}],"wp:attachment":[{"href":"https:\/\/vimaterial.de\/fr\/wp-json\/wp\/v2\/media?parent=1013260"}],"wp:term":[{"taxonomy":"product_brand","embeddable":true,"href":"https:\/\/vimaterial.de\/fr\/wp-json\/wp\/v2\/product_brand?post=1013260"},{"taxonomy":"product_cat","embeddable":true,"href":"https:\/\/vimaterial.de\/fr\/wp-json\/wp\/v2\/product_cat?post=1013260"},{"taxonomy":"product_tag","embeddable":true,"href":"https:\/\/vimaterial.de\/fr\/wp-json\/wp\/v2\/product_tag?post=1013260"}],"curies":[{"name":"wp","href":"https:\/\/api.w.org\/{rel}","templated":true}]}}