{"id":1013246,"date":"2024-06-17T14:26:48","date_gmt":"2024-06-17T06:26:48","guid":{"rendered":"https:\/\/vimaterial.de\/product\/titane-alliage-de-magnesium\/"},"modified":"2025-04-18T16:11:48","modified_gmt":"2025-04-18T08:11:48","slug":"titane-alliage-de-magnesium","status":"publish","type":"product","link":"https:\/\/vimaterial.de\/fr\/product\/titane-alliage-de-magnesium\/","title":{"rendered":"Alliage titane et magn\u00e9sium"},"content":{"rendered":"<p>La cible de pulv\u00e9risation en alliage de titane et de magn\u00e9sium est un titane et du magn\u00e9sium en tant que composant principal du mat\u00e9riau de l\u2019alliage, a une bonne r\u00e9sistance, une faible densit\u00e9, une r\u00e9sistance \u00e0 la corrosion et d\u2019autres performances compl\u00e8tes, utilis\u00e9 dans le processus de d\u00e9p\u00f4t physique en phase vapeur, gr\u00e2ce \u00e0 la pulv\u00e9risation de la formation des caract\u00e9ristiques de titane et de magn\u00e9sium du film mince sur le substrat. Ils sont utilis\u00e9s pour former des films minces de titane et de magn\u00e9sium par pulv\u00e9risation cathodique sur un substrat. Ils sont principalement utilis\u00e9s pour fournir des rev\u00eatements en couches minces l\u00e9gers, \u00e0 haute r\u00e9sistance et r\u00e9sistants \u00e0 la corrosion pour les composants des secteurs de l\u2019a\u00e9rospatiale, de l\u2019automobile, de l\u2019\u00e9lectronique et des machines.  <\/p>\n<p>Nous proposons des cibles de pulv\u00e9risation en alliage de titane et de magn\u00e9sium, VIMATERIAL peut \u00e9galement fournir des services de liaison de cibles, tous nos produits peuvent \u00eatre personnalis\u00e9s et exp\u00e9riment\u00e9s, veuillez <span style=\"color: #0000ff;\"><a style=\"color: #0000ff;\" href=\"https:\/\/vimaterial.de\/en\/contact-us\/\">nous contacter<\/a><\/span> si vous avez besoin de plus d\u2019informations.<\/p>\n<p>Caract\u00e9ristiques du produit<\/p>\n<p>Formule mol\u00e9culaire : TiMg<\/p>\n<p>Poids mol\u00e9culaire : 72,18<\/p>\n<p>Apparence&nbsp;: gris argent\u00e9, lustre m\u00e9tallique, surface lisse.<\/p>\n<p>Structure cristalline : Diverses possibilit\u00e9s, y compris l\u2019hexagonal dens\u00e9ment tass\u00e9 (HCP), etc.<\/p>\n<p>Domaines d\u2019application<\/p>\n<p>A\u00e9rospatiale : Utilis\u00e9 dans la fabrication de composants structurels l\u00e9gers d\u2019avions, tels que les ailes et les cadres de fuselage, qui peuvent r\u00e9duire efficacement le poids des avions et am\u00e9liorer les performances de vol en raison de ses caract\u00e9ristiques de haute r\u00e9sistance et de faible densit\u00e9.<\/p>\n<p>Fabrication automobile&nbsp;: D\u00e9pos\u00e9 \u00e0 la surface de composants cl\u00e9s tels que les blocs moteur automobiles et les moyeux de roue pour am\u00e9liorer la r\u00e9sistance \u00e0 l\u2019usure et la r\u00e9sistance \u00e0 la corrosion des composants, et en m\u00eame temps, r\u00e9duire le poids et am\u00e9liorer l\u2019\u00e9conomie de carburant des automobiles.<\/p>\n<p>\u00c9quipement \u00e9lectronique&nbsp;: Cible de pulv\u00e9risation en alliage de titane et de magn\u00e9sium utilis\u00e9e dans les t\u00e9l\u00e9phones portables, les ordinateurs et d\u2019autres produits \u00e9lectroniques tels que les dissipateurs thermiques, les coques et d\u2019autres composants, non seulement pour profiter de sa bonne conductivit\u00e9 thermique, mais \u00e9galement avec ses caract\u00e9ristiques de l\u00e9g\u00e8ret\u00e9 pour r\u00e9aliser l\u2019\u00e9quipement mince et l\u00e9ger.<\/p>\n<p>Dispositifs m\u00e9dicaux : utilis\u00e9s dans la fabrication d\u2019articulations artificielles, de dispositifs m\u00e9dicaux implantables, etc. En raison de sa bonne biocompatibilit\u00e9 et de ses propri\u00e9t\u00e9s m\u00e9caniques, il peut mieux s\u2019adapter \u00e0 l\u2019environnement humain et prolonger la dur\u00e9e de vie. <\/p>\n<p>Contr\u00f4le qualit\u00e9<\/p>\n<p><span style=\"color: #0000ff;\"><a style=\"color: #0000ff;\" href=\"https:\/\/vimaterial.de\/en\/quality-control\/\">Nos produits<\/a><\/span> sont soumis \u00e0 un syst\u00e8me strict de gestion de la qualit\u00e9. Il existe des normes d\u2019inspection strictes pour les mat\u00e9riaux entrants, le traitement, l\u2019inspection finale et l\u2019inspection d\u2019usine. Des mesures d\u2019isolement strictes sont prises pour le traitement non qualifi\u00e9 afin d\u2019\u00e9viter que les produits non qualifi\u00e9s ne passent au processus suivant. Des \u00e9chantillons sont fournis pour la r\u00e9inspection des clients selon les exigences des clients.   <\/p>\n<p>Emballage et stockage<\/p>\n<p>Les cibles de pulv\u00e9risation en alliage titane-magn\u00e9sium sont emball\u00e9es dans des sacs sous vide doubles, puis emball\u00e9es et emball\u00e9es dans des cartons.<\/p>\n<p>Les cibles de pulv\u00e9risation en alliage de titane et de magn\u00e9sium doivent \u00eatre stock\u00e9es dans un environnement sec et bien ventil\u00e9 avec une temp\u00e9rature stable et en \u00e9vitant la lumi\u00e8re directe du soleil, en \u00e9vitant l\u2019humidit\u00e9, en \u00e9vitant le contact avec des substances corrosives et en m\u00eame temps en emp\u00eachant les cibles d\u2019\u00eatre soumises \u00e0 des collisions violentes et \u00e0 des vibrations, afin d\u2019assurer la stabilit\u00e9 de leurs propri\u00e9t\u00e9s physiques et chimiques.<\/p>\n","protected":false},"excerpt":{"rendered":"<p>La cible de pulv\u00e9risation en alliage de titane et de magn\u00e9sium est un titane et du magn\u00e9sium en tant que composant principal du mat\u00e9riau de l\u2019alliage, a une bonne r\u00e9sistance, une faible densit\u00e9, une r\u00e9sistance \u00e0 la corrosion et d\u2019autres performances compl\u00e8tes, utilis\u00e9 dans le processus de d\u00e9p\u00f4t physique en phase vapeur, gr\u00e2ce \u00e0 la pulv\u00e9risation de la formation des caract\u00e9ristiques de titane et de magn\u00e9sium du film mince sur le substrat. Ils sont utilis\u00e9s pour former des films minces de titane et de magn\u00e9sium par pulv\u00e9risation cathodique sur un substrat. Ils sont principalement utilis\u00e9s pour fournir des rev\u00eatements en couches minces l\u00e9gers, \u00e0 haute r\u00e9sistance et r\u00e9sistants \u00e0 la corrosion pour les composants des secteurs de l\u2019a\u00e9rospatiale, de l\u2019automobile, de l\u2019\u00e9lectronique et des machines.  <\/p>\n","protected":false},"featured_media":1000703,"comment_status":"open","ping_status":"closed","template":"","meta":{"_acf_changed":false},"product_brand":[],"product_cat":[235],"product_tag":[],"class_list":{"0":"post-1013246","1":"product","2":"type-product","3":"status-publish","4":"has-post-thumbnail","6":"product_cat-cibles-de-pulverisation-planaire","8":"first","9":"instock","10":"shipping-taxable","11":"product-type-variable"},"acf":[],"_links":{"self":[{"href":"https:\/\/vimaterial.de\/fr\/wp-json\/wp\/v2\/product\/1013246","targetHints":{"allow":["GET"]}}],"collection":[{"href":"https:\/\/vimaterial.de\/fr\/wp-json\/wp\/v2\/product"}],"about":[{"href":"https:\/\/vimaterial.de\/fr\/wp-json\/wp\/v2\/types\/product"}],"replies":[{"embeddable":true,"href":"https:\/\/vimaterial.de\/fr\/wp-json\/wp\/v2\/comments?post=1013246"}],"wp:featuredmedia":[{"embeddable":true,"href":"https:\/\/vimaterial.de\/fr\/wp-json\/wp\/v2\/media\/1000703"}],"wp:attachment":[{"href":"https:\/\/vimaterial.de\/fr\/wp-json\/wp\/v2\/media?parent=1013246"}],"wp:term":[{"taxonomy":"product_brand","embeddable":true,"href":"https:\/\/vimaterial.de\/fr\/wp-json\/wp\/v2\/product_brand?post=1013246"},{"taxonomy":"product_cat","embeddable":true,"href":"https:\/\/vimaterial.de\/fr\/wp-json\/wp\/v2\/product_cat?post=1013246"},{"taxonomy":"product_tag","embeddable":true,"href":"https:\/\/vimaterial.de\/fr\/wp-json\/wp\/v2\/product_tag?post=1013246"}],"curies":[{"name":"wp","href":"https:\/\/api.w.org\/{rel}","templated":true}]}}