{"id":1013238,"date":"2024-06-17T14:25:57","date_gmt":"2024-06-17T06:25:57","guid":{"rendered":"https:\/\/vimaterial.de\/product\/iodure-de-titane\/"},"modified":"2025-04-18T16:14:00","modified_gmt":"2025-04-18T08:14:00","slug":"iodure-de-titane","status":"publish","type":"product","link":"https:\/\/vimaterial.de\/fr\/product\/iodure-de-titane\/","title":{"rendered":"Iodure de titane"},"content":{"rendered":"<p>Les poudres d\u2019iodure de titane sont des compos\u00e9s de titane et d\u2019iodure, g\u00e9n\u00e9ralement de couleur brun fonc\u00e9 ou noir, hautement hygroscopiques et chimiquement actifs, jouant un r\u00f4le important dans la synth\u00e8se organique et la pr\u00e9paration des m\u00e9taux de titane.<\/p>\n<p>VIMATERIAL est une soci\u00e9t\u00e9 d\u2019innovation de pointe dans le domaine des mat\u00e9riaux chimiques, sp\u00e9cialis\u00e9e dans les mat\u00e9riaux haute performance con\u00e7us pour des applications d\u2019ing\u00e9nierie avanc\u00e9es. Nos produits sont de haute puret\u00e9 et de haute qualit\u00e9, nous prenons en charge l\u2019emballage en petits lots, le MOQ de petits produits, un inventaire suffisant et la personnalisation, si vous avez des besoins, veuillez<span style=\"color: #0000ff;\"><a style=\"color: #0000ff;\" href=\"https:\/\/vimaterial.de\/en\/contact-us\/\"> nous contacter<\/a><\/span>. <\/p>\n<h2><span style=\"font-size: 14pt;\">Propri\u00e9t\u00e9s<\/span><\/h2>\n<p>Formule mol\u00e9culaire : TiI\u2084<\/p>\n<p>Poids mol\u00e9culaire : 555,48<\/p>\n<p>Apparence&nbsp;: g\u00e9n\u00e9ralement brun fonc\u00e9 ou poudre cristalline noire<\/p>\n<p>Densit\u00e9 : environ 4,4 g\/cm\u00b3.<\/p>\n<p>Point de fusion : environ 150\u00b0C<\/p>\n<p>Point d\u2019\u00e9bullition : environ 377,2 \u00b0C<\/p>\n<p>Structure cristalline : appartient au syst\u00e8me cristallin orthorhombique, l\u2019atome de titane est situ\u00e9 au centre de sa structure cristalline, entour\u00e9 d\u2019atomes d\u2019iode.<\/p>\n<h2><span style=\"font-size: 14pt;\">Application<\/span><\/h2>\n<p>Synth\u00e8se organique : La poudre d\u2019iodure de titane peut \u00eatre utilis\u00e9e comme agent r\u00e9ducteur dans la synth\u00e8se organique pour r\u00e9duire les compos\u00e9s carbonyl\u00e9s, etc. En vertu de son pouvoir r\u00e9ducteur, il peut favoriser la r\u00e9action organique et synth\u00e9tiser une vari\u00e9t\u00e9 d\u2019interm\u00e9diaires organiques. <\/p>\n<p>Chimie organique des m\u00e9taux : En chimie organique des m\u00e9taux, cette poudre est une mati\u00e8re premi\u00e8re importante pour la pr\u00e9paration d\u2019autres compos\u00e9s organiques de titane. Par des r\u00e9actions chimiques, il peut g\u00e9n\u00e9rer une vari\u00e9t\u00e9 de compos\u00e9s organiques contenant du titane, qui constituent la base de la recherche de nouveaux compos\u00e9s organiques m\u00e9talliques. <\/p>\n<p>Pr\u00e9paration des mat\u00e9riaux : Utilis\u00e9 dans la pr\u00e9paration des mat\u00e9riaux en titane, en tant que source de titane dans certains processus de pr\u00e9paration sp\u00e9ciaux, tels que la r\u00e9action avec d\u2019autres substances pour pr\u00e9parer du titane m\u00e9tallique ou un alliage de titane de haute puret\u00e9.<\/p>\n<p>Catalyse&nbsp;: Les poudres d\u2019iodure de titane sont utilis\u00e9es comme composant catalytique dans les r\u00e9actions catalytiques pour aider \u00e0 r\u00e9guler la vitesse et la s\u00e9lectivit\u00e9 de certaines r\u00e9actions de polym\u00e9risation organique et pour augmenter le rendement des produits cibles.<\/p>\n<h2><span style=\"font-size: 14pt;\">Contr\u00f4le de la qualit\u00e9<\/span><\/h2>\n<p><span style=\"color: #0000ff;\"><a style=\"color: #0000ff;\" href=\"https:\/\/vimaterial.de\/en\/quality-control\/\">Nos produits<\/a> <\/span>sont soumis \u00e0 un syst\u00e8me strict de gestion de la qualit\u00e9. Des mat\u00e9riaux entrants, du traitement, de l\u2019inspection finale \u00e0 l\u2019inspection de l\u2019usine, il existe des normes d\u2019inspection strictes. Des mesures d\u2019isolement strictes sont prises pour le traitement non qualifi\u00e9 afin d\u2019\u00e9viter que les produits non qualifi\u00e9s ne passent au processus suivant. Des \u00e9chantillons sont fournis pour une r\u00e9inspection par le client selon les exigences du client.   <\/p>\n<h2><span style=\"font-size: 14pt;\">Emballage et stockage<\/span><\/h2>\n<p>Les poudres d\u2019iodure de titane sont emball\u00e9es dans des sacs doubles ou des bouteilles et emball\u00e9es dans des cartons.<\/p>\n<p>La poudre d\u2019iodure de titane doit \u00eatre stock\u00e9e dans un environnement sec, frais, \u00e9tanche \u00e0 la lumi\u00e8re et bien scell\u00e9, de pr\u00e9f\u00e9rence prot\u00e9g\u00e9 par un gaz inerte, \u00e0 l\u2019abri du feu, de la chaleur, de l\u2019eau et des agents oxydants, car il est hautement hygroscopique et chimiquement actif. De telles conditions de stockage emp\u00eachent l\u2019humidit\u00e9, l\u2019oxydation et la d\u00e9composition, maintenant ainsi sa stabilit\u00e9 chimique. <\/p>\n","protected":false},"excerpt":{"rendered":"<p>Les poudres d\u2019iodure de titane sont des compos\u00e9s de titane et d\u2019iodure, g\u00e9n\u00e9ralement de couleur brun fonc\u00e9 ou noir, hautement hygroscopiques et chimiquement actifs, jouant un r\u00f4le important dans la synth\u00e8se organique et la pr\u00e9paration des m\u00e9taux de titane.<\/p>\n","protected":false},"featured_media":1000695,"comment_status":"open","ping_status":"closed","template":"","meta":{"_acf_changed":false},"product_brand":[],"product_cat":[239],"product_tag":[],"class_list":{"0":"post-1013238","1":"product","2":"type-product","3":"status-publish","4":"has-post-thumbnail","6":"product_cat-materiaux-halogenes","8":"first","9":"instock","10":"shipping-taxable","11":"product-type-variable"},"acf":[],"_links":{"self":[{"href":"https:\/\/vimaterial.de\/fr\/wp-json\/wp\/v2\/product\/1013238","targetHints":{"allow":["GET"]}}],"collection":[{"href":"https:\/\/vimaterial.de\/fr\/wp-json\/wp\/v2\/product"}],"about":[{"href":"https:\/\/vimaterial.de\/fr\/wp-json\/wp\/v2\/types\/product"}],"replies":[{"embeddable":true,"href":"https:\/\/vimaterial.de\/fr\/wp-json\/wp\/v2\/comments?post=1013238"}],"wp:featuredmedia":[{"embeddable":true,"href":"https:\/\/vimaterial.de\/fr\/wp-json\/wp\/v2\/media\/1000695"}],"wp:attachment":[{"href":"https:\/\/vimaterial.de\/fr\/wp-json\/wp\/v2\/media?parent=1013238"}],"wp:term":[{"taxonomy":"product_brand","embeddable":true,"href":"https:\/\/vimaterial.de\/fr\/wp-json\/wp\/v2\/product_brand?post=1013238"},{"taxonomy":"product_cat","embeddable":true,"href":"https:\/\/vimaterial.de\/fr\/wp-json\/wp\/v2\/product_cat?post=1013238"},{"taxonomy":"product_tag","embeddable":true,"href":"https:\/\/vimaterial.de\/fr\/wp-json\/wp\/v2\/product_tag?post=1013238"}],"curies":[{"name":"wp","href":"https:\/\/api.w.org\/{rel}","templated":true}]}}