{"id":1013228,"date":"2024-06-17T14:26:49","date_gmt":"2024-06-17T06:26:49","guid":{"rendered":"https:\/\/vimaterial.de\/product\/nitrure-de-titane-2\/"},"modified":"2025-04-18T16:07:16","modified_gmt":"2025-04-18T08:07:16","slug":"nitrure-de-titane-2","status":"publish","type":"product","link":"https:\/\/vimaterial.de\/fr\/product\/nitrure-de-titane-2\/","title":{"rendered":"Nitrure de titane"},"content":{"rendered":"<p><a href=\"https:\/\/vimaterial.de\/fr\/product\/nitrure-de-titane\/\"><span style=\"color: #0000ff;\">Nitrure de titane <\/span><\/a>La poudre est une poudre compos\u00e9e de couleur dor\u00e9e, principalement compos\u00e9e de titane et d\u2019azote, avec une duret\u00e9 \u00e9lev\u00e9e, un point de fusion \u00e9lev\u00e9, une bonne r\u00e9sistance \u00e0 l\u2019usure et une stabilit\u00e9 chimique, qui a une large gamme d\u2019applications dans de nombreux domaines tels que les rev\u00eatements d\u2019outils, les rev\u00eatements d\u00e9coratifs et l\u2019\u00e9lectronique.<\/p>\n<p>VIMATERIAL est une soci\u00e9t\u00e9 d\u2019innovation de pointe dans le domaine des mat\u00e9riaux chimiques, sp\u00e9cialis\u00e9e dans les mat\u00e9riaux haute performance con\u00e7us pour des applications d\u2019ing\u00e9nierie avanc\u00e9es. Nos produits sont de haute puret\u00e9 et de haute qualit\u00e9, nous prenons en charge l\u2019emballage en petits lots, le MOQ de petits produits, un inventaire suffisant et la personnalisation, si vous avez des besoins, veuillez<span style=\"color: #0000ff;\"><a style=\"color: #0000ff;\" href=\"https:\/\/vimaterial.de\/fr\/contact\/\"> nous contacter<\/a><\/span>. <\/p>\n<h2><span style=\"font-size: 14pt;\">Propri\u00e9t\u00e9s<\/span><\/h2>\n<p>Formule mol\u00e9culaire : TiN<\/p>\n<p>Poids mol\u00e9culaire : 61,87<\/p>\n<p>Apparence&nbsp;: poudre jaune dor\u00e9<\/p>\n<p>Densit\u00e9 : environ 5,43 g\/cm\u00b3.<\/p>\n<p>Point de fusion : environ 2950\u00b0C<\/p>\n<p>Structure cristalline : Structure cristalline cubique \u00e0 face centr\u00e9e (FCC).<\/p>\n<h2><span style=\"font-size: 14pt;\">Application<\/span><\/h2>\n<p>Outils de coupe&nbsp;: La poudre de nitrure de titane peut \u00eatre utilis\u00e9e pour le rev\u00eatement des outils de coupe. Gr\u00e2ce \u00e0 sa duret\u00e9 \u00e9lev\u00e9e et \u00e0 sa r\u00e9sistance \u00e0 l\u2019usure, il peut am\u00e9liorer consid\u00e9rablement les performances de coupe et la dur\u00e9e de vie des outils, et maintenir les outils aff\u00fbt\u00e9s lors de la coupe de m\u00e9taux et d\u2019autres mat\u00e9riaux \u00e0 grande vitesse. <\/p>\n<p>Mat\u00e9riaux d\u00e9coratifs : Dans le domaine de la d\u00e9coration, cette poudre peut \u00eatre utilis\u00e9e pour fabriquer des rev\u00eatements d\u00e9coratifs de haute qualit\u00e9, qui, en raison de sa couleur dor\u00e9e et de sa bonne brillance, peuvent ajouter de belles surfaces d\u00e9coratives r\u00e9sistantes \u00e0 l\u2019usure \u00e0 une vari\u00e9t\u00e9 de produits tels que les bracelets de montres et les bijoux.<\/p>\n<p>\u00c9lectronique&nbsp;: La poudre de nitrure de titane est utilis\u00e9e comme film conducteur dans les appareils \u00e9lectroniques, o\u00f9 sa bonne conductivit\u00e9 \u00e9lectrique et sa stabilit\u00e9 chimique emp\u00eachent la corrosion des composants \u00e9lectroniques et assurent une transmission stable des signaux \u00e9lectroniques.<\/p>\n<p>Automobile : Utilis\u00e9 dans le traitement de surface des pi\u00e8ces et des composants de moteur automobile pour am\u00e9liorer la r\u00e9sistance \u00e0 l\u2019usure et \u00e0 la corrosion, rendant les pi\u00e8ces automobiles plus durables dans des conditions de travail complexes et contribuant \u00e0 am\u00e9liorer les performances globales et la dur\u00e9e de vie du v\u00e9hicule.<\/p>\n<h2><span style=\"font-size: 14pt;\">Contr\u00f4le de la qualit\u00e9<\/span><\/h2>\n<p><span style=\"color: #0000ff;\"><a style=\"color: #0000ff;\" href=\"https:\/\/vimaterial.de\/fr\/le-controle-de-la-qualite\/\">Nos produits<\/a><\/span> sont soumis \u00e0 un syst\u00e8me strict de gestion de la qualit\u00e9. Des mat\u00e9riaux entrants, du traitement, de l\u2019inspection finale \u00e0 l\u2019inspection de l\u2019usine, il existe des normes d\u2019inspection strictes. Des mesures d\u2019isolement strictes sont prises pour le traitement non qualifi\u00e9 afin d\u2019\u00e9viter que les produits non qualifi\u00e9s ne passent au processus suivant. Des \u00e9chantillons sont fournis pour une r\u00e9inspection par le client selon les exigences du client.   <\/p>\n<h2><span style=\"font-size: 14pt;\">Emballage et stockage<\/span><\/h2>\n<p>Les poudres de nitrure de titane sont emball\u00e9es dans des sacs doubles ou des bouteilles et emball\u00e9es dans des cartons.<\/p>\n<p>La poudre de nitrure de titane doit \u00eatre stock\u00e9e dans un environnement sec, frais et bien ventil\u00e9 dans des r\u00e9cipients scell\u00e9s, en \u00e9vitant le contact avec l\u2019humidit\u00e9, les acides forts, les bases fortes et les agents oxydants puissants, pour \u00e9viter l\u2019humidit\u00e9, la corrosion ou les r\u00e9actions chimiques qui peuvent alt\u00e9rer les propri\u00e9t\u00e9s.<\/p>\n","protected":false},"excerpt":{"rendered":"<p><a href=\"https:\/\/vimaterial.de\/fr\/product\/nitrure-de-titane\/\"><span style=\"color: #0000ff;\">Nitrure de titane <\/span><\/a>La poudre est une poudre compos\u00e9e de couleur dor\u00e9e, principalement compos\u00e9e de titane et d\u2019azote, avec une duret\u00e9 \u00e9lev\u00e9e, un point de fusion \u00e9lev\u00e9, une bonne r\u00e9sistance \u00e0 l\u2019usure et une stabilit\u00e9 chimique, qui a une large gamme d\u2019applications dans de nombreux domaines tels que les rev\u00eatements d\u2019outils, les rev\u00eatements d\u00e9coratifs et l\u2019\u00e9lectronique.<\/p>\n","protected":false},"featured_media":1000717,"comment_status":"open","ping_status":"closed","template":"","meta":{"_acf_changed":false},"product_brand":[],"product_cat":[240],"product_tag":[],"class_list":{"0":"post-1013228","1":"product","2":"type-product","3":"status-publish","4":"has-post-thumbnail","6":"product_cat-materiaux-c-n-b-si","8":"first","9":"instock","10":"shipping-taxable","11":"purchasable","12":"product-type-variable"},"acf":[],"_links":{"self":[{"href":"https:\/\/vimaterial.de\/fr\/wp-json\/wp\/v2\/product\/1013228","targetHints":{"allow":["GET"]}}],"collection":[{"href":"https:\/\/vimaterial.de\/fr\/wp-json\/wp\/v2\/product"}],"about":[{"href":"https:\/\/vimaterial.de\/fr\/wp-json\/wp\/v2\/types\/product"}],"replies":[{"embeddable":true,"href":"https:\/\/vimaterial.de\/fr\/wp-json\/wp\/v2\/comments?post=1013228"}],"wp:featuredmedia":[{"embeddable":true,"href":"https:\/\/vimaterial.de\/fr\/wp-json\/wp\/v2\/media\/1000717"}],"wp:attachment":[{"href":"https:\/\/vimaterial.de\/fr\/wp-json\/wp\/v2\/media?parent=1013228"}],"wp:term":[{"taxonomy":"product_brand","embeddable":true,"href":"https:\/\/vimaterial.de\/fr\/wp-json\/wp\/v2\/product_brand?post=1013228"},{"taxonomy":"product_cat","embeddable":true,"href":"https:\/\/vimaterial.de\/fr\/wp-json\/wp\/v2\/product_cat?post=1013228"},{"taxonomy":"product_tag","embeddable":true,"href":"https:\/\/vimaterial.de\/fr\/wp-json\/wp\/v2\/product_tag?post=1013228"}],"curies":[{"name":"wp","href":"https:\/\/api.w.org\/{rel}","templated":true}]}}