{"id":1013219,"date":"2024-06-17T14:26:48","date_gmt":"2024-06-17T06:26:48","guid":{"rendered":"https:\/\/vimaterial.de\/product\/alliage-de-titane-et-de-molybdene\/"},"modified":"2025-04-18T16:09:40","modified_gmt":"2025-04-18T08:09:40","slug":"alliage-de-titane-et-de-molybdene","status":"publish","type":"product","link":"https:\/\/vimaterial.de\/fr\/product\/alliage-de-titane-et-de-molybdene\/","title":{"rendered":"Alliage titane-molybd\u00e8ne"},"content":{"rendered":"<p>La cible de pulv\u00e9risation en alliage de titane et de molybd\u00e8ne est un alliage de titane et de molybd\u00e8ne, qui combine la bonne r\u00e9sistance \u00e0 la corrosion du titane avec le point de fusion \u00e9lev\u00e9 et la haute r\u00e9sistance du molybd\u00e8ne, etc. Il est principalement utilis\u00e9 dans le processus de d\u00e9p\u00f4t physique en phase vapeur et est capable de d\u00e9poser des films minces sur le substrat avec d\u2019excellentes performances globales, ce qui est principalement utilis\u00e9 dans les domaines de l\u2019a\u00e9rospatiale, de l\u2019\u00e9lectronique et des machines. <\/p>\n<p>Nous proposons des cibles de pulv\u00e9risation en alliage de titane et de molybd\u00e8ne, VIMATERIAL peut \u00e9galement fournir un service de liaison de cibles, tous nos produits peuvent \u00eatre personnalis\u00e9s et exp\u00e9rimentaux, si vous avez besoin de plus d\u2019informations, veuillez <span style=\"color: #0000ff;\"><a style=\"color: #0000ff;\" href=\"https:\/\/vimaterial.de\/en\/contact-us\/\">nous contacter.<\/a><\/span><\/p>\n<h2><span style=\"font-size: 14pt;\">Caract\u00e9ristiques<\/span><\/h2>\n<p>Formule mol\u00e9culaire : TiMo<\/p>\n<p>Poids mol\u00e9culaire : 143,81<\/p>\n<p>Apparence&nbsp;: gris argent\u00e9, lustre m\u00e9tallique, surface lisse<\/p>\n<p>Structure cristalline : Diverse, peut inclure un cubique centr\u00e9 sur le corps (BCC)<\/p>\n<h2><span style=\"font-size: 14pt;\">Application<\/span><\/h2>\n<p>A\u00e9rospatiale : Dans l\u2019a\u00e9rospatiale, les cibles de pulv\u00e9risation en alliage de titane et de molybd\u00e8ne sont utilis\u00e9es pour rev\u00eatir des composants tels que des pales de moteur d\u2019avion et des tuy\u00e8res de fus\u00e9e, o\u00f9 leur point de fusion \u00e9lev\u00e9 et leur bonne r\u00e9sistance \u00e0 l\u2019oxydation \u00e0 haute temp\u00e9rature leur permettent de r\u00e9sister \u00e0 des temp\u00e9ratures extr\u00eames et d\u2019am\u00e9liorer la dur\u00e9e de vie et les performances des composants.<\/p>\n<p>\u00c9lectronique&nbsp;: Dans l\u2019industrie \u00e9lectronique, les cibles de pulv\u00e9risation sont utilis\u00e9es pour d\u00e9poser des couches minces de fils d\u2019interconnexion dans des circuits int\u00e9gr\u00e9s et des couches minces de mat\u00e9riaux d\u2019emballage \u00e9lectronique, profitant de leur bonne conductivit\u00e9 \u00e9lectrique et de leur stabilit\u00e9 thermique pour assurer la transmission efficace des signaux \u00e9lectroniques et la stabilit\u00e9 des composants \u00e9lectroniques.<\/p>\n<p>Domaine des dispositifs m\u00e9dicaux : Pour les dispositifs m\u00e9dicaux, il peut \u00eatre utilis\u00e9 pour fabriquer des rev\u00eatements de surface pour les articulations artificielles et les implants dentaires, etc. En combinant les avantages de la biocompatibilit\u00e9 du titane et des propri\u00e9t\u00e9s m\u00e9caniques du molybd\u00e8ne, les dispositifs implant\u00e9s peuvent mieux s\u2019adapter \u00e0 l\u2019environnement physiologique humain et am\u00e9liorer la s\u00e9curit\u00e9 et la durabilit\u00e9 des dispositifs implant\u00e9s. <\/p>\n<p>Fabrication automobile : Dans la construction automobile, la cible de pulv\u00e9risation est utilis\u00e9e dans le rev\u00eatement des pi\u00e8ces internes des moteurs automobiles et des composants du syst\u00e8me de freinage, en s\u2019appuyant sur sa haute r\u00e9sistance et ses caract\u00e9ristiques anti-usure pour am\u00e9liorer la r\u00e9sistance \u00e0 l\u2019usure et \u00e0 la fatigue des pi\u00e8ces et prolonger la dur\u00e9e de vie des composants automobiles.<\/p>\n<h2><span style=\"font-size: 14pt;\">Contr\u00f4le qualit\u00e9<\/span><\/h2>\n<p><span style=\"color: #0000ff;\"><a style=\"color: #0000ff;\" href=\"https:\/\/vimaterial.de\/en\/quality-control\/\">Nos produits<\/a><\/span> sont soumis \u00e0 un syst\u00e8me strict de gestion de la qualit\u00e9. Il existe des normes d\u2019inspection strictes pour les mat\u00e9riaux entrants, le traitement, l\u2019inspection finale et l\u2019inspection d\u2019usine. Des mesures d\u2019isolement strictes sont prises pour le traitement non qualifi\u00e9 afin d\u2019\u00e9viter que les produits non qualifi\u00e9s ne passent au processus suivant. Des \u00e9chantillons sont fournis pour la r\u00e9inspection des clients selon les exigences des clients.   <\/p>\n<h2><span style=\"font-size: 14pt;\">Emballage et stockage<\/span><\/h2>\n<p>Les cibles de pulv\u00e9risation en alliage de titane-molybd\u00e8ne sont emball\u00e9es dans des sacs sous vide doubles, puis emball\u00e9es et emball\u00e9es dans des cartons.<\/p>\n<p>La cible de pulv\u00e9risation en alliage de titane-molybd\u00e8ne doit \u00eatre stock\u00e9e dans un environnement sec, frais et bien ventil\u00e9, en \u00e9vitant l\u2019humidit\u00e9, en \u00e9vitant le contact avec des substances corrosives fortes, et en m\u00eame temps en faisant attention \u00e0 \u00e9viter les dommages m\u00e9caniques tels que les collisions violentes et les frottements, afin de maintenir la stabilit\u00e9 de ses propri\u00e9t\u00e9s physiques et chimiques.<\/p>\n","protected":false},"excerpt":{"rendered":"<p>La cible de pulv\u00e9risation en alliage de titane et de molybd\u00e8ne est un alliage de titane et de molybd\u00e8ne, qui combine la bonne r\u00e9sistance \u00e0 la corrosion du titane avec le point de fusion \u00e9lev\u00e9 et la haute r\u00e9sistance du molybd\u00e8ne, etc. Il est principalement utilis\u00e9 dans le processus de d\u00e9p\u00f4t physique en phase vapeur et est capable de d\u00e9poser des films minces sur le substrat avec d\u2019excellentes performances globales, ce qui est principalement utilis\u00e9 dans les domaines de l\u2019a\u00e9rospatiale, de l\u2019\u00e9lectronique et des machines. <\/p>\n","protected":false},"featured_media":1000710,"comment_status":"open","ping_status":"closed","template":"","meta":{"_acf_changed":false},"product_brand":[],"product_cat":[235],"product_tag":[],"class_list":{"0":"post-1013219","1":"product","2":"type-product","3":"status-publish","4":"has-post-thumbnail","6":"product_cat-cibles-de-pulverisation-planaire","8":"first","9":"instock","10":"shipping-taxable","11":"product-type-variable"},"acf":[],"_links":{"self":[{"href":"https:\/\/vimaterial.de\/fr\/wp-json\/wp\/v2\/product\/1013219","targetHints":{"allow":["GET"]}}],"collection":[{"href":"https:\/\/vimaterial.de\/fr\/wp-json\/wp\/v2\/product"}],"about":[{"href":"https:\/\/vimaterial.de\/fr\/wp-json\/wp\/v2\/types\/product"}],"replies":[{"embeddable":true,"href":"https:\/\/vimaterial.de\/fr\/wp-json\/wp\/v2\/comments?post=1013219"}],"wp:featuredmedia":[{"embeddable":true,"href":"https:\/\/vimaterial.de\/fr\/wp-json\/wp\/v2\/media\/1000710"}],"wp:attachment":[{"href":"https:\/\/vimaterial.de\/fr\/wp-json\/wp\/v2\/media?parent=1013219"}],"wp:term":[{"taxonomy":"product_brand","embeddable":true,"href":"https:\/\/vimaterial.de\/fr\/wp-json\/wp\/v2\/product_brand?post=1013219"},{"taxonomy":"product_cat","embeddable":true,"href":"https:\/\/vimaterial.de\/fr\/wp-json\/wp\/v2\/product_cat?post=1013219"},{"taxonomy":"product_tag","embeddable":true,"href":"https:\/\/vimaterial.de\/fr\/wp-json\/wp\/v2\/product_tag?post=1013219"}],"curies":[{"name":"wp","href":"https:\/\/api.w.org\/{rel}","templated":true}]}}