{"id":1013199,"date":"2024-06-17T14:26:50","date_gmt":"2024-06-17T06:26:50","guid":{"rendered":"https:\/\/vimaterial.de\/product\/nitrure-de-titane\/"},"modified":"2025-04-18T16:05:20","modified_gmt":"2025-04-18T08:05:20","slug":"nitrure-de-titane","status":"publish","type":"product","link":"https:\/\/vimaterial.de\/fr\/product\/nitrure-de-titane\/","title":{"rendered":"Nitrure de titane"},"content":{"rendered":"<p>La cible de pulv\u00e9risation en <span style=\"color: #0000ff;\"><a style=\"color: #0000ff;\" href=\"https:\/\/vimaterial.de\/fr\/product\/nitrure-de-titane-2\/\">nitrure de titane<\/a><\/span> est un mat\u00e9riau compos\u00e9 compos\u00e9 de titane et d\u2019azote, qui est principalement utilis\u00e9 dans le processus de pulv\u00e9risation de la technologie de d\u00e9p\u00f4t physique en phase vapeur (PVD), et est capable de d\u00e9poser des films minces de nitrure de titane avec une duret\u00e9 \u00e9lev\u00e9e, une bonne r\u00e9sistance \u00e0 l\u2019abrasion, une stabilit\u00e9 chimique et un aspect jaune dor\u00e9 sur le substrat.<\/p>\n<p>Nous fournissons des cibles de pulv\u00e9risation en nitrure de titane, VIMATERIAL peut \u00e9galement fournir un service de liaison de cibles, nos produits sont soumis \u00e0 la personnalisation et \u00e0 l\u2019exp\u00e9rimentation, veuillez <span style=\"color: #0000ff;\"><a style=\"color: #0000ff;\" href=\"https:\/\/vimaterial.de\/fr\/contact\/\">nous contacter<\/a><\/span> si vous en avez besoin.<\/p>\n<h2><span style=\"font-size: 14pt;\">Caract\u00e9ristiques<\/span><\/h2>\n<p>Formule mol\u00e9culaire : TiN<\/p>\n<p>Poids mol\u00e9culaire : 61,88<\/p>\n<p>Apparence&nbsp;: G\u00e9n\u00e9ralement jaune d\u2019or, lustre m\u00e9tallique, surface lisse.<\/p>\n<p>Densit\u00e9 : environ 5,43 g\/cm\u00b3.<\/p>\n<p>Point de fusion : environ 2950\u00b0C<\/p>\n<p>Point d\u2019\u00e9bullition : environ 4200\u00b0C<\/p>\n<p>Structure cristalline : Structure cubique \u00e0 face centr\u00e9e (FCC), les atomes de titane sont situ\u00e9s aux coins et aux centres de face du cube, et les atomes d\u2019azote remplissent les interstices de l\u2019octa\u00e8dre form\u00e9 par les atomes de titane.<\/p>\n<h2><span style=\"font-size: 14pt;\">Applications<\/span><\/h2>\n<p>Outils de coupe : Des films TiN sont d\u00e9pos\u00e9s \u00e0 la surface des outils de coupe pour am\u00e9liorer consid\u00e9rablement la duret\u00e9, la r\u00e9sistance \u00e0 l\u2019usure et la stabilit\u00e9 thermique des outils de coupe, prolonger la dur\u00e9e de vie de l\u2019outil et am\u00e9liorer l\u2019efficacit\u00e9 de l\u2019usinage.<\/p>\n<p>Dispositifs \u00e9lectroniques : en tant que barri\u00e8re de diffusion entre les m\u00e9taux et les semi-conducteurs, il emp\u00eache la diffusion des atomes entre diff\u00e9rents mat\u00e9riaux et assure la stabilit\u00e9 et la fiabilit\u00e9 des dispositifs \u00e9lectroniques.<\/p>\n<p>Domaine du rev\u00eatement d\u00e9coratif : avec son aspect dor\u00e9 et sa bonne stabilit\u00e9 chimique, il est largement utilis\u00e9 dans la bijouterie, l\u2019horlogerie, la d\u00e9coration du b\u00e2timent et d\u2019autres industries pour am\u00e9liorer l\u2019esth\u00e9tique et la r\u00e9sistance \u00e0 la corrosion des produits.<\/p>\n<p>Fabrication de moules : En pulv\u00e9risant des films TiN \u00e0 la surface des moules, il r\u00e9duit le frottement entre les moules et les mat\u00e9riaux de moulage, r\u00e9duit la r\u00e9sistance au d\u00e9moulage et am\u00e9liore la capacit\u00e9 anti-usure des moules pour prolonger la dur\u00e9e de vie des moules.<\/p>\n<p>Cellules solaires : En tant que couche tampon pour les \u00e9lectrodes conductrices transparentes, les films TiN optimisent le transfert de charge \u00e0 l\u2019int\u00e9rieur de la cellule et am\u00e9liorent l\u2019efficacit\u00e9 de la conversion photo\u00e9lectrique, contribuant ainsi \u00e0 am\u00e9liorer les performances des cellules solaires.<\/p>\n<h2><span style=\"font-size: 14pt;\">Contr\u00f4le de la qualit\u00e9<\/span><\/h2>\n<p><span style=\"color: #0000ff;\"><a style=\"color: #0000ff;\" href=\"https:\/\/vimaterial.de\/fr\/le-controle-de-la-qualite\/\">Nos produits<\/a><\/span> sont soumis \u00e0 un syst\u00e8me strict de gestion de la qualit\u00e9. Il existe des normes d\u2019inspection strictes pour les mat\u00e9riaux entrants, le traitement, l\u2019inspection finale et l\u2019inspection d\u2019usine. Des mesures d\u2019isolement strictes sont prises pour le traitement non qualifi\u00e9 afin d\u2019\u00e9viter que les produits non qualifi\u00e9s ne passent au processus suivant. Des \u00e9chantillons sont fournis pour une r\u00e9inspection par le client selon les exigences du client.   <\/p>\n<h2><span style=\"font-size: 14pt;\">Emballage et stockage<\/span><\/h2>\n<p>Les cibles de pulv\u00e9risation au nitrure de titane sont emball\u00e9es dans des sacs sous vide \u00e0 double couche, puis emball\u00e9es et emball\u00e9es dans des cartons.<\/p>\n<p>Les cibles de pulv\u00e9risation en nitrure de titane doivent \u00eatre stock\u00e9es dans un environnement sec, frais et bien ventil\u00e9, en \u00e9vitant l\u2019humidit\u00e9, en \u00e9vitant le contact avec des substances corrosives fortes, et en m\u00eame temps en pr\u00e9venant les cibles contre les dommages physiques tels que les collisions et les frottements, afin de garantir que leurs propri\u00e9t\u00e9s physiques et chimiques ne sont pas affect\u00e9es.<\/p>\n","protected":false},"excerpt":{"rendered":"<p>La cible de pulv\u00e9risation en <span style=\"color: #0000ff;\"><a style=\"color: #0000ff;\" href=\"https:\/\/vimaterial.de\/fr\/product\/nitrure-de-titane-2\/\">nitrure de titane<\/a><\/span> est un mat\u00e9riau compos\u00e9 compos\u00e9 de titane et d\u2019azote, qui est principalement utilis\u00e9 dans le processus de pulv\u00e9risation de la technologie de d\u00e9p\u00f4t physique en phase vapeur (PVD), et est capable de d\u00e9poser des films minces de nitrure de titane avec une duret\u00e9 \u00e9lev\u00e9e, une bonne r\u00e9sistance \u00e0 l\u2019abrasion, une stabilit\u00e9 chimique et un aspect jaune dor\u00e9 sur le substrat.<\/p>\n","protected":false},"featured_media":1000727,"comment_status":"open","ping_status":"closed","template":"","meta":{"_acf_changed":false},"product_brand":[],"product_cat":[235],"product_tag":[],"class_list":{"0":"post-1013199","1":"product","2":"type-product","3":"status-publish","4":"has-post-thumbnail","6":"product_cat-cibles-de-pulverisation-planaire","8":"first","9":"instock","10":"shipping-taxable","11":"product-type-variable"},"acf":[],"_links":{"self":[{"href":"https:\/\/vimaterial.de\/fr\/wp-json\/wp\/v2\/product\/1013199","targetHints":{"allow":["GET"]}}],"collection":[{"href":"https:\/\/vimaterial.de\/fr\/wp-json\/wp\/v2\/product"}],"about":[{"href":"https:\/\/vimaterial.de\/fr\/wp-json\/wp\/v2\/types\/product"}],"replies":[{"embeddable":true,"href":"https:\/\/vimaterial.de\/fr\/wp-json\/wp\/v2\/comments?post=1013199"}],"wp:featuredmedia":[{"embeddable":true,"href":"https:\/\/vimaterial.de\/fr\/wp-json\/wp\/v2\/media\/1000727"}],"wp:attachment":[{"href":"https:\/\/vimaterial.de\/fr\/wp-json\/wp\/v2\/media?parent=1013199"}],"wp:term":[{"taxonomy":"product_brand","embeddable":true,"href":"https:\/\/vimaterial.de\/fr\/wp-json\/wp\/v2\/product_brand?post=1013199"},{"taxonomy":"product_cat","embeddable":true,"href":"https:\/\/vimaterial.de\/fr\/wp-json\/wp\/v2\/product_cat?post=1013199"},{"taxonomy":"product_tag","embeddable":true,"href":"https:\/\/vimaterial.de\/fr\/wp-json\/wp\/v2\/product_tag?post=1013199"}],"curies":[{"name":"wp","href":"https:\/\/api.w.org\/{rel}","templated":true}]}}