{"id":1013170,"date":"2024-06-17T14:26:51","date_gmt":"2024-06-17T06:26:51","guid":{"rendered":"https:\/\/vimaterial.de\/product\/alliage-de-titane-et-de-nickel-2\/"},"modified":"2025-04-18T15:56:27","modified_gmt":"2025-04-18T07:56:27","slug":"alliage-de-titane-et-de-nickel-2","status":"publish","type":"product","link":"https:\/\/vimaterial.de\/fr\/product\/alliage-de-titane-et-de-nickel-2\/","title":{"rendered":"Alliage de titane et de nickel"},"content":{"rendered":"<p><span style=\"color: #0000ff;\"><a style=\"color: #0000ff;\" href=\"https:\/\/vimaterial.de\/en\/product\/titanium-nickel-sputtering-target\/\">L\u2019alliage titane-nickel Powde<\/a><\/span>r est une poudre d\u2019alliage compos\u00e9e principalement de titane et de nickel, g\u00e9n\u00e9ralement de couleur gris argent\u00e9, avec un effet de m\u00e9moire de forme, une bonne biocompatibilit\u00e9, une \u00e9lasticit\u00e9 \u00e9lev\u00e9e et une r\u00e9sistance \u00e0 la corrosion, et est utilis\u00e9e dans de nombreuses applications telles que l\u2019a\u00e9rospatiale, le m\u00e9dical et la m\u00e9canique.<\/p>\n<p>VIMATERIAL est une soci\u00e9t\u00e9 d\u2019innovation de pointe dans le domaine des mat\u00e9riaux chimiques, sp\u00e9cialis\u00e9e dans les mat\u00e9riaux haute performance con\u00e7us pour des applications d\u2019ing\u00e9nierie avanc\u00e9es. Nos produits sont de haute puret\u00e9 et de haute qualit\u00e9, nous prenons en charge l\u2019emballage en petits lots, le MOQ de petits produits, un inventaire suffisant et la personnalisation, si vous avez des besoins, veuillez<span style=\"color: #0000ff;\"><a style=\"color: #0000ff;\" href=\"https:\/\/vimaterial.de\/en\/contact-us\/\"> nous contacter.<\/a><\/span> <\/p>\n<h2><span style=\"font-size: 14pt;\">Propri\u00e9t\u00e9s<\/span><\/h2>\n<p>Formule mol\u00e9culaire : TiNi<\/p>\n<p>Apparence&nbsp;: g\u00e9n\u00e9ralement gris argent\u00e9 poudr\u00e9<\/p>\n<p>Densit\u00e9 : g\u00e9n\u00e9ralement autour de 6,4 &#8211; 6,5 g\/cm\u00b3.<\/p>\n<p>Point de fusion : environ 1310 &#8211; 1380\u00b0C<\/p>\n<p>Structure cristalline : Il existe deux phases cristallines principales, notamment l\u2019aust\u00e9nite (\u00e0 haute sym\u00e9trie, stable \u00e0 haute temp\u00e9rature) et la martensite (\u00e0 structure relativement complexe, stable \u00e0 basse temp\u00e9rature), et la transformation entre ces deux phases cristallines est \u00e0 la base de son effet de m\u00e9moire de forme.<\/p>\n<h2><span style=\"font-size: 14pt;\">Application<\/span><\/h2>\n<p>A\u00e9rospatiale : Les poudres d\u2019alliage titane-nickel sont utilis\u00e9es dans la fabrication de composants a\u00e9rospatiaux, utilisant l\u2019effet de m\u00e9moire de forme pour faire face aux changements de temp\u00e9rature et assurer la stabilit\u00e9 structurelle.<\/p>\n<p>Biom\u00e9decine : fabriquer des dispositifs m\u00e9dicaux qui soutiennent efficacement les tissus humains et r\u00e9duisent les rejets gr\u00e2ce \u00e0 leur biocompatibilit\u00e9 et \u00e0 leur m\u00e9moire de forme.<\/p>\n<p>G\u00e9nie m\u00e9canique : fabriquer des composants \u00e9lastiques qui absorbent et lib\u00e8rent de l\u2019\u00e9nergie de mani\u00e8re stable gr\u00e2ce \u00e0 une \u00e9lasticit\u00e9 \u00e9lev\u00e9e et \u00e0 un effet de m\u00e9moire de forme.<\/p>\n<p>\u00c9lectronique : Capteurs et connecteurs qui utilisent la conductivit\u00e9 \u00e9lectrique et les propri\u00e9t\u00e9s de m\u00e9moire de forme pour assurer les connexions \u00e9lectriques et la surveillance du signal.<\/p>\n<p>Industrie automobile : fabrication de composants de moteur et de syst\u00e8me de s\u00e9curit\u00e9 pour am\u00e9liorer les performances et la s\u00e9curit\u00e9 des v\u00e9hicules gr\u00e2ce \u00e0 la m\u00e9moire de forme et \u00e0 la r\u00e9sistance \u00e0 la corrosion.<\/p>\n<h2><span style=\"font-size: 14pt;\">Contr\u00f4le de la qualit\u00e9<\/span><\/h2>\n<p><span style=\"color: #0000ff;\"><a style=\"color: #0000ff;\" href=\"https:\/\/vimaterial.de\/en\/quality-control\/\">Nos produits<\/a> <\/span>sont soumis \u00e0 un syst\u00e8me strict de gestion de la qualit\u00e9. Des mat\u00e9riaux entrants, du traitement, de l\u2019inspection finale \u00e0 l\u2019inspection de l\u2019usine, il existe des normes d\u2019inspection strictes. Des mesures d\u2019isolement strictes sont prises pour le traitement non qualifi\u00e9 afin d\u2019\u00e9viter que les produits non qualifi\u00e9s ne passent au processus suivant. Des \u00e9chantillons sont fournis pour une r\u00e9inspection par le client selon les exigences du client.   <\/p>\n<h2><span style=\"font-size: 14pt;\">Emballage et stockage<\/span><\/h2>\n<p>La poudre d\u2019alliage de titane et de nickel est emball\u00e9e dans des sacs doubles ou des bouteilles et emball\u00e9e dans des cartons.<\/p>\n<p>La poudre d\u2019alliage de titane et de nickel doit \u00eatre stock\u00e9e dans un environnement sec, frais et bien ventil\u00e9 et emball\u00e9e dans des r\u00e9cipients scell\u00e9s pour \u00e9viter tout contact avec l\u2019eau, les acides forts, les bases fortes et les agents oxydants puissants et pour \u00e9viter que ses propri\u00e9t\u00e9s ne soient affect\u00e9es par l\u2019humidit\u00e9, l\u2019oxydation ou les r\u00e9actions chimiques.<\/p>\n","protected":false},"excerpt":{"rendered":"<p><span style=\"color: #0000ff;\"><a style=\"color: #0000ff;\" href=\"https:\/\/vimaterial.de\/en\/product\/titanium-nickel-sputtering-target\/\">L\u2019alliage titane-nickel Powde<\/a><\/span>r est une poudre d\u2019alliage compos\u00e9e principalement de titane et de nickel, g\u00e9n\u00e9ralement de couleur gris argent\u00e9, avec un effet de m\u00e9moire de forme, une bonne biocompatibilit\u00e9, une \u00e9lasticit\u00e9 \u00e9lev\u00e9e et une r\u00e9sistance \u00e0 la corrosion, et est utilis\u00e9e dans de nombreuses applications telles que l\u2019a\u00e9rospatiale, le m\u00e9dical et la m\u00e9canique.<\/p>\n","protected":false},"featured_media":1000746,"comment_status":"open","ping_status":"closed","template":"","meta":{"_acf_changed":false},"product_brand":[],"product_cat":[250],"product_tag":[],"class_list":{"0":"post-1013170","1":"product","2":"type-product","3":"status-publish","4":"has-post-thumbnail","6":"product_cat-poudre-de-metal-pur-et-dalliage","8":"first","9":"instock","10":"shipping-taxable","11":"product-type-variable"},"acf":[],"_links":{"self":[{"href":"https:\/\/vimaterial.de\/fr\/wp-json\/wp\/v2\/product\/1013170","targetHints":{"allow":["GET"]}}],"collection":[{"href":"https:\/\/vimaterial.de\/fr\/wp-json\/wp\/v2\/product"}],"about":[{"href":"https:\/\/vimaterial.de\/fr\/wp-json\/wp\/v2\/types\/product"}],"replies":[{"embeddable":true,"href":"https:\/\/vimaterial.de\/fr\/wp-json\/wp\/v2\/comments?post=1013170"}],"wp:featuredmedia":[{"embeddable":true,"href":"https:\/\/vimaterial.de\/fr\/wp-json\/wp\/v2\/media\/1000746"}],"wp:attachment":[{"href":"https:\/\/vimaterial.de\/fr\/wp-json\/wp\/v2\/media?parent=1013170"}],"wp:term":[{"taxonomy":"product_brand","embeddable":true,"href":"https:\/\/vimaterial.de\/fr\/wp-json\/wp\/v2\/product_brand?post=1013170"},{"taxonomy":"product_cat","embeddable":true,"href":"https:\/\/vimaterial.de\/fr\/wp-json\/wp\/v2\/product_cat?post=1013170"},{"taxonomy":"product_tag","embeddable":true,"href":"https:\/\/vimaterial.de\/fr\/wp-json\/wp\/v2\/product_tag?post=1013170"}],"curies":[{"name":"wp","href":"https:\/\/api.w.org\/{rel}","templated":true}]}}