{"id":1013165,"date":"2024-06-17T14:26:51","date_gmt":"2024-06-17T06:26:51","guid":{"rendered":"https:\/\/vimaterial.de\/product\/titane-dope-au-nb\/"},"modified":"2025-04-18T16:02:31","modified_gmt":"2025-04-18T08:02:31","slug":"titane-dope-au-nb","status":"publish","type":"product","link":"https:\/\/vimaterial.de\/fr\/product\/titane-dope-au-nb\/","title":{"rendered":"Titane (dop\u00e9 Nb)"},"content":{"rendered":"<p>La cible de pulv\u00e9risation cathodique en titane (dop\u00e9 au Nb) est un mat\u00e9riau \u00e0 base de titane dop\u00e9 au niobium pour \u00eatre utilis\u00e9 dans le processus de pulv\u00e9risation dans le d\u00e9p\u00f4t physique en phase vapeur (PVD), o\u00f9 des atomes de titane et de niobium sont d\u00e9pos\u00e9s \u00e0 la surface du substrat par bombardement ionique pour former un film mince, qui est utilis\u00e9 pour am\u00e9liorer les propri\u00e9t\u00e9s du film telles que la duret\u00e9,  r\u00e9sistance \u00e0 la corrosion et de nombreuses autres propri\u00e9t\u00e9s.<\/p>\n<p>Nous fournissons des cibles de pulv\u00e9risation en titane (dop\u00e9 au Nb), VIMATERIAL peut \u00e9galement fournir un service de liaison de cibles, nos produits sont soumis \u00e0 la personnalisation et \u00e0 l\u2019exp\u00e9rimentation, veuillez <span style=\"color: #0000ff;\"><a style=\"color: #0000ff;\" href=\"https:\/\/vimaterial.de\/en\/contact-us\/\">nous contacter<\/a><\/span> si vous en avez besoin.<\/p>\n<h2><span style=\"font-size: 14pt;\">Applications<\/span><\/h2>\n<p>Semi-conducteur : Pour la fabrication d\u2019\u00e9lectrodes et d\u2019interconnexions pour les dispositifs \u00e0 semi-conducteurs. Les films de titane contenant du niobium form\u00e9s par pulv\u00e9risation cathodique peuvent am\u00e9liorer la conductivit\u00e9 et la r\u00e9sistance \u00e0 l\u2019\u00e9lectromigration des lignes, ce qui contribue \u00e0 l\u2019am\u00e9lioration des performances des puces. <\/p>\n<p>Optique : Les cibles de pulv\u00e9risation cathodique en titane (dop\u00e9 au Nb) peuvent \u00eatre utilis\u00e9es pour pr\u00e9parer des films minces avec un indice de r\u00e9fraction \u00e9lev\u00e9 et une bonne stabilit\u00e9 optique, am\u00e9liorer la transmission de la lumi\u00e8re et les propri\u00e9t\u00e9s antireflet des composants optiques et am\u00e9liorer la qualit\u00e9 d\u2019image des dispositifs optiques.<\/p>\n<p>A\u00e9rospatiale : Les films minces form\u00e9s par pulv\u00e9risation cathodique peuvent am\u00e9liorer la r\u00e9sistance \u00e0 la corrosion et aux hautes temp\u00e9ratures des composants, r\u00e9duire la perte de poids et la d\u00e9gradation des performances des mat\u00e9riaux dans des environnements difficiles, et am\u00e9liorer la fiabilit\u00e9 et la dur\u00e9e de vie des \u00e9quipements a\u00e9rospatiaux.<\/p>\n<p>\u00c9lectronique : Les cibles de pulv\u00e9risation en titane (dop\u00e9 au Nb) peuvent \u00eatre utilis\u00e9es pour pr\u00e9parer des films conducteurs ou protecteurs transparents afin d\u2019am\u00e9liorer la conductivit\u00e9 et la r\u00e9sistance aux rayures des \u00e9crans, am\u00e9liorant ainsi la qualit\u00e9 d\u2019affichage et la durabilit\u00e9 des appareils \u00e9lectroniques.<\/p>\n<h2><span style=\"font-size: 14pt;\">Contr\u00f4le de la qualit\u00e9<\/span><\/h2>\n<p><span style=\"color: #0000ff;\"><a style=\"color: #0000ff;\" href=\"https:\/\/vimaterial.de\/en\/quality-control\/\">Nos produits<\/a> <\/span>sont soumis \u00e0 un syst\u00e8me strict de gestion de la qualit\u00e9. Il existe des normes d\u2019inspection strictes pour les mat\u00e9riaux entrants, le traitement, l\u2019inspection finale et l\u2019inspection d\u2019usine. Des mesures d\u2019isolement strictes sont prises pour le traitement non qualifi\u00e9 afin d\u2019\u00e9viter que les produits non qualifi\u00e9s ne passent au processus suivant. Des \u00e9chantillons sont fournis pour une r\u00e9inspection par le client selon les exigences du client.   <\/p>\n<h2><span style=\"font-size: 14pt;\">Emballage et stockage<\/span><\/h2>\n<p>Les cibles de pulv\u00e9risation en titane (dop\u00e9 au Nb) sont emball\u00e9es dans des sacs sous vide \u00e0 double couche, puis emball\u00e9es dans des cartons.<\/p>\n<p>Les cibles de pulv\u00e9risation au titane (dop\u00e9 au Nb) doivent \u00eatre stock\u00e9es dans un environnement sec, propre et bien ventil\u00e9 pour \u00e9viter l\u2019humidit\u00e9, l\u2019oxydation, les dommages m\u00e9caniques et la pollution chimique.<\/p>\n","protected":false},"excerpt":{"rendered":"<p>La cible de pulv\u00e9risation cathodique en titane (dop\u00e9 au Nb) est un mat\u00e9riau \u00e0 base de titane dop\u00e9 au niobium pour \u00eatre utilis\u00e9 dans le processus de pulv\u00e9risation dans le d\u00e9p\u00f4t physique en phase vapeur (PVD), o\u00f9 des atomes de titane et de niobium sont d\u00e9pos\u00e9s \u00e0 la surface du substrat par bombardement ionique pour former un film mince, qui est utilis\u00e9 pour am\u00e9liorer les propri\u00e9t\u00e9s du film telles que la duret\u00e9,  r\u00e9sistance \u00e0 la corrosion et de nombreuses autres propri\u00e9t\u00e9s.<\/p>\n","protected":false},"featured_media":1000738,"comment_status":"open","ping_status":"closed","template":"","meta":{"_acf_changed":false},"product_brand":[],"product_cat":[235],"product_tag":[],"class_list":{"0":"post-1013165","1":"product","2":"type-product","3":"status-publish","4":"has-post-thumbnail","6":"product_cat-cibles-de-pulverisation-planaire","8":"first","9":"instock","10":"shipping-taxable","11":"product-type-variable"},"acf":[],"_links":{"self":[{"href":"https:\/\/vimaterial.de\/fr\/wp-json\/wp\/v2\/product\/1013165","targetHints":{"allow":["GET"]}}],"collection":[{"href":"https:\/\/vimaterial.de\/fr\/wp-json\/wp\/v2\/product"}],"about":[{"href":"https:\/\/vimaterial.de\/fr\/wp-json\/wp\/v2\/types\/product"}],"replies":[{"embeddable":true,"href":"https:\/\/vimaterial.de\/fr\/wp-json\/wp\/v2\/comments?post=1013165"}],"wp:featuredmedia":[{"embeddable":true,"href":"https:\/\/vimaterial.de\/fr\/wp-json\/wp\/v2\/media\/1000738"}],"wp:attachment":[{"href":"https:\/\/vimaterial.de\/fr\/wp-json\/wp\/v2\/media?parent=1013165"}],"wp:term":[{"taxonomy":"product_brand","embeddable":true,"href":"https:\/\/vimaterial.de\/fr\/wp-json\/wp\/v2\/product_brand?post=1013165"},{"taxonomy":"product_cat","embeddable":true,"href":"https:\/\/vimaterial.de\/fr\/wp-json\/wp\/v2\/product_cat?post=1013165"},{"taxonomy":"product_tag","embeddable":true,"href":"https:\/\/vimaterial.de\/fr\/wp-json\/wp\/v2\/product_tag?post=1013165"}],"curies":[{"name":"wp","href":"https:\/\/api.w.org\/{rel}","templated":true}]}}