{"id":1013153,"date":"2024-06-17T14:26:52","date_gmt":"2024-06-17T06:26:52","guid":{"rendered":"https:\/\/vimaterial.de\/product\/titane-nickel-zirconium-alliage-de-cuivre\/"},"modified":"2025-04-18T15:49:02","modified_gmt":"2025-04-18T07:49:02","slug":"titane-nickel-zirconium-alliage-de-cuivre","status":"publish","type":"product","link":"https:\/\/vimaterial.de\/fr\/product\/titane-nickel-zirconium-alliage-de-cuivre\/","title":{"rendered":"Titane, nickel, zirconium, alliage de cuivre"},"content":{"rendered":"<p>La poudre d\u2019alliage de titane, de nickel, de zirconium et de cuivre est une poudre d\u2019alliage de titane, de nickel, de zirconium et de cuivre de couleur grise ou gris argent\u00e9 avec un bon effet de m\u00e9moire de forme, une super \u00e9lasticit\u00e9, une r\u00e9sistance \u00e0 l\u2019usure et \u00e0 la corrosion, qui a un large \u00e9ventail d\u2019applications dans de nombreux domaines tels que l\u2019a\u00e9rospatiale, le biom\u00e9dical et la fabrication de machines.<\/p>\n<p>VIMATERIAL est une soci\u00e9t\u00e9 d\u2019innovation de pointe dans le domaine des mat\u00e9riaux chimiques, sp\u00e9cialis\u00e9e dans les mat\u00e9riaux haute performance con\u00e7us pour des applications d\u2019ing\u00e9nierie avanc\u00e9es. Nos produits sont de haute puret\u00e9 et de haute qualit\u00e9, nous prenons en charge l\u2019emballage en petits lots, le MOQ de petits produits, un inventaire suffisant et la personnalisation, si vous avez des besoins, veuillez<span style=\"color: #0000ff;\"><a style=\"color: #0000ff;\" href=\"https:\/\/vimaterial.de\/en\/contact-us\/\"> nous contacter<\/a><\/span>. <\/p>\n<h2><span style=\"font-size: 14pt;\">Propri\u00e9t\u00e9s<\/span><\/h2>\n<p>Formule mol\u00e9culaire : TiNiZrCu<\/p>\n<p>Aspect : g\u00e9n\u00e9ralement gris ou gris argent\u00e9 poudr\u00e9<\/p>\n<h2><span style=\"font-size: 14pt;\">Application<\/span><\/h2>\n<p>A\u00e9rospatiale : Les poudres d\u2019alliage de titane, de nickel et de zirconium sont utilis\u00e9es dans la fabrication de composants a\u00e9rospatiaux pour maintenir la stabilit\u00e9 structurelle et la fiabilit\u00e9 dans des environnements spatiaux extr\u00eames ou des conditions de vol \u00e0 grande vitesse en raison de leurs performances \u00e0 haute temp\u00e9rature et de leur r\u00e9sistance \u00e0 la corrosion.<\/p>\n<p>Biom\u00e9dical : Dans le domaine des dispositifs biom\u00e9dicaux, cette poudre d\u2019alliage peut \u00eatre utilis\u00e9e dans la fabrication de dispositifs m\u00e9dicaux implantables, tels que des stents, etc. En utilisant son effet de m\u00e9moire de forme et sa biocompatibilit\u00e9, le dispositif m\u00e9dical peut fonctionner en fonction de l\u2019environnement au sein du corps humain et r\u00e9duire la r\u00e9action de rejet du corps humain. <\/p>\n<p>Domaine de la fabrication m\u00e9canique : La poudre d\u2019alliage peut \u00eatre utilis\u00e9e pour fabriquer des pi\u00e8ces m\u00e9caniques de haute pr\u00e9cision, telles que des roulements, des engrenages, etc., en s\u2019appuyant sur sa super-\u00e9lasticit\u00e9 et sa r\u00e9sistance \u00e0 l\u2019usure pour am\u00e9liorer la dur\u00e9e de vie et la pr\u00e9cision de travail des pi\u00e8ces m\u00e9caniques.<\/p>\n<p>\u00c9lectronique&nbsp;: Dans les \u00e9quipements \u00e9lectroniques, les poudres d\u2019alliage de titane, de nickel et de zirconium peuvent \u00eatre utilis\u00e9es pour fabriquer des pi\u00e8ces de connexion pour les composants \u00e9lectroniques. Gr\u00e2ce \u00e0 sa bonne conductivit\u00e9 \u00e9lectrique et \u00e0 sa r\u00e9sistance \u00e0 la corrosion, il assure la transmission stable des signaux \u00e9lectroniques et emp\u00eache les composants d\u2019\u00eatre endommag\u00e9s par la corrosion. <\/p>\n<h2><span style=\"font-size: 14pt;\">Contr\u00f4le de la qualit\u00e9<\/span><\/h2>\n<p><span style=\"color: #0000ff;\"><a style=\"color: #0000ff;\" href=\"https:\/\/vimaterial.de\/en\/quality-control\/\">Nos produits<\/a><\/span> sont soumis \u00e0 un syst\u00e8me strict de gestion de la qualit\u00e9. Des mat\u00e9riaux entrants, du traitement, de l\u2019inspection finale \u00e0 l\u2019inspection de l\u2019usine, il existe des normes d\u2019inspection strictes. Des mesures d\u2019isolement strictes sont prises pour le traitement non qualifi\u00e9 afin d\u2019\u00e9viter que les produits non qualifi\u00e9s ne passent au processus suivant. Des \u00e9chantillons sont fournis pour une r\u00e9inspection par le client selon les exigences du client.   <\/p>\n<h2><span style=\"font-size: 14pt;\">Emballage et stockage<\/span><\/h2>\n<p>La poudre d\u2019alliage de titane, de nickel et de zirconium est emball\u00e9e dans des sacs doubles ou des bouteilles avec des cartons ext\u00e9rieurs.<\/p>\n<p>La poudre d\u2019alliage de titane, de nickel et de zirconium et de cuivre doit \u00eatre stock\u00e9e dans un environnement sec, frais et bien ventil\u00e9 dans des r\u00e9cipients scell\u00e9s pour \u00e9viter l\u2019humidit\u00e9 et l\u2019oxydation, et doit \u00eatre tenue \u00e0 l\u2019\u00e9cart du feu, des acides et alcalis forts et d\u2019autres substances chimiques pour \u00e9viter les changements chimiques ou l\u2019agglom\u00e9ration de sa composition.<\/p>\n","protected":false},"excerpt":{"rendered":"<p>La poudre d\u2019alliage de titane, de nickel, de zirconium et de cuivre est une poudre d\u2019alliage de titane, de nickel, de zirconium et de cuivre de couleur grise ou gris argent\u00e9 avec un bon effet de m\u00e9moire de forme, une super \u00e9lasticit\u00e9, une r\u00e9sistance \u00e0 l\u2019usure et \u00e0 la corrosion, qui a un large \u00e9ventail d\u2019applications dans de nombreux domaines tels que l\u2019a\u00e9rospatiale, le biom\u00e9dical et la fabrication de machines.<\/p>\n","protected":false},"featured_media":1000762,"comment_status":"open","ping_status":"closed","template":"","meta":{"_acf_changed":false},"product_brand":[],"product_cat":[250],"product_tag":[],"class_list":{"0":"post-1013153","1":"product","2":"type-product","3":"status-publish","4":"has-post-thumbnail","6":"product_cat-poudre-de-metal-pur-et-dalliage","8":"first","9":"instock","10":"shipping-taxable","11":"product-type-variable"},"acf":[],"_links":{"self":[{"href":"https:\/\/vimaterial.de\/fr\/wp-json\/wp\/v2\/product\/1013153","targetHints":{"allow":["GET"]}}],"collection":[{"href":"https:\/\/vimaterial.de\/fr\/wp-json\/wp\/v2\/product"}],"about":[{"href":"https:\/\/vimaterial.de\/fr\/wp-json\/wp\/v2\/types\/product"}],"replies":[{"embeddable":true,"href":"https:\/\/vimaterial.de\/fr\/wp-json\/wp\/v2\/comments?post=1013153"}],"wp:featuredmedia":[{"embeddable":true,"href":"https:\/\/vimaterial.de\/fr\/wp-json\/wp\/v2\/media\/1000762"}],"wp:attachment":[{"href":"https:\/\/vimaterial.de\/fr\/wp-json\/wp\/v2\/media?parent=1013153"}],"wp:term":[{"taxonomy":"product_brand","embeddable":true,"href":"https:\/\/vimaterial.de\/fr\/wp-json\/wp\/v2\/product_brand?post=1013153"},{"taxonomy":"product_cat","embeddable":true,"href":"https:\/\/vimaterial.de\/fr\/wp-json\/wp\/v2\/product_cat?post=1013153"},{"taxonomy":"product_tag","embeddable":true,"href":"https:\/\/vimaterial.de\/fr\/wp-json\/wp\/v2\/product_tag?post=1013153"}],"curies":[{"name":"wp","href":"https:\/\/api.w.org\/{rel}","templated":true}]}}