{"id":1013120,"date":"2024-06-17T14:26:56","date_gmt":"2024-06-17T06:26:56","guid":{"rendered":"https:\/\/vimaterial.de\/product\/monoxyde-de-titane-3\/"},"modified":"2025-04-18T15:43:57","modified_gmt":"2025-04-18T07:43:57","slug":"monoxyde-de-titane-3","status":"publish","type":"product","link":"https:\/\/vimaterial.de\/fr\/product\/monoxyde-de-titane-3\/","title":{"rendered":"Monoxyde de titane"},"content":{"rendered":"<p><span style=\"color: #0000ff;\"><a style=\"color: #0000ff;\" href=\"https:\/\/vimaterial.de\/en\/product\/titanium-monoxide\/\">La poudre de monoxyde de titane<\/a><\/span> est une poudre noire avec un \u00e9clat m\u00e9tallique, chimiquement plus active et quelque peu r\u00e9ductrice, c\u2019est un mat\u00e9riau avec des applications potentielles dans l\u2019\u00e9lectronique, la c\u00e9ramique et d\u2019autres domaines.<\/p>\n<p>Nous fournissons diverses poudres chimiques inorganiques de haute puret\u00e9 avec d\u2019excellentes performances, un d\u00e9lai d\u2019ex\u00e9cution court, un petit MOQ et un stock suffisant. VIMATERIAL prend \u00e9galement en charge la personnalisation et l\u2019exp\u00e9rimentation de tous les produits, n\u2019h\u00e9sitez pas \u00e0<span style=\"color: #0000ff;\"><a style=\"color: #0000ff;\" href=\"https:\/\/vimaterial.de\/en\/contact-us\/\"> nous contacter.<\/a><\/span><\/p>\n<h2><span style=\"font-size: 14pt;\">Propri\u00e9t\u00e9s<\/span><\/h2>\n<p>Formule mol\u00e9culaire : TiO<\/p>\n<p>Poids mol\u00e9culaire : 63,866<\/p>\n<p>Apparence : poudre noire avec un \u00e9clat m\u00e9tallique<\/p>\n<p>Densit\u00e9 : env. 4,93 g\/cm\u00b3. <\/p>\n<p>Point de fusion : environ 1750\u00b0C<\/p>\n<p>Point d\u2019\u00e9bullition : environ 3227\u00b0C<\/p>\n<p>Structure cristalline&nbsp;: appartient au syst\u00e8me cristallin cubique de type chlorure de sodium, les atomes de titane et les atomes d\u2019oxyg\u00e8ne sont dispos\u00e9s en alternance avec une structure compacte.<\/p>\n<h2><span style=\"font-size: 14pt;\">Application<\/span><\/h2>\n<p>\u00c9lectronique&nbsp;: La poudre de monoxyde de titane peut \u00eatre utilis\u00e9e dans la fabrication d\u2019appareils \u00e9lectroniques. En raison de sa conductivit\u00e9 et de ses propri\u00e9t\u00e9s \u00e9lectriques particuli\u00e8res, il peut \u00eatre utilis\u00e9 comme mat\u00e9riau conducteur ou semi-conducteur dans les composants \u00e9lectroniques pour aider les dispositifs \u00e9lectroniques \u00e0 r\u00e9aliser des fonctions de circuit sp\u00e9cifiques. <\/p>\n<p>Industrie de la c\u00e9ramique : dans le secteur de la c\u00e9ramique, la poudre est utilis\u00e9e comme additif dans la pr\u00e9paration des c\u00e9ramiques haute performance, en raison de sa capacit\u00e9 \u00e0 am\u00e9liorer les propri\u00e9t\u00e9s physiques et chimiques des c\u00e9ramiques.<\/p>\n<p>Mat\u00e9riaux optiques : pour la production de rev\u00eatements optiques qui, gr\u00e2ce \u00e0 leurs propri\u00e9t\u00e9s sp\u00e9ciales d\u2019absorption optique et de r\u00e9flexion, sont capables de moduler efficacement la lumi\u00e8re.<\/p>\n<p>Catalyseurs : Les poudres de monoxyde de titane peuvent \u00eatre utilis\u00e9es comme catalyseurs dans un certain nombre de r\u00e9actions chimiques. Les sites actifs \u00e0 la surface de la poudre aident \u00e0 favoriser la r\u00e9action, en particulier dans les r\u00e9actions d\u2019oxydor\u00e9duction, et peuvent am\u00e9liorer efficacement l\u2019efficacit\u00e9 de la r\u00e9action. <\/p>\n<h2><span style=\"font-size: 14pt;\">Contr\u00f4le de la qualit\u00e9<\/span><\/h2>\n<p><span style=\"color: #0000ff;\"><a style=\"color: #0000ff;\" href=\"https:\/\/vimaterial.de\/en\/quality-control\/\">Nos produits<\/a><\/span> sont strictement conformes au syst\u00e8me de gestion de la qualit\u00e9. Il existe des normes d\u2019inspection strictes pour les mat\u00e9riaux entrants, le traitement, l\u2019inspection finale et l\u2019inspection d\u2019usine. Des mesures d\u2019isolement strictes sont prises pour le traitement non qualifi\u00e9 afin d\u2019\u00e9viter que les produits non qualifi\u00e9s ne passent au processus suivant. Des \u00e9chantillons sont fournis pour la r\u00e9inspection des clients selon les exigences des clients.   <\/p>\n<h2><span style=\"font-size: 14pt;\">Emballage et stockage<\/span><\/h2>\n<p>La poudre de monoxyde de titane est emball\u00e9e dans des sacs sous vide doubles ou des bouteilles sous vide, et emball\u00e9e dans des cartons ou des f\u00fbts en papier.<\/p>\n<p>La poudre de monoxyde de titane doit \u00eatre stock\u00e9e dans un environnement sec, frais et bien ventil\u00e9, scell\u00e9 pour \u00e9viter tout contact avec l\u2019air, l\u2019humidit\u00e9 et les oxydants forts, pour \u00e9viter l\u2019oxydation, l\u2019humidit\u00e9 et d\u2019autres facteurs entra\u00eenant des modifications de ses propri\u00e9t\u00e9s chimiques et physiques.<\/p>\n","protected":false},"excerpt":{"rendered":"<p><span style=\"color: #0000ff;\"><a style=\"color: #0000ff;\" href=\"https:\/\/vimaterial.de\/en\/product\/titanium-monoxide\/\">La poudre de monoxyde de titane<\/a><\/span> est une poudre noire avec un \u00e9clat m\u00e9tallique, chimiquement plus active et quelque peu r\u00e9ductrice, c\u2019est un mat\u00e9riau avec des applications potentielles dans l\u2019\u00e9lectronique, la c\u00e9ramique et d\u2019autres domaines.<\/p>\n","protected":false},"featured_media":1000784,"comment_status":"open","ping_status":"closed","template":"","meta":{"_acf_changed":false},"product_brand":[],"product_cat":[243],"product_tag":[],"class_list":{"0":"post-1013120","1":"product","2":"type-product","3":"status-publish","4":"has-post-thumbnail","6":"product_cat-materiaux-oxydes-hydroxydes","8":"first","9":"instock","10":"shipping-taxable","11":"purchasable","12":"product-type-variable"},"acf":[],"_links":{"self":[{"href":"https:\/\/vimaterial.de\/fr\/wp-json\/wp\/v2\/product\/1013120","targetHints":{"allow":["GET"]}}],"collection":[{"href":"https:\/\/vimaterial.de\/fr\/wp-json\/wp\/v2\/product"}],"about":[{"href":"https:\/\/vimaterial.de\/fr\/wp-json\/wp\/v2\/types\/product"}],"replies":[{"embeddable":true,"href":"https:\/\/vimaterial.de\/fr\/wp-json\/wp\/v2\/comments?post=1013120"}],"wp:featuredmedia":[{"embeddable":true,"href":"https:\/\/vimaterial.de\/fr\/wp-json\/wp\/v2\/media\/1000784"}],"wp:attachment":[{"href":"https:\/\/vimaterial.de\/fr\/wp-json\/wp\/v2\/media?parent=1013120"}],"wp:term":[{"taxonomy":"product_brand","embeddable":true,"href":"https:\/\/vimaterial.de\/fr\/wp-json\/wp\/v2\/product_brand?post=1013120"},{"taxonomy":"product_cat","embeddable":true,"href":"https:\/\/vimaterial.de\/fr\/wp-json\/wp\/v2\/product_cat?post=1013120"},{"taxonomy":"product_tag","embeddable":true,"href":"https:\/\/vimaterial.de\/fr\/wp-json\/wp\/v2\/product_tag?post=1013120"}],"curies":[{"name":"wp","href":"https:\/\/api.w.org\/{rel}","templated":true}]}}