{"id":1013099,"date":"2024-06-17T14:40:49","date_gmt":"2024-06-17T06:40:49","guid":{"rendered":"https:\/\/vimaterial.de\/product\/aluminure-de-fer\/"},"modified":"2025-04-17T09:48:28","modified_gmt":"2025-04-17T01:48:28","slug":"aluminure-de-fer","status":"publish","type":"product","link":"https:\/\/vimaterial.de\/fr\/product\/aluminure-de-fer\/","title":{"rendered":"Aluminium de fer"},"content":{"rendered":"<p>Les poudres de fer et d\u2019aluminium sont des compos\u00e9s interm\u00e9talliques compos\u00e9s de fer et d\u2019aluminium avec une r\u00e9sistivit\u00e9 \u00e9lectrique \u00e9lev\u00e9e, une faible densit\u00e9, une duret\u00e9 \u00e9lev\u00e9e, une bonne r\u00e9sistance \u00e0 l\u2019usure et aux vibrations, de couleur grise, g\u00e9n\u00e9ralement dans une gamme de tailles de particules et inflammables, et sont utilis\u00e9es dans les mat\u00e9riaux structurels \u00e0 haute temp\u00e9rature, les rev\u00eatements, l\u2019\u00e9lectronique et d\u2019autres applications importantes.<\/p>\n<p>VIMATERIAl propose des poudres d\u2019aluminure de fer, dont la taille des particules est uniforme, pauvre en impuret\u00e9s, chimiquement stables et qui pr\u00e9sentent de bonnes performances dans les applications. Nous avons une \u00e9quipe professionnelle de recherche et de d\u00e9veloppement technologique, acceptons les personnalis\u00e9s et exp\u00e9rimentaux, si vous en avez besoin, veuillez<span style=\"color: #0000ff;\"><a style=\"color: #0000ff;\" href=\"https:\/\/vimaterial.de\/en\/contact-us\/\"> nous contacter.<\/a><\/span> <\/p>\n<h2><span style=\"font-size: 14pt;\">Propri\u00e9t\u00e9s physiques<\/span><\/h2>\n<p>Formule mol\u00e9culaire : Fe\u2083Al<\/p>\n<p>Poids mol\u00e9culaire : environ 194,52<\/p>\n<p>Apparence&nbsp;: G\u00e9n\u00e9ralement poudre grise<\/p>\n<p>Densit\u00e9 : environ 6,72 g\/cm\u00b3.<\/p>\n<p>Point de fusion : 1540\u00b0C<\/p>\n<p>Structure cristalline : Structures cubiques ordonn\u00e9es centr\u00e9es sur le corps (cci) D0\u2083 et cubiques centr\u00e9es sur le corps (cci) ordonn\u00e9es B2.<\/p>\n<h2><span style=\"font-size: 14pt;\">Application<\/span><\/h2>\n<p>A\u00e9rospatiale : Les poudres d\u2019aluminure de fer sont utilis\u00e9es dans la fabrication de composants de moteurs a\u00e9rospatiaux et de structures \u00e0 haute temp\u00e9rature, o\u00f9 leurs propri\u00e9t\u00e9s \u00e0 haute temp\u00e9rature et leur faible densit\u00e9 aident \u00e0 r\u00e9duire le poids du v\u00e9hicule tout en r\u00e9sistant \u00e0 des temp\u00e9ratures \u00e9lev\u00e9es.<\/p>\n<p>Automobile : Utilis\u00e9es dans la fabrication de composants de moteurs et de syst\u00e8mes d\u2019\u00e9chappement automobiles, les poudres d\u2019aluminium de fer sont capables de r\u00e9sister \u00e0 des temp\u00e9ratures \u00e9lev\u00e9es et \u00e0 des gaz corrosifs, am\u00e9liorant ainsi la dur\u00e9e de vie et les performances des composants automobiles.<\/p>\n<p>Industrie de l\u2019\u00e9nergie : Utilis\u00e9 dans la fabrication de pi\u00e8ces \u00e0 haute temp\u00e9rature pour les \u00e9quipements \u00e9lectriques, tels que les rev\u00eatements d\u2019aubes de turbine pour les g\u00e9n\u00e9rateurs, pour r\u00e9sister \u00e0 la corrosion \u00e0 haute temp\u00e9rature et am\u00e9liorer la stabilit\u00e9 et la fiabilit\u00e9 de l\u2019\u00e9quipement en utilisant ses propri\u00e9t\u00e9s antioxydantes et anti-sulfuration.<\/p>\n<p>Industrie chimique : utilis\u00e9 comme mat\u00e9riau r\u00e9sistant \u00e0 la corrosion pour les cuves de r\u00e9action chimique et les pipelines, capable de r\u00e9sister \u00e0 l\u2019\u00e9rosion d\u2019une vari\u00e9t\u00e9 de produits chimiques corrosifs pour assurer la s\u00e9curit\u00e9 et la stabilit\u00e9 du processus de production chimique.<\/p>\n<h2><span style=\"font-size: 14pt;\">Contr\u00f4le de la qualit\u00e9<\/span><\/h2>\n<p><span style=\"color: #0000ff;\"><a style=\"color: #0000ff;\" href=\"https:\/\/vimaterial.de\/en\/quality-control\/\">Chaque lot<\/a> <\/span>de nos produits commence par une s\u00e9lection minutieuse des mati\u00e8res premi\u00e8res et passe par plusieurs processus avanc\u00e9s, avec un contr\u00f4le strict des param\u00e8tres et un suivi en temps r\u00e9el \u00e0 chaque \u00e9tape. L\u2019ensemble du processus de production suit le syst\u00e8me international de gestion de la qualit\u00e9, et l\u2019utilisation d\u2019\u00e9quipements d\u2019essai de haute pr\u00e9cision effectue des tests de pr\u00e9cision complets de la distribution granulom\u00e9trique, de la puret\u00e9, de la teneur en impuret\u00e9s et d\u2019autres indicateurs cl\u00e9s, sans \u00e9pargner les d\u00e9fauts mineurs, afin de garantir la qualit\u00e9 de chaque lot de produits. <\/p>\n<h2><span style=\"font-size: 14pt;\">Emballage et stockage<\/span><\/h2>\n<p>La poudre de fer et d\u2019aluminium est emball\u00e9e dans des sacs sous vide doubles ou dans des bouteilles et des cartons.<\/p>\n<p>Les poudres d\u2019aluminium de fer doivent \u00eatre stock\u00e9es dans un environnement sec, frais et bien ventil\u00e9, scell\u00e9es pour \u00e9viter l\u2019humidit\u00e9 et l\u2019oxydation, et tenues \u00e0 l\u2019\u00e9cart des sources d\u2019inflammation et des mat\u00e9riaux inflammables, et \u00e9vit\u00e9es tout contact avec d\u2019autres substances capables de r\u00e9actions chimiques.<\/p>\n","protected":false},"excerpt":{"rendered":"<p>Les poudres de fer et d\u2019aluminium sont des compos\u00e9s interm\u00e9talliques compos\u00e9s de fer et d\u2019aluminium avec une r\u00e9sistivit\u00e9 \u00e9lectrique \u00e9lev\u00e9e, une faible densit\u00e9, une duret\u00e9 \u00e9lev\u00e9e, une bonne r\u00e9sistance \u00e0 l\u2019usure et aux vibrations, de couleur grise, g\u00e9n\u00e9ralement dans une gamme de tailles de particules et inflammables, et sont utilis\u00e9es dans les mat\u00e9riaux structurels \u00e0 haute temp\u00e9rature, les rev\u00eatements, l\u2019\u00e9lectronique et d\u2019autres applications importantes.<\/p>\n","protected":false},"featured_media":1001813,"comment_status":"open","ping_status":"closed","template":"","meta":{"_acf_changed":false},"product_brand":[],"product_cat":[244],"product_tag":[],"class_list":{"0":"post-1013099","1":"product","2":"type-product","3":"status-publish","4":"has-post-thumbnail","6":"product_cat-autres-materiaux","8":"first","9":"instock","10":"shipping-taxable","11":"product-type-variable"},"acf":[],"_links":{"self":[{"href":"https:\/\/vimaterial.de\/fr\/wp-json\/wp\/v2\/product\/1013099","targetHints":{"allow":["GET"]}}],"collection":[{"href":"https:\/\/vimaterial.de\/fr\/wp-json\/wp\/v2\/product"}],"about":[{"href":"https:\/\/vimaterial.de\/fr\/wp-json\/wp\/v2\/types\/product"}],"replies":[{"embeddable":true,"href":"https:\/\/vimaterial.de\/fr\/wp-json\/wp\/v2\/comments?post=1013099"}],"wp:featuredmedia":[{"embeddable":true,"href":"https:\/\/vimaterial.de\/fr\/wp-json\/wp\/v2\/media\/1001813"}],"wp:attachment":[{"href":"https:\/\/vimaterial.de\/fr\/wp-json\/wp\/v2\/media?parent=1013099"}],"wp:term":[{"taxonomy":"product_brand","embeddable":true,"href":"https:\/\/vimaterial.de\/fr\/wp-json\/wp\/v2\/product_brand?post=1013099"},{"taxonomy":"product_cat","embeddable":true,"href":"https:\/\/vimaterial.de\/fr\/wp-json\/wp\/v2\/product_cat?post=1013099"},{"taxonomy":"product_tag","embeddable":true,"href":"https:\/\/vimaterial.de\/fr\/wp-json\/wp\/v2\/product_tag?post=1013099"}],"curies":[{"name":"wp","href":"https:\/\/api.w.org\/{rel}","templated":true}]}}