{"id":1013083,"date":"2024-06-17T14:40:52","date_gmt":"2024-06-17T06:40:52","guid":{"rendered":"https:\/\/vimaterial.de\/product\/oxyde-de-fer-3\/"},"modified":"2025-04-17T09:46:29","modified_gmt":"2025-04-17T01:46:29","slug":"oxyde-de-fer-3","status":"publish","type":"product","link":"https:\/\/vimaterial.de\/fr\/product\/oxyde-de-fer-3\/","title":{"rendered":"Oxyde de fer"},"content":{"rendered":"<p>Les granules <span style=\"color: #0000ff;\"><a style=\"color: #0000ff;\" href=\"https:\/\/vimaterial.de\/en\/product\/iron-oxide-7\/\">d\u2019oxyde de fer<\/a><\/span> sont des particules de cristaux noirs magn\u00e9tiques avec une structure cristalline complexe compos\u00e9e de FeO et de Fe\u2082O\u2083, qui ont un large \u00e9ventail d\u2019applications dans les mat\u00e9riaux magn\u00e9tiques, les catalyseurs, la biom\u00e9decine et d\u2019autres domaines.<\/p>\n<p>VIMATERIAL fournit des granul\u00e9s d\u2019oxyde de fer, nos granul\u00e9s ont une composition uniforme et stable, une puret\u00e9 \u00e9lev\u00e9e, une duret\u00e9 \u00e9lev\u00e9e, une taille de particule contr\u00f4lable, etc. Et nous pouvons accepter des produits et des exp\u00e9riences personnalis\u00e9s, nous avons une \u00e9quipe professionnelle de recherche et d\u00e9veloppement technique, <span style=\"color: #0000ff;\"><a style=\"color: #0000ff;\" href=\"https:\/\/vimaterial.de\/en\/contact-us\/\">contactez-nous<\/a><\/span>. <\/p>\n<h2><span style=\"font-size: 14pt;\">Propri\u00e9t\u00e9s physiques<\/span><\/h2>\n<p>Formule mol\u00e9culaire : Fe\u2083O\u2084<\/p>\n<p>Poids mol\u00e9culaire : 231.533<\/p>\n<p>Aspect : particules de cristal noires ou brun-noir<\/p>\n<p>Densit\u00e9 : 5,18 g\/cm\u00b3<\/p>\n<p>Point de fusion : 1594.5\u00b0C<\/p>\n<p>Structure cristalline : appartient au syst\u00e8me cristallin cubique, structure de type anti-spinelle, dans laquelle les ions oxyg\u00e8ne sont dispos\u00e9s en empilement cubique serr\u00e9, les ions ferreux et les ions de fer trivalents occupent respectivement diff\u00e9rents vides octa\u00e9driques et t\u00e9tra\u00e9driques.<\/p>\n<h2><span style=\"font-size: 14pt;\">Applications<\/span><\/h2>\n<p>Champ de mat\u00e9riau magn\u00e9tique : utilis\u00e9 pour fabriquer des aimants permanents, des \u00e9lectroaimants et des mat\u00e9riaux d\u2019enregistrement magn\u00e9tique pour stocker des informations.<\/p>\n<p>Domaine biom\u00e9dical : utilis\u00e9 comme vecteur de m\u00e9dicament pour r\u00e9aliser l\u2019administration cibl\u00e9e de m\u00e9dicaments et l\u2019imagerie IRM d\u2019am\u00e9lioration du contraste.<\/p>\n<p>Traitement des eaux us\u00e9es : adsorption et \u00e9limination catalytique des polluants dans les eaux us\u00e9es, \u00e9puration des eaux us\u00e9es.<\/p>\n<p>Champ catalytique : agissant comme catalyseur ou vecteur pour am\u00e9liorer l\u2019efficacit\u00e9 de la r\u00e9action chimique.<\/p>\n<p>Domaine de stockage d\u2019\u00e9nergie : pr\u00e9parer les mat\u00e9riaux d\u2019\u00e9lectrode pour les batteries au lithium afin d\u2019optimiser les performances des batteries.<\/p>\n<h2><span style=\"font-size: 14pt;\">Contr\u00f4le qualit\u00e9<\/span><\/h2>\n<p><span style=\"color: #0000ff;\"><a style=\"color: #0000ff;\" href=\"https:\/\/vimaterial.de\/en\/quality-control\/\">Chaque lot<\/a> <\/span>de produits garantit strictement la qualit\u00e9, de la s\u00e9lection des fournisseurs de mati\u00e8res premi\u00e8res \u00e0 l\u2019utilisation d\u2019\u00e9quipements de test avanc\u00e9s pour surveiller avec pr\u00e9cision l\u2019ensemble du processus de production, jusqu\u2019au produit fini \u00e0 travers de nombreuses s\u00e9ries d\u2019\u00e9chantillonnage rigoureux et une certification faisant autorit\u00e9 par une tierce partie, pour garantir que chaque lot de produits respecte et d\u00e9passe les normes \u00e9lev\u00e9es de l\u2019industrie avec une approche globale,  Syst\u00e8me de contr\u00f4le de qualit\u00e9 \u00e0 tol\u00e9rance z\u00e9ro, pour fournir \u00e0 nos clients la meilleure qualit\u00e9 et les produits les plus stables.<\/p>\n<h2><span style=\"font-size: 14pt;\">Emballage et stockage<\/span><\/h2>\n<p>Les granul\u00e9s d\u2019oxyde de fer sont emball\u00e9s dans des sacs ou des bouteilles sous vide et emball\u00e9s dans des cartons ext\u00e9rieurs.<\/p>\n<p>Les granul\u00e9s d\u2019oxyde de fer doivent \u00eatre stock\u00e9s dans un endroit sec, frais et bien ventil\u00e9, en \u00e9vitant l\u2019humidit\u00e9, les temp\u00e9ratures \u00e9lev\u00e9es et le contact avec des agents oxydants forts et des acides.<\/p>\n","protected":false},"excerpt":{"rendered":"<p>Les granules <span style=\"color: #0000ff;\"><a style=\"color: #0000ff;\" href=\"https:\/\/vimaterial.de\/en\/product\/iron-oxide-7\/\">d\u2019oxyde de fer<\/a><\/span> sont des particules de cristaux noirs magn\u00e9tiques avec une structure cristalline complexe compos\u00e9e de FeO et de Fe\u2082O\u2083, qui ont un large \u00e9ventail d\u2019applications dans les mat\u00e9riaux magn\u00e9tiques, les catalyseurs, la biom\u00e9decine et d\u2019autres domaines.<\/p>\n","protected":false},"featured_media":1040794,"comment_status":"open","ping_status":"closed","template":"","meta":{"_acf_changed":false},"product_brand":[],"product_cat":[236],"product_tag":[],"class_list":{"0":"post-1013083","1":"product","2":"type-product","3":"status-publish","4":"has-post-thumbnail","6":"product_cat-materiaux-devaporation","8":"first","9":"instock","10":"shipping-taxable","11":"product-type-variable"},"acf":[],"_links":{"self":[{"href":"https:\/\/vimaterial.de\/fr\/wp-json\/wp\/v2\/product\/1013083","targetHints":{"allow":["GET"]}}],"collection":[{"href":"https:\/\/vimaterial.de\/fr\/wp-json\/wp\/v2\/product"}],"about":[{"href":"https:\/\/vimaterial.de\/fr\/wp-json\/wp\/v2\/types\/product"}],"replies":[{"embeddable":true,"href":"https:\/\/vimaterial.de\/fr\/wp-json\/wp\/v2\/comments?post=1013083"}],"wp:featuredmedia":[{"embeddable":true,"href":"https:\/\/vimaterial.de\/fr\/wp-json\/wp\/v2\/media\/1040794"}],"wp:attachment":[{"href":"https:\/\/vimaterial.de\/fr\/wp-json\/wp\/v2\/media?parent=1013083"}],"wp:term":[{"taxonomy":"product_brand","embeddable":true,"href":"https:\/\/vimaterial.de\/fr\/wp-json\/wp\/v2\/product_brand?post=1013083"},{"taxonomy":"product_cat","embeddable":true,"href":"https:\/\/vimaterial.de\/fr\/wp-json\/wp\/v2\/product_cat?post=1013083"},{"taxonomy":"product_tag","embeddable":true,"href":"https:\/\/vimaterial.de\/fr\/wp-json\/wp\/v2\/product_tag?post=1013083"}],"curies":[{"name":"wp","href":"https:\/\/api.w.org\/{rel}","templated":true}]}}