{"id":1013071,"date":"2024-06-17T14:40:53","date_gmt":"2024-06-17T06:40:53","guid":{"rendered":"https:\/\/vimaterial.de\/product\/oxyde-de-fer-2\/"},"modified":"2025-04-17T09:42:58","modified_gmt":"2025-04-17T01:42:58","slug":"oxyde-de-fer-2","status":"publish","type":"product","link":"https:\/\/vimaterial.de\/fr\/product\/oxyde-de-fer-2\/","title":{"rendered":"Oxyde de fer"},"content":{"rendered":"<p><span style=\"color: #0000ff;\"><a style=\"color: #0000ff;\" href=\"https:\/\/vimaterial.de\/en\/search\/?type=name&amp;keyword=FE3O4\">La cible de pulv\u00e9risation d\u2019oxyde de fer<\/a><\/span> est un mat\u00e9riau principalement compos\u00e9 de t\u00e9traoxyde de fer, qui pr\u00e9sente \u00e0 la fois un ferrimagn\u00e9tisme et une bonne stabilit\u00e9 chimique. Au cours du processus de pulv\u00e9risation, les particules de Fe\u2083O\u2084 peuvent \u00eatre d\u00e9pos\u00e9es sur le substrat pour former un film mince avec diverses caract\u00e9ristiques telles que des propri\u00e9t\u00e9s magn\u00e9tiques, \u00e9lectriques et optiques, qui est largement utilis\u00e9 dans les domaines de l\u2019enregistrement magn\u00e9tique, des capteurs magn\u00e9tiques et des appareils \u00e9lectroniques. <\/p>\n<p>VIMATERIAL propose des cibles de pulv\u00e9risation \u00e0 l\u2019oxyde de fer. Nos cibles de pulv\u00e9risation \u00e0 l\u2019oxyde de fer se caract\u00e9risent par une grande puret\u00e9, une haute densit\u00e9, une bonne structure cristalline, d\u2019excellentes propri\u00e9t\u00e9s de couche mince, une grande pr\u00e9cision dimensionnelle et une stabilit\u00e9 de pulv\u00e9risation. Et nous pouvons \u00e9galement fournir un service de reliure, nous acceptons votre personnalisation et votre exp\u00e9rience, veuillez<span style=\"color: #0000ff;\"><a style=\"color: #0000ff;\" href=\"https:\/\/vimaterial.de\/en\/contact-us\/\"> nous contacter<\/a><\/span>&nbsp;!  <\/p>\n<h2><span style=\"font-size: 14pt;\">Propri\u00e9t\u00e9s physiques<\/span><\/h2>\n<p>Formule mol\u00e9culaire : Fe3O4<\/p>\n<p>Poids mol\u00e9culaire : environ 231,53<\/p>\n<p>Apparence&nbsp;: Solide noir ou brun-noir avec mat\u00e9riau cible \u00e0 lustre m\u00e9tallique<\/p>\n<p>Densit\u00e9 : environ 5,18 g\/cm\u00b3<\/p>\n<p>Point de fusion : environ 1597\u00b0C<\/p>\n<p>Point d\u2019\u00e9bullition : La temp\u00e9rature de d\u00e9composition est d\u2019environ 1538\u00b0C, lorsqu\u2019il est chauff\u00e9 \u00e0 l\u2019air, il se d\u00e9composera au-dessus du point de fusion.<\/p>\n<p>Structure cristalline : syst\u00e8me cristallin cubique<\/p>\n<h2><span style=\"font-size: 14pt;\">Applications<\/span><\/h2>\n<p>Champ d\u2019enregistrement magn\u00e9tique : Utilis\u00e9 dans la fabrication de bandes magn\u00e9tiques \u00e0 haute densit\u00e9 de stockage, de disques et d\u2019autres supports de stockage, avec son magn\u00e9tisme ferreux unique pour obtenir un stockage et une lecture stables et efficaces des informations.<\/p>\n<p>Domaine biom\u00e9dical : en tant que mati\u00e8re premi\u00e8re pour l\u2019agent de contraste de l\u2019imagerie par r\u00e9sonance magn\u00e9tique (IRM), gr\u00e2ce \u00e0 la modification de surface, il peut r\u00e9aliser une imagerie cibl\u00e9e de tissus ou d\u2019organes sp\u00e9cifiques pour aider au diagnostic des maladies.<\/p>\n<p>Dans le domaine des capteurs, diff\u00e9rents types de capteurs de gaz sont con\u00e7us pour d\u00e9tecter rapidement et avec sensibilit\u00e9 la concentration de gaz nocifs dans l\u2019environnement en utilisant les modifications des propri\u00e9t\u00e9s \u00e9lectriques apr\u00e8s avoir r\u00e9agi avec des gaz sp\u00e9cifiques.<\/p>\n<h2><span style=\"font-size: 14pt;\">Contr\u00f4le de la qualit\u00e9<\/span><\/h2>\n<p><span style=\"color: #0000ff;\"><a style=\"color: #0000ff;\" href=\"https:\/\/vimaterial.de\/en\/quality-control\/\">Le contr\u00f4le de la qualit\u00e9<\/a><\/span> de nos produits est tr\u00e8s strict, de la s\u00e9lection de mati\u00e8res premi\u00e8res de haute puret\u00e9 et stables, \u00e0 l\u2019utilisation d\u2019\u00e9quipements de pr\u00e9cision avanc\u00e9s et d\u2019une technologie rigoureuse pour contr\u00f4ler avec pr\u00e9cision l\u2019ensemble du processus de production, \u00e0 l\u2019utilisation de m\u00e9thodes d\u2019essai professionnelles sur les propri\u00e9t\u00e9s physiques, chimiques, microstructurelles et autres du produit de la gamme compl\u00e8te d\u2019essais approfondis,  Chaque maillon est strictement suivi des normes internationales \u00e9lev\u00e9es, afin de garantir que chaque lot de mat\u00e9riaux livr\u00e9 avec une excellente qualit\u00e9 et stabilit\u00e9, afin de fournir aux clients une assurance qualit\u00e9 solide et fiable. Nous nous engageons \u00e0 ce que chaque lot de mat\u00e9riaux livr\u00e9s ait une excellente qualit\u00e9 et stabilit\u00e9, offrant ainsi aux clients une assurance qualit\u00e9 solide et fiable. <\/p>\n<h2><span style=\"font-size: 14pt;\">Emballage et stockage<\/span><\/h2>\n<p>Les cibles de pulv\u00e9risation \u00e0 l\u2019oxyde de fer sont emball\u00e9es dans des sacs et des bo\u00eetes sous vide \u00e0 double couche, et l\u2019ext\u00e9rieur est emball\u00e9 dans des cartons.<\/p>\n<p>Les cibles de pulv\u00e9risation d\u2019oxyde de fer doivent \u00eatre stock\u00e9es dans un environnement sec et bien ventil\u00e9 \u00e0 une temp\u00e9rature stable, en \u00e9vitant l\u2019humidit\u00e9 et le contact avec des substances acides, alcalines et autres substances corrosives, et en emp\u00eachant l\u2019irradiation de longue dur\u00e9e par une lumi\u00e8re forte et une collision violente, afin de maintenir sa stabilit\u00e9 chimique et son \u00e9tat physique intacts, assurez-vous que ses performances ne seront pas endommag\u00e9es,  et de prolonger sa dur\u00e9e de vie.<\/p>\n","protected":false},"excerpt":{"rendered":"<p><span style=\"color: #0000ff;\"><a style=\"color: #0000ff;\" href=\"https:\/\/vimaterial.de\/en\/search\/?type=name&amp;keyword=FE3O4\">La cible de pulv\u00e9risation d\u2019oxyde de fer<\/a><\/span> est un mat\u00e9riau principalement compos\u00e9 de t\u00e9traoxyde de fer, qui pr\u00e9sente \u00e0 la fois un ferrimagn\u00e9tisme et une bonne stabilit\u00e9 chimique. Au cours du processus de pulv\u00e9risation, les particules de Fe\u2083O\u2084 peuvent \u00eatre d\u00e9pos\u00e9es sur le substrat pour former un film mince avec diverses caract\u00e9ristiques telles que des propri\u00e9t\u00e9s magn\u00e9tiques, \u00e9lectriques et optiques, qui est largement utilis\u00e9 dans les domaines de l\u2019enregistrement magn\u00e9tique, des capteurs magn\u00e9tiques et des appareils \u00e9lectroniques. <\/p>\n","protected":false},"featured_media":1001834,"comment_status":"open","ping_status":"closed","template":"","meta":{"_acf_changed":false},"product_brand":[],"product_cat":[235],"product_tag":[],"class_list":{"0":"post-1013071","1":"product","2":"type-product","3":"status-publish","4":"has-post-thumbnail","6":"product_cat-cibles-de-pulverisation-planaire","8":"first","9":"instock","10":"shipping-taxable","11":"product-type-variable"},"acf":[],"_links":{"self":[{"href":"https:\/\/vimaterial.de\/fr\/wp-json\/wp\/v2\/product\/1013071","targetHints":{"allow":["GET"]}}],"collection":[{"href":"https:\/\/vimaterial.de\/fr\/wp-json\/wp\/v2\/product"}],"about":[{"href":"https:\/\/vimaterial.de\/fr\/wp-json\/wp\/v2\/types\/product"}],"replies":[{"embeddable":true,"href":"https:\/\/vimaterial.de\/fr\/wp-json\/wp\/v2\/comments?post=1013071"}],"wp:featuredmedia":[{"embeddable":true,"href":"https:\/\/vimaterial.de\/fr\/wp-json\/wp\/v2\/media\/1001834"}],"wp:attachment":[{"href":"https:\/\/vimaterial.de\/fr\/wp-json\/wp\/v2\/media?parent=1013071"}],"wp:term":[{"taxonomy":"product_brand","embeddable":true,"href":"https:\/\/vimaterial.de\/fr\/wp-json\/wp\/v2\/product_brand?post=1013071"},{"taxonomy":"product_cat","embeddable":true,"href":"https:\/\/vimaterial.de\/fr\/wp-json\/wp\/v2\/product_cat?post=1013071"},{"taxonomy":"product_tag","embeddable":true,"href":"https:\/\/vimaterial.de\/fr\/wp-json\/wp\/v2\/product_tag?post=1013071"}],"curies":[{"name":"wp","href":"https:\/\/api.w.org\/{rel}","templated":true}]}}