{"id":1013063,"date":"2024-06-17T14:40:53","date_gmt":"2024-06-17T06:40:53","guid":{"rendered":"https:\/\/vimaterial.de\/product\/oxyde-de-fer\/"},"modified":"2025-04-17T09:44:30","modified_gmt":"2025-04-17T01:44:30","slug":"oxyde-de-fer","status":"publish","type":"product","link":"https:\/\/vimaterial.de\/fr\/product\/oxyde-de-fer\/","title":{"rendered":"Oxyde de fer"},"content":{"rendered":"<p>La poudre d\u2019oxyde de fer est une poudre d\u2019oxyde de valence mixte avec de fortes propri\u00e9t\u00e9s magn\u00e9tiques, une excellente conductivit\u00e9 \u00e9lectrique, insoluble dans l\u2019eau mais soluble dans les acides, souvent de couleur noire, qui a un large \u00e9ventail d\u2019applications dans les mat\u00e9riaux magn\u00e9tiques, les pigments, la biom\u00e9decine et d\u2019autres domaines.<\/p>\n<p>VIMATERIAl propose des poudres d\u2019Oxyde de Fer. Nos poudres d\u2019oxyde de fer se caract\u00e9risent par une taille de particule uniforme, une faible teneur en impuret\u00e9s, une stabilit\u00e9 chimique \u00e9lev\u00e9e et de bonnes performances dans les applications. Nous avons une \u00e9quipe professionnelle de recherche et de d\u00e9veloppement technologique, acceptons les personnalis\u00e9s et exp\u00e9rimentaux, si vous en avez besoin, veuillez <span style=\"color: #0000ff;\"><a style=\"color: #0000ff;\" href=\"https:\/\/vimaterial.de\/en\/contact-us\/\">nous contacter.<\/a><\/span>  <\/p>\n<h2><span style=\"font-size: 14pt;\">Propri\u00e9t\u00e9s physiques<\/span><\/h2>\n<p>Formule mol\u00e9culaire : Fe\u2083O\u2084<\/p>\n<p>Poids mol\u00e9culaire : 231,54<\/p>\n<p>Apparence&nbsp;: G\u00e9n\u00e9ralement de la poudre noire ou du cristal cubique noir.<\/p>\n<p>Densit\u00e9 : environ 5,18 g\/cm\u00b3.<\/p>\n<p>Point de fusion : 1594.5\u00b0C<\/p>\n<p>Structure cristalline : Le type de spinelle inverse, syst\u00e8me cristallin cubique, appartient \u00e0 la structure de spinelle inverse des cristaux ioniques, le cristal est compos\u00e9 de vides t\u00e9tra\u00e9driques contenant O\u00b2- et de vides octa\u00e9driques du squelette, Fe\u00b2\u207a, Fe\u00b3\u207a remplis dans les vides poly\u00e9driques form\u00e9s par O\u00b2-.<\/p>\n<h2><span style=\"font-size: 14pt;\">Application<\/span><\/h2>\n<p>Dans le domaine des mat\u00e9riaux magn\u00e9tiques : Les poudres d\u2019oxyde de fer sont utilis\u00e9es pour la fabrication d\u2019aimants haute performance, de supports d\u2019enregistrement magn\u00e9tiques et de capteurs magn\u00e9tiques gr\u00e2ce \u00e0 leurs fortes propri\u00e9t\u00e9s magn\u00e9tiques, par exemple les couches de stockage magn\u00e9tiques dans les disques durs d\u2019ordinateur.<\/p>\n<p>Domaine biom\u00e9dical : Il peut \u00eatre utilis\u00e9 comme vecteur de m\u00e9dicament pour r\u00e9aliser un ciblage magn\u00e9tique : administration de m\u00e9dicaments, et peut \u00e9galement \u00eatre utilis\u00e9 pour la s\u00e9paration des cellules et des prot\u00e9ines, l\u2019agent de contraste d\u2019imagerie par r\u00e9sonance magn\u00e9tique et la th\u00e9rapie par chaleur magn\u00e9tique pour les tumeurs.<\/p>\n<p>Champ catalytique : Il peut \u00eatre utilis\u00e9 comme catalyseur dans de nombreuses r\u00e9actions chimiques, telles que la r\u00e9action de synth\u00e8se organique, la r\u00e9action de pr\u00e9cipitation de l\u2019hydrog\u00e8ne et la r\u00e9action de d\u00e9composition de l\u2019ozone, etc. Il peut r\u00e9duire l\u2019\u00e9nergie d\u2019activation de la r\u00e9action et am\u00e9liorer la vitesse de r\u00e9action et la s\u00e9lectivit\u00e9. <\/p>\n<p>Domaine des appareils \u00e9lectroniques : utilis\u00e9 dans la fabrication de composants \u00e9lectroniques, tels que les noyaux de transformateurs, les inductances, etc., pour aider \u00e0 am\u00e9liorer les performances et la miniaturisation des appareils \u00e9lectroniques.<\/p>\n<h2><span style=\"font-size: 14pt;\">Contr\u00f4le de la qualit\u00e9<\/span><\/h2>\n<p><span style=\"color: #0000ff;\"><a style=\"color: #0000ff;\" href=\"https:\/\/vimaterial.de\/en\/quality-control\/\">Chaque lot<\/a><\/span> de nos produits commence par une s\u00e9lection minutieuse des mati\u00e8res premi\u00e8res et passe par plusieurs processus avanc\u00e9s, avec un contr\u00f4le strict des param\u00e8tres et un suivi en temps r\u00e9el \u00e0 chaque \u00e9tape. L\u2019ensemble du processus de production suit le syst\u00e8me international de gestion de la qualit\u00e9, et l\u2019utilisation d\u2019\u00e9quipements d\u2019essai de haute pr\u00e9cision effectue des tests de pr\u00e9cision complets de la distribution granulom\u00e9trique, de la puret\u00e9, de la teneur en impuret\u00e9s et d\u2019autres indicateurs cl\u00e9s, sans \u00e9pargner les d\u00e9fauts mineurs, afin de garantir la qualit\u00e9 de chaque lot de produits. <\/p>\n<h2><span style=\"font-size: 14pt;\">Emballage et stockage<\/span><\/h2>\n<p>La poudre d\u2019oxyde de fer est emball\u00e9e dans des sacs sous vide doubles ou des bouteilles et des cartons.<\/p>\n<p>La poudre d\u2019oxyde de fer doit \u00eatre stock\u00e9e dans un environnement sec, frais et bien ventil\u00e9, dans un emballage scell\u00e9, \u00e9viter le contact avec des substances acides, des oxydants forts, pr\u00e9venir l\u2019humidit\u00e9 et les r\u00e9actions d\u2019oxydor\u00e9duction pour assurer la stabilit\u00e9 de ses propri\u00e9t\u00e9s physiques et chimiques.<\/p>\n","protected":false},"excerpt":{"rendered":"<p>La poudre d\u2019oxyde de fer est une poudre d\u2019oxyde de valence mixte avec de fortes propri\u00e9t\u00e9s magn\u00e9tiques, une excellente conductivit\u00e9 \u00e9lectrique, insoluble dans l\u2019eau mais soluble dans les acides, souvent de couleur noire, qui a un large \u00e9ventail d\u2019applications dans les mat\u00e9riaux magn\u00e9tiques, les pigments, la biom\u00e9decine et d\u2019autres domaines.<\/p>\n","protected":false},"featured_media":1001827,"comment_status":"open","ping_status":"closed","template":"","meta":{"_acf_changed":false},"product_brand":[],"product_cat":[243],"product_tag":[],"class_list":{"0":"post-1013063","1":"product","2":"type-product","3":"status-publish","4":"has-post-thumbnail","6":"product_cat-materiaux-oxydes-hydroxydes","8":"first","9":"instock","10":"shipping-taxable","11":"purchasable","12":"product-type-variable"},"acf":[],"_links":{"self":[{"href":"https:\/\/vimaterial.de\/fr\/wp-json\/wp\/v2\/product\/1013063","targetHints":{"allow":["GET"]}}],"collection":[{"href":"https:\/\/vimaterial.de\/fr\/wp-json\/wp\/v2\/product"}],"about":[{"href":"https:\/\/vimaterial.de\/fr\/wp-json\/wp\/v2\/types\/product"}],"replies":[{"embeddable":true,"href":"https:\/\/vimaterial.de\/fr\/wp-json\/wp\/v2\/comments?post=1013063"}],"wp:featuredmedia":[{"embeddable":true,"href":"https:\/\/vimaterial.de\/fr\/wp-json\/wp\/v2\/media\/1001827"}],"wp:attachment":[{"href":"https:\/\/vimaterial.de\/fr\/wp-json\/wp\/v2\/media?parent=1013063"}],"wp:term":[{"taxonomy":"product_brand","embeddable":true,"href":"https:\/\/vimaterial.de\/fr\/wp-json\/wp\/v2\/product_brand?post=1013063"},{"taxonomy":"product_cat","embeddable":true,"href":"https:\/\/vimaterial.de\/fr\/wp-json\/wp\/v2\/product_cat?post=1013063"},{"taxonomy":"product_tag","embeddable":true,"href":"https:\/\/vimaterial.de\/fr\/wp-json\/wp\/v2\/product_tag?post=1013063"}],"curies":[{"name":"wp","href":"https:\/\/api.w.org\/{rel}","templated":true}]}}