{"id":1013053,"date":"2024-06-17T14:41:28","date_gmt":"2024-06-17T06:41:28","guid":{"rendered":"https:\/\/vimaterial.de\/product\/arseniure-de-fer\/"},"modified":"2025-04-17T09:34:25","modified_gmt":"2025-04-17T01:34:25","slug":"arseniure-de-fer","status":"publish","type":"product","link":"https:\/\/vimaterial.de\/fr\/product\/arseniure-de-fer\/","title":{"rendered":"Ars\u00e9niure de fer"},"content":{"rendered":"<p>Les granules d\u2019ars\u00e9niure de fer sont une sorte de granules compos\u00e9s compos\u00e9s de fer et d\u2019arsenic, qui ont une performance unique en mati\u00e8re de supraconductivit\u00e9, de magn\u00e9tisme et d\u2019autres propri\u00e9t\u00e9s physiques, et ont attir\u00e9 beaucoup d\u2019attention dans la physique de la mati\u00e8re condens\u00e9e et d\u2019autres domaines de recherche.<\/p>\n<p>VIMATERIAL fournit des granul\u00e9s d\u2019ars\u00e9niure de fer, nos granul\u00e9s sont uniformes et stables dans leur composition, \u00e9lev\u00e9s en puret\u00e9, duret\u00e9, contr\u00f4l\u00e9 en taille, etc. Et nous pouvons accepter des produits et des exp\u00e9riences personnalis\u00e9s, nous avons une \u00e9quipe technique professionnelle de recherche et d\u00e9veloppement, <span style=\"color: #0000ff;\"><a style=\"color: #0000ff;\" href=\"https:\/\/vimaterial.de\/en\/contact-us\/\">contactez-nous.<\/a><\/span> <\/p>\n<h2><span style=\"font-size: 14pt;\">Propri\u00e9t\u00e9s physiques<\/span><\/h2>\n<p>Formule mol\u00e9culaire : FeAs<\/p>\n<p>Poids mol\u00e9culaire : environ 130,7<\/p>\n<p>Aspect : particules g\u00e9n\u00e9ralement grises \u00e0 noires<\/p>\n<p>Densit\u00e9 : environ 7,86 g\/cm\u00b3.<\/p>\n<p>Point de fusion : environ 1040\u00b0C<\/p>\n<p>Structure cristalline : Structure cristalline t\u00e9tragonale, les atomes Fe et As dans le cristal sont dispos\u00e9s dans un mode de coordination sp\u00e9cifique, les atomes Fe sont g\u00e9n\u00e9ralement entour\u00e9s d\u2019atomes As pour former une structure en couches, et les couches sont empil\u00e9es les unes avec les autres par de faibles interactions.<\/p>\n<h2><span style=\"font-size: 14pt;\">Application<\/span><\/h2>\n<p>Recherche sur la supraconductivit\u00e9 : Les particules d\u2019ars\u00e9niure de fer sont utilis\u00e9es pour explorer le m\u00e9canisme de la supraconductivit\u00e9 \u00e0 haute temp\u00e9rature et contribuent au d\u00e9veloppement de nouveaux mat\u00e9riaux supraconducteurs.<\/p>\n<p>Mat\u00e9riaux magn\u00e9tiques : Des mat\u00e9riaux magn\u00e9tiques haute performance peuvent \u00eatre pr\u00e9par\u00e9s pour l\u2019enregistrement magn\u00e9tique et les capteurs magn\u00e9tiques.<\/p>\n<p>Champ catalytique : catalyseurs dot\u00e9s de propri\u00e9t\u00e9s sp\u00e9ciales pour am\u00e9liorer l\u2019efficacit\u00e9 et la s\u00e9lectivit\u00e9 de r\u00e9actions chimiques sp\u00e9cifiques.<\/p>\n<p>Champ des dispositifs \u00e9lectroniques : peut \u00eatre utilis\u00e9 pour fabriquer des composants aux propri\u00e9t\u00e9s \u00e9lectriques sp\u00e9ciales, au service de nouveaux dispositifs \u00e0 semi-conducteurs et \u00e0 bits quantiques.<\/p>\n<p>Stockage d\u2019\u00e9nergie : Applications potentielles dans certains syst\u00e8mes de batteries pour tenter d\u2019am\u00e9liorer les performances de charge, de d\u00e9charge et de cyclage des batteries.<\/p>\n<h2><span style=\"font-size: 14pt;\">Contr\u00f4le qualit\u00e9<\/span><\/h2>\n<p><span style=\"color: #0000ff;\"><a style=\"color: #0000ff;\" href=\"https:\/\/vimaterial.de\/en\/quality-control\/\">Chaque lot<\/a><\/span> de produits garantit strictement la qualit\u00e9, de la s\u00e9lection des fournisseurs de mati\u00e8res premi\u00e8res \u00e0 l\u2019utilisation d\u2019\u00e9quipements de test avanc\u00e9s pour surveiller avec pr\u00e9cision l\u2019ensemble du processus de production, jusqu\u2019au produit fini \u00e0 travers de nombreuses s\u00e9ries d\u2019\u00e9chantillonnage rigoureux et une certification faisant autorit\u00e9 par une tierce partie, pour garantir que chaque lot de produits respecte et d\u00e9passe les normes \u00e9lev\u00e9es de l\u2019industrie avec une approche globale,  Syst\u00e8me de contr\u00f4le de qualit\u00e9 \u00e0 tol\u00e9rance z\u00e9ro, pour fournir \u00e0 nos clients la meilleure qualit\u00e9 et les produits les plus stables.<\/p>\n<h2><span style=\"font-size: 14pt;\">Emballage et stockage<\/span><\/h2>\n<p>Les granul\u00e9s d\u2019ars\u00e9niure de fer sont emball\u00e9s dans des sacs sous vide ou des bouteilles sous vide dans des cartons ext\u00e9rieurs.<\/p>\n<p>Les granul\u00e9s d\u2019ars\u00e9niure de fer doivent \u00eatre stock\u00e9s dans un environnement sec, frais et bien ventil\u00e9, \u00e0 l\u2019abri des sources d\u2019inflammation et des agents oxydants, \u00e0 l\u2019abri de l\u2019humidit\u00e9, de l\u2019oxydation et du contact avec d\u2019autres substances dangereuses afin de ne pas affecter leur stabilit\u00e9 chimique et leurs propri\u00e9t\u00e9s physiques.<\/p>\n","protected":false},"excerpt":{"rendered":"<p>Les granules d\u2019ars\u00e9niure de fer sont une sorte de granules compos\u00e9s compos\u00e9s de fer et d\u2019arsenic, qui ont une performance unique en mati\u00e8re de supraconductivit\u00e9, de magn\u00e9tisme et d\u2019autres propri\u00e9t\u00e9s physiques, et ont attir\u00e9 beaucoup d\u2019attention dans la physique de la mati\u00e8re condens\u00e9e et d\u2019autres domaines de recherche.<\/p>\n","protected":false},"featured_media":1001850,"comment_status":"open","ping_status":"closed","template":"","meta":{"_acf_changed":false},"product_brand":[],"product_cat":[236],"product_tag":[],"class_list":{"0":"post-1013053","1":"product","2":"type-product","3":"status-publish","4":"has-post-thumbnail","6":"product_cat-materiaux-devaporation","8":"first","9":"instock","10":"shipping-taxable","11":"product-type-variable"},"acf":[],"_links":{"self":[{"href":"https:\/\/vimaterial.de\/fr\/wp-json\/wp\/v2\/product\/1013053","targetHints":{"allow":["GET"]}}],"collection":[{"href":"https:\/\/vimaterial.de\/fr\/wp-json\/wp\/v2\/product"}],"about":[{"href":"https:\/\/vimaterial.de\/fr\/wp-json\/wp\/v2\/types\/product"}],"replies":[{"embeddable":true,"href":"https:\/\/vimaterial.de\/fr\/wp-json\/wp\/v2\/comments?post=1013053"}],"wp:featuredmedia":[{"embeddable":true,"href":"https:\/\/vimaterial.de\/fr\/wp-json\/wp\/v2\/media\/1001850"}],"wp:attachment":[{"href":"https:\/\/vimaterial.de\/fr\/wp-json\/wp\/v2\/media?parent=1013053"}],"wp:term":[{"taxonomy":"product_brand","embeddable":true,"href":"https:\/\/vimaterial.de\/fr\/wp-json\/wp\/v2\/product_brand?post=1013053"},{"taxonomy":"product_cat","embeddable":true,"href":"https:\/\/vimaterial.de\/fr\/wp-json\/wp\/v2\/product_cat?post=1013053"},{"taxonomy":"product_tag","embeddable":true,"href":"https:\/\/vimaterial.de\/fr\/wp-json\/wp\/v2\/product_tag?post=1013053"}],"curies":[{"name":"wp","href":"https:\/\/api.w.org\/{rel}","templated":true}]}}