{"id":1013047,"date":"2024-06-17T14:40:54","date_gmt":"2024-06-17T06:40:54","guid":{"rendered":"https:\/\/vimaterial.de\/product\/phosphure-de-fer\/"},"modified":"2025-04-17T09:40:52","modified_gmt":"2025-04-17T01:40:52","slug":"phosphure-de-fer","status":"publish","type":"product","link":"https:\/\/vimaterial.de\/fr\/product\/phosphure-de-fer\/","title":{"rendered":"Phosphure de fer"},"content":{"rendered":"<p>La poudre de phosphure de fer est une poudre grise \u00e0 bleu-gris, insoluble dans l\u2019eau, soluble dans les acides forts, avec certaines propri\u00e9t\u00e9s magn\u00e9tiques, a une large gamme d\u2019applications dans les dispositifs \u00e0 semi-conducteurs, la m\u00e9tallurgie des poudres, les mat\u00e9riaux magn\u00e9tiques et la catalyse \u00e9lectrochimique, etc. Il peut \u00eatre utilis\u00e9 dans la fabrication de composants \u00e9lectroniques, pour am\u00e9liorer les propri\u00e9t\u00e9s des mat\u00e9riaux m\u00e9talliques, en tant que mat\u00e9riau magn\u00e9tique, et pour catalyser les r\u00e9actions de pr\u00e9cipitation de l\u2019hydrog\u00e8ne. <\/p>\n<p>VIMATERIAl propose de la poudre de Phosphure de Fer. Notre poudre de phosphure de fer pr\u00e9sente les avantages d\u2019une taille de particule uniforme, d\u2019une faible teneur en impuret\u00e9s, d\u2019une stabilit\u00e9 chimique \u00e9lev\u00e9e et de bonnes performances dans les applications. Nous avons une \u00e9quipe professionnelle de recherche et de d\u00e9veloppement technologique, acceptons les personnalis\u00e9s et exp\u00e9rimentaux, si vous en avez besoin, veuillez <span style=\"color: #0000ff;\"><a style=\"color: #0000ff;\" href=\"https:\/\/vimaterial.de\/en\/contact-us\/\">nous contacter<\/a><\/span>.  <\/p>\n<h2><span style=\"font-size: 14pt;\">Propri\u00e9t\u00e9s physiques<\/span><\/h2>\n<p>Formule mol\u00e9culaire : Fe\u2083P<\/p>\n<p>Poids mol\u00e9culaire : 198,51<\/p>\n<p>Aspect : g\u00e9n\u00e9ralement gris \u00e0 bleu-gris poudre<\/p>\n<p>Densit\u00e9 : 6,74 g\/cm\u00b3<\/p>\n<p>Point de fusion : 1100\u00b0C<\/p>\n<h2><span style=\"font-size: 14pt;\">Application<\/span><\/h2>\n<p>M\u00e9tallurgie du fer et de l\u2019acier : Il peut \u00eatre ajout\u00e9 \u00e0 l\u2019acier en tant qu\u2019additif d\u2019alliage pour am\u00e9liorer la r\u00e9sistance et la t\u00e9nacit\u00e9 de l\u2019acier en affinant le grain.<\/p>\n<p>Champ des mat\u00e9riaux magn\u00e9tiques&nbsp;: utilis\u00e9 dans la fabrication de mat\u00e9riaux magn\u00e9tiques, avec ses propres propri\u00e9t\u00e9s magn\u00e9tiques, peut am\u00e9liorer la perm\u00e9abilit\u00e9 du mat\u00e9riau, dans les noyaux de transformateur et d\u2019autres applications pour aider \u00e0 r\u00e9duire la taille du noyau et r\u00e9duire les pertes d\u2019\u00e9nergie.<\/p>\n<p>Domaine des semi-conducteurs : Dans la fabrication de semi-conducteurs, il peut \u00eatre utilis\u00e9 comme mat\u00e9riau dopant pour modifier les propri\u00e9t\u00e9s \u00e9lectriques des semi-conducteurs, comme l\u2019ajustement de la concentration des porteurs, qui est utilis\u00e9 dans la fabrication de dispositifs \u00e9lectroniques haute performance.<\/p>\n<p>M\u00e9tallurgie des poudres : En tant que mati\u00e8re premi\u00e8re importante des poudres, les poudres Fe\u2083P peuvent \u00eatre combin\u00e9es avec d\u2019autres poudres m\u00e9talliques pendant le processus de pressage et de frittage pour produire des pi\u00e8ces de forme complexe avec des propri\u00e9t\u00e9s sp\u00e9ciales, am\u00e9liorant ainsi la r\u00e9sistance \u00e0 l\u2019usure et \u00e0 la corrosion des pi\u00e8ces.<\/p>\n<p>\u00c9lectrochimie : Dans les syst\u00e8mes de stockage d\u2019\u00e9nergie \u00e9lectrochimique, ils peuvent \u00eatre utilis\u00e9s comme partie int\u00e9grante du mat\u00e9riau de l\u2019\u00e9lectrode, contribuant \u00e0 am\u00e9liorer la conductivit\u00e9 et la r\u00e9activit\u00e9 des \u00e9lectrodes, am\u00e9liorant ainsi les performances de charge et de d\u00e9charge des dispositifs \u00e9lectrochimiques tels que les batteries.<\/p>\n<p><span style=\"font-size: 14pt;\">Contr\u00f4le de la qualit\u00e9<\/span><\/p>\n<p><span style=\"color: #0000ff;\"><a style=\"color: #0000ff;\" href=\"https:\/\/vimaterial.de\/en\/quality-control\/\">Chaque lot<\/a> <\/span>de nos produits commence par une s\u00e9lection minutieuse des mati\u00e8res premi\u00e8res et passe par plusieurs processus avanc\u00e9s, avec un contr\u00f4le strict des param\u00e8tres et un suivi en temps r\u00e9el \u00e0 chaque \u00e9tape. L\u2019ensemble du processus de production suit le syst\u00e8me international de gestion de la qualit\u00e9, et l\u2019utilisation d\u2019\u00e9quipements d\u2019essai de haute pr\u00e9cision effectue des tests de pr\u00e9cision complets de la distribution granulom\u00e9trique, de la puret\u00e9, de la teneur en impuret\u00e9s et d\u2019autres indicateurs cl\u00e9s, sans \u00e9pargner les d\u00e9fauts mineurs, afin de garantir la qualit\u00e9 de chaque lot de produits. <\/p>\n<h2><span style=\"font-size: 14pt;\">Emballage et stockage<\/span><\/h2>\n<p>La poudre de phosphure de fer est emball\u00e9e dans des sacs sous vide double ou des bouteilles et des cartons.<\/p>\n<p>La poudre de phosphure de fer doit \u00eatre stock\u00e9e dans un environnement sec, frais et bien ventil\u00e9, \u00e0 l\u2019abri du feu, de la chaleur et des oxydants forts, et l\u2019emballage doit \u00eatre bien scell\u00e9 pour \u00e9viter l\u2019humidit\u00e9 et l\u2019oxydation afin de maintenir sa stabilit\u00e9 chimique.<\/p>\n","protected":false},"excerpt":{"rendered":"<p>La poudre de phosphure de fer est une poudre grise \u00e0 bleu-gris, insoluble dans l\u2019eau, soluble dans les acides forts, avec certaines propri\u00e9t\u00e9s magn\u00e9tiques, a une large gamme d\u2019applications dans les dispositifs \u00e0 semi-conducteurs, la m\u00e9tallurgie des poudres, les mat\u00e9riaux magn\u00e9tiques et la catalyse \u00e9lectrochimique, etc. Il peut \u00eatre utilis\u00e9 dans la fabrication de composants \u00e9lectroniques, pour am\u00e9liorer les propri\u00e9t\u00e9s des mat\u00e9riaux m\u00e9talliques, en tant que mat\u00e9riau magn\u00e9tique, et pour catalyser les r\u00e9actions de pr\u00e9cipitation de l\u2019hydrog\u00e8ne. <\/p>\n","protected":false},"featured_media":1001843,"comment_status":"open","ping_status":"closed","template":"","meta":{"_acf_changed":false},"product_brand":[],"product_cat":[251],"product_tag":[],"class_list":{"0":"post-1013047","1":"product","2":"type-product","3":"status-publish","4":"has-post-thumbnail","6":"product_cat-materiaux-phosphores","8":"first","9":"instock","10":"shipping-taxable","11":"product-type-variable"},"acf":[],"_links":{"self":[{"href":"https:\/\/vimaterial.de\/fr\/wp-json\/wp\/v2\/product\/1013047","targetHints":{"allow":["GET"]}}],"collection":[{"href":"https:\/\/vimaterial.de\/fr\/wp-json\/wp\/v2\/product"}],"about":[{"href":"https:\/\/vimaterial.de\/fr\/wp-json\/wp\/v2\/types\/product"}],"replies":[{"embeddable":true,"href":"https:\/\/vimaterial.de\/fr\/wp-json\/wp\/v2\/comments?post=1013047"}],"wp:featuredmedia":[{"embeddable":true,"href":"https:\/\/vimaterial.de\/fr\/wp-json\/wp\/v2\/media\/1001843"}],"wp:attachment":[{"href":"https:\/\/vimaterial.de\/fr\/wp-json\/wp\/v2\/media?parent=1013047"}],"wp:term":[{"taxonomy":"product_brand","embeddable":true,"href":"https:\/\/vimaterial.de\/fr\/wp-json\/wp\/v2\/product_brand?post=1013047"},{"taxonomy":"product_cat","embeddable":true,"href":"https:\/\/vimaterial.de\/fr\/wp-json\/wp\/v2\/product_cat?post=1013047"},{"taxonomy":"product_tag","embeddable":true,"href":"https:\/\/vimaterial.de\/fr\/wp-json\/wp\/v2\/product_tag?post=1013047"}],"curies":[{"name":"wp","href":"https:\/\/api.w.org\/{rel}","templated":true}]}}