{"id":1013028,"date":"2024-06-17T14:26:58","date_gmt":"2024-06-17T06:26:58","guid":{"rendered":"https:\/\/vimaterial.de\/product\/dioxyde-de-titane-4\/"},"modified":"2025-04-18T13:24:31","modified_gmt":"2025-04-18T05:24:31","slug":"dioxyde-de-titane-4","status":"publish","type":"product","link":"https:\/\/vimaterial.de\/fr\/product\/dioxyde-de-titane-4\/","title":{"rendered":"Dioxyde de titane"},"content":{"rendered":"<p>Les granul\u00e9s <span style=\"color: #0000ff;\"><a style=\"color: #0000ff;\" href=\"https:\/\/vimaterial.de\/en\/product\/titanium-dioxide-powder\/\">de dioxyde de titane<\/a><\/span> sont de fines particules solides blanches, insipides et inodores avec un indice de r\u00e9fraction \u00e9lev\u00e9, un bon pouvoir couvrant, une stabilit\u00e9 chimique et une capacit\u00e9 d\u2019absorption des UV, qui sont utilis\u00e9es dans un large \u00e9ventail d\u2019applications telles que les rev\u00eatements, les plastiques, le papier, les cosm\u00e9tiques et bien d\u2019autres.<\/p>\n<p>VIMATERI est une soci\u00e9t\u00e9 d\u2019innovation de pointe dans le domaine des mat\u00e9riaux chimiques, sp\u00e9cialis\u00e9e dans les mat\u00e9riaux haute performance con\u00e7us pour des applications d\u2019ing\u00e9nierie avanc\u00e9es. Nos produits sont de haute puret\u00e9 et de haute qualit\u00e9, nous prenons en charge l\u2019emballage en petits lots, le MOQ de petits produits, un inventaire suffisant et la personnalisation, si vous avez des besoins, veuillez <span style=\"color: #0000ff;\"><a style=\"color: #0000ff;\" href=\"https:\/\/vimaterial.de\/en\/contact-us\/\">nous contacter<\/a><\/span>. <\/p>\n<h2><span style=\"font-size: 14pt;\">Propri\u00e9t\u00e9s<\/span><\/h2>\n<p>Formule mol\u00e9culaire : TiO\u2082<\/p>\n<p>Poids mol\u00e9culaire : 79,866<\/p>\n<p>Apparence&nbsp;: granule poudreux blanc<\/p>\n<p>Densit\u00e9 : Environ 3,84 g\/cm\u00b3 pour le type anatase, 4,26 g\/cm\u00b3 pour le type rutile.<\/p>\n<p>Point de fusion : 1843\u00b0C (l\u2019anatase sera convertie en rutile \u00e0 haute temp\u00e9rature)<\/p>\n<p>Point d\u2019\u00e9bullition : environ 2972\u00b0C<\/p>\n<p>Structure cristalline : Principalement de l\u2019anatase (syst\u00e8me cristallin t\u00e9tragonal) et du rutile (syst\u00e8me cristallin t\u00e9tragonal).<\/p>\n<h2><span style=\"font-size: 14pt;\">Application<\/span><\/h2>\n<p>Industrie du rev\u00eatement&nbsp;: Les granul\u00e9s de dioxyde de titane sont utilis\u00e9s dans les rev\u00eatements pour couvrir efficacement les imperfections \u00e0 la surface de l\u2019objet \u00e0 rev\u00eatir en raison de son excellent pouvoir couvrant, et en m\u00eame temps r\u00e9fl\u00e9chissant la lumi\u00e8re de sorte que le rev\u00eatement a une bonne r\u00e9sistance \u00e0 la brillance et aux intemp\u00e9ries, et prolonge la dur\u00e9e de vie du rev\u00eatement.<\/p>\n<p>Plastiques : L\u2019ajout de granul\u00e9s de dioxyde de titane \u00e0 la transformation des plastiques peut am\u00e9liorer la blancheur et la brillance des produits en plastique, am\u00e9liorer les propri\u00e9t\u00e9s m\u00e9caniques des produits en plastique et \u00e9galement absorber les rayons ultraviolets, emp\u00eachant les plastiques de vieillir et de se d\u00e9colorer en raison de l\u2019irradiation ultraviolette, et am\u00e9liorant la qualit\u00e9 et la durabilit\u00e9 des produits en plastique.<\/p>\n<p>Industrie du papier&nbsp;: En tant que charge et rev\u00eatement pour le papier, les granules de dioxyde de titane peuvent remplir les espaces entre les fibres du papier, augmenter l\u2019opacit\u00e9 du papier, de sorte que l\u2019encre ou l\u2019encre ne p\u00e9n\u00e9trera pas lors de l\u2019\u00e9criture et de l\u2019impression, et peuvent rendre la surface du papier plus lisse, am\u00e9liorant ainsi la qualit\u00e9 d\u2019impression.<\/p>\n<p>Industrie cosm\u00e9tique : Les granul\u00e9s de dioxyde de titane sont utilis\u00e9s dans les produits cosm\u00e9tiques tels que les \u00e9crans solaires, les fonds de teint, etc. Il peut refl\u00e9ter et disperser efficacement les rayons UV, et jouer le r\u00f4le d\u2019\u00e9cran solaire pour prot\u00e9ger la peau, et en m\u00eame temps, il peut augmenter le pouvoir couvrant des produits cosm\u00e9tiques, de sorte que le teint de la peau sera plus uniforme. <\/p>\n<h2><span style=\"font-size: 14pt;\">Contr\u00f4le de la qualit\u00e9<\/span><\/h2>\n<p>Nos produits sont soumis \u00e0 un syst\u00e8me strict de gestion de la qualit\u00e9. Des mat\u00e9riaux entrants, du traitement, de l\u2019inspection finale \u00e0 l\u2019inspection de l\u2019usine, il existe des normes d\u2019inspection strictes. Des mesures d\u2019isolement strictes sont prises pour le traitement non qualifi\u00e9 afin d\u2019\u00e9viter que les produits non qualifi\u00e9s ne passent au processus suivant. Des \u00e9chantillons sont fournis pour une r\u00e9inspection par le client selon les exigences du client.   <\/p>\n<h2><span style=\"font-size: 14pt;\">Emballage et stockage<\/span><\/h2>\n<p>Les granul\u00e9s de dioxyde de titane sont emball\u00e9s dans des sacs ou des bouteilles sous vide \u00e0 double couche et emball\u00e9s dans des cartons.<\/p>\n<p>Les granul\u00e9s de dioxyde de titane doivent \u00eatre stock\u00e9s dans un environnement int\u00e9rieur sec et bien ventil\u00e9, \u00e0 l\u2019abri de l\u2019humidit\u00e9, du feu, des acides et alcalis forts, etc., et doivent \u00eatre scell\u00e9s et emball\u00e9s pour les emp\u00eacher de l\u2019humidit\u00e9, de la contamination ou de la r\u00e9action chimique et d\u2019affecter la qualit\u00e9.<\/p>\n","protected":false},"excerpt":{"rendered":"<p>Les granul\u00e9s <span style=\"color: #0000ff;\"><a style=\"color: #0000ff;\" href=\"https:\/\/vimaterial.de\/en\/product\/titanium-dioxide-powder\/\">de dioxyde de titane<\/a><\/span> sont de fines particules solides blanches, insipides et inodores avec un indice de r\u00e9fraction \u00e9lev\u00e9, un bon pouvoir couvrant, une stabilit\u00e9 chimique et une capacit\u00e9 d\u2019absorption des UV, qui sont utilis\u00e9es dans un large \u00e9ventail d\u2019applications telles que les rev\u00eatements, les plastiques, le papier, les cosm\u00e9tiques et bien d\u2019autres.<\/p>\n","protected":false},"featured_media":1000802,"comment_status":"open","ping_status":"closed","template":"","meta":{"_acf_changed":false},"product_brand":[],"product_cat":[236],"product_tag":[],"class_list":{"0":"post-1013028","1":"product","2":"type-product","3":"status-publish","4":"has-post-thumbnail","6":"product_cat-materiaux-devaporation","8":"first","9":"instock","10":"shipping-taxable","11":"purchasable","12":"product-type-variable"},"acf":[],"_links":{"self":[{"href":"https:\/\/vimaterial.de\/fr\/wp-json\/wp\/v2\/product\/1013028","targetHints":{"allow":["GET"]}}],"collection":[{"href":"https:\/\/vimaterial.de\/fr\/wp-json\/wp\/v2\/product"}],"about":[{"href":"https:\/\/vimaterial.de\/fr\/wp-json\/wp\/v2\/types\/product"}],"replies":[{"embeddable":true,"href":"https:\/\/vimaterial.de\/fr\/wp-json\/wp\/v2\/comments?post=1013028"}],"wp:featuredmedia":[{"embeddable":true,"href":"https:\/\/vimaterial.de\/fr\/wp-json\/wp\/v2\/media\/1000802"}],"wp:attachment":[{"href":"https:\/\/vimaterial.de\/fr\/wp-json\/wp\/v2\/media?parent=1013028"}],"wp:term":[{"taxonomy":"product_brand","embeddable":true,"href":"https:\/\/vimaterial.de\/fr\/wp-json\/wp\/v2\/product_brand?post=1013028"},{"taxonomy":"product_cat","embeddable":true,"href":"https:\/\/vimaterial.de\/fr\/wp-json\/wp\/v2\/product_cat?post=1013028"},{"taxonomy":"product_tag","embeddable":true,"href":"https:\/\/vimaterial.de\/fr\/wp-json\/wp\/v2\/product_tag?post=1013028"}],"curies":[{"name":"wp","href":"https:\/\/api.w.org\/{rel}","templated":true}]}}